{"id":1356,"date":"2023-02-25T10:31:20","date_gmt":"2023-02-25T09:31:20","guid":{"rendered":"https:\/\/tijanailic.com\/?page_id=1356"},"modified":"2025-11-29T17:05:42","modified_gmt":"2025-11-29T16:05:42","slug":"tijana-ilic-thomas-girard","status":"publish","type":"page","link":"https:\/\/tijanailic.com\/en\/tijana-ilic-thomas-girard\/","title":{"rendered":"Tijana Ilic &amp; Thomas Girard"},"content":{"rendered":"<div data-elementor-type=\"wp-page\" data-elementor-id=\"1356\" class=\"elementor elementor-1356\" data-elementor-post-type=\"page\">\n\t\t\t\t<div class=\"elementor-element elementor-element-5ea7901 e-con-full e-flex e-con e-parent\" data-id=\"5ea7901\" data-element_type=\"container\" data-e-type=\"container\" data-settings=\"{&quot;background_background&quot;:&quot;classic&quot;}\">\n\t\t<div class=\"elementor-element elementor-element-eaaffe7 e-con-full e-flex e-con e-child\" data-id=\"eaaffe7\" data-element_type=\"container\" data-e-type=\"container\">\n\t\t\t\t<div class=\"elementor-element elementor-element-178cd74 elementor-widget elementor-widget-heading\" data-id=\"178cd74\" data-element_type=\"widget\" data-e-type=\"widget\" data-widget_type=\"heading.default\">\n\t\t\t\t<div class=\"elementor-widget-container\">\n\t\t\t\t\t<h1 class=\"elementor-heading-title elementor-size-default translation-block\">HAIRCUTTING MASTERCLASS WITH TIJANA ILIC &amp; THOMAS GIRARD<\/h1>\t\t\t\t<\/div>\n\t\t\t\t<\/div>\n\t\t\t\t<div class=\"elementor-element elementor-element-8d20947 elementor-widget elementor-widget-text-editor\" data-id=\"8d20947\" data-element_type=\"widget\" data-e-type=\"widget\" data-widget_type=\"text-editor.default\">\n\t\t\t\t<div class=\"elementor-widget-container\">\n\t\t\t\t\t\t\t\t\t<p style=\"font-weight: 400;\">Tijana and Thomas joined forces and demonstrated haircutting techniques which enabled the attendants to advance and refresh their work and offer new and modern forms to their clients.<\/p><p style=\"font-weight: 400;\">Thomas brought innovative ideas and French haircut trends for the spring\/summer season of 2023 and Tijana showed techniques for cutting short hairstyles which make her so recognizable to many hairdressers and clients.<\/p><p style=\"font-weight: 400;\">Special guests of the Masterclass included our famous women\u2019s basketball players led by Marina Maljkovic, the head coach of the women\u2019s national basketball team who had her hair cut by Thomas in front of the attendants.<\/p>\t\t\t\t\t\t\t\t<\/div>\n\t\t\t\t<\/div>\n\t\t\t\t<\/div>\n\t\t<a class=\"elementor-element elementor-element-f20021f e-con-full e-flex e-con e-child\" data-id=\"f20021f\" data-element_type=\"container\" data-e-type=\"container\" href=\"https:\/\/tijanailic.com\/wp-content\/uploads\/2023\/03\/Reel-Tijana-i-Thomas-6.2.23.mp4\">\n\t\t\t\t<\/a>\n\t\t\t\t<\/div>\n\t\t<div class=\"elementor-element elementor-element-c39a164 e-flex e-con-boxed e-con e-parent\" data-id=\"c39a164\" data-element_type=\"container\" data-e-type=\"container\" data-settings=\"{&quot;background_background&quot;:&quot;classic&quot;}\">\n\t\t\t\t\t<div class=\"e-con-inner\">\n\t\t<div class=\"elementor-element elementor-element-7b927d5 e-con-full e-flex e-con e-child\" data-id=\"7b927d5\" data-element_type=\"container\" data-e-type=\"container\">\n\t\t\t\t<div class=\"elementor-element elementor-element-73f2136 elementor-widget elementor-widget-heading\" data-id=\"73f2136\" data-element_type=\"widget\" data-e-type=\"widget\" data-widget_type=\"heading.default\">\n\t\t\t\t<div class=\"elementor-widget-container\">\n\t\t\t\t\t<h1 class=\"elementor-heading-title elementor-size-default\">Thomas Girard (France)<\/h1>\t\t\t\t<\/div>\n\t\t\t\t<\/div>\n\t\t\t\t<div class=\"elementor-element elementor-element-fec93e8 elementor-widget elementor-widget-text-editor\" data-id=\"fec93e8\" data-element_type=\"widget\" data-e-type=\"widget\" data-widget_type=\"text-editor.default\">\n\t\t\t\t<div class=\"elementor-widget-container\">\n\t\t\t\t\t\t\t\t\t<p style=\"font-weight: 400;\">Thomas is currently one of the most prominent hairdressers on the Parisian scene, and he has been working in the prestigious salon of Galeries Lafayette for years. His haircutting technique is unique and specific in that he exclusively cuts dry hair. His motto is that there are no rules or limitations in creating hairstyles and that the most important thing is to respect a person\u2019s authenticity and beautify them so they don\u2019t have to tend to their hair every day.<\/p><p style=\"font-weight: 400;\">Thomas is the creator of online haircutting. Namely, during the COVID pandemic, he helped people cut their own hair using Zoom. After the pandemic ended, he kept giving advice via his YouTube channel.<\/p><p style=\"font-weight: 400;\">Thomas\u2019 teacher is his father Philippe Girard who was one of the closest associates of the legendary Jean Marc Maniatis and, following in their footsteps, he continued to mentor young hairdressers.<\/p>\t\t\t\t\t\t\t\t<\/div>\n\t\t\t\t<\/div>\n\t\t\t\t<\/div>\n\t\t<div class=\"elementor-element elementor-element-e43ec0c e-con-full e-flex e-con e-child\" data-id=\"e43ec0c\" data-element_type=\"container\" data-e-type=\"container\">\n\t\t\t\t<\/div>\n\t\t\t\t\t<\/div>\n\t\t\t\t<\/div>\n\t\t\t\t<section class=\"elementor-section elementor-top-section elementor-element elementor-element-6589ddd elementor-section-full_width elementor-section-height-default elementor-section-height-default\" data-id=\"6589ddd\" data-element_type=\"section\" data-e-type=\"section\">\n\t\t\t\t\t\t<div class=\"elementor-container elementor-column-gap-default\">\n\t\t\t\t\t<div class=\"elementor-column elementor-col-100 elementor-top-column elementor-element elementor-element-3da33eff\" data-id=\"3da33eff\" data-element_type=\"column\" data-e-type=\"column\">\n\t\t\t<div class=\"elementor-widget-wrap elementor-element-populated\">\n\t\t\t\t\t\t<div class=\"elementor-element elementor-element-55344db2 elementor-widget elementor-widget-gallery\" data-id=\"55344db2\" data-element_type=\"widget\" data-e-type=\"widget\" data-settings=\"{&quot;gallery_layout&quot;:&quot;justified&quot;,&quot;ideal_row_height&quot;:{&quot;unit&quot;:&quot;px&quot;,&quot;size&quot;:360,&quot;sizes&quot;:[]},&quot;ideal_row_height_mobile&quot;:{&quot;unit&quot;:&quot;px&quot;,&quot;size&quot;:260,&quot;sizes&quot;:[]},&quot;lazyload&quot;:&quot;yes&quot;,&quot;ideal_row_height_tablet&quot;:{&quot;unit&quot;:&quot;px&quot;,&quot;size&quot;:150,&quot;sizes&quot;:[]},&quot;gap&quot;:{&quot;unit&quot;:&quot;px&quot;,&quot;size&quot;:10,&quot;sizes&quot;:[]},&quot;gap_tablet&quot;:{&quot;unit&quot;:&quot;px&quot;,&quot;size&quot;:10,&quot;sizes&quot;:[]},&quot;gap_mobile&quot;:{&quot;unit&quot;:&quot;px&quot;,&quot;size&quot;:10,&quot;sizes&quot;:[]},&quot;link_to&quot;:&quot;file&quot;,&quot;overlay_background&quot;:&quot;yes&quot;,&quot;content_hover_animation&quot;:&quot;fade-in&quot;}\" data-widget_type=\"gallery.default\">\n\t\t\t\t<div class=\"elementor-widget-container\">\n\t\t\t\t\t\t\t<div class=\"elementor-gallery__container\">\n\t\t\t\t\t\t\t<a class=\"e-gallery-item elementor-gallery-item elementor-animated-content\" href=\"https:\/\/tijanailic.com\/wp-content\/uploads\/2023\/02\/IMG_2543-scaled.webp\" data-elementor-open-lightbox=\"yes\" data-elementor-lightbox-slideshow=\"55344db2\" data-elementor-lightbox-title=\"IMG_2543\" data-e-action-hash=\"#elementor-action%3Aaction%3Dlightbox%26settings%3DeyJpZCI6MTM2OSwidXJsIjoiaHR0cHM6XC9cL3RpamFuYWlsaWMuY29tXC93cC1jb250ZW50XC91cGxvYWRzXC8yMDIzXC8wMlwvSU1HXzI1NDMtc2NhbGVkLndlYnAiLCJzbGlkZXNob3ciOiI1NTM0NGRiMiJ9\">\n\t\t\t\t\t<div class=\"e-gallery-image elementor-gallery-item__image\" data-thumbnail=\"https:\/\/tijanailic.com\/wp-content\/uploads\/2023\/02\/IMG_2543-768x1024.webp\" data-width=\"768\" data-height=\"1024\" aria-label=\"\" role=\"img\" ><\/div>\n\t\t\t\t\t\t\t\t\t\t\t<div class=\"elementor-gallery-item__overlay\"><\/div>\n\t\t\t\t\t\t\t\t\t\t\t\t\t\t<\/a>\n\t\t\t\t\t\t\t<a class=\"e-gallery-item elementor-gallery-item elementor-animated-content\" href=\"https:\/\/tijanailic.com\/wp-content\/uploads\/2023\/02\/IMG_2653-scaled.webp\" data-elementor-open-lightbox=\"yes\" data-elementor-lightbox-slideshow=\"55344db2\" data-elementor-lightbox-title=\"IMG_2653\" data-e-action-hash=\"#elementor-action%3Aaction%3Dlightbox%26settings%3DeyJpZCI6MTM3MiwidXJsIjoiaHR0cHM6XC9cL3RpamFuYWlsaWMuY29tXC93cC1jb250ZW50XC91cGxvYWRzXC8yMDIzXC8wMlwvSU1HXzI2NTMtc2NhbGVkLndlYnAiLCJzbGlkZXNob3ciOiI1NTM0NGRiMiJ9\">\n\t\t\t\t\t<div class=\"e-gallery-image elementor-gallery-item__image\" data-thumbnail=\"https:\/\/tijanailic.com\/wp-content\/uploads\/2023\/02\/IMG_2653-768x1024.webp\" data-width=\"768\" data-height=\"1024\" aria-label=\"\" role=\"img\" ><\/div>\n\t\t\t\t\t\t\t\t\t\t\t<div class=\"elementor-gallery-item__overlay\"><\/div>\n\t\t\t\t\t\t\t\t\t\t\t\t\t\t<\/a>\n\t\t\t\t\t\t\t<a class=\"e-gallery-item elementor-gallery-item elementor-animated-content\" href=\"https:\/\/tijanailic.com\/wp-content\/uploads\/2023\/02\/IMG_2545-scaled.webp\" data-elementor-open-lightbox=\"yes\" data-elementor-lightbox-slideshow=\"55344db2\" data-elementor-lightbox-title=\"IMG_2545\" data-e-action-hash=\"#elementor-action%3Aaction%3Dlightbox%26settings%3DeyJpZCI6MTM3MCwidXJsIjoiaHR0cHM6XC9cL3RpamFuYWlsaWMuY29tXC93cC1jb250ZW50XC91cGxvYWRzXC8yMDIzXC8wMlwvSU1HXzI1NDUtc2NhbGVkLndlYnAiLCJzbGlkZXNob3ciOiI1NTM0NGRiMiJ9\">\n\t\t\t\t\t<div class=\"e-gallery-image elementor-gallery-item__image\" data-thumbnail=\"https:\/\/tijanailic.com\/wp-content\/uploads\/2023\/02\/IMG_2545-768x1024.webp\" data-width=\"768\" data-height=\"1024\" aria-label=\"\" role=\"img\" ><\/div>\n\t\t\t\t\t\t\t\t\t\t\t<div class=\"elementor-gallery-item__overlay\"><\/div>\n\t\t\t\t\t\t\t\t\t\t\t\t\t\t<\/a>\n\t\t\t\t\t\t\t<a class=\"e-gallery-item elementor-gallery-item elementor-animated-content\" href=\"https:\/\/tijanailic.com\/wp-content\/uploads\/2023\/02\/IMG_2663-scaled.webp\" data-elementor-open-lightbox=\"yes\" data-elementor-lightbox-slideshow=\"55344db2\" data-elementor-lightbox-title=\"IMG_2663\" data-e-action-hash=\"#elementor-action%3Aaction%3Dlightbox%26settings%3DeyJpZCI6MTM3NCwidXJsIjoiaHR0cHM6XC9cL3RpamFuYWlsaWMuY29tXC93cC1jb250ZW50XC91cGxvYWRzXC8yMDIzXC8wMlwvSU1HXzI2NjMtc2NhbGVkLndlYnAiLCJzbGlkZXNob3ciOiI1NTM0NGRiMiJ9\">\n\t\t\t\t\t<div class=\"e-gallery-image elementor-gallery-item__image\" data-thumbnail=\"https:\/\/tijanailic.com\/wp-content\/uploads\/2023\/02\/IMG_2663-768x576.webp\" data-width=\"768\" data-height=\"576\" aria-label=\"\" role=\"img\" ><\/div>\n\t\t\t\t\t\t\t\t\t\t\t<div class=\"elementor-gallery-item__overlay\"><\/div>\n\t\t\t\t\t\t\t\t\t\t\t\t\t\t<\/a>\n\t\t\t\t\t\t\t<a class=\"e-gallery-item elementor-gallery-item elementor-animated-content\" href=\"https:\/\/tijanailic.com\/wp-content\/uploads\/2023\/02\/IMG_2676-scaled.webp\" data-elementor-open-lightbox=\"yes\" data-elementor-lightbox-slideshow=\"55344db2\" data-elementor-lightbox-title=\"IMG_2676\" data-e-action-hash=\"#elementor-action%3Aaction%3Dlightbox%26settings%3DeyJpZCI6MTM3NSwidXJsIjoiaHR0cHM6XC9cL3RpamFuYWlsaWMuY29tXC93cC1jb250ZW50XC91cGxvYWRzXC8yMDIzXC8wMlwvSU1HXzI2NzYtc2NhbGVkLndlYnAiLCJzbGlkZXNob3ciOiI1NTM0NGRiMiJ9\">\n\t\t\t\t\t<div class=\"e-gallery-image elementor-gallery-item__image\" data-thumbnail=\"https:\/\/tijanailic.com\/wp-content\/uploads\/2023\/02\/IMG_2676-768x576.webp\" data-width=\"768\" data-height=\"576\" aria-label=\"\" role=\"img\" ><\/div>\n\t\t\t\t\t\t\t\t\t\t\t<div class=\"elementor-gallery-item__overlay\"><\/div>\n\t\t\t\t\t\t\t\t\t\t\t\t\t\t<\/a>\n\t\t\t\t\t\t\t<a class=\"e-gallery-item elementor-gallery-item elementor-animated-content\" href=\"https:\/\/tijanailic.com\/wp-content\/uploads\/2023\/02\/IMG_2763-scaled.webp\" data-elementor-open-lightbox=\"yes\" data-elementor-lightbox-slideshow=\"55344db2\" data-elementor-lightbox-title=\"IMG_2763\" data-e-action-hash=\"#elementor-action%3Aaction%3Dlightbox%26settings%3DeyJpZCI6MTM3OCwidXJsIjoiaHR0cHM6XC9cL3RpamFuYWlsaWMuY29tXC93cC1jb250ZW50XC91cGxvYWRzXC8yMDIzXC8wMlwvSU1HXzI3NjMtc2NhbGVkLndlYnAiLCJzbGlkZXNob3ciOiI1NTM0NGRiMiJ9\">\n\t\t\t\t\t<div class=\"e-gallery-image elementor-gallery-item__image\" data-thumbnail=\"https:\/\/tijanailic.com\/wp-content\/uploads\/2023\/02\/IMG_2763-768x1024.webp\" data-width=\"768\" data-height=\"1024\" aria-label=\"\" role=\"img\" ><\/div>\n\t\t\t\t\t\t\t\t\t\t\t<div class=\"elementor-gallery-item__overlay\"><\/div>\n\t\t\t\t\t\t\t\t\t\t\t\t\t\t<\/a>\n\t\t\t\t\t\t\t<a class=\"e-gallery-item elementor-gallery-item elementor-animated-content\" href=\"https:\/\/tijanailic.com\/wp-content\/uploads\/2023\/02\/IMG_2915-scaled.webp\" data-elementor-open-lightbox=\"yes\" data-elementor-lightbox-slideshow=\"55344db2\" data-elementor-lightbox-title=\"IMG_2915\" data-e-action-hash=\"#elementor-action%3Aaction%3Dlightbox%26settings%3DeyJpZCI6MTM4MCwidXJsIjoiaHR0cHM6XC9cL3RpamFuYWlsaWMuY29tXC93cC1jb250ZW50XC91cGxvYWRzXC8yMDIzXC8wMlwvSU1HXzI5MTUtc2NhbGVkLndlYnAiLCJzbGlkZXNob3ciOiI1NTM0NGRiMiJ9\">\n\t\t\t\t\t<div class=\"e-gallery-image elementor-gallery-item__image\" data-thumbnail=\"https:\/\/tijanailic.com\/wp-content\/uploads\/2023\/02\/IMG_2915-768x1024.webp\" data-width=\"768\" data-height=\"1024\" aria-label=\"\" role=\"img\" ><\/div>\n\t\t\t\t\t\t\t\t\t\t\t<div class=\"elementor-gallery-item__overlay\"><\/div>\n\t\t\t\t\t\t\t\t\t\t\t\t\t\t<\/a>\n\t\t\t\t\t\t\t<a class=\"e-gallery-item elementor-gallery-item elementor-animated-content\" href=\"https:\/\/tijanailic.com\/wp-content\/uploads\/2023\/02\/IMG_3201-scaled.webp\" data-elementor-open-lightbox=\"yes\" data-elementor-lightbox-slideshow=\"55344db2\" data-elementor-lightbox-title=\"IMG_3201\" data-e-action-hash=\"#elementor-action%3Aaction%3Dlightbox%26settings%3DeyJpZCI6MTM4MywidXJsIjoiaHR0cHM6XC9cL3RpamFuYWlsaWMuY29tXC93cC1jb250ZW50XC91cGxvYWRzXC8yMDIzXC8wMlwvSU1HXzMyMDEtc2NhbGVkLndlYnAiLCJzbGlkZXNob3ciOiI1NTM0NGRiMiJ9\">\n\t\t\t\t\t<div class=\"e-gallery-image elementor-gallery-item__image\" data-thumbnail=\"https:\/\/tijanailic.com\/wp-content\/uploads\/2023\/02\/IMG_3201-768x1024.webp\" data-width=\"768\" data-height=\"1024\" aria-label=\"\" role=\"img\" ><\/div>\n\t\t\t\t\t\t\t\t\t\t\t<div class=\"elementor-gallery-item__overlay\"><\/div>\n\t\t\t\t\t\t\t\t\t\t\t\t\t\t<\/a>\n\t\t\t\t\t\t\t<a class=\"e-gallery-item elementor-gallery-item elementor-animated-content\" href=\"https:\/\/tijanailic.com\/wp-content\/uploads\/2023\/02\/IMG_3264-scaled.webp\" data-elementor-open-lightbox=\"yes\" data-elementor-lightbox-slideshow=\"55344db2\" data-elementor-lightbox-title=\"IMG_3264\" data-e-action-hash=\"#elementor-action%3Aaction%3Dlightbox%26settings%3DeyJpZCI6MTM4NCwidXJsIjoiaHR0cHM6XC9cL3RpamFuYWlsaWMuY29tXC93cC1jb250ZW50XC91cGxvYWRzXC8yMDIzXC8wMlwvSU1HXzMyNjQtc2NhbGVkLndlYnAiLCJzbGlkZXNob3ciOiI1NTM0NGRiMiJ9\">\n\t\t\t\t\t<div class=\"e-gallery-image elementor-gallery-item__image\" data-thumbnail=\"https:\/\/tijanailic.com\/wp-content\/uploads\/2023\/02\/IMG_3264-768x1024.webp\" data-width=\"768\" data-height=\"1024\" aria-label=\"\" role=\"img\" ><\/div>\n\t\t\t\t\t\t\t\t\t\t\t<div class=\"elementor-gallery-item__overlay\"><\/div>\n\t\t\t\t\t\t\t\t\t\t\t\t\t\t<\/a>\n\t\t\t\t\t\t\t<a class=\"e-gallery-item elementor-gallery-item elementor-animated-content\" href=\"https:\/\/tijanailic.com\/wp-content\/uploads\/2023\/02\/IMG_3378-scaled.webp\" data-elementor-open-lightbox=\"yes\" data-elementor-lightbox-slideshow=\"55344db2\" data-elementor-lightbox-title=\"IMG_3378\" data-e-action-hash=\"#elementor-action%3Aaction%3Dlightbox%26settings%3DeyJpZCI6MTM4OCwidXJsIjoiaHR0cHM6XC9cL3RpamFuYWlsaWMuY29tXC93cC1jb250ZW50XC91cGxvYWRzXC8yMDIzXC8wMlwvSU1HXzMzNzgtc2NhbGVkLndlYnAiLCJzbGlkZXNob3ciOiI1NTM0NGRiMiJ9\">\n\t\t\t\t\t<div class=\"e-gallery-image elementor-gallery-item__image\" data-thumbnail=\"https:\/\/tijanailic.com\/wp-content\/uploads\/2023\/02\/IMG_3378-768x576.webp\" data-width=\"768\" data-height=\"576\" aria-label=\"\" role=\"img\" ><\/div>\n\t\t\t\t\t\t\t\t\t\t\t<div class=\"elementor-gallery-item__overlay\"><\/div>\n\t\t\t\t\t\t\t\t\t\t\t\t\t\t<\/a>\n\t\t\t\t\t\t\t<a class=\"e-gallery-item elementor-gallery-item elementor-animated-content\" href=\"https:\/\/tijanailic.com\/wp-content\/uploads\/2023\/02\/IMG_2542-scaled.webp\" data-elementor-open-lightbox=\"yes\" data-elementor-lightbox-slideshow=\"55344db2\" data-elementor-lightbox-title=\"IMG_2542\" data-e-action-hash=\"#elementor-action%3Aaction%3Dlightbox%26settings%3DeyJpZCI6MTM2OCwidXJsIjoiaHR0cHM6XC9cL3RpamFuYWlsaWMuY29tXC93cC1jb250ZW50XC91cGxvYWRzXC8yMDIzXC8wMlwvSU1HXzI1NDItc2NhbGVkLndlYnAiLCJzbGlkZXNob3ciOiI1NTM0NGRiMiJ9\">\n\t\t\t\t\t<div class=\"e-gallery-image elementor-gallery-item__image\" data-thumbnail=\"https:\/\/tijanailic.com\/wp-content\/uploads\/2023\/02\/IMG_2542-768x1024.webp\" data-width=\"768\" data-height=\"1024\" aria-label=\"\" role=\"img\" ><\/div>\n\t\t\t\t\t\t\t\t\t\t\t<div class=\"elementor-gallery-item__overlay\"><\/div>\n\t\t\t\t\t\t\t\t\t\t\t\t\t\t<\/a>\n\t\t\t\t\t\t\t<a class=\"e-gallery-item elementor-gallery-item elementor-animated-content\" href=\"https:\/\/tijanailic.com\/wp-content\/uploads\/2023\/02\/IMG_2596-scaled.webp\" data-elementor-open-lightbox=\"yes\" data-elementor-lightbox-slideshow=\"55344db2\" data-elementor-lightbox-title=\"IMG_2596\" data-e-action-hash=\"#elementor-action%3Aaction%3Dlightbox%26settings%3DeyJpZCI6MTM3MSwidXJsIjoiaHR0cHM6XC9cL3RpamFuYWlsaWMuY29tXC93cC1jb250ZW50XC91cGxvYWRzXC8yMDIzXC8wMlwvSU1HXzI1OTYtc2NhbGVkLndlYnAiLCJzbGlkZXNob3ciOiI1NTM0NGRiMiJ9\">\n\t\t\t\t\t<div class=\"e-gallery-image elementor-gallery-item__image\" data-thumbnail=\"https:\/\/tijanailic.com\/wp-content\/uploads\/2023\/02\/IMG_2596-768x1024.webp\" data-width=\"768\" data-height=\"1024\" aria-label=\"\" role=\"img\" ><\/div>\n\t\t\t\t\t\t\t\t\t\t\t<div class=\"elementor-gallery-item__overlay\"><\/div>\n\t\t\t\t\t\t\t\t\t\t\t\t\t\t<\/a>\n\t\t\t\t\t\t\t<a class=\"e-gallery-item elementor-gallery-item elementor-animated-content\" href=\"https:\/\/tijanailic.com\/wp-content\/uploads\/2023\/02\/IMG_2678-scaled.webp\" data-elementor-open-lightbox=\"yes\" data-elementor-lightbox-slideshow=\"55344db2\" data-elementor-lightbox-title=\"IMG_2678\" data-e-action-hash=\"#elementor-action%3Aaction%3Dlightbox%26settings%3DeyJpZCI6MTM3NiwidXJsIjoiaHR0cHM6XC9cL3RpamFuYWlsaWMuY29tXC93cC1jb250ZW50XC91cGxvYWRzXC8yMDIzXC8wMlwvSU1HXzI2Nzgtc2NhbGVkLndlYnAiLCJzbGlkZXNob3ciOiI1NTM0NGRiMiJ9\">\n\t\t\t\t\t<div class=\"e-gallery-image elementor-gallery-item__image\" data-thumbnail=\"https:\/\/tijanailic.com\/wp-content\/uploads\/2023\/02\/IMG_2678-768x576.webp\" data-width=\"768\" data-height=\"576\" aria-label=\"\" role=\"img\" ><\/div>\n\t\t\t\t\t\t\t\t\t\t\t<div class=\"elementor-gallery-item__overlay\"><\/div>\n\t\t\t\t\t\t\t\t\t\t\t\t\t\t<\/a>\n\t\t\t\t\t\t\t<a class=\"e-gallery-item elementor-gallery-item elementor-animated-content\" href=\"https:\/\/tijanailic.com\/wp-content\/uploads\/2023\/02\/IMG_2696-scaled.webp\" data-elementor-open-lightbox=\"yes\" data-elementor-lightbox-slideshow=\"55344db2\" data-elementor-lightbox-title=\"IMG_2696\" data-e-action-hash=\"#elementor-action%3Aaction%3Dlightbox%26settings%3DeyJpZCI6MTM3NywidXJsIjoiaHR0cHM6XC9cL3RpamFuYWlsaWMuY29tXC93cC1jb250ZW50XC91cGxvYWRzXC8yMDIzXC8wMlwvSU1HXzI2OTYtc2NhbGVkLndlYnAiLCJzbGlkZXNob3ciOiI1NTM0NGRiMiJ9\">\n\t\t\t\t\t<div class=\"e-gallery-image elementor-gallery-item__image\" data-thumbnail=\"https:\/\/tijanailic.com\/wp-content\/uploads\/2023\/02\/IMG_2696-768x1024.webp\" data-width=\"768\" data-height=\"1024\" aria-label=\"\" role=\"img\" ><\/div>\n\t\t\t\t\t\t\t\t\t\t\t<div class=\"elementor-gallery-item__overlay\"><\/div>\n\t\t\t\t\t\t\t\t\t\t\t\t\t\t<\/a>\n\t\t\t\t\t\t\t<a class=\"e-gallery-item elementor-gallery-item elementor-animated-content\" href=\"https:\/\/tijanailic.com\/wp-content\/uploads\/2023\/02\/IMG_2845-scaled.webp\" data-elementor-open-lightbox=\"yes\" data-elementor-lightbox-slideshow=\"55344db2\" data-elementor-lightbox-title=\"IMG_2845\" data-e-action-hash=\"#elementor-action%3Aaction%3Dlightbox%26settings%3DeyJpZCI6MTM3OSwidXJsIjoiaHR0cHM6XC9cL3RpamFuYWlsaWMuY29tXC93cC1jb250ZW50XC91cGxvYWRzXC8yMDIzXC8wMlwvSU1HXzI4NDUtc2NhbGVkLndlYnAiLCJzbGlkZXNob3ciOiI1NTM0NGRiMiJ9\">\n\t\t\t\t\t<div class=\"e-gallery-image elementor-gallery-item__image\" data-thumbnail=\"https:\/\/tijanailic.com\/wp-content\/uploads\/2023\/02\/IMG_2845-768x1024.webp\" data-width=\"768\" data-height=\"1024\" aria-label=\"\" role=\"img\" ><\/div>\n\t\t\t\t\t\t\t\t\t\t\t<div class=\"elementor-gallery-item__overlay\"><\/div>\n\t\t\t\t\t\t\t\t\t\t\t\t\t\t<\/a>\n\t\t\t\t\t\t\t<a class=\"e-gallery-item elementor-gallery-item elementor-animated-content\" href=\"https:\/\/tijanailic.com\/wp-content\/uploads\/2023\/02\/IMG_2916-scaled.webp\" data-elementor-open-lightbox=\"yes\" data-elementor-lightbox-slideshow=\"55344db2\" data-elementor-lightbox-title=\"IMG_2916\" data-e-action-hash=\"#elementor-action%3Aaction%3Dlightbox%26settings%3DeyJpZCI6MTM4MSwidXJsIjoiaHR0cHM6XC9cL3RpamFuYWlsaWMuY29tXC93cC1jb250ZW50XC91cGxvYWRzXC8yMDIzXC8wMlwvSU1HXzI5MTYtc2NhbGVkLndlYnAiLCJzbGlkZXNob3ciOiI1NTM0NGRiMiJ9\">\n\t\t\t\t\t<div class=\"e-gallery-image elementor-gallery-item__image\" data-thumbnail=\"https:\/\/tijanailic.com\/wp-content\/uploads\/2023\/02\/IMG_2916-768x1024.webp\" data-width=\"768\" data-height=\"1024\" aria-label=\"\" role=\"img\" ><\/div>\n\t\t\t\t\t\t\t\t\t\t\t<div class=\"elementor-gallery-item__overlay\"><\/div>\n\t\t\t\t\t\t\t\t\t\t\t\t\t\t<\/a>\n\t\t\t\t\t\t\t<a class=\"e-gallery-item elementor-gallery-item elementor-animated-content\" href=\"https:\/\/tijanailic.com\/wp-content\/uploads\/2023\/02\/IMG_2992-scaled.webp\" data-elementor-open-lightbox=\"yes\" data-elementor-lightbox-slideshow=\"55344db2\" data-elementor-lightbox-title=\"IMG_2992\" data-e-action-hash=\"#elementor-action%3Aaction%3Dlightbox%26settings%3DeyJpZCI6MTM4MiwidXJsIjoiaHR0cHM6XC9cL3RpamFuYWlsaWMuY29tXC93cC1jb250ZW50XC91cGxvYWRzXC8yMDIzXC8wMlwvSU1HXzI5OTItc2NhbGVkLndlYnAiLCJzbGlkZXNob3ciOiI1NTM0NGRiMiJ9\">\n\t\t\t\t\t<div class=\"e-gallery-image elementor-gallery-item__image\" data-thumbnail=\"https:\/\/tijanailic.com\/wp-content\/uploads\/2023\/02\/IMG_2992-768x1024.webp\" data-width=\"768\" data-height=\"1024\" aria-label=\"\" role=\"img\" ><\/div>\n\t\t\t\t\t\t\t\t\t\t\t<div class=\"elementor-gallery-item__overlay\"><\/div>\n\t\t\t\t\t\t\t\t\t\t\t\t\t\t<\/a>\n\t\t\t\t\t<\/div>\n\t\t\t\t\t<\/div>\n\t\t\t\t<\/div>\n\t\t\t\t\t<\/div>\n\t\t<\/div>\n\t\t\t\t\t<\/div>\n\t\t<\/section>\n\t\t\t\t<\/div>","protected":false},"excerpt":{"rendered":"<p>Masterclass \u0161i\u0161anja Tijana Ili\u0107 &amp; Tomas \u017dirard Tijana i Tomas su ukrstili makaze i pokazali tehnike \u0161i\u0161anja koje su polaznicima omogu\u0107ile da unaprede i osve\u017ee svoj na\u010din rada i svojim klijentima ponude nove i moderne forme. Tomas je doneo inovativne ideje i francuske trendove \u0161i\u0161anja za sezonu prole\u0107e-leto 2023, a Tijana je pokazala tehnike \u0161i\u0161anja [&hellip;]<\/p>\n","protected":false},"author":3,"featured_media":0,"parent":0,"menu_order":0,"comment_status":"closed","ping_status":"closed","template":"","meta":{"footnotes":""},"class_list":["post-1356","page","type-page","status-publish","hentry"],"_links":{"self":[{"href":"https:\/\/tijanailic.com\/en\/wp-json\/wp\/v2\/pages\/1356","targetHints":{"allow":["GET"]}}],"collection":[{"href":"https:\/\/tijanailic.com\/en\/wp-json\/wp\/v2\/pages"}],"about":[{"href":"https:\/\/tijanailic.com\/en\/wp-json\/wp\/v2\/types\/page"}],"author":[{"embeddable":true,"href":"https:\/\/tijanailic.com\/en\/wp-json\/wp\/v2\/users\/3"}],"replies":[{"embeddable":true,"href":"https:\/\/tijanailic.com\/en\/wp-json\/wp\/v2\/comments?post=1356"}],"version-history":[{"count":0,"href":"https:\/\/tijanailic.com\/en\/wp-json\/wp\/v2\/pages\/1356\/revisions"}],"wp:attachment":[{"href":"https:\/\/tijanailic.com\/en\/wp-json\/wp\/v2\/media?parent=1356"}],"curies":[{"name":"wp","href":"https:\/\/api.w.org\/{rel}","templated":true}]}}