{"id":3229,"date":"2024-11-29T18:13:48","date_gmt":"2024-11-29T17:13:48","guid":{"rendered":"https:\/\/tijanailic.com\/?page_id=3229"},"modified":"2024-11-29T18:35:00","modified_gmt":"2024-11-29T17:35:00","slug":"job-ad-for-hairdresser-with-experience","status":"publish","type":"page","link":"https:\/\/tijanailic.com\/en\/oglas-za-posao-frizer-sa-iskustvom\/","title":{"rendered":"Job advertisement: Hairdresser with experience"},"content":{"rendered":"\t\t<div data-elementor-type=\"wp-page\" data-elementor-id=\"3229\" class=\"elementor elementor-3229\" data-elementor-post-type=\"page\">\n\t\t\t\t\t\t<section class=\"elementor-section elementor-top-section elementor-element elementor-element-030ecae elementor-section-full_width elementor-section-height-default elementor-section-height-default\" data-id=\"030ecae\" data-element_type=\"section\" data-e-type=\"section\">\n\t\t\t\t\t\t<div class=\"elementor-container elementor-column-gap-default\">\n\t\t\t\t\t<div class=\"elementor-column elementor-col-50 elementor-top-column elementor-element elementor-element-b031e9d\" data-id=\"b031e9d\" data-element_type=\"column\" data-e-type=\"column\">\n\t\t\t<div class=\"elementor-widget-wrap elementor-element-populated\">\n\t\t\t\t\t\t<div class=\"elementor-element elementor-element-0667d96 elementor-widget elementor-widget-heading\" data-id=\"0667d96\" data-element_type=\"widget\" data-e-type=\"widget\" data-widget_type=\"heading.default\">\n\t\t\t\t<div class=\"elementor-widget-container\">\n\t\t\t\t\t<h1 class=\"elementor-heading-title elementor-size-default\">Oglas za posao: Frizer sa iskustvom   <\/h1>\t\t\t\t<\/div>\n\t\t\t\t<\/div>\n\t\t\t\t<div class=\"elementor-element elementor-element-58f91fd elementor-widget elementor-widget-text-editor\" data-id=\"58f91fd\" data-element_type=\"widget\" data-e-type=\"widget\" data-widget_type=\"text-editor.default\">\n\t\t\t\t<div class=\"elementor-widget-container\">\n\t\t\t\t\t\t\t\t\t<p>Pridru\u017eite se timu Tijane Ili\u0107!<\/p><p><strong>Ko smo mi?<\/strong><\/p><p>Studio Tijane Ili\u0107 se nalazi u srcu Beograda i poznat je po profesionalizmu i kreativnosti. Tijana je poznata po frizurama koje inspiri\u0161u i ostavljaju pe\u010dat, za koje je dobila renomirane nagrade, a tokom 25 godina, osim rada u salonu, u\u010destvovala je na brojnim projektima za doma\u0107e i strane kompanije. Njene frizure su ostavile pe\u010dat na mnogim naslovnim stranama, editorijalima, modnim manifestacijama, reklamama i muzi\u010dkim spotovima.<\/p>\t\t\t\t\t\t\t\t<\/div>\n\t\t\t\t<\/div>\n\t\t\t\t\t<\/div>\n\t\t<\/div>\n\t\t\t\t<div class=\"elementor-column elementor-col-50 elementor-top-column elementor-element elementor-element-5465261\" data-id=\"5465261\" data-element_type=\"column\" data-e-type=\"column\" data-settings=\"{&quot;background_background&quot;:&quot;classic&quot;}\">\n\t\t\t<div class=\"elementor-widget-wrap elementor-element-populated\">\n\t\t\t\t\t\t<div class=\"elementor-element elementor-element-7c16a37 elementor-widget elementor-widget-image\" data-id=\"7c16a37\" data-element_type=\"widget\" data-e-type=\"widget\" data-widget_type=\"image.default\">\n\t\t\t\t<div class=\"elementor-widget-container\">\n\t\t\t\t\t\t\t\t\t\t\t\t\t\t\t<img fetchpriority=\"high\" decoding=\"async\" width=\"768\" height=\"1024\" src=\"https:\/\/tijanailic.com\/wp-content\/uploads\/2023\/02\/IMG_2653-768x1024.webp\" class=\"attachment-large size-large wp-image-1372\" alt=\"\" srcset=\"https:\/\/tijanailic.com\/wp-content\/uploads\/2023\/02\/IMG_2653-768x1024.webp 768w, https:\/\/tijanailic.com\/wp-content\/uploads\/2023\/02\/IMG_2653-scaled-600x800.webp 600w, https:\/\/tijanailic.com\/wp-content\/uploads\/2023\/02\/IMG_2653-225x300.webp 225w, https:\/\/tijanailic.com\/wp-content\/uploads\/2023\/02\/IMG_2653-1152x1536.webp 1152w, https:\/\/tijanailic.com\/wp-content\/uploads\/2023\/02\/IMG_2653-1536x2048.webp 1536w, https:\/\/tijanailic.com\/wp-content\/uploads\/2023\/02\/IMG_2653-9x12.webp 9w, https:\/\/tijanailic.com\/wp-content\/uploads\/2023\/02\/IMG_2653-scaled.webp 1920w\" sizes=\"(max-width: 768px) 100vw, 768px\" \/>\t\t\t\t\t\t\t\t\t\t\t\t\t\t\t<\/div>\n\t\t\t\t<\/div>\n\t\t\t\t\t<\/div>\n\t\t<\/div>\n\t\t\t\t\t<\/div>\n\t\t<\/section>\n\t\t\t\t<section class=\"elementor-section elementor-top-section elementor-element elementor-element-022ab33 elementor-section-boxed elementor-section-height-default elementor-section-height-default\" data-id=\"022ab33\" data-element_type=\"section\" data-e-type=\"section\" data-settings=\"{&quot;background_background&quot;:&quot;classic&quot;}\">\n\t\t\t\t\t\t\t<div class=\"elementor-background-overlay\"><\/div>\n\t\t\t\t\t\t\t<div class=\"elementor-container elementor-column-gap-default\">\n\t\t\t\t\t<div class=\"elementor-column elementor-col-50 elementor-top-column elementor-element elementor-element-a75d122\" data-id=\"a75d122\" data-element_type=\"column\" data-e-type=\"column\">\n\t\t\t<div class=\"elementor-widget-wrap elementor-element-populated\">\n\t\t\t\t\t\t<div class=\"elementor-element elementor-element-c80458d elementor-widget elementor-widget-heading\" data-id=\"c80458d\" data-element_type=\"widget\" data-e-type=\"widget\" data-widget_type=\"heading.default\">\n\t\t\t\t<div class=\"elementor-widget-container\">\n\t\t\t\t\t<h2 class=\"elementor-heading-title elementor-size-default\">Koga tra\u017eimo?<\/h2>\t\t\t\t<\/div>\n\t\t\t\t<\/div>\n\t\t\t\t<div class=\"elementor-element elementor-element-98ca03e elementor-widget elementor-widget-text-editor\" data-id=\"98ca03e\" data-element_type=\"widget\" data-e-type=\"widget\" data-widget_type=\"text-editor.default\">\n\t\t\t\t<div class=\"elementor-widget-container\">\n\t\t\t\t\t\t\t\t\t<ul><li>Frizera sa iskustvom.<\/li><li>Osobu koja prati trendove, poseduje strast prema frizerskom poslu i \u017eeli da svoja znanja i ve\u0161tine podigne na vi\u0161i nivo.<\/li><li>Kandidata spremnog za rad u dinami\u010dnom okru\u017eenju, uz tim koji te\u017ei savr\u0161enstvu.<\/li><\/ul>\t\t\t\t\t\t\t\t<\/div>\n\t\t\t\t<\/div>\n\t\t\t\t\t<\/div>\n\t\t<\/div>\n\t\t\t\t<div class=\"elementor-column elementor-col-50 elementor-top-column elementor-element elementor-element-a338fbe\" data-id=\"a338fbe\" data-element_type=\"column\" data-e-type=\"column\">\n\t\t\t<div class=\"elementor-widget-wrap elementor-element-populated\">\n\t\t\t\t\t\t<div class=\"elementor-element elementor-element-a9e498e elementor-widget elementor-widget-heading\" data-id=\"a9e498e\" data-element_type=\"widget\" data-e-type=\"widget\" data-widget_type=\"heading.default\">\n\t\t\t\t<div class=\"elementor-widget-container\">\n\t\t\t\t\t<h2 class=\"elementor-heading-title elementor-size-default\">\u0160ta nudimo?<\/h2>\t\t\t\t<\/div>\n\t\t\t\t<\/div>\n\t\t\t\t<div class=\"elementor-element elementor-element-ae114a8 elementor-widget elementor-widget-text-editor\" data-id=\"ae114a8\" data-element_type=\"widget\" data-e-type=\"widget\" data-widget_type=\"text-editor.default\">\n\t\t\t\t<div class=\"elementor-widget-container\">\n\t\t\t\t\t\t\t\t\t<ul><li>Odli\u010dnu zaradu.<\/li><li>Rad u moderno opremljenom salonu.<\/li><li>Mogu\u0107nost razvoja, usavr\u0161avanja i u\u010de\u0161\u0107a na edukacijama.<\/li><li>Radno vreme 8 sati.<\/li><li>Prijateljsku i inspirativnu radnu atmosferu.<\/li><\/ul>\t\t\t\t\t\t\t\t<\/div>\n\t\t\t\t<\/div>\n\t\t\t\t\t<\/div>\n\t\t<\/div>\n\t\t\t\t\t<\/div>\n\t\t<\/section>\n\t\t\t\t<section class=\"elementor-section elementor-top-section elementor-element elementor-element-daa0dcd elementor-section-boxed elementor-section-height-default elementor-section-height-default\" data-id=\"daa0dcd\" data-element_type=\"section\" data-e-type=\"section\">\n\t\t\t\t\t\t<div class=\"elementor-container elementor-column-gap-default\">\n\t\t\t\t\t<div class=\"elementor-column elementor-col-100 elementor-top-column elementor-element elementor-element-ab6fced\" data-id=\"ab6fced\" data-element_type=\"column\" data-e-type=\"column\">\n\t\t\t<div class=\"elementor-widget-wrap elementor-element-populated\">\n\t\t\t\t\t\t<div class=\"elementor-element elementor-element-16ff5cc elementor-widget elementor-widget-heading\" data-id=\"16ff5cc\" data-element_type=\"widget\" data-e-type=\"widget\" data-widget_type=\"heading.default\">\n\t\t\t\t<div class=\"elementor-widget-container\">\n\t\t\t\t\t<h2 class=\"elementor-heading-title elementor-size-default\">PRIJAVI SE ZA POZICIJU FRIZERA<\/h2>\t\t\t\t<\/div>\n\t\t\t\t<\/div>\n\t\t\t\t<div class=\"elementor-element elementor-element-c5027d0 elementor-button-align-stretch elementor-widget elementor-widget-form\" data-id=\"c5027d0\" data-element_type=\"widget\" data-e-type=\"widget\" data-settings=\"{&quot;step_next_label&quot;:&quot;\\u0421\\u043b\\u0435\\u0434\\u0435\\u045b\\u0438&quot;,&quot;step_previous_label&quot;:&quot;\\u041f\\u0440\\u0435\\u0442\\u0445\\u043e\\u0434\\u043d\\u0430&quot;,&quot;button_width&quot;:&quot;100&quot;,&quot;step_type&quot;:&quot;number_text&quot;,&quot;step_icon_shape&quot;:&quot;circle&quot;}\" data-widget_type=\"form.default\">\n\t\t\t\t<div class=\"elementor-widget-container\">\n\t\t\t\t\t\t\t<form class=\"elementor-form\" method=\"post\" name=\"Prijava za poziciju frizera\" aria-label=\"Prijava za poziciju frizera\">\n\t\t\t<input type=\"hidden\" name=\"post_id\" value=\"3229\"\/>\n\t\t\t<input type=\"hidden\" name=\"form_id\" value=\"c5027d0\"\/>\n\t\t\t<input type=\"hidden\" name=\"referer_title\" value=\"\" \/>\n\n\t\t\t\n\t\t\t<div class=\"elementor-form-fields-wrapper elementor-labels-above\">\n\t\t\t\t\t\t\t\t<div class=\"elementor-field-type-text elementor-field-group elementor-column elementor-field-group-name elementor-col-100 elementor-field-required\">\n\t\t\t\t\t\t\t\t\t\t\t\t<label for=\"form-field-name\" class=\"elementor-field-label\">\n\t\t\t\t\t\t\t\tIme i prezime\t\t\t\t\t\t\t<\/label>\n\t\t\t\t\t\t\t\t\t\t\t\t\t\t<input size=\"1\" type=\"text\" name=\"form_fields[name]\" id=\"form-field-name\" class=\"elementor-field elementor-size-md  elementor-field-textual\" required=\"required\">\n\t\t\t\t\t\t\t\t\t\t\t<\/div>\n\t\t\t\t\t\t\t\t<div class=\"elementor-field-type-text elementor-field-group elementor-column elementor-field-group-field_92ded2f elementor-col-100 elementor-field-required\">\n\t\t\t\t\t\t\t\t\t\t\t\t<label for=\"form-field-field_92ded2f\" class=\"elementor-field-label\">\n\t\t\t\t\t\t\t\tKoliko ima\u0161 godina?\t\t\t\t\t\t\t<\/label>\n\t\t\t\t\t\t\t\t\t\t\t\t\t\t<input size=\"1\" type=\"text\" name=\"form_fields[field_92ded2f]\" id=\"form-field-field_92ded2f\" class=\"elementor-field elementor-size-md  elementor-field-textual\" required=\"required\">\n\t\t\t\t\t\t\t\t\t\t\t<\/div>\n\t\t\t\t\t\t\t\t<div class=\"elementor-field-type-email elementor-field-group elementor-column elementor-field-group-email elementor-col-100 elementor-field-required\">\n\t\t\t\t\t\t\t\t\t\t\t\t<label for=\"form-field-email\" class=\"elementor-field-label\">\n\t\t\t\t\t\t\t\tEmail adresa\t\t\t\t\t\t\t<\/label>\n\t\t\t\t\t\t\t\t\t\t\t\t\t\t<input size=\"1\" type=\"email\" name=\"form_fields[email]\" id=\"form-field-email\" class=\"elementor-field elementor-size-md  elementor-field-textual\" required=\"required\">\n\t\t\t\t\t\t\t\t\t\t\t<\/div>\n\t\t\t\t\t\t\t\t<div class=\"elementor-field-type-text elementor-field-group elementor-column elementor-field-group-field_5564209 elementor-col-100 elementor-field-required\">\n\t\t\t\t\t\t\t\t\t\t\t\t<label for=\"form-field-field_5564209\" class=\"elementor-field-label\">\n\t\t\t\t\t\t\t\tBroj telefona\t\t\t\t\t\t\t<\/label>\n\t\t\t\t\t\t\t\t\t\t\t\t\t\t<input size=\"1\" type=\"text\" name=\"form_fields[field_5564209]\" id=\"form-field-field_5564209\" class=\"elementor-field elementor-size-md  elementor-field-textual\" required=\"required\">\n\t\t\t\t\t\t\t\t\t\t\t<\/div>\n\t\t\t\t\t\t\t\t<div class=\"elementor-field-type-text elementor-field-group elementor-column elementor-field-group-field_c10aa0c elementor-col-100 elementor-field-required\">\n\t\t\t\t\t\t\t\t\t\t\t\t<label for=\"form-field-field_c10aa0c\" class=\"elementor-field-label\">\n\t\t\t\t\t\t\t\tGde \u017eivi\u0161?\t\t\t\t\t\t\t<\/label>\n\t\t\t\t\t\t\t\t\t\t\t\t\t\t<input size=\"1\" type=\"text\" name=\"form_fields[field_c10aa0c]\" id=\"form-field-field_c10aa0c\" class=\"elementor-field elementor-size-md  elementor-field-textual\" required=\"required\">\n\t\t\t\t\t\t\t\t\t\t\t<\/div>\n\t\t\t\t\t\t\t\t<div class=\"elementor-field-type-text elementor-field-group elementor-column elementor-field-group-field_f52c014 elementor-col-100 elementor-field-required\">\n\t\t\t\t\t\t\t\t\t\t\t\t<label for=\"form-field-field_f52c014\" class=\"elementor-field-label\">\n\t\t\t\t\t\t\t\tKoliko godina iskustva ima\u0161 u frizerskom poslu?\t\t\t\t\t\t\t<\/label>\n\t\t\t\t\t\t\t\t\t\t\t\t\t\t<input size=\"1\" type=\"text\" name=\"form_fields[field_f52c014]\" id=\"form-field-field_f52c014\" class=\"elementor-field elementor-size-md  elementor-field-textual\" required=\"required\">\n\t\t\t\t\t\t\t\t\t\t\t<\/div>\n\t\t\t\t\t\t\t\t<div class=\"elementor-field-type-textarea elementor-field-group elementor-column elementor-field-group-field_858f0f6 elementor-col-100 elementor-field-required\">\n\t\t\t\t\t\t\t\t\t\t\t\t<label for=\"form-field-field_858f0f6\" class=\"elementor-field-label\">\n\t\t\t\t\t\t\t\tDa li si nekada radio\/la u frizerskom salonu i kom?\t\t\t\t\t\t\t<\/label>\n\t\t\t\t\t\t<textarea class=\"elementor-field-textual elementor-field  elementor-size-md\" name=\"form_fields[field_858f0f6]\" id=\"form-field-field_858f0f6\" rows=\"4\" required=\"required\"><\/textarea>\t\t\t\t<\/div>\n\t\t\t\t\t\t\t\t<div class=\"elementor-field-type-text elementor-field-group elementor-column elementor-field-group-field_531d6e4 elementor-col-100 elementor-field-required\">\n\t\t\t\t\t\t\t\t\t\t\t\t<label for=\"form-field-field_531d6e4\" class=\"elementor-field-label\">\n\t\t\t\t\t\t\t\tKoje oblasti frizerskog zanata najbolje poznaje\u0161?\t\t\t\t\t\t\t<\/label>\n\t\t\t\t\t\t\t\t\t\t\t\t\t\t<input size=\"1\" type=\"text\" name=\"form_fields[field_531d6e4]\" id=\"form-field-field_531d6e4\" class=\"elementor-field elementor-size-md  elementor-field-textual\" required=\"required\">\n\t\t\t\t\t\t\t\t\t\t\t<\/div>\n\t\t\t\t\t\t\t\t<div class=\"elementor-field-type-text elementor-field-group elementor-column elementor-field-group-field_5857151 elementor-col-100 elementor-field-required\">\n\t\t\t\t\t\t\t\t\t\t\t\t<label for=\"form-field-field_5857151\" class=\"elementor-field-label\">\n\t\t\t\t\t\t\t\tKako bi opisa\/la svoj pristup u radu s klijentima?\t\t\t\t\t\t\t<\/label>\n\t\t\t\t\t\t\t\t\t\t\t\t\t\t<input size=\"1\" type=\"text\" name=\"form_fields[field_5857151]\" id=\"form-field-field_5857151\" class=\"elementor-field elementor-size-md  elementor-field-textual\" required=\"required\">\n\t\t\t\t\t\t\t\t\t\t\t<\/div>\n\t\t\t\t\t\t\t\t<div class=\"elementor-field-type-text elementor-field-group elementor-column elementor-field-group-field_ab5b214 elementor-col-100 elementor-field-required\">\n\t\t\t\t\t\t\t\t\t\t\t\t<label for=\"form-field-field_ab5b214\" class=\"elementor-field-label\">\n\t\t\t\t\t\t\t\tDa li si imao\/la priliku da radi\u0161 u timu i kako se snalazi\u0161 u timskom radu?\t\t\t\t\t\t\t<\/label>\n\t\t\t\t\t\t\t\t\t\t\t\t\t\t<input size=\"1\" type=\"text\" name=\"form_fields[field_ab5b214]\" id=\"form-field-field_ab5b214\" class=\"elementor-field elementor-size-md  elementor-field-textual\" required=\"required\">\n\t\t\t\t\t\t\t\t\t\t\t<\/div>\n\t\t\t\t\t\t\t\t<div class=\"elementor-field-type-text elementor-field-group elementor-column elementor-field-group-field_5278954 elementor-col-100 elementor-field-required\">\n\t\t\t\t\t\t\t\t\t\t\t\t<label for=\"form-field-field_5278954\" class=\"elementor-field-label\">\n\t\t\t\t\t\t\t\tDa li si zainteresovan\/a za dalju edukaciju i u\u010de\u0161\u0107e na radionicama ili takmi\u010denjima?\t\t\t\t\t\t\t<\/label>\n\t\t\t\t\t\t\t\t\t\t\t\t\t\t<input size=\"1\" type=\"text\" name=\"form_fields[field_5278954]\" id=\"form-field-field_5278954\" class=\"elementor-field elementor-size-md  elementor-field-textual\" required=\"required\">\n\t\t\t\t\t\t\t\t\t\t\t<\/div>\n\t\t\t\t\t\t\t\t<div class=\"elementor-field-type-text elementor-field-group elementor-column elementor-field-group-field_b755bd3 elementor-col-100 elementor-field-required\">\n\t\t\t\t\t\t\t\t\t\t\t\t<label for=\"form-field-field_b755bd3\" class=\"elementor-field-label\">\n\t\t\t\t\t\t\t\tKako bi opisao\/la svoj idealan radni dan u salonu?\t\t\t\t\t\t\t<\/label>\n\t\t\t\t\t\t\t\t\t\t\t\t\t\t<input size=\"1\" type=\"text\" name=\"form_fields[field_b755bd3]\" id=\"form-field-field_b755bd3\" class=\"elementor-field elementor-size-md  elementor-field-textual\" required=\"required\">\n\t\t\t\t\t\t\t\t\t\t\t<\/div>\n\t\t\t\t\t\t\t\t<div class=\"elementor-field-type-text elementor-field-group elementor-column elementor-field-group-field_8d6ffaa elementor-col-100 elementor-field-required\">\n\t\t\t\t\t\t\t\t\t\t\t\t<label for=\"form-field-field_8d6ffaa\" class=\"elementor-field-label\">\n\t\t\t\t\t\t\t\tZa\u0161to si se odlu\u010dio\/la se javi\u0161 na ovaj oglas?\t\t\t\t\t\t\t<\/label>\n\t\t\t\t\t\t\t\t\t\t\t\t\t\t<input size=\"1\" type=\"text\" name=\"form_fields[field_8d6ffaa]\" id=\"form-field-field_8d6ffaa\" class=\"elementor-field elementor-size-md  elementor-field-textual\" required=\"required\">\n\t\t\t\t\t\t\t\t\t\t\t<\/div>\n\t\t\t\t\t\t\t\t<div class=\"elementor-field-type-recaptcha_v3 elementor-field-group elementor-column elementor-field-group-field_afed88e elementor-col-100 recaptcha_v3-bottomright\">\n\t\t\t\t\t<div class=\"elementor-field\" id=\"form-field-field_afed88e\"><div class=\"elementor-g-recaptcha\" data-sitekey=\"6LesGlwiAAAAAEh5aenxedxY6TEGmdwBDUXuEu0h\" data-type=\"v3\" data-action=\"Form\" data-badge=\"bottomright\" data-size=\"invisible\"><\/div><\/div>\t\t\t\t<\/div>\n\t\t\t\t\t\t\t\t<div class=\"elementor-field-group elementor-column elementor-field-type-submit elementor-col-100 e-form__buttons\">\n\t\t\t\t\t<button class=\"elementor-button elementor-size-md\" type=\"submit\">\n\t\t\t\t\t\t<span class=\"elementor-button-content-wrapper\">\n\t\t\t\t\t\t\t\t\t\t\t\t\t\t\t\t\t\t\t\t\t\t<span class=\"elementor-button-text\">PRIJAVA<\/span>\n\t\t\t\t\t\t\t\t\t\t\t\t\t<\/span>\n\t\t\t\t\t<\/button>\n\t\t\t\t<\/div>\n\t\t\t<\/div>\n\t\t<\/form>\n\t\t\t\t\t\t<\/div>\n\t\t\t\t<\/div>\n\t\t\t\t\t<\/div>\n\t\t<\/div>\n\t\t\t\t\t<\/div>\n\t\t<\/section>\n\t\t\t\t<\/div>\n\t\t","protected":false},"excerpt":{"rendered":"<p>Oglas za posao: Frizer sa iskustvom Pridru\u017eite se timu Tijane Ili\u0107! Ko smo mi? Studio Tijane Ili\u0107 se nalazi u srcu Beograda i poznat je po profesionalizmu i kreativnosti. Tijana je poznata po frizurama koje inspiri\u0161u i ostavljaju pe\u010dat, za koje je dobila renomirane nagrade, a tokom 25 godina, osim rada u salonu, u\u010destvovala je [&hellip;]<\/p>\n","protected":false},"author":3,"featured_media":0,"parent":0,"menu_order":0,"comment_status":"closed","ping_status":"closed","template":"","meta":{"footnotes":""},"class_list":["post-3229","page","type-page","status-publish","hentry"],"_links":{"self":[{"href":"https:\/\/tijanailic.com\/en\/wp-json\/wp\/v2\/pages\/3229","targetHints":{"allow":["GET"]}}],"collection":[{"href":"https:\/\/tijanailic.com\/en\/wp-json\/wp\/v2\/pages"}],"about":[{"href":"https:\/\/tijanailic.com\/en\/wp-json\/wp\/v2\/types\/page"}],"author":[{"embeddable":true,"href":"https:\/\/tijanailic.com\/en\/wp-json\/wp\/v2\/users\/3"}],"replies":[{"embeddable":true,"href":"https:\/\/tijanailic.com\/en\/wp-json\/wp\/v2\/comments?post=3229"}],"version-history":[{"count":0,"href":"https:\/\/tijanailic.com\/en\/wp-json\/wp\/v2\/pages\/3229\/revisions"}],"wp:attachment":[{"href":"https:\/\/tijanailic.com\/en\/wp-json\/wp\/v2\/media?parent=3229"}],"curies":[{"name":"wp","href":"https:\/\/api.w.org\/{rel}","templated":true}]}}