{"id":3367,"date":"2025-03-27T12:26:53","date_gmt":"2025-03-27T11:26:53","guid":{"rendered":"https:\/\/tijanailic.com\/?page_id=3367"},"modified":"2026-02-09T17:14:38","modified_gmt":"2026-02-09T16:14:38","slug":"hair-care-treatment","status":"publish","type":"page","link":"https:\/\/tijanailic.com\/en\/tretman-nege-kose\/","title":{"rendered":"Hair care treatment"},"content":{"rendered":"<div data-elementor-type=\"wp-page\" data-elementor-id=\"3367\" class=\"elementor elementor-3367\" data-elementor-post-type=\"page\">\n\t\t\t\t<div class=\"elementor-element elementor-element-55cb194 e-con-full e-flex e-con e-parent\" data-id=\"55cb194\" data-element_type=\"container\" data-e-type=\"container\" data-settings=\"{&quot;background_background&quot;:&quot;classic&quot;}\">\n\t\t<div class=\"elementor-element elementor-element-188067e e-con-full e-flex e-con e-child\" data-id=\"188067e\" data-element_type=\"container\" data-e-type=\"container\">\n\t\t\t\t<div class=\"elementor-element elementor-element-a4268e9 elementor-widget elementor-widget-heading\" data-id=\"a4268e9\" data-element_type=\"widget\" data-e-type=\"widget\" data-widget_type=\"heading.default\">\n\t\t\t\t<div class=\"elementor-widget-container\">\n\t\t\t\t\t<h1 class=\"elementor-heading-title elementor-size-default\">HAIR CARE TREATMENT<\/h1>\t\t\t\t<\/div>\n\t\t\t\t<\/div>\n\t\t\t\t<div class=\"elementor-element elementor-element-cbea214 elementor-widget elementor-widget-text-editor\" data-id=\"cbea214\" data-element_type=\"widget\" data-e-type=\"widget\" data-widget_type=\"text-editor.default\">\n\t\t\t\t<div class=\"elementor-widget-container\">\n\t\t\t\t\t\t\t\t\t<p>Tijana Ili\u0107, hair artist and founder of the Hair Artists Club, offers her clients more than standard hairdressing services. In her sophisticated studio, you have access to deep, regenerative hair treatments using premium hair care products.<\/p>\t\t\t\t\t\t\t\t<\/div>\n\t\t\t\t<\/div>\n\t\t\t\t<div class=\"elementor-element elementor-element-7501a79 elementor-mobile-align-justify elementor-widget elementor-widget-button\" data-id=\"7501a79\" data-element_type=\"widget\" data-e-type=\"widget\" data-widget_type=\"button.default\">\n\t\t\t\t<div class=\"elementor-widget-container\">\n\t\t\t\t\t\t\t\t\t<div class=\"elementor-button-wrapper\">\n\t\t\t\t\t<a class=\"elementor-button elementor-button-link elementor-size-md elementor-animation-grow\" href=\"https:\/\/tijanailic.com\/en\/scheduling-appointments-for-new-clients\/\">\n\t\t\t\t\t\t<span class=\"elementor-button-content-wrapper\">\n\t\t\t\t\t\t\t\t\t<span class=\"elementor-button-text\">Schedule a hair treatment<\/span>\n\t\t\t\t\t<\/span>\n\t\t\t\t\t<\/a>\n\t\t\t\t<\/div>\n\t\t\t\t\t\t\t\t<\/div>\n\t\t\t\t<\/div>\n\t\t\t\t<\/div>\n\t\t<a class=\"elementor-element elementor-element-9da8284 e-con-full e-flex e-con e-child\" data-id=\"9da8284\" data-element_type=\"container\" data-e-type=\"container\" data-settings=\"{&quot;background_background&quot;:&quot;video&quot;}\" href=\"https:\/\/tijanailic.com\/wp-content\/uploads\/2026\/02\/Ljilja-za-sajt.mp4\">\n\t\t\t\t<\/a>\n\t\t\t\t<\/div>\n\t\t<div class=\"elementor-element elementor-element-07b030e e-flex e-con-boxed e-con e-parent\" data-id=\"07b030e\" data-element_type=\"container\" data-e-type=\"container\" data-settings=\"{&quot;background_background&quot;:&quot;classic&quot;}\">\n\t\t\t\t\t<div class=\"e-con-inner\">\n\t\t<div class=\"elementor-element elementor-element-e598561 e-con-full e-flex e-con e-child\" data-id=\"e598561\" data-element_type=\"container\" data-e-type=\"container\">\n\t\t\t\t<div class=\"elementor-element elementor-element-7f3f193 elementor-widget elementor-widget-heading\" data-id=\"7f3f193\" data-element_type=\"widget\" data-e-type=\"widget\" data-widget_type=\"heading.default\">\n\t\t\t\t<div class=\"elementor-widget-container\">\n\t\t\t\t\t<h2 class=\"elementor-heading-title elementor-size-default\">What does a hair recovery treatment at the Tijana Ili\u0107 studio include?<\/h2>\t\t\t\t<\/div>\n\t\t\t\t<\/div>\n\t\t\t\t<div class=\"elementor-element elementor-element-99eb5a0 elementor-widget elementor-widget-text-editor\" data-id=\"99eb5a0\" data-element_type=\"widget\" data-e-type=\"widget\" data-widget_type=\"text-editor.default\">\n\t\t\t\t<div class=\"elementor-widget-container\">\n\t\t\t\t\t\t\t\t\t<p><span style=\"font-weight: 400;\">A professional hair treatment is essential for every woman who wishes to express her individuality through well-groomed, healthy-looking hair. At the Tijana Ili\u0107 studio, only haircare products from renowned global manufacturers are used, ensuring deep nourishment through a formula specifically formulated for you by Tijana.<\/span><\/p><p><b>Treatment results are visible after the very first visit to the salon.<\/b><span style=\"font-weight: 400;\">All products used during the procedure are also available for purchase, allowing you to continue hair care and regeneration in the comfort of your own home.\u00a0<\/span><\/p><p><span style=\"font-weight: 400;\">The treatment includes:<\/span><\/p><ul><li><span style=\"font-weight: 400;\"> Analysis of the scalp, hair quality, and hair structure<\/span><\/li><li><span style=\"font-weight: 400;\"> Preparation of a personalized formula using a combination of premium products<\/span><\/li><li><span style=\"font-weight: 400;\"> Deep cleansing with specialized shampoos\u00a0<\/span><\/li><li><span style=\"font-weight: 400;\"> Application of products designed to penetrate deeply into the inner structure of the hair fiber<\/span><\/li><li><span style=\"font-weight: 400;\">Massage<\/span><\/li><li><span style=\"font-weight: 400;\"> A final stage using a serum for additional protection and shine<\/span><\/li><\/ul>\t\t\t\t\t\t\t\t<\/div>\n\t\t\t\t<\/div>\n\t\t\t\t<div class=\"elementor-element elementor-element-2475d18 elementor-mobile-align-justify elementor-widget elementor-widget-button\" data-id=\"2475d18\" data-element_type=\"widget\" data-e-type=\"widget\" data-widget_type=\"button.default\">\n\t\t\t\t<div class=\"elementor-widget-container\">\n\t\t\t\t\t\t\t\t\t<div class=\"elementor-button-wrapper\">\n\t\t\t\t\t<a class=\"elementor-button elementor-button-link elementor-size-md elementor-animation-grow\" href=\"https:\/\/tijanailic.com\/en\/scheduling-appointments-for-new-clients\/\">\n\t\t\t\t\t\t<span class=\"elementor-button-content-wrapper\">\n\t\t\t\t\t\t\t\t\t<span class=\"elementor-button-text\">BOOK NOW<\/span>\n\t\t\t\t\t<\/span>\n\t\t\t\t\t<\/a>\n\t\t\t\t<\/div>\n\t\t\t\t\t\t\t\t<\/div>\n\t\t\t\t<\/div>\n\t\t\t\t<\/div>\n\t\t<div class=\"elementor-element elementor-element-7bf8078 e-con-full e-flex e-con e-child\" data-id=\"7bf8078\" data-element_type=\"container\" data-e-type=\"container\">\n\t\t\t\t<\/div>\n\t\t\t\t\t<\/div>\n\t\t\t\t<\/div>\n\t\t<div class=\"elementor-element elementor-element-6291d6f e-flex e-con-boxed e-con e-parent\" data-id=\"6291d6f\" data-element_type=\"container\" data-e-type=\"container\" data-settings=\"{&quot;background_background&quot;:&quot;classic&quot;}\">\n\t\t\t\t\t<div class=\"e-con-inner\">\n\t\t<div class=\"elementor-element elementor-element-49ad8c9 e-con-full e-flex e-con e-child\" data-id=\"49ad8c9\" data-element_type=\"container\" data-e-type=\"container\">\n\t\t\t\t<div class=\"elementor-element elementor-element-ddc903e elementor-widget elementor-widget-heading\" data-id=\"ddc903e\" data-element_type=\"widget\" data-e-type=\"widget\" data-widget_type=\"heading.default\">\n\t\t\t\t<div class=\"elementor-widget-container\">\n\t\t\t\t\t<h2 class=\"elementor-heading-title elementor-size-default\">Types of hair treatments and product characteristics <\/h2>\t\t\t\t<\/div>\n\t\t\t\t<\/div>\n\t\t\t\t<div class=\"elementor-element elementor-element-62d813e elementor-widget elementor-widget-text-editor\" data-id=\"62d813e\" data-element_type=\"widget\" data-e-type=\"widget\" data-widget_type=\"text-editor.default\">\n\t\t\t\t<div class=\"elementor-widget-container\">\n\t\t\t\t\t\t\t\t\t<p>The Tijana Ili\u0107 studio is committed to selecting only the finest products, firmly grounded in scientific research. A deep, regenerative hair treatment is available and begins with identifying your individual lipid profile.<\/p><p><span style=\"font-weight: 400;\">These products contain a unique lipid complex identical to that naturally present in hair, penetrating deeply into the hair fiber to restore it from within. Each care line includes a specialized base composed of glyceryl monooleate and oleic acid, as well as histidine, a molecule that helps protect hair by removing copper and enhancing fiber protection, combined with other active ingredients such as:<\/span><\/p><ul><li><span style=\"font-weight: 400;\"> Vitamin B3 for soothing and moisturizing the scalp<\/span><\/li><li><span style=\"font-weight: 400;\"> Caffeine to stimulate circulation<\/span><\/li><li><span style=\"font-weight: 400;\"> Zinc for resilience and anti-dandruff protection<\/span><\/li><li><span style=\"font-weight: 400;\"> Allantoin to reduce irritation<\/span><\/li><li><span style=\"font-weight: 400;\"> Panthenol for anti-inflammatory effects<\/span><\/li><li><span style=\"font-weight: 400;\"> Beeswax to help prevent hair loss<\/span><\/li><li><span style=\"font-weight: 400;\"> Keratin<\/span><\/li><li><span style=\"font-weight: 400;\"> Amino acids<\/span><\/li><li><span style=\"font-weight: 400;\"> PVP\/VA polymers for external stability<\/span><\/li><li><p><span style=\"font-weight: 400;\"> Avocado oil to prevent dryness<\/span><\/p><\/li><\/ul><p><span style=\"font-weight: 400;\">The selection of products and active ingredients is based on your hair texture and determined in consultation with Tijana. You may choose the treatment and type of care best suited to your hair, after which Tijana prepares a personalized formula. This is a product line trusted by leading hairdressers worldwide, who are confident in achieving outstanding results after just one salon visit.<\/span><\/p>\t\t\t\t\t\t\t\t<\/div>\n\t\t\t\t<\/div>\n\t\t\t\t<\/div>\n\t\t<div class=\"elementor-element elementor-element-12ce735 e-con-full e-flex e-con e-child\" data-id=\"12ce735\" data-element_type=\"container\" data-e-type=\"container\">\n\t\t\t\t<\/div>\n\t\t\t\t\t<\/div>\n\t\t\t\t<\/div>\n\t\t<div class=\"elementor-element elementor-element-b1fe0b7 e-flex e-con-boxed e-con e-parent\" data-id=\"b1fe0b7\" data-element_type=\"container\" data-e-type=\"container\" data-settings=\"{&quot;background_background&quot;:&quot;classic&quot;}\">\n\t\t\t\t\t<div class=\"e-con-inner\">\n\t\t<div class=\"elementor-element elementor-element-2c56750 e-con-full e-flex e-con e-child\" data-id=\"2c56750\" data-element_type=\"container\" data-e-type=\"container\">\n\t\t\t\t<div class=\"elementor-element elementor-element-2ce0416 elementor-widget elementor-widget-heading\" data-id=\"2ce0416\" data-element_type=\"widget\" data-e-type=\"widget\" data-widget_type=\"heading.default\">\n\t\t\t\t<div class=\"elementor-widget-container\">\n\t\t\t\t\t<h1 class=\"elementor-heading-title elementor-size-default\">Booking a hair care treatment<\/h1>\t\t\t\t<\/div>\n\t\t\t\t<\/div>\n\t\t\t\t<div class=\"elementor-element elementor-element-e9493bd elementor-widget elementor-widget-text-editor\" data-id=\"e9493bd\" data-element_type=\"widget\" data-e-type=\"widget\" data-widget_type=\"text-editor.default\">\n\t\t\t\t<div class=\"elementor-widget-container\">\n\t\t\t\t\t\t\t\t\t<p><span style=\"font-weight: 400;\">You can schedule a complete hair recovery treatment at the following times:<\/span><\/p><ul><li><b> Monday: <\/b><span style=\"font-weight: 400;\">09:00 \u2013 14:30<\/span><\/li><li><b> Tuesday \u2013 Friday: <\/b><span style=\"font-weight: 400;\">1:00 PM \u2013 6:00 PM<\/span><\/li><li><b> Saturday: <\/b><span style=\"font-weight: 400;\">09:00 \u2013 16:00<\/span><\/li><\/ul><p><span style=\"font-weight: 400;\">\u00a0<\/span><\/p><p><span style=\"font-weight: 400;\">The price of the service depends on the amount of material used, the level of hair damage, and hair length. <\/span><b>The estimated treatment duration is 1 hour.<\/b><\/p><p><span style=\"font-weight: 400;\">Tijana Ili\u0107 is fully dedicated to each client and takes a thorough approach to assessing hair condition, which is why appointments are carefully scheduled to ensure the highest quality of service. Visit us in the calm atmosphere of the studio, modernly equipped and designed to meet the needs of clients who expect only premium hairdressing services.<\/span><\/p>\t\t\t\t\t\t\t\t<\/div>\n\t\t\t\t<\/div>\n\t\t\t\t<div class=\"elementor-element elementor-element-b20896e elementor-mobile-align-justify elementor-widget elementor-widget-button\" data-id=\"b20896e\" data-element_type=\"widget\" data-e-type=\"widget\" data-widget_type=\"button.default\">\n\t\t\t\t<div class=\"elementor-widget-container\">\n\t\t\t\t\t\t\t\t\t<div class=\"elementor-button-wrapper\">\n\t\t\t\t\t<a class=\"elementor-button elementor-button-link elementor-size-md elementor-animation-grow\" href=\"https:\/\/tijanailic.com\/en\/scheduling-appointments-for-new-clients\/\">\n\t\t\t\t\t\t<span class=\"elementor-button-content-wrapper\">\n\t\t\t\t\t\t\t\t\t<span class=\"elementor-button-text\">Schedule a hair treatment<\/span>\n\t\t\t\t\t<\/span>\n\t\t\t\t\t<\/a>\n\t\t\t\t<\/div>\n\t\t\t\t\t\t\t\t<\/div>\n\t\t\t\t<\/div>\n\t\t\t\t<\/div>\n\t\t<div class=\"elementor-element elementor-element-d95f7f0 e-con-full e-flex e-con e-child\" data-id=\"d95f7f0\" data-element_type=\"container\" data-e-type=\"container\">\n\t\t\t\t<\/div>\n\t\t\t\t\t<\/div>\n\t\t\t\t<\/div>\n\t\t\t\t<\/div>","protected":false},"excerpt":{"rendered":"<p>TRETMAN NEGE KOSE Tijana Ili\u0107, frizerski umetnik i osniva\u010d Kluba umetnika frizera, pru\u017ea svojim klijentima vi\u0161e od standardnih frizerskih usluga. U njenom sofisticiranom studiju dostupni su vam dubinski, regenerativni tretmani kose premium proizvodima za negu. Zaka\u017eite tretman kose \u0160ta podrazumeva tretman za oporavak kose u studiju Tijane Ili\u0107? Profesionalni tretman kose potreban je svakoj dami [&hellip;]<\/p>\n","protected":false},"author":3,"featured_media":0,"parent":0,"menu_order":0,"comment_status":"closed","ping_status":"closed","template":"","meta":{"footnotes":""},"class_list":["post-3367","page","type-page","status-publish","hentry"],"_links":{"self":[{"href":"https:\/\/tijanailic.com\/en\/wp-json\/wp\/v2\/pages\/3367","targetHints":{"allow":["GET"]}}],"collection":[{"href":"https:\/\/tijanailic.com\/en\/wp-json\/wp\/v2\/pages"}],"about":[{"href":"https:\/\/tijanailic.com\/en\/wp-json\/wp\/v2\/types\/page"}],"author":[{"embeddable":true,"href":"https:\/\/tijanailic.com\/en\/wp-json\/wp\/v2\/users\/3"}],"replies":[{"embeddable":true,"href":"https:\/\/tijanailic.com\/en\/wp-json\/wp\/v2\/comments?post=3367"}],"version-history":[{"count":0,"href":"https:\/\/tijanailic.com\/en\/wp-json\/wp\/v2\/pages\/3367\/revisions"}],"wp:attachment":[{"href":"https:\/\/tijanailic.com\/en\/wp-json\/wp\/v2\/media?parent=3367"}],"curies":[{"name":"wp","href":"https:\/\/api.w.org\/{rel}","templated":true}]}}