{"id":3695,"date":"2025-05-01T07:44:16","date_gmt":"2025-05-01T05:44:16","guid":{"rendered":"https:\/\/tijanailic.com\/?page_id=3695"},"modified":"2026-03-08T07:17:51","modified_gmt":"2026-03-08T06:17:51","slug":"about-me","status":"publish","type":"page","link":"https:\/\/tijanailic.com\/en\/o-meni\/","title":{"rendered":"About me"},"content":{"rendered":"<div data-elementor-type=\"wp-page\" data-elementor-id=\"3695\" class=\"elementor elementor-3695\" data-elementor-post-type=\"page\">\n\t\t\t\t<div class=\"elementor-element elementor-element-6a72f90 e-con-full e-flex e-con e-parent\" data-id=\"6a72f90\" data-element_type=\"container\" data-e-type=\"container\" data-settings=\"{&quot;background_background&quot;:&quot;classic&quot;}\">\n\t\t<div class=\"elementor-element elementor-element-3338ebd e-con-full e-flex e-con e-child\" data-id=\"3338ebd\" data-element_type=\"container\" data-e-type=\"container\">\n\t\t\t\t<div class=\"elementor-element elementor-element-062c328 elementor-widget elementor-widget-heading\" data-id=\"062c328\" data-element_type=\"widget\" data-e-type=\"widget\" data-widget_type=\"heading.default\">\n\t\t\t\t<div class=\"elementor-widget-container\">\n\t\t\t\t\t<h1 class=\"elementor-heading-title elementor-size-default\">SERBIA\u2019S TOP WOMEN HAIRSTYLIST<\/h1>\t\t\t\t<\/div>\n\t\t\t\t<\/div>\n\t\t\t\t<div class=\"elementor-element elementor-element-c3afbb6 elementor-widget elementor-widget-text-editor\" data-id=\"c3afbb6\" data-element_type=\"widget\" data-e-type=\"widget\" data-widget_type=\"text-editor.default\">\n\t\t\t\t<div class=\"elementor-widget-container\">\n\t\t\t\t\t\t\t\t\t<p>Tijana Ilic began her career in 1999 at the leading hairdressing academy in Serbia, where her love for this profession was born.<\/p><p>She won numerous prestigious awards:<\/p><p>2025 &#8211; Wella NTVA Adriatic<br \/>2022 - Educator and International Judge<br \/>2021 - Gold Winner Color Artist - NTVA Wella Professionals<br \/>2019 - Hairdresser of the Year Serbia<\/p><p>If you desire your hair carrying a true artist\u2019s signature, book one of the professional services offered at Tijana Ilic Studio.<\/p>\t\t\t\t\t\t\t\t<\/div>\n\t\t\t\t<\/div>\n\t\t\t\t<\/div>\n\t\t<a class=\"elementor-element elementor-element-3adc7e2 e-con-full e-flex e-con e-child\" data-id=\"3adc7e2\" data-element_type=\"container\" data-e-type=\"container\" href=\"https:\/\/tijanailic.com\/wp-content\/uploads\/2025\/07\/copy_E9325450-138B-4C0E-B557-3E7BADFDDF21.mp4\">\n\t\t\t\t<\/a>\n\t\t\t\t<\/div>\n\t\t<div class=\"elementor-element elementor-element-30a07cb e-flex e-con-boxed e-con e-parent\" data-id=\"30a07cb\" data-element_type=\"container\" data-e-type=\"container\" data-settings=\"{&quot;background_background&quot;:&quot;classic&quot;}\">\n\t\t\t\t\t<div class=\"e-con-inner\">\n\t\t<div class=\"elementor-element elementor-element-8a95edd e-con-full e-flex e-con e-child\" data-id=\"8a95edd\" data-element_type=\"container\" data-e-type=\"container\">\n\t\t\t\t<div class=\"elementor-element elementor-element-3fc6710 elementor-widget elementor-widget-heading\" data-id=\"3fc6710\" data-element_type=\"widget\" data-e-type=\"widget\" data-widget_type=\"heading.default\">\n\t\t\t\t<div class=\"elementor-widget-container\">\n\t\t\t\t\t<h1 class=\"elementor-heading-title elementor-size-default\">Meet the Artist<\/h1>\t\t\t\t<\/div>\n\t\t\t\t<\/div>\n\t\t\t\t<div class=\"elementor-element elementor-element-1e09835 elementor-widget elementor-widget-text-editor\" data-id=\"1e09835\" data-element_type=\"widget\" data-e-type=\"widget\" data-widget_type=\"text-editor.default\">\n\t\t\t\t<div class=\"elementor-widget-container\">\n\t\t\t\t\t\t\t\t\t<p>Tijana creates hairstyles that go far beyond the ordinary and into a realm of thorough care and style. She has perfected her craft by attending prestigious international institutes in London, Spain, and Estonia, where her hairstyles won awards and attracted attention of the global leading hair experts.<\/p><ul><li>Represented Serbia at Wella TrendVision Awards, the world\u2019s biggest hairstyling event held in the Canary Islands in 2021, hosting artists from 60 countries.<\/li><li>Hosted the most renowned global hair educator, Sharon Blain.<\/li><li>Founded the Hair Artist Club (Klub umetnika frizera) where she welcomed educators from France, Estonia, and Australia.<\/li><li>Organized numerous workshops.<\/li><li>Educated more than 30 volunteers at her studio.<\/li><li>Taught, and still does, at a hair-dressing school in Ljubljana whose students are also active interns at Tijana Ilic Studio.<\/li><\/ul>\t\t\t\t\t\t\t\t<\/div>\n\t\t\t\t<\/div>\n\t\t\t\t<\/div>\n\t\t<div class=\"elementor-element elementor-element-d7e0b03 e-con-full e-flex e-con e-child\" data-id=\"d7e0b03\" data-element_type=\"container\" data-e-type=\"container\">\n\t\t\t\t<\/div>\n\t\t\t\t\t<\/div>\n\t\t\t\t<\/div>\n\t\t<div class=\"elementor-element elementor-element-e46ee79 e-flex e-con-boxed e-con e-parent\" data-id=\"e46ee79\" data-element_type=\"container\" data-e-type=\"container\" data-settings=\"{&quot;background_background&quot;:&quot;classic&quot;}\">\n\t\t\t\t\t<div class=\"e-con-inner\">\n\t\t<div class=\"elementor-element elementor-element-942fd31 e-con-full e-flex e-con e-child\" data-id=\"942fd31\" data-element_type=\"container\" data-e-type=\"container\">\n\t\t\t\t<div class=\"elementor-element elementor-element-b937a44 elementor-widget elementor-widget-text-editor\" data-id=\"b937a44\" data-element_type=\"widget\" data-e-type=\"widget\" data-widget_type=\"text-editor.default\">\n\t\t\t\t<div class=\"elementor-widget-container\">\n\t\t\t\t\t\t\t\t\t<p>During her 26 years in the field, she has worked on numerous commercial, TV, and movie projects for both domestic and foreign markets. She has collaborated with leading fashion magazines such as Elle, Grazia, Esquire,  Icon, and  Lepota i zdravlje, and each year she takes part at Belgrade Fashion Week.<\/p><p>Loyal clients have been returning to Tijana\u2019s studio for years, seeking her expertise and her endless ideas. She uses her infinite talent to design new hairstyles, transform personal looks, and work with public figures and celebrities.<\/p>\t\t\t\t\t\t\t\t<\/div>\n\t\t\t\t<\/div>\n\t\t\t\t<\/div>\n\t\t<a class=\"elementor-element elementor-element-a217647 e-con-full e-flex e-con e-child\" data-id=\"a217647\" data-element_type=\"container\" data-e-type=\"container\" href=\"https:\/\/tijanailic.com\/wp-content\/uploads\/2025\/07\/Tijana-najbolji-frizer-godine-2.mp4\">\n\t\t\t\t<\/a>\n\t\t\t\t\t<\/div>\n\t\t\t\t<\/div>\n\t\t<div class=\"elementor-element elementor-element-87fdbaa e-flex e-con-boxed e-con e-parent\" data-id=\"87fdbaa\" data-element_type=\"container\" data-e-type=\"container\" data-settings=\"{&quot;background_background&quot;:&quot;classic&quot;}\">\n\t\t\t\t\t<div class=\"e-con-inner\">\n\t\t<div class=\"elementor-element elementor-element-6420c25 e-con-full e-flex e-con e-child\" data-id=\"6420c25\" data-element_type=\"container\" data-e-type=\"container\">\n\t\t\t\t<div class=\"elementor-element elementor-element-46204f4 elementor-widget elementor-widget-heading\" data-id=\"46204f4\" data-element_type=\"widget\" data-e-type=\"widget\" data-widget_type=\"heading.default\">\n\t\t\t\t<div class=\"elementor-widget-container\">\n\t\t\t\t\t<h1 class=\"elementor-heading-title elementor-size-default\">26 years of experience<\/h1>\t\t\t\t<\/div>\n\t\t\t\t<\/div>\n\t\t\t\t<div class=\"elementor-element elementor-element-374f35a elementor-widget elementor-widget-heading\" data-id=\"374f35a\" data-element_type=\"widget\" data-e-type=\"widget\" data-widget_type=\"heading.default\">\n\t\t\t\t<div class=\"elementor-widget-container\">\n\t\t\t\t\t<p class=\"elementor-heading-title elementor-size-default\">\"I truly believe that enjoying what you do leads to perfection in your work.\"<\/p>\t\t\t\t<\/div>\n\t\t\t\t<\/div>\n\t\t\t\t<div class=\"elementor-element elementor-element-4f1ad9f elementor-widget elementor-widget-text-editor\" data-id=\"4f1ad9f\" data-element_type=\"widget\" data-e-type=\"widget\" data-widget_type=\"text-editor.default\">\n\t\t\t\t<div class=\"elementor-widget-container\">\n\t\t\t\t\t\t\t\t\t<p>Her signature styles can be seen across various media such as fashion editorials, magazine covers, commercials and music videos. Tijana designs hairstyles and brings them to life for TV hosts, big screen actresses, business women, as well as all women who sincerely want to express their authenticity.<\/p><p>Having participated in different theatre and movie productions, she created visual identities for televised projects - both contemporary and period pieces.<\/p><p>She is continuously searching for new sources of inspiration. Just like any artist, when she envisions a new hairstyle, she ponders on its realization for days on end, never faltering in her intention to use atypical materials, reinvent old techniques, master new ones, seek advice from her more experienced colleagues, and turn all that into a masterpiece.<\/p>\t\t\t\t\t\t\t\t<\/div>\n\t\t\t\t<\/div>\n\t\t\t\t<\/div>\n\t\t<div class=\"elementor-element elementor-element-5cece28 e-con-full e-flex e-con e-child\" data-id=\"5cece28\" data-element_type=\"container\" data-e-type=\"container\">\n\t\t\t\t<\/div>\n\t\t\t\t\t<\/div>\n\t\t\t\t<\/div>\n\t\t\t\t<\/div>","protected":false},"excerpt":{"rendered":"<p>NAJBOLJI \u017dENSKI FRIZER SRBIJE Tijana Ili\u0107 je profesionalnu karijeru zapo\u010dela 1999. godine na vode\u0107oj srpskoj frizerskoj akademiji, gde se i rodila ljubav prema ovoj profesiji. Nosilac je nekoliko presti\u017enih priznanja: 2025 &#8211; Wella NTVA Adriatic2022 \u2013 Edukator i internacionalni sudija2021 \u2013 Gold Winner Color Artist \u2013 NTVA Wella Professionals2019 \u2013 \u017denski frizer godine Srbije Ukoliko [&hellip;]<\/p>\n","protected":false},"author":3,"featured_media":0,"parent":0,"menu_order":0,"comment_status":"closed","ping_status":"closed","template":"","meta":{"footnotes":""},"class_list":["post-3695","page","type-page","status-publish","hentry"],"_links":{"self":[{"href":"https:\/\/tijanailic.com\/en\/wp-json\/wp\/v2\/pages\/3695","targetHints":{"allow":["GET"]}}],"collection":[{"href":"https:\/\/tijanailic.com\/en\/wp-json\/wp\/v2\/pages"}],"about":[{"href":"https:\/\/tijanailic.com\/en\/wp-json\/wp\/v2\/types\/page"}],"author":[{"embeddable":true,"href":"https:\/\/tijanailic.com\/en\/wp-json\/wp\/v2\/users\/3"}],"replies":[{"embeddable":true,"href":"https:\/\/tijanailic.com\/en\/wp-json\/wp\/v2\/comments?post=3695"}],"version-history":[{"count":0,"href":"https:\/\/tijanailic.com\/en\/wp-json\/wp\/v2\/pages\/3695\/revisions"}],"wp:attachment":[{"href":"https:\/\/tijanailic.com\/en\/wp-json\/wp\/v2\/media?parent=3695"}],"curies":[{"name":"wp","href":"https:\/\/api.w.org\/{rel}","templated":true}]}}