{"id":3886,"date":"2025-06-17T22:01:03","date_gmt":"2025-06-17T20:01:03","guid":{"rendered":"https:\/\/tijanailic.com\/?page_id=3886"},"modified":"2025-11-29T16:58:19","modified_gmt":"2025-11-29T15:58:19","slug":"professional-practice","status":"publish","type":"page","link":"https:\/\/tijanailic.com\/en\/strucna-praksa\/","title":{"rendered":"Professional practice"},"content":{"rendered":"<div data-elementor-type=\"wp-page\" data-elementor-id=\"3886\" class=\"elementor elementor-3886\" data-elementor-post-type=\"page\">\n\t\t\t\t<div class=\"elementor-element elementor-element-68fbed0 e-con-full e-flex e-con e-parent\" data-id=\"68fbed0\" data-element_type=\"container\" data-e-type=\"container\">\n\t\t<div class=\"elementor-element elementor-element-681f3c1 e-con-full e-flex e-con e-child\" data-id=\"681f3c1\" data-element_type=\"container\" data-e-type=\"container\">\n\t\t\t\t<div class=\"elementor-element elementor-element-8f34db1 elementor-widget elementor-widget-heading\" data-id=\"8f34db1\" data-element_type=\"widget\" data-e-type=\"widget\" data-widget_type=\"heading.default\">\n\t\t\t\t<div class=\"elementor-widget-container\">\n\t\t\t\t\t<h1 class=\"elementor-heading-title elementor-size-default\">Professional practice in Tijana Ili\u0107&#039;s salon<\/h1>\t\t\t\t<\/div>\n\t\t\t\t<\/div>\n\t\t\t\t<div class=\"elementor-element elementor-element-9251213 elementor-widget elementor-widget-heading\" data-id=\"9251213\" data-element_type=\"widget\" data-e-type=\"widget\" data-widget_type=\"heading.default\">\n\t\t\t\t<div class=\"elementor-widget-container\">\n\t\t\t\t\t<p class=\"elementor-heading-title elementor-size-default\">Cooperation with the High School of Hairdressing from Slovenia<\/p>\t\t\t\t<\/div>\n\t\t\t\t<\/div>\n\t\t\t\t<div class=\"elementor-element elementor-element-6992c51 elementor-widget elementor-widget-text-editor\" data-id=\"6992c51\" data-element_type=\"widget\" data-e-type=\"widget\" data-widget_type=\"text-editor.default\">\n\t\t\t\t<div class=\"elementor-widget-container\">\n\t\t\t\t\t\t\t\t\t<p><span style=\"font-weight: 400;\">Tijana Ili\u0107, an award-winning hairdressing artist with an international reputation, opened the doors of her salon to young talents from the region and offered them the opportunity to perfect themselves through intensive education. Cooperation with a secondary hairdressing school from Slovenia, which was realized through the Erasmus program, enabled students from Slovenia to have a unique experience in the working atmosphere of one of the most respected hairdressing salons in the Balkans.<\/span><\/p>\t\t\t\t\t\t\t\t<\/div>\n\t\t\t\t<\/div>\n\t\t\t\t<div class=\"elementor-element elementor-element-86e33cc elementor-mobile-align-justify elementor-widget elementor-widget-button\" data-id=\"86e33cc\" data-element_type=\"widget\" data-e-type=\"widget\" data-widget_type=\"button.default\">\n\t\t\t\t<div class=\"elementor-widget-container\">\n\t\t\t\t\t\t\t\t\t<div class=\"elementor-button-wrapper\">\n\t\t\t\t\t<a class=\"elementor-button elementor-button-link elementor-size-md elementor-animation-grow\" href=\"tel:+381637780104\">\n\t\t\t\t\t\t<span class=\"elementor-button-content-wrapper\">\n\t\t\t\t\t\t\t\t\t<span class=\"elementor-button-text\">SIGN UP<\/span>\n\t\t\t\t\t<\/span>\n\t\t\t\t\t<\/a>\n\t\t\t\t<\/div>\n\t\t\t\t\t\t\t\t<\/div>\n\t\t\t\t<\/div>\n\t\t\t\t<\/div>\n\t\t<a class=\"elementor-element elementor-element-8493f8d e-con-full e-flex e-con e-child\" data-id=\"8493f8d\" data-element_type=\"container\" data-e-type=\"container\" href=\"https:\/\/tijanailic.com\/wp-content\/uploads\/2025\/07\/Slovenija-video.mp4\">\n\t\t\t\t<\/a>\n\t\t\t\t<\/div>\n\t\t<div class=\"elementor-element elementor-element-79c5d57 e-flex e-con-boxed e-con e-parent\" data-id=\"79c5d57\" data-element_type=\"container\" data-e-type=\"container\" data-settings=\"{&quot;background_background&quot;:&quot;classic&quot;}\">\n\t\t\t\t\t<div class=\"e-con-inner\">\n\t\t<div class=\"elementor-element elementor-element-648002b e-con-full e-flex e-con e-child\" data-id=\"648002b\" data-element_type=\"container\" data-e-type=\"container\">\n\t\t\t\t<div class=\"elementor-element elementor-element-974f031 elementor-widget elementor-widget-heading\" data-id=\"974f031\" data-element_type=\"widget\" data-e-type=\"widget\" data-widget_type=\"heading.default\">\n\t\t\t\t<div class=\"elementor-widget-container\">\n\t\t\t\t\t<h1 class=\"elementor-heading-title elementor-size-default\">Beginning of cooperation with Slovenians\n<\/h1>\t\t\t\t<\/div>\n\t\t\t\t<\/div>\n\t\t\t\t<div class=\"elementor-element elementor-element-811a4ce elementor-widget elementor-widget-text-editor\" data-id=\"811a4ce\" data-element_type=\"widget\" data-e-type=\"widget\" data-widget_type=\"text-editor.default\">\n\t\t\t\t<div class=\"elementor-widget-container\">\n\t\t\t\t\t\t\t\t\t<p><span style=\"font-weight: 400;\">The collaboration between Tijana Ili\u0107 and the Secondary School for Hairstyling from Slovenia began in 2021, when the first student from Slovenia decided to do his six-month internship in Belgrade, under Tijana's mentorship. This was quite a special opportunity, as Serbia was included in the Erasmus program for the first time, and both our country and Tijana Ili\u0107 were entrusted with the education of young hairdressers from Europe. This student, choosing Serbia and Tijana Ili\u0107 as a mentor, began his hairdressing education that greatly expanded his technical skills, and helped him develop a deep understanding of the art of hairdressing.<\/span><\/p><p><span style=\"font-weight: 400;\">After the successful completion of his internship, the young hairdresser continued to rise on the hairdressing scene, which became an incentive for the next generations of students who chose Tijana Ili\u0107 for their education every year. After the highest quality of professional practice was recognized, the management of the school in Slovenia made a decision to initiate a permanent cooperation, which continued in the form of practices organized twice a year.<\/span><\/p>\t\t\t\t\t\t\t\t<\/div>\n\t\t\t\t<\/div>\n\t\t\t\t<\/div>\n\t\t<div class=\"elementor-element elementor-element-722ff29 e-con-full e-flex e-con e-child\" data-id=\"722ff29\" data-element_type=\"container\" data-e-type=\"container\">\n\t\t\t\t<\/div>\n\t\t\t\t\t<\/div>\n\t\t\t\t<\/div>\n\t\t<div class=\"elementor-element elementor-element-5de6ac9 e-flex e-con-boxed e-con e-parent\" data-id=\"5de6ac9\" data-element_type=\"container\" data-e-type=\"container\">\n\t\t\t\t\t<div class=\"e-con-inner\">\n\t\t<div class=\"elementor-element elementor-element-8ee1736 e-con-full e-flex e-con e-child\" data-id=\"8ee1736\" data-element_type=\"container\" data-e-type=\"container\">\n\t\t\t\t<div class=\"elementor-element elementor-element-fc8c185 elementor-widget elementor-widget-heading\" data-id=\"fc8c185\" data-element_type=\"widget\" data-e-type=\"widget\" data-widget_type=\"heading.default\">\n\t\t\t\t<div class=\"elementor-widget-container\">\n\t\t\t\t\t<h2 class=\"elementor-heading-title elementor-size-default\">Content of professional practice in Tijana Ili\u0107's salon<\/h2>\t\t\t\t<\/div>\n\t\t\t\t<\/div>\n\t\t\t\t<div class=\"elementor-element elementor-element-dab4475 elementor-widget__width-initial elementor-widget elementor-widget-text-editor\" data-id=\"dab4475\" data-element_type=\"widget\" data-e-type=\"widget\" data-widget_type=\"text-editor.default\">\n\t\t\t\t<div class=\"elementor-widget-container\">\n\t\t\t\t\t\t\t\t\t<p><span style=\"font-weight: 400;\">In Tijana Ili\u0107's salon, practice offers much more than technical mastery of hairdressing skills. Students coming from Slovenia have the opportunity to go through the entire process of working in a top hairdressing salon, with the constant support and mentorship of Tijana Ili\u0107.<\/span><\/p><p><span style=\"font-weight: 400;\">Aside from mastering basic hairdressing techniques, cutting, blow-drying, and hairstyling, students are also provided with a complex understanding of how to run a business in a renowned salon. The main focus is on the following skills:<\/span><\/p><ul><li style=\"font-weight: 400;\" aria-level=\"1\"><b>Creativity<\/b><span style=\"font-weight: 400;\">Tijana encourages her students to develop their own style and approach, in order to improve their technical skills, as well as the ability to recognize and realize the client's wishes.<\/span><span style=\"font-weight: 400;\"><br \/><br \/><\/span><\/li><li style=\"font-weight: 400;\" aria-level=\"1\"><b>Working with clients<\/b><span style=\"font-weight: 400;\">Students participate in all segments of communication with clients, from the initial meeting, consultation, to performing services and providing a professional hairdressing atmosphere that the client should experience. Tijana believes that it is relevant to teach students how to create a pleasant atmosphere, so that every client leaves the salon with a smile on their face.<\/span><span style=\"font-weight: 400;\"><br \/><br \/><\/span><\/li><li style=\"font-weight: 400;\" aria-level=\"1\"><b>Work Organization<\/b><span style=\"font-weight: 400;\">Students are introduced to all aspects of salon operations, including scheduling, time management, and teamwork. They also learn how to effectively organize a daily schedule, how to prepare for the services and how to coordinate all possibilities with client expectations.<\/span><span style=\"font-weight: 400;\"><br \/><br \/><\/span><\/li><\/ul><p><b>Documenting work and placing it on the Internet<\/b><span style=\"font-weight: 400;\">Tijana Ili\u0107 places special emphasis on the importance of documenting the creative process and work, so that the hairdresser has a basis for systematic evaluation and monitoring of his progress. Students are trained to follow each step of the work, from photographing their work to creating professional catalogs. Also, an important part of education is learning how to market these materials on the Internet, so that hairdressers gain credibility and recognition in the hairdressing industry.<\/span><\/p>\t\t\t\t\t\t\t\t<\/div>\n\t\t\t\t<\/div>\n\t\t\t\t<\/div>\n\t\t<div class=\"elementor-element elementor-element-70a136a e-con-full e-flex e-con e-child\" data-id=\"70a136a\" data-element_type=\"container\" data-e-type=\"container\">\n\t\t\t\t<\/div>\n\t\t\t\t\t<\/div>\n\t\t\t\t<\/div>\n\t\t<div class=\"elementor-element elementor-element-183c4cd e-flex e-con-boxed e-con e-parent\" data-id=\"183c4cd\" data-element_type=\"container\" data-e-type=\"container\">\n\t\t\t\t\t<div class=\"e-con-inner\">\n\t\t<div class=\"elementor-element elementor-element-b661fb5 e-con-full e-flex e-con e-child\" data-id=\"b661fb5\" data-element_type=\"container\" data-e-type=\"container\">\n\t\t\t\t<div class=\"elementor-element elementor-element-5c6d85e elementor-widget elementor-widget-heading\" data-id=\"5c6d85e\" data-element_type=\"widget\" data-e-type=\"widget\" data-widget_type=\"heading.default\">\n\t\t\t\t<div class=\"elementor-widget-container\">\n\t\t\t\t\t<h1 class=\"elementor-heading-title elementor-size-default\">Long-term and continuous development of skills in Tijana Ili\u0107's salon<\/h1>\t\t\t\t<\/div>\n\t\t\t\t<\/div>\n\t\t\t\t<div class=\"elementor-element elementor-element-8d8f58c elementor-widget elementor-widget-text-editor\" data-id=\"8d8f58c\" data-element_type=\"widget\" data-e-type=\"widget\" data-widget_type=\"text-editor.default\">\n\t\t\t\t<div class=\"elementor-widget-container\">\n\t\t\t\t\t\t\t\t\t<p><span style=\"font-weight: 400;\">The education of students in Tijana Ili\u0107's salon is not a one-time event but a process of continuous improvement. Each new group of students has the chance to learn from the best, to face challenges and, with the help of their mentor, to improve their skills in all areas. Tijana truly believes in the importance of daily work and improvement \u2013 that's why this opportunity was realized for each student from Slovenia to persevere as a real hairdresser in real conditions, with real clients, and all that during professional practice.The education of students in Tijana Ili\u0107's salon is not a one-time event but a process of continuous improvement. Each new group of students has the chance to learn from the best, to face challenges and, with the help of their mentor, to improve their skills in all areas. Tijana truly believes in the importance of daily work and improvement \u2013 that's why this opportunity was realized for each student from Slovenia to persevere as a real hairdresser in real conditions, with real clients, and all that during professional practice.<\/span><\/p><p><span style=\"font-weight: 400;\">In this daily, dedicated work lies the basic thought of the Club of Hairdressing Artists, which is to nurture tradition and create new trends, to learn daily through practice in the salon, from every movement of an experienced master, because continuous education of hairdressers is the foundation of true professionalism and progress.<\/span><\/p>\t\t\t\t\t\t\t\t<\/div>\n\t\t\t\t<\/div>\n\t\t\t\t<\/div>\n\t\t<div class=\"elementor-element elementor-element-52707aa e-con-full e-flex e-con e-child\" data-id=\"52707aa\" data-element_type=\"container\" data-e-type=\"container\">\n\t\t\t\t<\/div>\n\t\t\t\t\t<\/div>\n\t\t\t\t<\/div>\n\t\t<div class=\"elementor-element elementor-element-e355e88 e-flex e-con-boxed e-con e-parent\" data-id=\"e355e88\" data-element_type=\"container\" data-e-type=\"container\">\n\t\t\t\t\t<div class=\"e-con-inner\">\n\t\t<div class=\"elementor-element elementor-element-19dfecf e-con-full e-flex e-con e-child\" data-id=\"19dfecf\" data-element_type=\"container\" data-e-type=\"container\">\n\t\t\t\t<div class=\"elementor-element elementor-element-45697b7 elementor-widget elementor-widget-heading\" data-id=\"45697b7\" data-element_type=\"widget\" data-e-type=\"widget\" data-widget_type=\"heading.default\">\n\t\t\t\t<div class=\"elementor-widget-container\">\n\t\t\t\t\t<h2 class=\"elementor-heading-title elementor-size-default\">Special cooperation with the Secondary School for Hairstyling from Belgrade and Sweden<\/h2>\t\t\t\t<\/div>\n\t\t\t\t<\/div>\n\t\t\t\t<div class=\"elementor-element elementor-element-fe7ed14 elementor-widget__width-initial elementor-widget elementor-widget-text-editor\" data-id=\"fe7ed14\" data-element_type=\"widget\" data-e-type=\"widget\" data-widget_type=\"text-editor.default\">\n\t\t\t\t<div class=\"elementor-widget-container\">\n\t\t\t\t\t\t\t\t\t<p><span style=\"font-weight: 400;\">Tijana's work and methodology also attracted the attention of the Secondary School for Hairstyling from Belgrade, which chose her salon as an exclusive place for student exchange with Sweden. Within this program, two students from Sweden also had the opportunity to improve their hairdressing skills through the mentorship of Tijana Ili\u0107 and her team, as well as to learn how to become part of the global hairdressing community.<\/span><\/p>\t\t\t\t\t\t\t\t<\/div>\n\t\t\t\t<\/div>\n\t\t\t\t<\/div>\n\t\t<div class=\"elementor-element elementor-element-cbd6a4e e-con-full e-flex e-con e-child\" data-id=\"cbd6a4e\" data-element_type=\"container\" data-e-type=\"container\">\n\t\t\t\t<\/div>\n\t\t\t\t\t<\/div>\n\t\t\t\t<\/div>\n\t\t<div class=\"elementor-element elementor-element-ccaaf6e e-flex e-con-boxed e-con e-parent\" data-id=\"ccaaf6e\" data-element_type=\"container\" data-e-type=\"container\">\n\t\t\t\t\t<div class=\"e-con-inner\">\n\t\t<div class=\"elementor-element elementor-element-a901282 e-con-full e-flex e-con e-child\" data-id=\"a901282\" data-element_type=\"container\" data-e-type=\"container\">\n\t\t\t\t<div class=\"elementor-element elementor-element-15a508e elementor-widget elementor-widget-heading\" data-id=\"15a508e\" data-element_type=\"widget\" data-e-type=\"widget\" data-widget_type=\"heading.default\">\n\t\t\t\t<div class=\"elementor-widget-container\">\n\t\t\t\t\t<h1 class=\"elementor-heading-title elementor-size-default\">Practice makes perfect hairdresser<\/h1>\t\t\t\t<\/div>\n\t\t\t\t<\/div>\n\t\t\t\t<div class=\"elementor-element elementor-element-86718c7 elementor-widget elementor-widget-text-editor\" data-id=\"86718c7\" data-element_type=\"widget\" data-e-type=\"widget\" data-widget_type=\"text-editor.default\">\n\t\t\t\t<div class=\"elementor-widget-container\">\n\t\t\t\t\t\t\t\t\t<p><span style=\"font-weight: 400;\">Cooperation with a Secondary Hairdressing School from Slovenia, as well as numerous international initiatives, are only confirmation that Tijana Ili\u0107's salon is a real center for the development of young hairdressing talents.<\/span><\/p><p><span style=\"font-weight: 400;\">\u00a0Professional classes with Tijana are an opportunity for all young hairdressers to improve their technical skills, but also to develop an overall professional approach \u2013 work organization and communication with clients, through work documentation to promotion on the Internet.\u00a0<\/span><\/p><p><span style=\"font-weight: 400;\">Tijana Ili\u0107 believes in creativity, the role of each student as an artist, and she values \u200b\u200btheir talent extremely and is happy to promote it, which is a great incentive for them to further improve.<\/span><\/p><p><span style=\"font-weight: 400;\">At the end of the educational process, the students will receive a certificate as proof that, with the mentorship of the officially best hairdresser in Serbia, they have successfully completed their professional practice in Tijana Ili\u0107's studio.<\/span><\/p>\t\t\t\t\t\t\t\t<\/div>\n\t\t\t\t<\/div>\n\t\t\t\t<\/div>\n\t\t<div class=\"elementor-element elementor-element-2a983d7 e-con-full e-flex e-con e-child\" data-id=\"2a983d7\" data-element_type=\"container\" data-e-type=\"container\">\n\t\t\t\t<\/div>\n\t\t\t\t\t<\/div>\n\t\t\t\t<\/div>\n\t\t\t\t<\/div>","protected":false},"excerpt":{"rendered":"<p>Stru\u010dna praksa u salonu Tijane Ili\u0107 Saradnja sa Srednjom frizerskom \u0161kolom iz Slovenije Tijana Ili\u0107, nagra\u0111ivani frizerski umetnik sa me\u0111unarodnim renomeom, otvorila je vrata svog salona za mlade talente iz regiona i pru\u017eala im priliku da se usavr\u0161e kroz intenzivnu edukaciju. Saradnja sa srednjom frizerskom \u0161kolom iz Slovenije, koja je ostvarena kroz Erasmus program, omogu\u0107ila [&hellip;]<\/p>\n","protected":false},"author":3,"featured_media":0,"parent":0,"menu_order":0,"comment_status":"closed","ping_status":"closed","template":"","meta":{"footnotes":""},"class_list":["post-3886","page","type-page","status-publish","hentry"],"_links":{"self":[{"href":"https:\/\/tijanailic.com\/en\/wp-json\/wp\/v2\/pages\/3886","targetHints":{"allow":["GET"]}}],"collection":[{"href":"https:\/\/tijanailic.com\/en\/wp-json\/wp\/v2\/pages"}],"about":[{"href":"https:\/\/tijanailic.com\/en\/wp-json\/wp\/v2\/types\/page"}],"author":[{"embeddable":true,"href":"https:\/\/tijanailic.com\/en\/wp-json\/wp\/v2\/users\/3"}],"replies":[{"embeddable":true,"href":"https:\/\/tijanailic.com\/en\/wp-json\/wp\/v2\/comments?post=3886"}],"version-history":[{"count":0,"href":"https:\/\/tijanailic.com\/en\/wp-json\/wp\/v2\/pages\/3886\/revisions"}],"wp:attachment":[{"href":"https:\/\/tijanailic.com\/en\/wp-json\/wp\/v2\/media?parent=3886"}],"curies":[{"name":"wp","href":"https:\/\/api.w.org\/{rel}","templated":true}]}}