{"id":3939,"date":"2025-06-19T08:57:38","date_gmt":"2025-06-19T06:57:38","guid":{"rendered":"https:\/\/tijanailic.com\/?page_id=3939"},"modified":"2025-11-29T16:56:33","modified_gmt":"2025-11-29T15:56:33","slug":"volunteering-training-for-hairdressers","status":"publish","type":"page","link":"https:\/\/tijanailic.com\/en\/volontiranje-obuka-za-frizere\/","title":{"rendered":"Volunteering"},"content":{"rendered":"\t\t<div data-elementor-type=\"wp-page\" data-elementor-id=\"3939\" class=\"elementor elementor-3939\" data-elementor-post-type=\"page\">\n\t\t\t\t<div class=\"elementor-element elementor-element-55cb194 e-con-full e-flex e-con e-parent\" data-id=\"55cb194\" data-element_type=\"container\" data-e-type=\"container\">\n\t\t<div class=\"elementor-element elementor-element-188067e e-con-full e-flex e-con e-child\" data-id=\"188067e\" data-element_type=\"container\" data-e-type=\"container\">\n\t\t\t\t<div class=\"elementor-element elementor-element-724ac27 elementor-widget elementor-widget-heading\" data-id=\"724ac27\" data-element_type=\"widget\" data-e-type=\"widget\" data-widget_type=\"heading.default\">\n\t\t\t\t<div class=\"elementor-widget-container\">\n\t\t\t\t\t<h1 class=\"elementor-heading-title elementor-size-default\">VOLONTIRAJ I NAU\u010cI ZANAT\n<\/h1>\t\t\t\t<\/div>\n\t\t\t\t<\/div>\n\t\t\t\t<div class=\"elementor-element elementor-element-cbea214 elementor-widget elementor-widget-text-editor\" data-id=\"cbea214\" data-element_type=\"widget\" data-e-type=\"widget\" data-widget_type=\"text-editor.default\">\n\t\t\t\t<div class=\"elementor-widget-container\">\n\t\t\t\t\t\t\t\t\t<p>Najefikasniji i najtemeljniji oblik obrazovanja u frizerskoj industriji je anga\u017eovanje, odnosno svakodnevno u\u010denje i rad u salonu, tokom kojeg se sti\u010du znanja i ve\u0161tine koje nisu dostupne na kratkim frizerskim kursevima. Najoptimalniji na\u010din u\u010denja je kroz prakti\u010dno iskustvo, gde se suo\u010davate sa raznovrsnim izazovima \u2013 od rutinskih do izuzetno zahtevnih frizerskih tehnika.<\/p><p>Rad Tijane Ili\u0107 se ne zasniva samo na radu sa mu\u0161terijama u salonu, ve\u0107 radi na svim poljima frizerskog zanata, pa i u oblastima u kojima frizura prerasta u umetnost.<\/p><p>S toga \u0107ete tokom prakti\u010dnog rada sa Tijanom imati priliku da usvojite \u0161irok spektar ve\u0161tina \u2013 od najjednostavnijih do najzahtevnijih formi. Pru\u017ei\u0107e vam temeljna znanja iz svakog aspekta frizerskog posla, omogu\u0107avaju\u0107i vam da jasno odredite svoj put razvoja.<\/p><p>Za ulo\u017eeno vreme i rad dobi\u0107ete znanje i ste\u0107i ve\u0161tine koje \u0107ete mo\u0107i dobro da naplatite.<\/p>\t\t\t\t\t\t\t\t<\/div>\n\t\t\t\t<\/div>\n\t\t\t\t<\/div>\n\t\t<a class=\"elementor-element elementor-element-2ee93d3 e-con-full e-flex e-con e-child\" data-id=\"2ee93d3\" data-element_type=\"container\" data-e-type=\"container\" data-no-translation=\"\" href=\"https:\/\/tijanailic.com\/wp-content\/uploads\/2025\/11\/IMG-4334.mov\">\n\t\t\t\t<\/a>\n\t\t\t\t<\/div>\n\t\t<div class=\"elementor-element elementor-element-07b030e e-flex e-con-boxed e-con e-parent\" data-id=\"07b030e\" data-element_type=\"container\" data-e-type=\"container\" data-settings=\"{&quot;background_background&quot;:&quot;classic&quot;}\">\n\t\t\t\t\t<div class=\"e-con-inner\">\n\t\t<div class=\"elementor-element elementor-element-e598561 e-con-full e-flex e-con e-child\" data-id=\"e598561\" data-element_type=\"container\" data-e-type=\"container\">\n\t\t\t\t<div class=\"elementor-element elementor-element-38d99b7 elementor-widget elementor-widget-heading\" data-id=\"38d99b7\" data-element_type=\"widget\" data-e-type=\"widget\" data-widget_type=\"heading.default\">\n\t\t\t\t<div class=\"elementor-widget-container\">\n\t\t\t\t\t<h2 class=\"elementor-heading-title elementor-size-default\">PREDUSLOVI ZA VOLONTIRANJE:<\/h2>\t\t\t\t<\/div>\n\t\t\t\t<\/div>\n\t\t\t\t<div class=\"elementor-element elementor-element-d2586f6 elementor-widget elementor-widget-text-editor\" data-id=\"d2586f6\" data-element_type=\"widget\" data-e-type=\"widget\" data-widget_type=\"text-editor.default\">\n\t\t\t\t<div class=\"elementor-widget-container\">\n\t\t\t\t\t\t\t\t\t<ul><li style=\"font-weight: 400;\" aria-level=\"1\"><span style=\"font-weight: 400;\">da volite rad sa kosom<\/span><\/li><li style=\"font-weight: 400;\" aria-level=\"1\"><span style=\"font-weight: 400;\">da imate jaku \u017eelju za u\u010denjem<\/span><\/li><li style=\"font-weight: 400;\" aria-level=\"1\"><span style=\"font-weight: 400;\">da te\u017eite pronalasku novih izvora inspiracije<\/span><\/li><li style=\"font-weight: 400;\" aria-level=\"1\"><span style=\"font-weight: 400;\">da \u017eelite da podignete li\u010dni stepen kreativnosti<\/span><\/li><\/ul>\t\t\t\t\t\t\t\t<\/div>\n\t\t\t\t<\/div>\n\t\t\t\t<div class=\"elementor-element elementor-element-22b3c20 elementor-widget elementor-widget-heading\" data-id=\"22b3c20\" data-element_type=\"widget\" data-e-type=\"widget\" data-widget_type=\"heading.default\">\n\t\t\t\t<div class=\"elementor-widget-container\">\n\t\t\t\t\t<h2 class=\"elementor-heading-title elementor-size-default\">TOKOM RADA U SALONU \u0106ETE SAVLADATI:<\/h2>\t\t\t\t<\/div>\n\t\t\t\t<\/div>\n\t\t\t\t<div class=\"elementor-element elementor-element-c280d91 elementor-widget elementor-widget-text-editor\" data-id=\"c280d91\" data-element_type=\"widget\" data-e-type=\"widget\" data-widget_type=\"text-editor.default\">\n\t\t\t\t<div class=\"elementor-widget-container\">\n\t\t\t\t\t\t\t\t\t<ul><li style=\"font-weight: 400;\" aria-level=\"1\"><span style=\"font-weight: 400;\">feniranje<\/span><\/li><li style=\"font-weight: 400;\" aria-level=\"1\"><span style=\"font-weight: 400;\">kolorisanje kose<\/span><\/li><li style=\"font-weight: 400;\" aria-level=\"1\"><span style=\"font-weight: 400;\">\u0161i\u0161anje<\/span><\/li><li style=\"font-weight: 400;\" aria-level=\"1\"><span style=\"font-weight: 400;\">sve\u010dane frizure<\/span><\/li><li style=\"font-weight: 400;\" aria-level=\"1\"><span style=\"font-weight: 400;\">kreiranje vizuelnog identiteta TV lica<\/span><\/li><li style=\"font-weight: 400;\" aria-level=\"1\"><span style=\"font-weight: 400;\">rad na projektima \u2013 TV reklame, modni editorijali, muzi\u010dki spotovi, filmovi, serije<\/span><\/li><\/ul>\t\t\t\t\t\t\t\t<\/div>\n\t\t\t\t<\/div>\n\t\t\t\t<\/div>\n\t\t<div class=\"elementor-element elementor-element-7bf8078 e-con-full e-flex e-con e-child\" data-id=\"7bf8078\" data-element_type=\"container\" data-e-type=\"container\">\n\t\t\t\t<\/div>\n\t\t\t\t\t<\/div>\n\t\t\t\t<\/div>\n\t\t<div class=\"elementor-element elementor-element-6291d6f e-flex e-con-boxed e-con e-parent\" data-id=\"6291d6f\" data-element_type=\"container\" data-e-type=\"container\" data-settings=\"{&quot;background_background&quot;:&quot;classic&quot;}\">\n\t\t\t\t\t<div class=\"e-con-inner\">\n\t\t<div class=\"elementor-element elementor-element-49ad8c9 e-con-full e-flex e-con e-child\" data-id=\"49ad8c9\" data-element_type=\"container\" data-e-type=\"container\">\n\t\t\t\t<div class=\"elementor-element elementor-element-1e01c86 elementor-widget elementor-widget-image\" data-id=\"1e01c86\" data-element_type=\"widget\" data-e-type=\"widget\" data-widget_type=\"image.default\">\n\t\t\t\t<div class=\"elementor-widget-container\">\n\t\t\t\t\t\t\t\t\t\t\t\t\t\t\t<img fetchpriority=\"high\" decoding=\"async\" width=\"800\" height=\"200\" src=\"https:\/\/tijanailic.com\/wp-content\/uploads\/2022\/06\/tijana-ilic-logo-sajta.webp\" class=\"attachment-full size-full wp-image-890\" alt=\"tijana ili\u0107 logo sajta\" srcset=\"https:\/\/tijanailic.com\/wp-content\/uploads\/2022\/06\/tijana-ilic-logo-sajta.webp 800w, https:\/\/tijanailic.com\/wp-content\/uploads\/2022\/06\/tijana-ilic-logo-sajta-600x150.webp 600w, https:\/\/tijanailic.com\/wp-content\/uploads\/2022\/06\/tijana-ilic-logo-sajta-300x75.webp 300w, https:\/\/tijanailic.com\/wp-content\/uploads\/2022\/06\/tijana-ilic-logo-sajta-768x192.webp 768w, https:\/\/tijanailic.com\/wp-content\/uploads\/2022\/06\/tijana-ilic-logo-sajta-18x5.webp 18w\" sizes=\"(max-width: 800px) 100vw, 800px\" \/>\t\t\t\t\t\t\t\t\t\t\t\t\t\t\t<\/div>\n\t\t\t\t<\/div>\n\t\t\t\t<div class=\"elementor-element elementor-element-d5a9c68 elementor-widget elementor-widget-text-editor\" data-id=\"d5a9c68\" data-element_type=\"widget\" data-e-type=\"widget\" data-widget_type=\"text-editor.default\">\n\t\t\t\t<div class=\"elementor-widget-container\">\n\t\t\t\t\t\t\t\t\t<p>Iskoristite priliku da \u010dujete savete koje drugi vrhunski frizeri \u010duvaju. Volontiranje je najbr\u017ei i siguran put do uspeha.<\/p>\t\t\t\t\t\t\t\t<\/div>\n\t\t\t\t<\/div>\n\t\t\t\t<div class=\"elementor-element elementor-element-f766bb1 elementor-mobile-align-justify elementor-widget elementor-widget-button\" data-id=\"f766bb1\" data-element_type=\"widget\" data-e-type=\"widget\" data-widget_type=\"button.default\">\n\t\t\t\t<div class=\"elementor-widget-container\">\n\t\t\t\t\t\t\t\t\t<div class=\"elementor-button-wrapper\">\n\t\t\t\t\t<a class=\"elementor-button elementor-button-link elementor-size-md elementor-animation-grow\" href=\"#prijava\">\n\t\t\t\t\t\t<span class=\"elementor-button-content-wrapper\">\n\t\t\t\t\t\t\t\t\t<span class=\"elementor-button-text\">PRIJAVITE SE<\/span>\n\t\t\t\t\t<\/span>\n\t\t\t\t\t<\/a>\n\t\t\t\t<\/div>\n\t\t\t\t\t\t\t\t<\/div>\n\t\t\t\t<\/div>\n\t\t\t\t<\/div>\n\t\t<div class=\"elementor-element elementor-element-12ce735 e-con-full e-flex e-con e-child\" data-id=\"12ce735\" data-element_type=\"container\" data-e-type=\"container\">\n\t\t\t\t<\/div>\n\t\t\t\t\t<\/div>\n\t\t\t\t<\/div>\n\t\t<div class=\"elementor-element elementor-element-b1fe0b7 e-flex e-con-boxed e-con e-parent\" data-id=\"b1fe0b7\" data-element_type=\"container\" data-e-type=\"container\" data-settings=\"{&quot;background_background&quot;:&quot;classic&quot;}\">\n\t\t\t\t\t<div class=\"e-con-inner\">\n\t\t<div class=\"elementor-element elementor-element-2c56750 e-con-full e-flex e-con e-child\" data-id=\"2c56750\" data-element_type=\"container\" data-e-type=\"container\">\n\t\t\t\t<div class=\"elementor-element elementor-element-2ce0416 elementor-widget elementor-widget-heading\" data-id=\"2ce0416\" data-element_type=\"widget\" data-e-type=\"widget\" data-widget_type=\"heading.default\">\n\t\t\t\t<div class=\"elementor-widget-container\">\n\t\t\t\t\t<h1 class=\"elementor-heading-title elementor-size-default\">NA\u010cIN REALIZACIJE VOLONTIRANJA<\/h1>\t\t\t\t<\/div>\n\t\t\t\t<\/div>\n\t\t\t\t<div class=\"elementor-element elementor-element-e9493bd elementor-widget elementor-widget-text-editor\" data-id=\"e9493bd\" data-element_type=\"widget\" data-e-type=\"widget\" data-widget_type=\"text-editor.default\">\n\t\t\t\t<div class=\"elementor-widget-container\">\n\t\t\t\t\t\t\t\t\t<p>Na\u0161 program volontiranja traje 4 meseca i obuhvata svaki radni dan tokom jedne smene. Va\u0161a pozicija u timu \u0107e biti pa\u017eljivo odabrana kako bi odgovarala va\u0161im ve\u0161tinama i nivou znanja, omogu\u0107avaju\u0107i vam brz napredak. Jednom nedeljno, u okviru salona, organizujemo besplatne edukativne sesije za polaznike programa, dok \u0107ete tokom radne nedelje primenjivati i nadogra\u0111ivati svoje ve\u0161tine pod Tijaninim vo\u0111stvom i podr\u0161kom. Tokom volontiranja, tako\u0111e \u0107ete imati priliku da zaradite od bak\u0161i\u0161a.<\/p><p>Po zavr\u0161etku programa, u skladu sa va\u0161im ambicijama, mogu\u0107nostima i postignutim nivoom znanja, otvara se prilika da postanete deo tima Tijane Ili\u0107 i nastavite svoj profesionalni razvoj uz izuzetnu finansijsku nadoknadu.<\/p><p>Svaki polaznik programa dobija sertifikat i postaje \u010dlan na\u0161eg Kluba umetnika frizera, \u0161to donosi povlastice i popuste na sve budu\u0107e edukacije koje budu organizovane.<\/p><p>Rad sa Tijanom otvori\u0107e vam brojne mogu\u0107nosti, pro\u0161iriti va\u0161e horizonte i pomo\u0107i vam da razvijete svoj autenti\u010dan stil, te da jednog dana postanete tra\u017eeni frizer. Posve\u0107enost, kontinuirano usavr\u0161avanje i originalnost su klju\u010dni elementi na putu ka uspehu!<\/p>\t\t\t\t\t\t\t\t<\/div>\n\t\t\t\t<\/div>\n\t\t\t\t<\/div>\n\t\t<div class=\"elementor-element elementor-element-d95f7f0 e-con-full e-flex e-con e-child\" data-id=\"d95f7f0\" data-element_type=\"container\" data-e-type=\"container\">\n\t\t\t\t<\/div>\n\t\t\t\t\t<\/div>\n\t\t\t\t<\/div>\n\t\t<div class=\"elementor-element elementor-element-c7411ea e-flex e-con-boxed e-con e-parent\" data-id=\"c7411ea\" data-element_type=\"container\" data-e-type=\"container\" data-settings=\"{&quot;background_background&quot;:&quot;classic&quot;}\">\n\t\t\t\t\t<div class=\"e-con-inner\">\n\t\t<div class=\"elementor-element elementor-element-cf71bc1 e-con-full e-flex e-con e-child\" data-id=\"cf71bc1\" data-element_type=\"container\" data-e-type=\"container\">\n\t\t\t\t<div class=\"elementor-element elementor-element-b4624b7 elementor-widget elementor-widget-heading\" data-id=\"b4624b7\" data-element_type=\"widget\" data-e-type=\"widget\" data-widget_type=\"heading.default\">\n\t\t\t\t<div class=\"elementor-widget-container\">\n\t\t\t\t\t<h2 class=\"elementor-heading-title elementor-size-default\">KO MO\u017dE DA SE PRIJAVI?<\/h2>\t\t\t\t<\/div>\n\t\t\t\t<\/div>\n\t\t\t\t<div class=\"elementor-element elementor-element-46073e7 elementor-widget elementor-widget-text-editor\" data-id=\"46073e7\" data-element_type=\"widget\" data-e-type=\"widget\" data-widget_type=\"text-editor.default\">\n\t\t\t\t<div class=\"elementor-widget-container\">\n\t\t\t\t\t\t\t\t\t<ul><li>svi koji su zavr\u0161ili frizersku \u0161kolu bez obzira na iskustvo<\/li><li>svi koji zapo\u010dinju svoju karijeru i imaju \u017eelju i ambiciju da postanu uspe\u0161ni frizeri<\/li><li>frizeri koji \u017eele da usavr\u0161e svoje znanje, ali i nadograde u oblastima u kojima do sada nisu radili<\/li><li>svi oni koji razmi\u0161ljaju o promeni karijere i \u017eele da postanu frizeri<\/li><\/ul>\t\t\t\t\t\t\t\t<\/div>\n\t\t\t\t<\/div>\n\t\t\t\t<\/div>\n\t\t<div class=\"elementor-element elementor-element-ea9f00f e-con-full e-flex e-con e-child\" data-id=\"ea9f00f\" data-element_type=\"container\" data-e-type=\"container\">\n\t\t\t\t<\/div>\n\t\t\t\t\t<\/div>\n\t\t\t\t<\/div>\n\t\t<div class=\"elementor-element elementor-element-cd728e6 e-flex e-con-boxed e-con e-parent\" data-id=\"cd728e6\" data-element_type=\"container\" data-e-type=\"container\" data-settings=\"{&quot;background_background&quot;:&quot;classic&quot;}\">\n\t\t\t\t\t<div class=\"e-con-inner\">\n\t\t<div class=\"elementor-element elementor-element-18f0ef6 e-con-full e-flex e-con e-child\" data-id=\"18f0ef6\" data-element_type=\"container\" data-e-type=\"container\">\n\t\t\t\t<div class=\"elementor-element elementor-element-4019d52 elementor-widget elementor-widget-heading\" data-id=\"4019d52\" data-element_type=\"widget\" data-e-type=\"widget\" data-widget_type=\"heading.default\">\n\t\t\t\t<div class=\"elementor-widget-container\">\n\t\t\t\t\t<h2 class=\"elementor-heading-title elementor-size-default\">LOKACIJA<\/h2>\t\t\t\t<\/div>\n\t\t\t\t<\/div>\n\t\t\t\t<div class=\"elementor-element elementor-element-672b747 elementor-widget elementor-widget-text-editor\" data-id=\"672b747\" data-element_type=\"widget\" data-e-type=\"widget\" data-widget_type=\"text-editor.default\">\n\t\t\t\t<div class=\"elementor-widget-container\">\n\t\t\t\t\t\t\t\t\t<p>Moj studio se nalazi u mirnoj ulici u srcu Beograda, <strong>Palmoti\u0107eva 18a<\/strong>, a prostire se na vi\u0161e od 100 m<sup>2<\/sup>. Opremljen je najsavremenijom opremom i profesionalnim preparatima renomiranih svetskih proizvo\u0111a\u010da.<\/p>\t\t\t\t\t\t\t\t<\/div>\n\t\t\t\t<\/div>\n\t\t\t\t<div class=\"elementor-element elementor-element-3afa23b elementor-widget elementor-widget-heading\" data-id=\"3afa23b\" data-element_type=\"widget\" data-e-type=\"widget\" data-widget_type=\"heading.default\">\n\t\t\t\t<div class=\"elementor-widget-container\">\n\t\t\t\t\t<h2 class=\"elementor-heading-title elementor-size-default\">KONTAKT<\/h2>\t\t\t\t<\/div>\n\t\t\t\t<\/div>\n\t\t\t\t<div class=\"elementor-element elementor-element-09d4ef2 elementor-widget elementor-widget-text-editor\" data-id=\"09d4ef2\" data-element_type=\"widget\" data-e-type=\"widget\" data-widget_type=\"text-editor.default\">\n\t\t\t\t<div class=\"elementor-widget-container\">\n\t\t\t\t\t\t\t\t\t<p>Sve informacije o besplatnoj obuci mo\u017eete dobiti pozivom na broj <span style=\"color: #ccbda5;\"><strong><a style=\"color: #ccbda5;\" href=\"tel:+381637780104\">+381 63 7780 104<\/a><\/strong><\/span><\/p>\t\t\t\t\t\t\t\t<\/div>\n\t\t\t\t<\/div>\n\t\t\t\t<div class=\"elementor-element elementor-element-321f2b8 elementor-widget elementor-widget-heading\" data-id=\"321f2b8\" data-element_type=\"widget\" data-e-type=\"widget\" data-widget_type=\"heading.default\">\n\t\t\t\t<div class=\"elementor-widget-container\">\n\t\t\t\t\t<h2 class=\"elementor-heading-title elementor-size-default\">NAPOMENA<\/h2>\t\t\t\t<\/div>\n\t\t\t\t<\/div>\n\t\t\t\t<div class=\"elementor-element elementor-element-a558b14 elementor-widget elementor-widget-text-editor\" data-id=\"a558b14\" data-element_type=\"widget\" data-e-type=\"widget\" data-widget_type=\"text-editor.default\">\n\t\t\t\t<div class=\"elementor-widget-container\">\n\t\t\t\t\t\t\t\t\t<ul><li>Besplatna obuka NIJE za one koji smatraju da se preko no\u0107i postaje vrhunski frizeri.<\/li><li>Besplatna obuka NIJE za one koji samo sakupljaju diplome.<\/li><li>Besplatna obuka NIJE za one koji nisu spremni da puno ve\u017ebaju i primenjuju nove ve\u0161tine u praksi<\/li><\/ul>\t\t\t\t\t\t\t\t<\/div>\n\t\t\t\t<\/div>\n\t\t\t\t<\/div>\n\t\t<div class=\"elementor-element elementor-element-d13395e e-con-full e-flex e-con e-child\" data-id=\"d13395e\" data-element_type=\"container\" data-e-type=\"container\">\n\t\t\t\t<\/div>\n\t\t\t\t\t<\/div>\n\t\t\t\t<\/div>\n\t\t\t\t<section class=\"elementor-section elementor-top-section elementor-element elementor-element-2da319f elementor-section-boxed elementor-section-height-default elementor-section-height-default\" data-id=\"2da319f\" data-element_type=\"section\" data-e-type=\"section\" id=\"prijava\">\n\t\t\t\t\t\t<div class=\"elementor-container elementor-column-gap-default\">\n\t\t\t\t\t<div class=\"elementor-column elementor-col-100 elementor-top-column elementor-element elementor-element-9b25f32\" data-id=\"9b25f32\" data-element_type=\"column\" data-e-type=\"column\">\n\t\t\t<div class=\"elementor-widget-wrap elementor-element-populated\">\n\t\t\t\t\t\t<div class=\"elementor-element elementor-element-c30e30e elementor-widget elementor-widget-heading\" data-id=\"c30e30e\" data-element_type=\"widget\" data-e-type=\"widget\" data-widget_type=\"heading.default\">\n\t\t\t\t<div class=\"elementor-widget-container\">\n\t\t\t\t\t<h2 class=\"elementor-heading-title elementor-size-default\">PRIJAVI SE ZA VOLONTIRANJE<\/h2>\t\t\t\t<\/div>\n\t\t\t\t<\/div>\n\t\t\t\t<div class=\"elementor-element elementor-element-ee39356 elementor-widget elementor-widget-text-editor\" data-id=\"ee39356\" data-element_type=\"widget\" data-e-type=\"widget\" data-widget_type=\"text-editor.default\">\n\t\t\t\t<div class=\"elementor-widget-container\">\n\t\t\t\t\t\t\t\t\t<p>Popunite formu za prijavu i kontaktira\u0107emo vas u najkra\u0107em roku.<\/p>\t\t\t\t\t\t\t\t<\/div>\n\t\t\t\t<\/div>\n\t\t\t\t<div class=\"elementor-element elementor-element-e7eaa79 elementor-button-align-stretch elementor-widget elementor-widget-form\" data-id=\"e7eaa79\" data-element_type=\"widget\" data-e-type=\"widget\" data-settings=\"{&quot;step_next_label&quot;:&quot;\\u0421\\u043b\\u0435\\u0434\\u0435\\u045b\\u0438&quot;,&quot;step_previous_label&quot;:&quot;\\u041f\\u0440\\u0435\\u0442\\u0445\\u043e\\u0434\\u043d\\u0430&quot;,&quot;button_width&quot;:&quot;100&quot;,&quot;step_type&quot;:&quot;number_text&quot;,&quot;step_icon_shape&quot;:&quot;circle&quot;}\" data-widget_type=\"form.default\">\n\t\t\t\t<div class=\"elementor-widget-container\">\n\t\t\t\t\t\t\t<form class=\"elementor-form\" method=\"post\" name=\"Volontiranje forma\" aria-label=\"Volontiranje forma\">\n\t\t\t<input type=\"hidden\" name=\"post_id\" value=\"3939\"\/>\n\t\t\t<input type=\"hidden\" name=\"form_id\" value=\"e7eaa79\"\/>\n\t\t\t<input type=\"hidden\" name=\"referer_title\" value=\"\" \/>\n\n\t\t\t\n\t\t\t<div class=\"elementor-form-fields-wrapper elementor-labels-\">\n\t\t\t\t\t\t\t\t<div class=\"elementor-field-type-text elementor-field-group elementor-column elementor-field-group-name elementor-col-100 elementor-field-required\">\n\t\t\t\t\t\t\t\t\t\t\t\t<label for=\"form-field-name\" class=\"elementor-field-label elementor-screen-only\">\n\t\t\t\t\t\t\t\tIme i prezime\t\t\t\t\t\t\t<\/label>\n\t\t\t\t\t\t\t\t\t\t\t\t\t\t<input size=\"1\" type=\"text\" name=\"form_fields[name]\" id=\"form-field-name\" class=\"elementor-field elementor-size-md  elementor-field-textual\" placeholder=\"Ime i prezime\" required=\"required\">\n\t\t\t\t\t\t\t\t\t\t\t<\/div>\n\t\t\t\t\t\t\t\t<div class=\"elementor-field-type-text elementor-field-group elementor-column elementor-field-group-field_5564209 elementor-col-100 elementor-field-required\">\n\t\t\t\t\t\t\t\t\t\t\t\t<label for=\"form-field-field_5564209\" class=\"elementor-field-label elementor-screen-only\">\n\t\t\t\t\t\t\t\tBroj telefona\t\t\t\t\t\t\t<\/label>\n\t\t\t\t\t\t\t\t\t\t\t\t\t\t<input size=\"1\" type=\"text\" name=\"form_fields[field_5564209]\" id=\"form-field-field_5564209\" class=\"elementor-field elementor-size-md  elementor-field-textual\" placeholder=\"Broj telefona\" required=\"required\">\n\t\t\t\t\t\t\t\t\t\t\t<\/div>\n\t\t\t\t\t\t\t\t<div class=\"elementor-field-type-email elementor-field-group elementor-column elementor-field-group-email elementor-col-100 elementor-field-required\">\n\t\t\t\t\t\t\t\t\t\t\t\t<label for=\"form-field-email\" class=\"elementor-field-label elementor-screen-only\">\n\t\t\t\t\t\t\t\tEmail\t\t\t\t\t\t\t<\/label>\n\t\t\t\t\t\t\t\t\t\t\t\t\t\t<input size=\"1\" type=\"email\" name=\"form_fields[email]\" id=\"form-field-email\" class=\"elementor-field elementor-size-md  elementor-field-textual\" placeholder=\"Email\" required=\"required\">\n\t\t\t\t\t\t\t\t\t\t\t<\/div>\n\t\t\t\t\t\t\t\t<div class=\"elementor-field-type-textarea elementor-field-group elementor-column elementor-field-group-message elementor-col-100\">\n\t\t\t\t\t\t\t\t\t\t\t\t<label for=\"form-field-message\" class=\"elementor-field-label elementor-screen-only\">\n\t\t\t\t\t\t\t\tPoruka\t\t\t\t\t\t\t<\/label>\n\t\t\t\t\t\t<textarea class=\"elementor-field-textual elementor-field  elementor-size-md\" name=\"form_fields[message]\" id=\"form-field-message\" rows=\"4\" placeholder=\"Poruka\"><\/textarea>\t\t\t\t<\/div>\n\t\t\t\t\t\t\t\t<div class=\"elementor-field-type-recaptcha_v3 elementor-field-group elementor-column elementor-field-group-field_afed88e elementor-col-100 recaptcha_v3-bottomright\">\n\t\t\t\t\t<div class=\"elementor-field\" id=\"form-field-field_afed88e\"><div class=\"elementor-g-recaptcha\" data-sitekey=\"6LesGlwiAAAAAEh5aenxedxY6TEGmdwBDUXuEu0h\" data-type=\"v3\" data-action=\"Form\" data-badge=\"bottomright\" data-size=\"invisible\"><\/div><\/div>\t\t\t\t<\/div>\n\t\t\t\t\t\t\t\t<div class=\"elementor-field-group elementor-column elementor-field-type-submit elementor-col-100 e-form__buttons\">\n\t\t\t\t\t<button class=\"elementor-button elementor-size-md\" type=\"submit\">\n\t\t\t\t\t\t<span class=\"elementor-button-content-wrapper\">\n\t\t\t\t\t\t\t\t\t\t\t\t\t\t\t\t\t\t\t\t\t\t<span class=\"elementor-button-text\">PRIJAVA<\/span>\n\t\t\t\t\t\t\t\t\t\t\t\t\t<\/span>\n\t\t\t\t\t<\/button>\n\t\t\t\t<\/div>\n\t\t\t<\/div>\n\t\t<\/form>\n\t\t\t\t\t\t<\/div>\n\t\t\t\t<\/div>\n\t\t\t\t\t<\/div>\n\t\t<\/div>\n\t\t\t\t\t<\/div>\n\t\t<\/section>\n\t\t\t\t<\/div>\n\t\t","protected":false},"excerpt":{"rendered":"<p>VOLONTIRAJ I NAU\u010cI ZANAT Najefikasniji i najtemeljniji oblik obrazovanja u frizerskoj industriji je anga\u017eovanje, odnosno svakodnevno u\u010denje i rad u salonu, tokom kojeg se sti\u010du znanja i ve\u0161tine koje nisu dostupne na kratkim frizerskim kursevima. Najoptimalniji na\u010din u\u010denja je kroz prakti\u010dno iskustvo, gde se suo\u010davate sa raznovrsnim izazovima \u2013 od rutinskih do izuzetno zahtevnih frizerskih [&hellip;]<\/p>\n","protected":false},"author":3,"featured_media":0,"parent":0,"menu_order":0,"comment_status":"closed","ping_status":"closed","template":"","meta":{"footnotes":""},"class_list":["post-3939","page","type-page","status-publish","hentry"],"_links":{"self":[{"href":"https:\/\/tijanailic.com\/en\/wp-json\/wp\/v2\/pages\/3939","targetHints":{"allow":["GET"]}}],"collection":[{"href":"https:\/\/tijanailic.com\/en\/wp-json\/wp\/v2\/pages"}],"about":[{"href":"https:\/\/tijanailic.com\/en\/wp-json\/wp\/v2\/types\/page"}],"author":[{"embeddable":true,"href":"https:\/\/tijanailic.com\/en\/wp-json\/wp\/v2\/users\/3"}],"replies":[{"embeddable":true,"href":"https:\/\/tijanailic.com\/en\/wp-json\/wp\/v2\/comments?post=3939"}],"version-history":[{"count":0,"href":"https:\/\/tijanailic.com\/en\/wp-json\/wp\/v2\/pages\/3939\/revisions"}],"wp:attachment":[{"href":"https:\/\/tijanailic.com\/en\/wp-json\/wp\/v2\/media?parent=3939"}],"curies":[{"name":"wp","href":"https:\/\/api.w.org\/{rel}","templated":true}]}}