{"id":4875,"date":"2025-08-29T16:46:12","date_gmt":"2025-08-29T14:46:12","guid":{"rendered":"https:\/\/tijanailic.com\/?page_id=4875"},"modified":"2025-09-01T11:03:12","modified_gmt":"2025-09-01T09:03:12","slug":"terms-of-use","status":"publish","type":"page","link":"https:\/\/tijanailic.com\/en\/uslovi-koriscenja\/","title":{"rendered":"Terms of use"},"content":{"rendered":"<div data-elementor-type=\"wp-page\" data-elementor-id=\"4875\" class=\"elementor elementor-4875\" data-elementor-post-type=\"page\">\n\t\t\t\t<div class=\"elementor-element elementor-element-4fe8414 e-flex e-con-boxed e-con e-parent\" data-id=\"4fe8414\" data-element_type=\"container\" data-e-type=\"container\">\n\t\t\t\t\t<div class=\"e-con-inner\">\n\t\t\t\t<div class=\"elementor-element elementor-element-ed1ff2e elementor-widget elementor-widget-heading\" data-id=\"ed1ff2e\" data-element_type=\"widget\" data-e-type=\"widget\" data-widget_type=\"heading.default\">\n\t\t\t\t<div class=\"elementor-widget-container\">\n\t\t\t\t\t<h1 class=\"elementor-heading-title elementor-size-default\">Terms of use<\/h1>\t\t\t\t<\/div>\n\t\t\t\t<\/div>\n\t\t\t\t<div class=\"elementor-element elementor-element-5741cde elementor-widget elementor-widget-text-editor\" data-id=\"5741cde\" data-element_type=\"widget\" data-e-type=\"widget\" data-widget_type=\"text-editor.default\">\n\t\t\t\t<div class=\"elementor-widget-container\">\n\t\t\t\t\t\t\t\t\t<p data-start=\"1844\" data-end=\"1947\">These terms define the rules for using the site <strong data-start=\"1889\" data-end=\"1907\">tijanailic.com<\/strong> and apply to all users and customers.<\/p><h2 data-start=\"1949\" data-end=\"1966\">General information<\/h2><ul data-start=\"1967\" data-end=\"2147\"><li data-start=\"1967\" data-end=\"2003\"><p data-start=\"1969\" data-end=\"2003\">Name: Association KUF TIJANA ILIC<\/p><\/li><li data-start=\"2004\" data-end=\"2054\"><p data-start=\"2006\" data-end=\"2054\">Address: Palmoti\u0107eva 18a, 11000 Belgrade, Serbia<\/p><\/li><li data-start=\"2055\" data-end=\"2087\"><p data-start=\"2057\" data-end=\"2087\">MB: 28297718, PIB: 111866669<\/p><\/li><li data-start=\"2088\" data-end=\"2121\"><p data-start=\"2090\" data-end=\"2121\">Contact phone: 011\/6309-634<\/p><\/li><li data-start=\"2122\" data-end=\"2147\"><p data-start=\"2124\" data-end=\"2147\">Domain: tijanailic.com<\/p><\/li><\/ul><h2 data-start=\"2149\" data-end=\"2172\">Products and services<\/h2><p data-start=\"2173\" data-end=\"2363\">The site offers digital products and information about services paid by cards (Visa, MasterCard, Dina, Maestro). Payment for certain services is also possible on the spot in the salon.<\/p><h2 data-start=\"2365\" data-end=\"2398\">Payment and currency conversion<\/h2><p data-start=\"2399\" data-end=\"2622\">All payments are made in dinars (RSD). If the prices are expressed in euros or other currencies, the calculation is made according to the middle exchange rate of the National Bank of Serbia. Your card bill may show minor discrepancies due to exchange rate differences.<\/p><h2 data-start=\"2624\" data-end=\"2647\">Digital delivery<\/h2><p data-start=\"2648\" data-end=\"2759\">After confirmed payment, digital products are delivered electronically (email or download order).<\/p><h2 data-start=\"2761\" data-end=\"2784\">Refund<\/h2><p data-start=\"2785\" data-end=\"2958\">In case of cancellation of the order or complaint, the refund is made exclusively through the VISA, MasterCard, Maestro and Dina systems - to the account of the card with which the payment was made.<\/p><h2 data-start=\"2960\" data-end=\"2976\">Complaints<\/h2><p data-start=\"2977\" data-end=\"3122\">Users have the right to complain in accordance with the Law on Consumer Protection. For all objections, you can contact the contact phone number or email.<\/p><h2 data-start=\"3124\" data-end=\"3148\">Payment security<\/h2><p data-start=\"3149\" data-end=\"3341\">When entering payment card data, we use SSL encryption and 3D Secure standards. The data is transmitted directly to the bank and is not available to our system.<\/p><h2 data-start=\"3149\" data-end=\"3341\">User privacy protection<\/h2><p data-start=\"3149\" data-end=\"3341\">On behalf of the Association KUF Tijana Ili\u0107, we undertake to protect the privacy of all our customers. We collect only necessary, basic data about customers\/users and data necessary for business operations and informing users in accordance with good business practices and with the aim of providing quality service. We give customers choices including the ability to decide whether or not they want to be removed from mailing lists used for marketing campaigns. All user\/customer data is strictly stored and is available only to employees who need the data to perform their work. All employees of the Association KUF Tijana Ili\u0107 (and business partners) are responsible for respecting the principles of privacy protection.<\/p><h2 data-start=\"3343\" data-end=\"3351\">VAT<\/h2><p data-start=\"3352\" data-end=\"3404\">KUF TIJANA ILI\u0106 Association <strong data-start=\"3378\" data-end=\"3401\">not a VAT payer<\/strong>.<\/p><h2 data-start=\"3406\" data-end=\"3426\">Final provisions<\/h2><p data-start=\"3427\" data-end=\"3590\">By using this site, you accept the stated conditions. The association reserves the right to change the conditions without prior notice. All changes will be published on the site in a timely manner.<\/p>\t\t\t\t\t\t\t\t<\/div>\n\t\t\t\t<\/div>\n\t\t\t\t\t<\/div>\n\t\t\t\t<\/div>\n\t\t\t\t<\/div>","protected":false},"excerpt":{"rendered":"<p>Uslovi kori\u0161\u0107enja Ovi uslovi defini\u0161u pravila kori\u0161\u0107enja sajta tijanailic.com i odnose se na sve korisnike i kupce. Op\u0161ti podaci Naziv: Udru\u017eenje KUF TIJANA ILI\u0106 Adresa: Palmoti\u0107eva 18a, 11000 Beograd, Srbija MB: 28297718, PIB: 111866669 Kontakt telefon: 011\/6309-634 Domen: tijanailic.com Proizvodi i usluge Na sajtu su dostupni digitalni proizvodi i informacije o uslugama koje se pla\u0107aju [&hellip;]<\/p>\n","protected":false},"author":3,"featured_media":0,"parent":0,"menu_order":0,"comment_status":"closed","ping_status":"closed","template":"","meta":{"footnotes":""},"class_list":["post-4875","page","type-page","status-publish","hentry"],"_links":{"self":[{"href":"https:\/\/tijanailic.com\/en\/wp-json\/wp\/v2\/pages\/4875","targetHints":{"allow":["GET"]}}],"collection":[{"href":"https:\/\/tijanailic.com\/en\/wp-json\/wp\/v2\/pages"}],"about":[{"href":"https:\/\/tijanailic.com\/en\/wp-json\/wp\/v2\/types\/page"}],"author":[{"embeddable":true,"href":"https:\/\/tijanailic.com\/en\/wp-json\/wp\/v2\/users\/3"}],"replies":[{"embeddable":true,"href":"https:\/\/tijanailic.com\/en\/wp-json\/wp\/v2\/comments?post=4875"}],"version-history":[{"count":0,"href":"https:\/\/tijanailic.com\/en\/wp-json\/wp\/v2\/pages\/4875\/revisions"}],"wp:attachment":[{"href":"https:\/\/tijanailic.com\/en\/wp-json\/wp\/v2\/media?parent=4875"}],"curies":[{"name":"wp","href":"https:\/\/api.w.org\/{rel}","templated":true}]}}