{"id":4984,"date":"2025-10-30T09:32:19","date_gmt":"2025-10-30T08:32:19","guid":{"rendered":"https:\/\/tijanailic.com\/?page_id=4984"},"modified":"2026-01-22T20:00:07","modified_gmt":"2026-01-22T19:00:07","slug":"masterclass-cut","status":"publish","type":"page","link":"https:\/\/tijanailic.com\/en\/masterclass-rez\/","title":{"rendered":"Masterclass THE CUT"},"content":{"rendered":"<div data-elementor-type=\"wp-page\" data-elementor-id=\"4984\" class=\"elementor elementor-4984\" data-elementor-post-type=\"page\">\n\t\t\t\t<div class=\"elementor-element elementor-element-38a8d56 e-con-full e-flex e-con e-parent\" data-id=\"38a8d56\" data-element_type=\"container\" data-e-type=\"container\">\n\t\t<div class=\"elementor-element elementor-element-1c26538 e-con-full e-flex e-con e-child\" data-id=\"1c26538\" data-element_type=\"container\" data-e-type=\"container\">\n\t\t\t\t<div class=\"elementor-element elementor-element-4a293cd elementor-widget elementor-widget-heading\" data-id=\"4a293cd\" data-element_type=\"widget\" data-e-type=\"widget\" data-widget_type=\"heading.default\">\n\t\t\t\t<div class=\"elementor-widget-container\">\n\t\t\t\t\t<h1 class=\"elementor-heading-title elementor-size-default\">MASTERCLASS THE CUT<\/h1>\t\t\t\t<\/div>\n\t\t\t\t<\/div>\n\t\t\t\t<div class=\"elementor-element elementor-element-a4aaa3e elementor-widget elementor-widget-heading\" data-id=\"a4aaa3e\" data-element_type=\"widget\" data-e-type=\"widget\" data-widget_type=\"heading.default\">\n\t\t\t\t<div class=\"elementor-widget-container\">\n\t\t\t\t\t<h2 class=\"elementor-heading-title elementor-size-default\">HAIRDRESSING EDUCATION THAT TRANSFORMS YOUR CAREER<\/h2>\t\t\t\t<\/div>\n\t\t\t\t<\/div>\n\t\t\t\t<div class=\"elementor-element elementor-element-f8aee95 elementor-widget elementor-widget-text-editor\" data-id=\"f8aee95\" data-element_type=\"widget\" data-e-type=\"widget\" data-widget_type=\"text-editor.default\">\n\t\t\t\t<div class=\"elementor-widget-container\">\n\t\t\t\t\t\t\t\t\t<p><span style=\"font-weight: 400;\">On October 12, 2025, a one-day educational masterclass for hairdressers was held in Belgrade at Tijana Ili\u0107\u2019s salon.  All participants had the opportunity to learn modern haircutting techniques, master client communication skills, and discover how to increase the value of their services.<\/span><\/p><p><span style=\"font-weight: 400;\">\u00a0For everyone who missed the live event, the complete Masterclass THE CUT material is available \u2014 including full course content, practical demonstrations, professional advice, and techniques that bring instant results in the salon.<\/span><\/p>\t\t\t\t\t\t\t\t<\/div>\n\t\t\t\t<\/div>\n\t\t\t\t<div class=\"elementor-element elementor-element-3c71b1d elementor-mobile-align-justify elementor-widget elementor-widget-button\" data-id=\"3c71b1d\" data-element_type=\"widget\" data-e-type=\"widget\" data-widget_type=\"button.default\">\n\t\t\t\t<div class=\"elementor-widget-container\">\n\t\t\t\t\t\t\t\t\t<div class=\"elementor-button-wrapper\">\n\t\t\t\t\t<a class=\"elementor-button elementor-button-link elementor-size-md elementor-animation-grow\" href=\"https:\/\/tijanailic.com\/en\/online-education\/\">\n\t\t\t\t\t\t<span class=\"elementor-button-content-wrapper\">\n\t\t\t\t\t\t\t\t\t<span class=\"elementor-button-text\">BUY ONLINE EDUCATION<\/span>\n\t\t\t\t\t<\/span>\n\t\t\t\t\t<\/a>\n\t\t\t\t<\/div>\n\t\t\t\t\t\t\t\t<\/div>\n\t\t\t\t<\/div>\n\t\t\t\t<\/div>\n\t\t<div class=\"elementor-element elementor-element-a4c2101 e-con-full elementor-hidden-mobile e-flex e-con e-child\" data-id=\"a4c2101\" data-element_type=\"container\" data-e-type=\"container\" data-settings=\"{&quot;background_background&quot;:&quot;video&quot;,&quot;background_video_link&quot;:&quot;https:\\\/\\\/tijanailic.com\\\/wp-content\\\/uploads\\\/2025\\\/11\\\/Desk-verzija-1.mp4&quot;,&quot;background_play_on_mobile&quot;:&quot;yes&quot;}\">\n\t\t<div class=\"elementor-background-video-container\">\n\t\t\t\t\t\t\t<video class=\"elementor-background-video-hosted\" role=\"presentation\" autoplay muted playsinline loop><\/video>\n\t\t\t\t\t<\/div>\t\t<\/div>\n\t\t<div class=\"elementor-element elementor-element-65eb32c e-con-full elementor-hidden-desktop elementor-hidden-tablet e-flex e-con e-child\" data-id=\"65eb32c\" data-element_type=\"container\" data-e-type=\"container\" data-settings=\"{&quot;background_background&quot;:&quot;video&quot;,&quot;background_video_link&quot;:&quot;https:\\\/\\\/tijanailic.com\\\/wp-content\\\/uploads\\\/2025\\\/11\\\/Mob-1.mp4&quot;,&quot;background_play_on_mobile&quot;:&quot;yes&quot;}\">\n\t\t<div class=\"elementor-background-video-container\">\n\t\t\t\t\t\t\t<video class=\"elementor-background-video-hosted\" role=\"presentation\" autoplay muted playsinline loop><\/video>\n\t\t\t\t\t<\/div>\t\t<\/div>\n\t\t\t\t<\/div>\n\t\t<div class=\"elementor-element elementor-element-aa5902e e-flex e-con-boxed e-con e-parent\" data-id=\"aa5902e\" data-element_type=\"container\" data-e-type=\"container\" data-settings=\"{&quot;background_background&quot;:&quot;classic&quot;}\">\n\t\t\t\t\t<div class=\"e-con-inner\">\n\t\t<div class=\"elementor-element elementor-element-49e7831 e-con-full e-flex e-con e-child\" data-id=\"49e7831\" data-element_type=\"container\" data-e-type=\"container\">\n\t\t\t\t<div class=\"elementor-element elementor-element-8187f4c elementor-widget elementor-widget-heading\" data-id=\"8187f4c\" data-element_type=\"widget\" data-e-type=\"widget\" data-widget_type=\"heading.default\">\n\t\t\t\t<div class=\"elementor-widget-container\">\n\t\t\t\t\t<h1 class=\"elementor-heading-title elementor-size-default\">MASTERCLASS TOPICS<\/h1>\t\t\t\t<\/div>\n\t\t\t\t<\/div>\n\t\t\t\t<div class=\"elementor-element elementor-element-b68538f elementor-widget elementor-widget-text-editor\" data-id=\"b68538f\" data-element_type=\"widget\" data-e-type=\"widget\" data-widget_type=\"text-editor.default\">\n\t\t\t\t<div class=\"elementor-widget-container\">\n\t\t\t\t\t\t\t\t\t<p><span style=\"font-weight: 400;\">Throughout this intensive one-day training, the following key subjects were covered:<\/span><\/p><ul><li style=\"font-weight: 400;\" aria-level=\"2\"><span style=\"font-weight: 400;\">Structural haircutting based on facial features and client style \u2014 creating salon-ready hairstyles that sell themselves\u00a0<\/span><\/li><li style=\"font-weight: 400;\" aria-level=\"2\"><span style=\"font-weight: 400;\">Real-life client scenarios and challenges in everyday salon work<\/span><\/li><li style=\"font-weight: 400;\" aria-level=\"2\"><span style=\"font-weight: 400;\">Educating clients on home styling and maintenance techniques<\/span><\/li><li style=\"font-weight: 400;\" aria-level=\"2\"><span style=\"font-weight: 400;\">Practical advice for working with demanding or indecisive clients<\/span><\/li><li style=\"font-weight: 400;\" aria-level=\"2\">Personal insights and professional tips from Tijana Ili\u0107, gained through years of hands-on experience\u00a0<\/li><\/ul>\t\t\t\t\t\t\t\t<\/div>\n\t\t\t\t<\/div>\n\t\t\t\t<\/div>\n\t\t<div class=\"elementor-element elementor-element-38acba1 e-con-full e-flex e-con e-child\" data-id=\"38acba1\" data-element_type=\"container\" data-e-type=\"container\">\n\t\t\t\t<\/div>\n\t\t\t\t\t<\/div>\n\t\t\t\t<\/div>\n\t\t<div class=\"elementor-element elementor-element-0b8d636 e-flex e-con-boxed e-con e-parent\" data-id=\"0b8d636\" data-element_type=\"container\" data-e-type=\"container\" data-settings=\"{&quot;background_background&quot;:&quot;classic&quot;}\">\n\t\t\t\t\t<div class=\"e-con-inner\">\n\t\t<div class=\"elementor-element elementor-element-ffe96ae e-con-full e-flex e-con e-child\" data-id=\"ffe96ae\" data-element_type=\"container\" data-e-type=\"container\">\n\t\t\t\t<div class=\"elementor-element elementor-element-53acf74 elementor-widget elementor-widget-heading\" data-id=\"53acf74\" data-element_type=\"widget\" data-e-type=\"widget\" data-widget_type=\"heading.default\">\n\t\t\t\t<div class=\"elementor-widget-container\">\n\t\t\t\t\t<h2 class=\"elementor-heading-title elementor-size-default\">MASTERCLASS EXPERIENCE<\/h2>\t\t\t\t<\/div>\n\t\t\t\t<\/div>\n\t\t\t\t<div class=\"elementor-element elementor-element-77c313b elementor-widget elementor-widget-text-editor\" data-id=\"77c313b\" data-element_type=\"widget\" data-e-type=\"widget\" data-widget_type=\"text-editor.default\">\n\t\t\t\t<div class=\"elementor-widget-container\">\n\t\t\t\t\t\t\t\t\t<p><span style=\"font-weight: 400;\">The education was held in a luxurious, modernly equipped venue in the center of Belgrade, in an intimate setting with a limited number of participants. Through a live look-and-learn demonstration, attendees followed practical work and techniques in real time, with full-day interaction, provided materials, and refreshments.<\/span><\/p><p><span style=\"font-weight: 400;\">Every Masterclass topic was followed by practical model work which later attracted strong engagement and attention on social media.<\/span><\/p>\t\t\t\t\t\t\t\t<\/div>\n\t\t\t\t<\/div>\n\t\t\t\t<div class=\"elementor-element elementor-element-6960189 elementor-mobile-align-justify elementor-widget elementor-widget-button\" data-id=\"6960189\" data-element_type=\"widget\" data-e-type=\"widget\" data-widget_type=\"button.default\">\n\t\t\t\t<div class=\"elementor-widget-container\">\n\t\t\t\t\t\t\t\t\t<div class=\"elementor-button-wrapper\">\n\t\t\t\t\t<a class=\"elementor-button elementor-button-link elementor-size-md elementor-animation-grow\" href=\"https:\/\/tijanailic.com\/en\/online-education\/\">\n\t\t\t\t\t\t<span class=\"elementor-button-content-wrapper\">\n\t\t\t\t\t\t\t\t\t<span class=\"elementor-button-text\">BUY NOW<\/span>\n\t\t\t\t\t<\/span>\n\t\t\t\t\t<\/a>\n\t\t\t\t<\/div>\n\t\t\t\t\t\t\t\t<\/div>\n\t\t\t\t<\/div>\n\t\t\t\t<\/div>\n\t\t<div class=\"elementor-element elementor-element-8ccb72a e-con-full e-flex e-con e-child\" data-id=\"8ccb72a\" data-element_type=\"container\" data-e-type=\"container\">\n\t\t\t\t<\/div>\n\t\t\t\t\t<\/div>\n\t\t\t\t<\/div>\n\t\t<div class=\"elementor-element elementor-element-eb57d0a e-flex e-con-boxed e-con e-parent\" data-id=\"eb57d0a\" data-element_type=\"container\" data-e-type=\"container\" data-settings=\"{&quot;background_background&quot;:&quot;classic&quot;}\">\n\t\t\t\t\t<div class=\"e-con-inner\">\n\t\t<div class=\"elementor-element elementor-element-11c7139 e-con-full e-flex e-con e-child\" data-id=\"11c7139\" data-element_type=\"container\" data-e-type=\"container\">\n\t\t\t\t<div class=\"elementor-element elementor-element-5faad34 elementor-widget elementor-widget-heading\" data-id=\"5faad34\" data-element_type=\"widget\" data-e-type=\"widget\" data-widget_type=\"heading.default\">\n\t\t\t\t<div class=\"elementor-widget-container\">\n\t\t\t\t\t<h1 class=\"elementor-heading-title elementor-size-default\">RESULTS OF \u2018THE CUT\u2019 EDUCATION<\/h1>\t\t\t\t<\/div>\n\t\t\t\t<\/div>\n\t\t\t\t<div class=\"elementor-element elementor-element-52e2743 elementor-widget elementor-widget-text-editor\" data-id=\"52e2743\" data-element_type=\"widget\" data-e-type=\"widget\" data-widget_type=\"text-editor.default\">\n\t\t\t\t<div class=\"elementor-widget-container\">\n\t\t\t\t\t\t\t\t\t<ul><li><span style=\"font-weight: 400;\">Exclusive insight into professional haircutting and styling techniques tailored to different hair types<\/span><\/li><li><span style=\"font-weight: 400;\">Intensive hands-on practice, enabling participants to immediately implement new knowledge and transform their daily salon routine<\/span><\/li><li><span style=\"font-weight: 400;\">Boost in confidence \u2014 both personal and professional \u2014 leading to higher-quality service and increased pricing value<\/span><\/li><li>Inspiration and networking \u2014 the Masterclass brought together creative professionals, sparked new collaborations, and encouraged exchange of motivation and experience among hairstylists<\/li><\/ul>\t\t\t\t\t\t\t\t<\/div>\n\t\t\t\t<\/div>\n\t\t\t\t<div class=\"elementor-element elementor-element-3b9c936 elementor-mobile-align-justify elementor-widget elementor-widget-button\" data-id=\"3b9c936\" data-element_type=\"widget\" data-e-type=\"widget\" data-widget_type=\"button.default\">\n\t\t\t\t<div class=\"elementor-widget-container\">\n\t\t\t\t\t\t\t\t\t<div class=\"elementor-button-wrapper\">\n\t\t\t\t\t<a class=\"elementor-button elementor-button-link elementor-size-md elementor-animation-grow\" href=\"https:\/\/tijanailic.com\/en\/online-education\/\">\n\t\t\t\t\t\t<span class=\"elementor-button-content-wrapper\">\n\t\t\t\t\t\t\t\t\t<span class=\"elementor-button-text\">BUY ONLINE EDUCATION<\/span>\n\t\t\t\t\t<\/span>\n\t\t\t\t\t<\/a>\n\t\t\t\t<\/div>\n\t\t\t\t\t\t\t\t<\/div>\n\t\t\t\t<\/div>\n\t\t\t\t<\/div>\n\t\t<div class=\"elementor-element elementor-element-a4c3215 e-con-full e-flex e-con e-child\" data-id=\"a4c3215\" data-element_type=\"container\" data-e-type=\"container\">\n\t\t\t\t<\/div>\n\t\t\t\t\t<\/div>\n\t\t\t\t<\/div>\n\t\t<div class=\"elementor-element elementor-element-261dcd2 e-flex e-con-boxed e-con e-parent\" data-id=\"261dcd2\" data-element_type=\"container\" data-e-type=\"container\" data-settings=\"{&quot;background_background&quot;:&quot;classic&quot;}\">\n\t\t\t\t\t<div class=\"e-con-inner\">\n\t\t<div class=\"elementor-element elementor-element-1df29e5 e-con-full e-flex e-con e-child\" data-id=\"1df29e5\" data-element_type=\"container\" data-e-type=\"container\">\n\t\t\t\t<div class=\"elementor-element elementor-element-f93e038 elementor-widget elementor-widget-heading\" data-id=\"f93e038\" data-element_type=\"widget\" data-e-type=\"widget\" data-widget_type=\"heading.default\">\n\t\t\t\t<div class=\"elementor-widget-container\">\n\t\t\t\t\t<h2 class=\"elementor-heading-title elementor-size-default\">WHO IS \u2018THE CUT\u2019 MASTERCLASS FOR?<\/h2>\t\t\t\t<\/div>\n\t\t\t\t<\/div>\n\t\t\t\t<div class=\"elementor-element elementor-element-0e16c5d elementor-widget elementor-widget-text-editor\" data-id=\"0e16c5d\" data-element_type=\"widget\" data-e-type=\"widget\" data-widget_type=\"text-editor.default\">\n\t\t\t\t<div class=\"elementor-widget-container\">\n\t\t\t\t\t\t\t\t\t<p><span style=\"font-weight: 400;\">This training is ideal for both experienced hairstylists and ambitious beginners who wish to perfect their haircutting techniques and learn to view hairstyles through shape and texture. The Masterclass brought together seasoned professionals and newcomers alike, determined to immediately raise the quality of their work to a higher level.<\/span><\/p><p><span style=\"font-weight: 400;\">If you missed the live event, don\u2019t miss the chance to experience it virtually \u2014 the complete Masterclass THE CUT material is available for download. Gain access to demonstrated techniques, working systems, and expert advice that instantly enhances both your service quality and the value of your salon offerings.<\/span><\/p>\t\t\t\t\t\t\t\t<\/div>\n\t\t\t\t<\/div>\n\t\t\t\t<div class=\"elementor-element elementor-element-606286b elementor-mobile-align-justify elementor-widget elementor-widget-button\" data-id=\"606286b\" data-element_type=\"widget\" data-e-type=\"widget\" data-widget_type=\"button.default\">\n\t\t\t\t<div class=\"elementor-widget-container\">\n\t\t\t\t\t\t\t\t\t<div class=\"elementor-button-wrapper\">\n\t\t\t\t\t<a class=\"elementor-button elementor-button-link elementor-size-md elementor-animation-grow\" href=\"https:\/\/tijanailic.com\/en\/online-education\/\">\n\t\t\t\t\t\t<span class=\"elementor-button-content-wrapper\">\n\t\t\t\t\t\t\t\t\t<span class=\"elementor-button-text\">BUY ONLINE EDUCATION<\/span>\n\t\t\t\t\t<\/span>\n\t\t\t\t\t<\/a>\n\t\t\t\t<\/div>\n\t\t\t\t\t\t\t\t<\/div>\n\t\t\t\t<\/div>\n\t\t\t\t<\/div>\n\t\t<div class=\"elementor-element elementor-element-a9f60b7 e-con-full e-flex e-con e-child\" data-id=\"a9f60b7\" data-element_type=\"container\" data-e-type=\"container\">\n\t\t\t\t<\/div>\n\t\t\t\t\t<\/div>\n\t\t\t\t<\/div>\n\t\t\t\t<\/div>","protected":false},"excerpt":{"rendered":"<p>MASTERCLASS REZ EDUKACIJA ZA FRIZERE KOJA MENJA KARIJERU U Beogradu, 12. 10. 2025. godine, odr\u017eana je jednodnevna edukacija za frizere u salonu Tijane Ili\u0107. Svi polaznici imali su priliku da upoznaju napredne tehnike \u0161i\u0161anja, savladaju specifi\u010dne ve\u0161tine komunikacije sa klijentima i nau\u010de kako da podignu cenu svojih usluga. \u00a0Za sve koji su propustili edukaciju, dostupan [&hellip;]<\/p>\n","protected":false},"author":3,"featured_media":0,"parent":0,"menu_order":0,"comment_status":"closed","ping_status":"closed","template":"","meta":{"footnotes":""},"class_list":["post-4984","page","type-page","status-publish","hentry"],"_links":{"self":[{"href":"https:\/\/tijanailic.com\/en\/wp-json\/wp\/v2\/pages\/4984","targetHints":{"allow":["GET"]}}],"collection":[{"href":"https:\/\/tijanailic.com\/en\/wp-json\/wp\/v2\/pages"}],"about":[{"href":"https:\/\/tijanailic.com\/en\/wp-json\/wp\/v2\/types\/page"}],"author":[{"embeddable":true,"href":"https:\/\/tijanailic.com\/en\/wp-json\/wp\/v2\/users\/3"}],"replies":[{"embeddable":true,"href":"https:\/\/tijanailic.com\/en\/wp-json\/wp\/v2\/comments?post=4984"}],"version-history":[{"count":0,"href":"https:\/\/tijanailic.com\/en\/wp-json\/wp\/v2\/pages\/4984\/revisions"}],"wp:attachment":[{"href":"https:\/\/tijanailic.com\/en\/wp-json\/wp\/v2\/media?parent=4984"}],"curies":[{"name":"wp","href":"https:\/\/api.w.org\/{rel}","templated":true}]}}