{"id":5423,"date":"2025-12-04T11:37:22","date_gmt":"2025-12-04T10:37:22","guid":{"rendered":"https:\/\/tijanailic.com\/?page_id=5423"},"modified":"2026-01-19T19:03:26","modified_gmt":"2026-01-19T18:03:26","slug":"ljilja-masterclass-rez","status":"publish","type":"page","link":"https:\/\/tijanailic.com\/en\/ljilja-masterclass-rez\/","title":{"rendered":"Ljilja Masterclass REZ"},"content":{"rendered":"<div data-elementor-type=\"wp-page\" data-elementor-id=\"5423\" class=\"elementor elementor-5423\" data-elementor-post-type=\"page\">\n\t\t\t\t<div class=\"elementor-element elementor-element-848340a e-flex e-con-boxed e-con e-parent\" data-id=\"848340a\" data-element_type=\"container\" data-e-type=\"container\">\n\t\t\t\t\t<div class=\"e-con-inner\">\n\t\t<div class=\"elementor-element elementor-element-319f1df e-con-full e-flex e-con e-child\" data-id=\"319f1df\" data-element_type=\"container\" data-e-type=\"container\">\n\t\t\t\t<div class=\"elementor-element elementor-element-0eff7b2 elementor-widget elementor-widget-image\" data-id=\"0eff7b2\" data-element_type=\"widget\" data-e-type=\"widget\" data-widget_type=\"image.default\">\n\t\t\t\t<div class=\"elementor-widget-container\">\n\t\t\t\t\t\t\t\t\t\t\t\t\t\t\t<img fetchpriority=\"high\" decoding=\"async\" width=\"683\" height=\"1024\" src=\"https:\/\/tijanailic.com\/wp-content\/uploads\/2025\/12\/IMG-6325-683x1024.webp\" class=\"attachment-large size-large wp-image-5426\" alt=\"\" srcset=\"https:\/\/tijanailic.com\/wp-content\/uploads\/2025\/12\/IMG-6325-683x1024.webp 683w, https:\/\/tijanailic.com\/wp-content\/uploads\/2025\/12\/IMG-6325-200x300.webp 200w, https:\/\/tijanailic.com\/wp-content\/uploads\/2025\/12\/IMG-6325-768x1152.webp 768w, https:\/\/tijanailic.com\/wp-content\/uploads\/2025\/12\/IMG-6325-1024x1536.webp 1024w, https:\/\/tijanailic.com\/wp-content\/uploads\/2025\/12\/IMG-6325-1365x2048.webp 1365w, https:\/\/tijanailic.com\/wp-content\/uploads\/2025\/12\/IMG-6325-8x12.webp 8w, https:\/\/tijanailic.com\/wp-content\/uploads\/2025\/12\/IMG-6325-600x900.webp 600w, https:\/\/tijanailic.com\/wp-content\/uploads\/2025\/12\/IMG-6325-scaled.webp 1707w\" sizes=\"(max-width: 683px) 100vw, 683px\" \/>\t\t\t\t\t\t\t\t\t\t\t\t\t\t\t<\/div>\n\t\t\t\t<\/div>\n\t\t\t\t<div class=\"elementor-element elementor-element-5b4091d elementor-pagination-position-outside elementor-widget elementor-widget-image-carousel\" data-id=\"5b4091d\" data-element_type=\"widget\" data-e-type=\"widget\" data-settings=\"{&quot;slides_to_show_mobile&quot;:&quot;3&quot;,&quot;navigation&quot;:&quot;dots&quot;,&quot;image_spacing_custom&quot;:{&quot;unit&quot;:&quot;px&quot;,&quot;size&quot;:9,&quot;sizes&quot;:[]},&quot;autoplay&quot;:&quot;yes&quot;,&quot;pause_on_hover&quot;:&quot;yes&quot;,&quot;pause_on_interaction&quot;:&quot;yes&quot;,&quot;autoplay_speed&quot;:5000,&quot;infinite&quot;:&quot;yes&quot;,&quot;speed&quot;:500,&quot;image_spacing_custom_tablet&quot;:{&quot;unit&quot;:&quot;px&quot;,&quot;size&quot;:&quot;&quot;,&quot;sizes&quot;:[]},&quot;image_spacing_custom_mobile&quot;:{&quot;unit&quot;:&quot;px&quot;,&quot;size&quot;:&quot;&quot;,&quot;sizes&quot;:[]}}\" data-widget_type=\"image-carousel.default\">\n\t\t\t\t<div class=\"elementor-widget-container\">\n\t\t\t\t\t\t\t<div class=\"elementor-image-carousel-wrapper swiper\" role=\"region\" aria-roledescription=\"carousel\" aria-label=\"Carousel painting\" dir=\"ltr\">\n\t\t\t<div class=\"elementor-image-carousel swiper-wrapper\" aria-live=\"off\">\n\t\t\t\t\t\t\t\t<div class=\"swiper-slide\" role=\"group\" aria-roledescription=\"slide\" aria-label=\"1 of 16\"><a data-elementor-open-lightbox=\"yes\" data-elementor-lightbox-slideshow=\"5b4091d\" data-elementor-lightbox-title=\"1\" data-e-action-hash=\"#elementor-action%3Aaction%3Dlightbox%26settings%3DeyJpZCI6NTQ4NywidXJsIjoiaHR0cHM6XC9cL3RpamFuYWlsaWMuY29tXC93cC1jb250ZW50XC91cGxvYWRzXC8yMDI1XC8xMlwvMS0xLndlYnAiLCJzbGlkZXNob3ciOiI1YjQwOTFkIn0%3D\" href=\"https:\/\/tijanailic.com\/wp-content\/uploads\/2025\/12\/1-1.webp\"><figure class=\"swiper-slide-inner\"><img decoding=\"async\" class=\"swiper-slide-image\" src=\"https:\/\/tijanailic.com\/wp-content\/uploads\/2025\/12\/1-1.webp\" alt=\"1\" \/><\/figure><\/a><\/div><div class=\"swiper-slide\" role=\"group\" aria-roledescription=\"slide\" aria-label=\"2 of 16\"><a data-elementor-open-lightbox=\"yes\" data-elementor-lightbox-slideshow=\"5b4091d\" data-elementor-lightbox-title=\"2\" data-e-action-hash=\"#elementor-action%3Aaction%3Dlightbox%26settings%3DeyJpZCI6NTQ4OCwidXJsIjoiaHR0cHM6XC9cL3RpamFuYWlsaWMuY29tXC93cC1jb250ZW50XC91cGxvYWRzXC8yMDI1XC8xMlwvMi0xLndlYnAiLCJzbGlkZXNob3ciOiI1YjQwOTFkIn0%3D\" href=\"https:\/\/tijanailic.com\/wp-content\/uploads\/2025\/12\/2-1.webp\"><figure class=\"swiper-slide-inner\"><img decoding=\"async\" class=\"swiper-slide-image\" src=\"https:\/\/tijanailic.com\/wp-content\/uploads\/2025\/12\/2-1.webp\" alt=\"2\" \/><\/figure><\/a><\/div><div class=\"swiper-slide\" role=\"group\" aria-roledescription=\"slide\" aria-label=\"3 of 16\"><a data-elementor-open-lightbox=\"yes\" data-elementor-lightbox-slideshow=\"5b4091d\" data-elementor-lightbox-title=\"3\" data-e-action-hash=\"#elementor-action%3Aaction%3Dlightbox%26settings%3DeyJpZCI6NTQ4OSwidXJsIjoiaHR0cHM6XC9cL3RpamFuYWlsaWMuY29tXC93cC1jb250ZW50XC91cGxvYWRzXC8yMDI1XC8xMlwvMy0xLndlYnAiLCJzbGlkZXNob3ciOiI1YjQwOTFkIn0%3D\" href=\"https:\/\/tijanailic.com\/wp-content\/uploads\/2025\/12\/3-1.webp\"><figure class=\"swiper-slide-inner\"><img decoding=\"async\" class=\"swiper-slide-image\" src=\"https:\/\/tijanailic.com\/wp-content\/uploads\/2025\/12\/3-1.webp\" alt=\"3\" \/><\/figure><\/a><\/div><div class=\"swiper-slide\" role=\"group\" aria-roledescription=\"slide\" aria-label=\"4 of 16\"><a data-elementor-open-lightbox=\"yes\" data-elementor-lightbox-slideshow=\"5b4091d\" data-elementor-lightbox-title=\"4\" data-e-action-hash=\"#elementor-action%3Aaction%3Dlightbox%26settings%3DeyJpZCI6NTQ5MCwidXJsIjoiaHR0cHM6XC9cL3RpamFuYWlsaWMuY29tXC93cC1jb250ZW50XC91cGxvYWRzXC8yMDI1XC8xMlwvNC0xLndlYnAiLCJzbGlkZXNob3ciOiI1YjQwOTFkIn0%3D\" href=\"https:\/\/tijanailic.com\/wp-content\/uploads\/2025\/12\/4-1.webp\"><figure class=\"swiper-slide-inner\"><img decoding=\"async\" class=\"swiper-slide-image\" src=\"https:\/\/tijanailic.com\/wp-content\/uploads\/2025\/12\/4-1.webp\" alt=\"4\" \/><\/figure><\/a><\/div><div class=\"swiper-slide\" role=\"group\" aria-roledescription=\"slide\" aria-label=\"5 of 16\"><a data-elementor-open-lightbox=\"yes\" data-elementor-lightbox-slideshow=\"5b4091d\" data-elementor-lightbox-title=\"5\" data-e-action-hash=\"#elementor-action%3Aaction%3Dlightbox%26settings%3DeyJpZCI6NTQ5MSwidXJsIjoiaHR0cHM6XC9cL3RpamFuYWlsaWMuY29tXC93cC1jb250ZW50XC91cGxvYWRzXC8yMDI1XC8xMlwvNS0xLndlYnAiLCJzbGlkZXNob3ciOiI1YjQwOTFkIn0%3D\" href=\"https:\/\/tijanailic.com\/wp-content\/uploads\/2025\/12\/5-1.webp\"><figure class=\"swiper-slide-inner\"><img decoding=\"async\" class=\"swiper-slide-image\" src=\"https:\/\/tijanailic.com\/wp-content\/uploads\/2025\/12\/5-1.webp\" alt=\"5\" \/><\/figure><\/a><\/div><div class=\"swiper-slide\" role=\"group\" aria-roledescription=\"slide\" aria-label=\"6 of 16\"><a data-elementor-open-lightbox=\"yes\" data-elementor-lightbox-slideshow=\"5b4091d\" data-elementor-lightbox-title=\"6\" data-e-action-hash=\"#elementor-action%3Aaction%3Dlightbox%26settings%3DeyJpZCI6NTQ5MiwidXJsIjoiaHR0cHM6XC9cL3RpamFuYWlsaWMuY29tXC93cC1jb250ZW50XC91cGxvYWRzXC8yMDI1XC8xMlwvNi0xLndlYnAiLCJzbGlkZXNob3ciOiI1YjQwOTFkIn0%3D\" href=\"https:\/\/tijanailic.com\/wp-content\/uploads\/2025\/12\/6-1.webp\"><figure class=\"swiper-slide-inner\"><img decoding=\"async\" class=\"swiper-slide-image\" src=\"https:\/\/tijanailic.com\/wp-content\/uploads\/2025\/12\/6-1.webp\" alt=\"6\" \/><\/figure><\/a><\/div><div class=\"swiper-slide\" role=\"group\" aria-roledescription=\"slide\" aria-label=\"7 of 16\"><a data-elementor-open-lightbox=\"yes\" data-elementor-lightbox-slideshow=\"5b4091d\" data-elementor-lightbox-title=\"7\" data-e-action-hash=\"#elementor-action%3Aaction%3Dlightbox%26settings%3DeyJpZCI6NTQ5MywidXJsIjoiaHR0cHM6XC9cL3RpamFuYWlsaWMuY29tXC93cC1jb250ZW50XC91cGxvYWRzXC8yMDI1XC8xMlwvNy0xLndlYnAiLCJzbGlkZXNob3ciOiI1YjQwOTFkIn0%3D\" href=\"https:\/\/tijanailic.com\/wp-content\/uploads\/2025\/12\/7-1.webp\"><figure class=\"swiper-slide-inner\"><img decoding=\"async\" class=\"swiper-slide-image\" src=\"https:\/\/tijanailic.com\/wp-content\/uploads\/2025\/12\/7-1.webp\" alt=\"7\" \/><\/figure><\/a><\/div><div class=\"swiper-slide\" role=\"group\" aria-roledescription=\"slide\" aria-label=\"8 of 16\"><a data-elementor-open-lightbox=\"yes\" data-elementor-lightbox-slideshow=\"5b4091d\" data-elementor-lightbox-title=\"8\" data-e-action-hash=\"#elementor-action%3Aaction%3Dlightbox%26settings%3DeyJpZCI6NTQ5NCwidXJsIjoiaHR0cHM6XC9cL3RpamFuYWlsaWMuY29tXC93cC1jb250ZW50XC91cGxvYWRzXC8yMDI1XC8xMlwvOC0xLndlYnAiLCJzbGlkZXNob3ciOiI1YjQwOTFkIn0%3D\" href=\"https:\/\/tijanailic.com\/wp-content\/uploads\/2025\/12\/8-1.webp\"><figure class=\"swiper-slide-inner\"><img decoding=\"async\" class=\"swiper-slide-image\" src=\"https:\/\/tijanailic.com\/wp-content\/uploads\/2025\/12\/8-1.webp\" alt=\"8\" \/><\/figure><\/a><\/div><div class=\"swiper-slide\" role=\"group\" aria-roledescription=\"slide\" aria-label=\"9 of 16\"><a data-elementor-open-lightbox=\"yes\" data-elementor-lightbox-slideshow=\"5b4091d\" data-elementor-lightbox-title=\"9\" data-e-action-hash=\"#elementor-action%3Aaction%3Dlightbox%26settings%3DeyJpZCI6NTQ5NSwidXJsIjoiaHR0cHM6XC9cL3RpamFuYWlsaWMuY29tXC93cC1jb250ZW50XC91cGxvYWRzXC8yMDI1XC8xMlwvOS0xLndlYnAiLCJzbGlkZXNob3ciOiI1YjQwOTFkIn0%3D\" href=\"https:\/\/tijanailic.com\/wp-content\/uploads\/2025\/12\/9-1.webp\"><figure class=\"swiper-slide-inner\"><img decoding=\"async\" class=\"swiper-slide-image\" src=\"https:\/\/tijanailic.com\/wp-content\/uploads\/2025\/12\/9-1.webp\" alt=\"9\" \/><\/figure><\/a><\/div><div class=\"swiper-slide\" role=\"group\" aria-roledescription=\"slide\" aria-label=\"10 of 16\"><a data-elementor-open-lightbox=\"yes\" data-elementor-lightbox-slideshow=\"5b4091d\" data-elementor-lightbox-title=\"10\" data-e-action-hash=\"#elementor-action%3Aaction%3Dlightbox%26settings%3DeyJpZCI6NTQ5NiwidXJsIjoiaHR0cHM6XC9cL3RpamFuYWlsaWMuY29tXC93cC1jb250ZW50XC91cGxvYWRzXC8yMDI1XC8xMlwvMTAud2VicCIsInNsaWRlc2hvdyI6IjViNDA5MWQifQ%3D%3D\" href=\"https:\/\/tijanailic.com\/wp-content\/uploads\/2025\/12\/10.webp\"><figure class=\"swiper-slide-inner\"><img decoding=\"async\" class=\"swiper-slide-image\" src=\"https:\/\/tijanailic.com\/wp-content\/uploads\/2025\/12\/10.webp\" alt=\"10\" \/><\/figure><\/a><\/div><div class=\"swiper-slide\" role=\"group\" aria-roledescription=\"slide\" aria-label=\"11 of 16\"><a data-elementor-open-lightbox=\"yes\" data-elementor-lightbox-slideshow=\"5b4091d\" data-elementor-lightbox-title=\"11\" data-e-action-hash=\"#elementor-action%3Aaction%3Dlightbox%26settings%3DeyJpZCI6NTQ5NywidXJsIjoiaHR0cHM6XC9cL3RpamFuYWlsaWMuY29tXC93cC1jb250ZW50XC91cGxvYWRzXC8yMDI1XC8xMlwvMTEud2VicCIsInNsaWRlc2hvdyI6IjViNDA5MWQifQ%3D%3D\" href=\"https:\/\/tijanailic.com\/wp-content\/uploads\/2025\/12\/11.webp\"><figure class=\"swiper-slide-inner\"><img decoding=\"async\" class=\"swiper-slide-image\" src=\"https:\/\/tijanailic.com\/wp-content\/uploads\/2025\/12\/11.webp\" alt=\"11\" \/><\/figure><\/a><\/div><div class=\"swiper-slide\" role=\"group\" aria-roledescription=\"slide\" aria-label=\"12 of 16\"><a data-elementor-open-lightbox=\"yes\" data-elementor-lightbox-slideshow=\"5b4091d\" data-elementor-lightbox-title=\"12\" data-e-action-hash=\"#elementor-action%3Aaction%3Dlightbox%26settings%3DeyJpZCI6NTQ5OCwidXJsIjoiaHR0cHM6XC9cL3RpamFuYWlsaWMuY29tXC93cC1jb250ZW50XC91cGxvYWRzXC8yMDI1XC8xMlwvMTIud2VicCIsInNsaWRlc2hvdyI6IjViNDA5MWQifQ%3D%3D\" href=\"https:\/\/tijanailic.com\/wp-content\/uploads\/2025\/12\/12.webp\"><figure class=\"swiper-slide-inner\"><img decoding=\"async\" class=\"swiper-slide-image\" src=\"https:\/\/tijanailic.com\/wp-content\/uploads\/2025\/12\/12.webp\" alt=\"12\" \/><\/figure><\/a><\/div><div class=\"swiper-slide\" role=\"group\" aria-roledescription=\"slide\" aria-label=\"13 of 16\"><a data-elementor-open-lightbox=\"yes\" data-elementor-lightbox-slideshow=\"5b4091d\" data-elementor-lightbox-title=\"13\" data-e-action-hash=\"#elementor-action%3Aaction%3Dlightbox%26settings%3DeyJpZCI6NTQ5OSwidXJsIjoiaHR0cHM6XC9cL3RpamFuYWlsaWMuY29tXC93cC1jb250ZW50XC91cGxvYWRzXC8yMDI1XC8xMlwvMTMud2VicCIsInNsaWRlc2hvdyI6IjViNDA5MWQifQ%3D%3D\" href=\"https:\/\/tijanailic.com\/wp-content\/uploads\/2025\/12\/13.webp\"><figure class=\"swiper-slide-inner\"><img decoding=\"async\" class=\"swiper-slide-image\" src=\"https:\/\/tijanailic.com\/wp-content\/uploads\/2025\/12\/13.webp\" alt=\"13\" \/><\/figure><\/a><\/div><div class=\"swiper-slide\" role=\"group\" aria-roledescription=\"slide\" aria-label=\"14 of 16\"><a data-elementor-open-lightbox=\"yes\" data-elementor-lightbox-slideshow=\"5b4091d\" data-elementor-lightbox-title=\"14\" data-e-action-hash=\"#elementor-action%3Aaction%3Dlightbox%26settings%3DeyJpZCI6NTUwMCwidXJsIjoiaHR0cHM6XC9cL3RpamFuYWlsaWMuY29tXC93cC1jb250ZW50XC91cGxvYWRzXC8yMDI1XC8xMlwvMTQud2VicCIsInNsaWRlc2hvdyI6IjViNDA5MWQifQ%3D%3D\" href=\"https:\/\/tijanailic.com\/wp-content\/uploads\/2025\/12\/14.webp\"><figure class=\"swiper-slide-inner\"><img decoding=\"async\" class=\"swiper-slide-image\" src=\"https:\/\/tijanailic.com\/wp-content\/uploads\/2025\/12\/14.webp\" alt=\"14\" \/><\/figure><\/a><\/div><div class=\"swiper-slide\" role=\"group\" aria-roledescription=\"slide\" aria-label=\"15 of 16\"><a data-elementor-open-lightbox=\"yes\" data-elementor-lightbox-slideshow=\"5b4091d\" data-elementor-lightbox-title=\"15\" data-e-action-hash=\"#elementor-action%3Aaction%3Dlightbox%26settings%3DeyJpZCI6NTUwMSwidXJsIjoiaHR0cHM6XC9cL3RpamFuYWlsaWMuY29tXC93cC1jb250ZW50XC91cGxvYWRzXC8yMDI1XC8xMlwvMTUud2VicCIsInNsaWRlc2hvdyI6IjViNDA5MWQifQ%3D%3D\" href=\"https:\/\/tijanailic.com\/wp-content\/uploads\/2025\/12\/15.webp\"><figure class=\"swiper-slide-inner\"><img decoding=\"async\" class=\"swiper-slide-image\" src=\"https:\/\/tijanailic.com\/wp-content\/uploads\/2025\/12\/15.webp\" alt=\"15\" \/><\/figure><\/a><\/div><div class=\"swiper-slide\" role=\"group\" aria-roledescription=\"slide\" aria-label=\"16 of 16\"><a data-elementor-open-lightbox=\"yes\" data-elementor-lightbox-slideshow=\"5b4091d\" data-elementor-lightbox-title=\"16\" data-e-action-hash=\"#elementor-action%3Aaction%3Dlightbox%26settings%3DeyJpZCI6NTUwMiwidXJsIjoiaHR0cHM6XC9cL3RpamFuYWlsaWMuY29tXC93cC1jb250ZW50XC91cGxvYWRzXC8yMDI1XC8xMlwvMTYud2VicCIsInNsaWRlc2hvdyI6IjViNDA5MWQifQ%3D%3D\" href=\"https:\/\/tijanailic.com\/wp-content\/uploads\/2025\/12\/16.webp\"><figure class=\"swiper-slide-inner\"><img decoding=\"async\" class=\"swiper-slide-image\" src=\"https:\/\/tijanailic.com\/wp-content\/uploads\/2025\/12\/16.webp\" alt=\"16\" \/><\/figure><\/a><\/div>\t\t\t<\/div>\n\t\t\t\t\t\t\t\n\t\t\t\t\t\t\t\t\t<div class=\"swiper-pagination\"><\/div>\n\t\t\t\t\t\t\t\t\t<\/div>\n\t\t\t\t\t\t<\/div>\n\t\t\t\t<\/div>\n\t\t\t\t<\/div>\n\t\t<div class=\"elementor-element elementor-element-584d57d e-con-full e-flex e-con e-child\" data-id=\"584d57d\" data-element_type=\"container\" data-e-type=\"container\">\n\t\t\t\t<div class=\"elementor-element elementor-element-179b993 elementor-widget elementor-widget-heading\" data-id=\"179b993\" data-element_type=\"widget\" data-e-type=\"widget\" data-widget_type=\"heading.default\">\n\t\t\t\t<div class=\"elementor-widget-container\">\n\t\t\t\t\t<h1 class=\"elementor-heading-title elementor-size-default\">GRADUATED HAIRCUT \/ SOFT SHAG<\/h1>\t\t\t\t<\/div>\n\t\t\t\t<\/div>\n\t\t\t\t<div class=\"elementor-element elementor-element-d003aa8 elementor-widget elementor-widget-rating\" data-id=\"d003aa8\" data-element_type=\"widget\" data-e-type=\"widget\" data-widget_type=\"rating.default\">\n\t\t\t\t<div class=\"elementor-widget-container\">\n\t\t\t\t\t\t\t<div class=\"e-rating\" itemtype=\"https:\/\/schema.org\/Rating\" itemscope=\"\" itemprop=\"reviewRating\">\n\t\t\t<meta itemprop=\"worstRating\" content=\"0\">\n\t\t\t<meta itemprop=\"bestRating\" content=\"5\">\n\t\t\t<div class=\"e-rating-wrapper\" itemprop=\"ratingValue\" content=\"5\" role=\"img\" aria-label=\"Rated 5 out of 5\">\n\t\t\t\t\t\t\t<div class=\"e-icon\">\n\t\t\t\t<div class=\"e-icon-wrapper e-icon-marked\">\n\t\t\t\t\t<i aria-hidden=\"true\" class=\"eicon-star\"><\/i>\t\t\t\t<\/div>\n\t\t\t\t<div class=\"e-icon-wrapper e-icon-unmarked\">\n\t\t\t\t\t<i aria-hidden=\"true\" class=\"eicon-star\"><\/i>\t\t\t\t<\/div>\n\t\t\t<\/div>\n\t\t\t\t\t\t<div class=\"e-icon\">\n\t\t\t\t<div class=\"e-icon-wrapper e-icon-marked\">\n\t\t\t\t\t<i aria-hidden=\"true\" class=\"eicon-star\"><\/i>\t\t\t\t<\/div>\n\t\t\t\t<div class=\"e-icon-wrapper e-icon-unmarked\">\n\t\t\t\t\t<i aria-hidden=\"true\" class=\"eicon-star\"><\/i>\t\t\t\t<\/div>\n\t\t\t<\/div>\n\t\t\t\t\t\t<div class=\"e-icon\">\n\t\t\t\t<div class=\"e-icon-wrapper e-icon-marked\">\n\t\t\t\t\t<i aria-hidden=\"true\" class=\"eicon-star\"><\/i>\t\t\t\t<\/div>\n\t\t\t\t<div class=\"e-icon-wrapper e-icon-unmarked\">\n\t\t\t\t\t<i aria-hidden=\"true\" class=\"eicon-star\"><\/i>\t\t\t\t<\/div>\n\t\t\t<\/div>\n\t\t\t\t\t\t<div class=\"e-icon\">\n\t\t\t\t<div class=\"e-icon-wrapper e-icon-marked\">\n\t\t\t\t\t<i aria-hidden=\"true\" class=\"eicon-star\"><\/i>\t\t\t\t<\/div>\n\t\t\t\t<div class=\"e-icon-wrapper e-icon-unmarked\">\n\t\t\t\t\t<i aria-hidden=\"true\" class=\"eicon-star\"><\/i>\t\t\t\t<\/div>\n\t\t\t<\/div>\n\t\t\t\t\t\t<div class=\"e-icon\">\n\t\t\t\t<div class=\"e-icon-wrapper e-icon-marked\">\n\t\t\t\t\t<i aria-hidden=\"true\" class=\"eicon-star\"><\/i>\t\t\t\t<\/div>\n\t\t\t\t<div class=\"e-icon-wrapper e-icon-unmarked\">\n\t\t\t\t\t<i aria-hidden=\"true\" class=\"eicon-star\"><\/i>\t\t\t\t<\/div>\n\t\t\t<\/div>\n\t\t\t\t\t\t<\/div>\n\t\t<\/div>\n\t\t\t\t\t\t<\/div>\n\t\t\t\t<\/div>\n\t\t\t\t<div class=\"elementor-element elementor-element-ac03e08 elementor-widget elementor-widget-heading\" data-id=\"ac03e08\" data-element_type=\"widget\" data-e-type=\"widget\" data-widget_type=\"heading.default\">\n\t\t\t\t<div class=\"elementor-widget-container\">\n\t\t\t\t\t<h2 class=\"elementor-heading-title elementor-size-default\">219\u20ac<\/h2>\t\t\t\t<\/div>\n\t\t\t\t<\/div>\n\t\t\t\t<div class=\"elementor-element elementor-element-8a5c4fa elementor-mobile-align-justify elementor-align-justify elementor-widget elementor-widget-button\" data-id=\"8a5c4fa\" data-element_type=\"widget\" data-e-type=\"widget\" data-widget_type=\"button.default\">\n\t\t\t\t<div class=\"elementor-widget-container\">\n\t\t\t\t\t\t\t\t\t<div class=\"elementor-button-wrapper\">\n\t\t\t\t\t<a class=\"elementor-button elementor-button-link elementor-size-md elementor-animation-grow\" href=\"https:\/\/tijanailic.thinkific.com\/enroll\/3630334?price_id=4570012\" target=\"_blank\" rel=\"noopener\">\n\t\t\t\t\t\t<span class=\"elementor-button-content-wrapper\">\n\t\t\t\t\t\t\t\t\t<span class=\"elementor-button-text\">BUY NOW<\/span>\n\t\t\t\t\t<\/span>\n\t\t\t\t\t<\/a>\n\t\t\t\t<\/div>\n\t\t\t\t\t\t\t\t<\/div>\n\t\t\t\t<\/div>\n\t\t\t\t<div class=\"elementor-element elementor-element-863f859 elementor-widget elementor-widget-text-editor\" data-id=\"863f859\" data-element_type=\"widget\" data-e-type=\"widget\" data-widget_type=\"text-editor.default\">\n\t\t\t\t<div class=\"elementor-widget-container\">\n\t\t\t\t\t\t\t\t\t<p><span style=\"font-weight: 400;\">This section of the masterclass presents a graduated long haircut technique that is currently one of the most in-demand styles in salons, known as the soft shag, with a focus on creating a shape that clients can easily maintain on their own. You will learn to adapt the cutting line to the face shape in a single movement, achieving soft, wearable ends.<\/span><\/p><p><span style=\"font-weight: 400;\">The training focuses on a practical cutting technique that Tijana uses daily in her studio, as well as on the correct selection and use of products for caring for and styling long hair before blow-drying and shaping.<\/span><\/p><p><span style=\"font-weight: 400;\">The education covers two key segments of the cutting process.<\/span><\/p><ul><li style=\"font-weight: 400;\" aria-level=\"1\"><span style=\"font-weight: 400;\">Application of the technique on a mannequin head, with a detailed explanation of each step.<\/span><span style=\"font-weight: 400;\"><br \/><\/span><\/li><li style=\"font-weight: 400;\" aria-level=\"1\"><p><span style=\"font-weight: 400;\">Demonstration of the same technique on a live model, allowing you to see how the shape behaves in real salon work.<\/span><\/p><\/li><\/ul><p><b>What you will learn from this video material:<\/b><\/p><ul><li style=\"font-weight: 400;\" aria-level=\"1\"><span style=\"font-weight: 400;\">How to use scissors in relation to different hair types and achieve a clean cutting line with soft, natural ends in a single movement.<\/span><\/li><li style=\"font-weight: 400;\" aria-level=\"1\"><span style=\"font-weight: 400;\">How to divide the hair into three sections and, through simple and logical steps, create a graduated shape on long hair while significantly saving time in your work.<\/span><\/li><li style=\"font-weight: 400;\" aria-level=\"1\"><span style=\"font-weight: 400;\">How to determine the position of the fringe in relation to the rest of the haircut to ensure a balanced shape, and how to cut it perfectly and efficiently.\u00a0<\/span><\/li><li style=\"font-weight: 400;\" aria-level=\"1\"><span style=\"font-weight: 400;\">How to choose and use products for the care and styling of long hair in preparation for blow-drying.<\/span><\/li><li style=\"font-weight: 400;\" aria-level=\"1\"><p><span style=\"font-weight: 400;\">Blow-drying techniques for long hair and how to achieve an airy look with full volume.<\/span><\/p><\/li><\/ul><p><b>Format<\/b><span style=\"font-weight: 400;\">Live-recorded masterclass<br \/><\/span><b>Duration<\/b><span style=\"font-weight: 400;\">: 1h 26 minuta<\/span><\/p><p><b>BONUS<\/b><span style=\"font-weight: 400;\">: A detailed list of all products Tijana used on the model.\u00a0<\/span><\/p><p><span style=\"font-weight: 400;\">This education is intended for hairdressers who want to improve the precision of graduated haircuts, speed up their workflow, and offer clients a long-lasting, functional hairstyle that is easy to maintain at home.<\/span><\/p>\t\t\t\t\t\t\t\t<\/div>\n\t\t\t\t<\/div>\n\t\t\t\t<div class=\"elementor-element elementor-element-34a5620 elementor-mobile-align-justify elementor-align-justify elementor-widget elementor-widget-button\" data-id=\"34a5620\" data-element_type=\"widget\" data-e-type=\"widget\" data-widget_type=\"button.default\">\n\t\t\t\t<div class=\"elementor-widget-container\">\n\t\t\t\t\t\t\t\t\t<div class=\"elementor-button-wrapper\">\n\t\t\t\t\t<a class=\"elementor-button elementor-button-link elementor-size-md elementor-animation-grow\" href=\"https:\/\/tijanailic.thinkific.com\/enroll\/3630334?price_id=4570012\" target=\"_blank\" rel=\"noopener\">\n\t\t\t\t\t\t<span class=\"elementor-button-content-wrapper\">\n\t\t\t\t\t\t\t\t\t<span class=\"elementor-button-text\">BUY NOW<\/span>\n\t\t\t\t\t<\/span>\n\t\t\t\t\t<\/a>\n\t\t\t\t<\/div>\n\t\t\t\t\t\t\t\t<\/div>\n\t\t\t\t<\/div>\n\t\t\t\t<\/div>\n\t\t\t\t\t<\/div>\n\t\t\t\t<\/div>\n\t\t\t\t<\/div>","protected":false},"excerpt":{"rendered":"<p>Stepenasto \u0160i\u0161anje 219\u20ac KUPITE EDUKACIJU Ovaj deo masterclassa prikazuje tehniku stepenastog \u0161i\u0161anja duge kose koja je danas jedna od najtra\u017eenijih u salonima (soft shag), sa fokusom na formu koju klijent mo\u017ee lako sam da odr\u017eava. Nau\u010di\u0107ete kako u jednom potezu da prilagodite liniju \u0161i\u0161anja obliku lica i postignete mekane, nosive krajeve. Fokus edukacije je na [&hellip;]<\/p>\n","protected":false},"author":3,"featured_media":0,"parent":0,"menu_order":0,"comment_status":"closed","ping_status":"closed","template":"","meta":{"footnotes":""},"class_list":["post-5423","page","type-page","status-publish","hentry"],"_links":{"self":[{"href":"https:\/\/tijanailic.com\/en\/wp-json\/wp\/v2\/pages\/5423","targetHints":{"allow":["GET"]}}],"collection":[{"href":"https:\/\/tijanailic.com\/en\/wp-json\/wp\/v2\/pages"}],"about":[{"href":"https:\/\/tijanailic.com\/en\/wp-json\/wp\/v2\/types\/page"}],"author":[{"embeddable":true,"href":"https:\/\/tijanailic.com\/en\/wp-json\/wp\/v2\/users\/3"}],"replies":[{"embeddable":true,"href":"https:\/\/tijanailic.com\/en\/wp-json\/wp\/v2\/comments?post=5423"}],"version-history":[{"count":0,"href":"https:\/\/tijanailic.com\/en\/wp-json\/wp\/v2\/pages\/5423\/revisions"}],"wp:attachment":[{"href":"https:\/\/tijanailic.com\/en\/wp-json\/wp\/v2\/media?parent=5423"}],"curies":[{"name":"wp","href":"https:\/\/api.w.org\/{rel}","templated":true}]}}