{"id":5547,"date":"2025-12-24T15:07:34","date_gmt":"2025-12-24T14:07:34","guid":{"rendered":"https:\/\/tijanailic.com\/?page_id=5547"},"modified":"2026-01-19T19:04:25","modified_gmt":"2026-01-19T18:04:25","slug":"saska-masterclass-rez","status":"publish","type":"page","link":"https:\/\/tijanailic.com\/en\/saska-masterclass-rez\/","title":{"rendered":"Sa\u0161ka Masterclass REZ"},"content":{"rendered":"<div data-elementor-type=\"wp-page\" data-elementor-id=\"5547\" class=\"elementor elementor-5547\" data-elementor-post-type=\"page\">\n\t\t\t\t<div class=\"elementor-element elementor-element-f1af368 e-flex e-con-boxed e-con e-parent\" data-id=\"f1af368\" data-element_type=\"container\" data-e-type=\"container\">\n\t\t\t\t\t<div class=\"e-con-inner\">\n\t\t<div class=\"elementor-element elementor-element-4a92f8a e-con-full e-flex e-con e-child\" data-id=\"4a92f8a\" data-element_type=\"container\" data-e-type=\"container\">\n\t\t\t\t<div class=\"elementor-element elementor-element-a60dc03 elementor-widget elementor-widget-image\" data-id=\"a60dc03\" data-element_type=\"widget\" data-e-type=\"widget\" data-widget_type=\"image.default\">\n\t\t\t\t<div class=\"elementor-widget-container\">\n\t\t\t\t\t\t\t\t\t\t\t\t\t\t\t<img fetchpriority=\"high\" decoding=\"async\" width=\"683\" height=\"1024\" src=\"https:\/\/tijanailic.com\/wp-content\/uploads\/2025\/12\/4-4-683x1024.webp\" class=\"attachment-large size-large wp-image-5554\" alt=\"\" srcset=\"https:\/\/tijanailic.com\/wp-content\/uploads\/2025\/12\/4-4-683x1024.webp 683w, https:\/\/tijanailic.com\/wp-content\/uploads\/2025\/12\/4-4-200x300.webp 200w, https:\/\/tijanailic.com\/wp-content\/uploads\/2025\/12\/4-4-768x1152.webp 768w, https:\/\/tijanailic.com\/wp-content\/uploads\/2025\/12\/4-4-1024x1536.webp 1024w, https:\/\/tijanailic.com\/wp-content\/uploads\/2025\/12\/4-4-1366x2048.webp 1366w, https:\/\/tijanailic.com\/wp-content\/uploads\/2025\/12\/4-4-8x12.webp 8w, https:\/\/tijanailic.com\/wp-content\/uploads\/2025\/12\/4-4-600x900.webp 600w, https:\/\/tijanailic.com\/wp-content\/uploads\/2025\/12\/4-4.webp 1707w\" sizes=\"(max-width: 683px) 100vw, 683px\" \/>\t\t\t\t\t\t\t\t\t\t\t\t\t\t\t<\/div>\n\t\t\t\t<\/div>\n\t\t\t\t<div class=\"elementor-element elementor-element-d981c06 elementor-pagination-position-outside elementor-widget elementor-widget-image-carousel\" data-id=\"d981c06\" data-element_type=\"widget\" data-e-type=\"widget\" data-settings=\"{&quot;slides_to_show_mobile&quot;:&quot;3&quot;,&quot;navigation&quot;:&quot;dots&quot;,&quot;image_spacing_custom&quot;:{&quot;unit&quot;:&quot;px&quot;,&quot;size&quot;:9,&quot;sizes&quot;:[]},&quot;autoplay&quot;:&quot;yes&quot;,&quot;pause_on_hover&quot;:&quot;yes&quot;,&quot;pause_on_interaction&quot;:&quot;yes&quot;,&quot;autoplay_speed&quot;:5000,&quot;infinite&quot;:&quot;yes&quot;,&quot;speed&quot;:500,&quot;image_spacing_custom_tablet&quot;:{&quot;unit&quot;:&quot;px&quot;,&quot;size&quot;:&quot;&quot;,&quot;sizes&quot;:[]},&quot;image_spacing_custom_mobile&quot;:{&quot;unit&quot;:&quot;px&quot;,&quot;size&quot;:&quot;&quot;,&quot;sizes&quot;:[]}}\" data-widget_type=\"image-carousel.default\">\n\t\t\t\t<div class=\"elementor-widget-container\">\n\t\t\t\t\t\t\t<div class=\"elementor-image-carousel-wrapper swiper\" role=\"region\" aria-roledescription=\"carousel\" aria-label=\"Carousel painting\" dir=\"ltr\">\n\t\t\t<div class=\"elementor-image-carousel swiper-wrapper\" aria-live=\"off\">\n\t\t\t\t\t\t\t\t<div class=\"swiper-slide\" role=\"group\" aria-roledescription=\"slide\" aria-label=\"1 of 5\"><a data-elementor-open-lightbox=\"yes\" data-elementor-lightbox-slideshow=\"d981c06\" data-elementor-lightbox-title=\"6\" data-e-action-hash=\"#elementor-action%3Aaction%3Dlightbox%26settings%3DeyJpZCI6NTU1NiwidXJsIjoiaHR0cHM6XC9cL3RpamFuYWlsaWMuY29tXC93cC1jb250ZW50XC91cGxvYWRzXC8yMDI1XC8xMlwvNi0zLndlYnAiLCJzbGlkZXNob3ciOiJkOTgxYzA2In0%3D\" href=\"https:\/\/tijanailic.com\/wp-content\/uploads\/2025\/12\/6-3.webp\"><figure class=\"swiper-slide-inner\"><img decoding=\"async\" class=\"swiper-slide-image\" src=\"https:\/\/tijanailic.com\/wp-content\/uploads\/2025\/12\/6-3.webp\" alt=\"6\" \/><\/figure><\/a><\/div><div class=\"swiper-slide\" role=\"group\" aria-roledescription=\"slide\" aria-label=\"2 of 5\"><a data-elementor-open-lightbox=\"yes\" data-elementor-lightbox-slideshow=\"d981c06\" data-elementor-lightbox-title=\"5\" data-e-action-hash=\"#elementor-action%3Aaction%3Dlightbox%26settings%3DeyJpZCI6NTU1NSwidXJsIjoiaHR0cHM6XC9cL3RpamFuYWlsaWMuY29tXC93cC1jb250ZW50XC91cGxvYWRzXC8yMDI1XC8xMlwvNS00LndlYnAiLCJzbGlkZXNob3ciOiJkOTgxYzA2In0%3D\" href=\"https:\/\/tijanailic.com\/wp-content\/uploads\/2025\/12\/5-4.webp\"><figure class=\"swiper-slide-inner\"><img decoding=\"async\" class=\"swiper-slide-image\" src=\"https:\/\/tijanailic.com\/wp-content\/uploads\/2025\/12\/5-4.webp\" alt=\"5\" \/><\/figure><\/a><\/div><div class=\"swiper-slide\" role=\"group\" aria-roledescription=\"slide\" aria-label=\"3 of 5\"><a data-elementor-open-lightbox=\"yes\" data-elementor-lightbox-slideshow=\"d981c06\" data-elementor-lightbox-title=\"3\" data-e-action-hash=\"#elementor-action%3Aaction%3Dlightbox%26settings%3DeyJpZCI6NTU1MywidXJsIjoiaHR0cHM6XC9cL3RpamFuYWlsaWMuY29tXC93cC1jb250ZW50XC91cGxvYWRzXC8yMDI1XC8xMlwvMy00LndlYnAiLCJzbGlkZXNob3ciOiJkOTgxYzA2In0%3D\" href=\"https:\/\/tijanailic.com\/wp-content\/uploads\/2025\/12\/3-4.webp\"><figure class=\"swiper-slide-inner\"><img decoding=\"async\" class=\"swiper-slide-image\" src=\"https:\/\/tijanailic.com\/wp-content\/uploads\/2025\/12\/3-4.webp\" alt=\"3\" \/><\/figure><\/a><\/div><div class=\"swiper-slide\" role=\"group\" aria-roledescription=\"slide\" aria-label=\"4 of 5\"><a data-elementor-open-lightbox=\"yes\" data-elementor-lightbox-slideshow=\"d981c06\" data-elementor-lightbox-title=\"2\" data-e-action-hash=\"#elementor-action%3Aaction%3Dlightbox%26settings%3DeyJpZCI6NTU1MiwidXJsIjoiaHR0cHM6XC9cL3RpamFuYWlsaWMuY29tXC93cC1jb250ZW50XC91cGxvYWRzXC8yMDI1XC8xMlwvMi00LndlYnAiLCJzbGlkZXNob3ciOiJkOTgxYzA2In0%3D\" href=\"https:\/\/tijanailic.com\/wp-content\/uploads\/2025\/12\/2-4.webp\"><figure class=\"swiper-slide-inner\"><img decoding=\"async\" class=\"swiper-slide-image\" src=\"https:\/\/tijanailic.com\/wp-content\/uploads\/2025\/12\/2-4.webp\" alt=\"2\" \/><\/figure><\/a><\/div><div class=\"swiper-slide\" role=\"group\" aria-roledescription=\"slide\" aria-label=\"5 of 5\"><a data-elementor-open-lightbox=\"yes\" data-elementor-lightbox-slideshow=\"d981c06\" data-elementor-lightbox-title=\"1\" data-e-action-hash=\"#elementor-action%3Aaction%3Dlightbox%26settings%3DeyJpZCI6NTU1MSwidXJsIjoiaHR0cHM6XC9cL3RpamFuYWlsaWMuY29tXC93cC1jb250ZW50XC91cGxvYWRzXC8yMDI1XC8xMlwvMS00LndlYnAiLCJzbGlkZXNob3ciOiJkOTgxYzA2In0%3D\" href=\"https:\/\/tijanailic.com\/wp-content\/uploads\/2025\/12\/1-4.webp\"><figure class=\"swiper-slide-inner\"><img decoding=\"async\" class=\"swiper-slide-image\" src=\"https:\/\/tijanailic.com\/wp-content\/uploads\/2025\/12\/1-4.webp\" alt=\"1\" \/><\/figure><\/a><\/div>\t\t\t<\/div>\n\t\t\t\t\t\t\t\n\t\t\t\t\t\t\t\t\t<div class=\"swiper-pagination\"><\/div>\n\t\t\t\t\t\t\t\t\t<\/div>\n\t\t\t\t\t\t<\/div>\n\t\t\t\t<\/div>\n\t\t\t\t<\/div>\n\t\t<div class=\"elementor-element elementor-element-2bc932a e-con-full e-flex e-con e-child\" data-id=\"2bc932a\" data-element_type=\"container\" data-e-type=\"container\">\n\t\t\t\t<div class=\"elementor-element elementor-element-6392552 elementor-widget elementor-widget-heading\" data-id=\"6392552\" data-element_type=\"widget\" data-e-type=\"widget\" data-widget_type=\"heading.default\">\n\t\t\t\t<div class=\"elementor-widget-container\">\n\t\t\t\t\t<h1 class=\"elementor-heading-title elementor-size-default\">EDGY ROCK MULLET<\/h1>\t\t\t\t<\/div>\n\t\t\t\t<\/div>\n\t\t\t\t<div class=\"elementor-element elementor-element-e98e754 elementor-widget elementor-widget-rating\" data-id=\"e98e754\" data-element_type=\"widget\" data-e-type=\"widget\" data-widget_type=\"rating.default\">\n\t\t\t\t<div class=\"elementor-widget-container\">\n\t\t\t\t\t\t\t<div class=\"e-rating\" itemtype=\"https:\/\/schema.org\/Rating\" itemscope=\"\" itemprop=\"reviewRating\">\n\t\t\t<meta itemprop=\"worstRating\" content=\"0\">\n\t\t\t<meta itemprop=\"bestRating\" content=\"5\">\n\t\t\t<div class=\"e-rating-wrapper\" itemprop=\"ratingValue\" content=\"5\" role=\"img\" aria-label=\"Rated 5 out of 5\">\n\t\t\t\t\t\t\t<div class=\"e-icon\">\n\t\t\t\t<div class=\"e-icon-wrapper e-icon-marked\">\n\t\t\t\t\t<i aria-hidden=\"true\" class=\"eicon-star\"><\/i>\t\t\t\t<\/div>\n\t\t\t\t<div class=\"e-icon-wrapper e-icon-unmarked\">\n\t\t\t\t\t<i aria-hidden=\"true\" class=\"eicon-star\"><\/i>\t\t\t\t<\/div>\n\t\t\t<\/div>\n\t\t\t\t\t\t<div class=\"e-icon\">\n\t\t\t\t<div class=\"e-icon-wrapper e-icon-marked\">\n\t\t\t\t\t<i aria-hidden=\"true\" class=\"eicon-star\"><\/i>\t\t\t\t<\/div>\n\t\t\t\t<div class=\"e-icon-wrapper e-icon-unmarked\">\n\t\t\t\t\t<i aria-hidden=\"true\" class=\"eicon-star\"><\/i>\t\t\t\t<\/div>\n\t\t\t<\/div>\n\t\t\t\t\t\t<div class=\"e-icon\">\n\t\t\t\t<div class=\"e-icon-wrapper e-icon-marked\">\n\t\t\t\t\t<i aria-hidden=\"true\" class=\"eicon-star\"><\/i>\t\t\t\t<\/div>\n\t\t\t\t<div class=\"e-icon-wrapper e-icon-unmarked\">\n\t\t\t\t\t<i aria-hidden=\"true\" class=\"eicon-star\"><\/i>\t\t\t\t<\/div>\n\t\t\t<\/div>\n\t\t\t\t\t\t<div class=\"e-icon\">\n\t\t\t\t<div class=\"e-icon-wrapper e-icon-marked\">\n\t\t\t\t\t<i aria-hidden=\"true\" class=\"eicon-star\"><\/i>\t\t\t\t<\/div>\n\t\t\t\t<div class=\"e-icon-wrapper e-icon-unmarked\">\n\t\t\t\t\t<i aria-hidden=\"true\" class=\"eicon-star\"><\/i>\t\t\t\t<\/div>\n\t\t\t<\/div>\n\t\t\t\t\t\t<div class=\"e-icon\">\n\t\t\t\t<div class=\"e-icon-wrapper e-icon-marked\">\n\t\t\t\t\t<i aria-hidden=\"true\" class=\"eicon-star\"><\/i>\t\t\t\t<\/div>\n\t\t\t\t<div class=\"e-icon-wrapper e-icon-unmarked\">\n\t\t\t\t\t<i aria-hidden=\"true\" class=\"eicon-star\"><\/i>\t\t\t\t<\/div>\n\t\t\t<\/div>\n\t\t\t\t\t\t<\/div>\n\t\t<\/div>\n\t\t\t\t\t\t<\/div>\n\t\t\t\t<\/div>\n\t\t\t\t<div class=\"elementor-element elementor-element-e4ef96d elementor-widget elementor-widget-heading\" data-id=\"e4ef96d\" data-element_type=\"widget\" data-e-type=\"widget\" data-widget_type=\"heading.default\">\n\t\t\t\t<div class=\"elementor-widget-container\">\n\t\t\t\t\t<h2 class=\"elementor-heading-title elementor-size-default\">219\u20ac<\/h2>\t\t\t\t<\/div>\n\t\t\t\t<\/div>\n\t\t\t\t<div class=\"elementor-element elementor-element-a1dd975 elementor-mobile-align-justify elementor-align-justify elementor-widget elementor-widget-button\" data-id=\"a1dd975\" data-element_type=\"widget\" data-e-type=\"widget\" data-widget_type=\"button.default\">\n\t\t\t\t<div class=\"elementor-widget-container\">\n\t\t\t\t\t\t\t\t\t<div class=\"elementor-button-wrapper\">\n\t\t\t\t\t<a class=\"elementor-button elementor-button-link elementor-size-md elementor-animation-grow\" href=\"https:\/\/tijanailic.thinkific.com\/enroll\/3630377?price_id=4570055\" target=\"_blank\" rel=\"noopener\">\n\t\t\t\t\t\t<span class=\"elementor-button-content-wrapper\">\n\t\t\t\t\t\t\t\t\t<span class=\"elementor-button-text\">BUY NOW<\/span>\n\t\t\t\t\t<\/span>\n\t\t\t\t\t<\/a>\n\t\t\t\t<\/div>\n\t\t\t\t\t\t\t\t<\/div>\n\t\t\t\t<\/div>\n\t\t\t\t<div class=\"elementor-element elementor-element-320804c elementor-widget elementor-widget-text-editor\" data-id=\"320804c\" data-element_type=\"widget\" data-e-type=\"widget\" data-widget_type=\"text-editor.default\">\n\t\t\t\t<div class=\"elementor-widget-container\">\n\t\t\t\t\t\t\t\t\t<p><span style=\"font-weight: 400;\">This video material provides a detailed demonstration of working with short, bleached, and damaged hair, where the main challenge is creating a shape and texture that looks strong while remaining wearable and easy to maintain at home. The education focuses on practical solutions for clients with a defined style and specific requirements, as well as on strategies to always find inspiration for a new form.<\/span><\/p><p><span style=\"font-weight: 400;\">The training emphasizes the cutting techniques Tijana applies when working with damaged and chemically treated hair, including controlled removal of weight and preservation of length where it is visually and structurally important. Through a thoughtful approach, it demonstrates how to achieve an edgy rock mullet shape that has character while maintaining flexibility in styling.<\/span><\/p><p><span style=\"font-weight: 400;\">Within the education, key segments of the haircutting process during the growing-out phase are covered.<\/span><\/p><ul><li style=\"font-weight: 400;\" aria-level=\"1\"><span style=\"font-weight: 400;\">Dividing the upper and lower sections of the hair to ensure clear control of the shape.<\/span><\/li><li style=\"font-weight: 400;\" aria-level=\"1\"><span style=\"font-weight: 400;\">Blending different densities into a unified, wearable structure.<\/span><\/li><\/ul><p><b>What you will learn from this video material:<\/b><\/p><ul><li style=\"font-weight: 400;\" aria-level=\"1\"><span style=\"font-weight: 400;\">How to correctly divide the upper and lower sections of the haircut to create a stable foundation for the shape.<\/span><span style=\"font-weight: 400;\"><br \/><\/span><\/li><li style=\"font-weight: 400;\" aria-level=\"1\"><span style=\"font-weight: 400;\">How to remove excess weight while retaining the necessary length of the hair.<\/span><span style=\"font-weight: 400;\"><br \/><\/span><\/li><li style=\"font-weight: 400;\" aria-level=\"1\"><span style=\"font-weight: 400;\">How to soften denser areas and integrate them into the rest of the hairstyle.<\/span><span style=\"font-weight: 400;\"><br \/><\/span><\/li><li style=\"font-weight: 400;\" aria-level=\"1\"><span style=\"font-weight: 400;\">Which styling products to use before and after cutting.<\/span><span style=\"font-weight: 400;\"><br \/><\/span><\/li><li style=\"font-weight: 400;\" aria-level=\"1\"><span style=\"font-weight: 400;\">How to blend the transitions between the upper and lower sections so the shape can be worn and styled in multiple ways day to day.<\/span><\/li><\/ul><p><b>Format:<\/b><span style=\"font-weight: 400;\"> Live-recorded masterclass<\/span><span style=\"font-weight: 400;\"><br \/><\/span> <b>Duration:<\/b><span style=\"font-weight: 400;\"> 43 min<\/span><\/p><p><b>BONUS:<\/b><span style=\"font-weight: 400;\"> Product recommendations used during work on bleached and damaged hair.<\/span><\/p><p><span style=\"font-weight: 400;\">This education is intended for hairdressers who want to expand their creative expression, work more confidently with severely damaged hair, and offer clients a hairstyle with a strong identity that remains functional in everyday life and easy to style at home.<\/span><\/p>\t\t\t\t\t\t\t\t<\/div>\n\t\t\t\t<\/div>\n\t\t\t\t<div class=\"elementor-element elementor-element-63f1427 elementor-mobile-align-justify elementor-align-justify elementor-widget elementor-widget-button\" data-id=\"63f1427\" data-element_type=\"widget\" data-e-type=\"widget\" data-widget_type=\"button.default\">\n\t\t\t\t<div class=\"elementor-widget-container\">\n\t\t\t\t\t\t\t\t\t<div class=\"elementor-button-wrapper\">\n\t\t\t\t\t<a class=\"elementor-button elementor-button-link elementor-size-md elementor-animation-grow\" href=\"https:\/\/tijanailic.thinkific.com\/enroll\/3630377?price_id=4570055\" target=\"_blank\" rel=\"noopener\">\n\t\t\t\t\t\t<span class=\"elementor-button-content-wrapper\">\n\t\t\t\t\t\t\t\t\t<span class=\"elementor-button-text\">BUY NOW<\/span>\n\t\t\t\t\t<\/span>\n\t\t\t\t\t<\/a>\n\t\t\t\t<\/div>\n\t\t\t\t\t\t\t\t<\/div>\n\t\t\t\t<\/div>\n\t\t\t\t<\/div>\n\t\t\t\t\t<\/div>\n\t\t\t\t<\/div>\n\t\t\t\t<\/div>","protected":false},"excerpt":{"rendered":"<p>ROCK MULLET SA TEKSTUROM 219\u20ac KUPITE EDUKACIJU U ovom video materijalu detaljno je predstavljen pravilan rad sa kratkom, blajhanom i o\u0161te\u0107enom kosom, gde je glavni izazov stvaranje forme i teksture koja izgleda sna\u017eno, ali ostaje nosiva i laka za odr\u017eavanje kod ku\u0107e. Edukacija je usmerena na prakti\u010dna re\u0161enja za klijente sa izra\u017eenim stilom i specifi\u010dnim [&hellip;]<\/p>\n","protected":false},"author":3,"featured_media":0,"parent":0,"menu_order":0,"comment_status":"closed","ping_status":"closed","template":"","meta":{"footnotes":""},"class_list":["post-5547","page","type-page","status-publish","hentry"],"_links":{"self":[{"href":"https:\/\/tijanailic.com\/en\/wp-json\/wp\/v2\/pages\/5547","targetHints":{"allow":["GET"]}}],"collection":[{"href":"https:\/\/tijanailic.com\/en\/wp-json\/wp\/v2\/pages"}],"about":[{"href":"https:\/\/tijanailic.com\/en\/wp-json\/wp\/v2\/types\/page"}],"author":[{"embeddable":true,"href":"https:\/\/tijanailic.com\/en\/wp-json\/wp\/v2\/users\/3"}],"replies":[{"embeddable":true,"href":"https:\/\/tijanailic.com\/en\/wp-json\/wp\/v2\/comments?post=5547"}],"version-history":[{"count":0,"href":"https:\/\/tijanailic.com\/en\/wp-json\/wp\/v2\/pages\/5547\/revisions"}],"wp:attachment":[{"href":"https:\/\/tijanailic.com\/en\/wp-json\/wp\/v2\/media?parent=5547"}],"curies":[{"name":"wp","href":"https:\/\/api.w.org\/{rel}","templated":true}]}}