{"id":5966,"date":"2026-02-16T12:37:01","date_gmt":"2026-02-16T11:37:01","guid":{"rendered":"https:\/\/tijanailic.com\/?page_id=5966"},"modified":"2026-02-16T12:39:10","modified_gmt":"2026-02-16T11:39:10","slug":"hvala-farbanje","status":"publish","type":"page","link":"https:\/\/tijanailic.com\/en\/hvala-farbanje\/","title":{"rendered":"Hvala farbanje"},"content":{"rendered":"<div data-elementor-type=\"wp-page\" data-elementor-id=\"5966\" class=\"elementor elementor-5966\" data-elementor-post-type=\"page\">\n\t\t\t\t<div class=\"elementor-element elementor-element-e28621c e-flex e-con-boxed e-con e-parent\" data-id=\"e28621c\" data-element_type=\"container\" data-e-type=\"container\">\n\t\t\t\t\t<div class=\"e-con-inner\">\n\t\t\t\t<div class=\"elementor-element elementor-element-d61cc23 elementor-widget elementor-widget-heading\" data-id=\"d61cc23\" data-element_type=\"widget\" data-e-type=\"widget\" data-widget_type=\"heading.default\">\n\t\t\t\t<div class=\"elementor-widget-container\">\n\t\t\t\t\t<h2 class=\"elementor-heading-title elementor-size-default\">THANK YOU FOR COMPLETING THE FORM<\/h2>\t\t\t\t<\/div>\n\t\t\t\t<\/div>\n\t\t\t\t<div class=\"elementor-element elementor-element-d48e2ad elementor-widget elementor-widget-text-editor\" data-id=\"d48e2ad\" data-element_type=\"widget\" data-e-type=\"widget\" data-widget_type=\"text-editor.default\">\n\t\t\t\t<div class=\"elementor-widget-container\">\n\t\t\t\t\t\t\t\t\t<p>WE WILL CONTACT YOU AS SOON AS POSSIBLE WITH A PROPOSED CONSULTATION APPOINTMENT.<\/p><p>YOU WILL RECEIVE A MESSAGE AT THE EMAIL ADDRESS YOU PROVIDED.<\/p>\t\t\t\t\t\t\t\t<\/div>\n\t\t\t\t<\/div>\n\t\t\t\t\t<\/div>\n\t\t\t\t<\/div>\n\t\t\t\t<\/div>","protected":false},"excerpt":{"rendered":"<p>HVALA \u0160TO STE POPUNILI UPIT U NAJKRA\u0106EM ROKU \u0106EMO VAS KONTAKTIRATI SA PREDLOGOM TERMINA ZA KONSULTACIJU. DOBI\u0106ETE PORUKU NA EMAIL ADRESU KOJU STE NAVELI.<\/p>","protected":false},"author":3,"featured_media":0,"parent":0,"menu_order":0,"comment_status":"closed","ping_status":"closed","template":"","meta":{"footnotes":""},"class_list":["post-5966","page","type-page","status-publish","hentry"],"_links":{"self":[{"href":"https:\/\/tijanailic.com\/en\/wp-json\/wp\/v2\/pages\/5966","targetHints":{"allow":["GET"]}}],"collection":[{"href":"https:\/\/tijanailic.com\/en\/wp-json\/wp\/v2\/pages"}],"about":[{"href":"https:\/\/tijanailic.com\/en\/wp-json\/wp\/v2\/types\/page"}],"author":[{"embeddable":true,"href":"https:\/\/tijanailic.com\/en\/wp-json\/wp\/v2\/users\/3"}],"replies":[{"embeddable":true,"href":"https:\/\/tijanailic.com\/en\/wp-json\/wp\/v2\/comments?post=5966"}],"version-history":[{"count":0,"href":"https:\/\/tijanailic.com\/en\/wp-json\/wp\/v2\/pages\/5966\/revisions"}],"wp:attachment":[{"href":"https:\/\/tijanailic.com\/en\/wp-json\/wp\/v2\/media?parent=5966"}],"curies":[{"name":"wp","href":"https:\/\/api.w.org\/{rel}","templated":true}]}}