{"id":1068,"date":"2022-12-21T09:35:47","date_gmt":"2022-12-21T08:35:47","guid":{"rendered":"https:\/\/tijanailic.com\/?page_id=1068"},"modified":"2023-01-16T18:34:14","modified_gmt":"2023-01-16T17:34:14","slug":"%d0%bc%d0%b0%d1%81%d1%82%d0%b5%d1%80-%d0%ba%d0%bb%d0%b0%d1%81%d1%81-%d1%82%d0%be%d0%bc%d0%b0%d1%81%d0%b0-%d0%b6%d0%b8%d1%80%d0%b0%d1%80%d0%b0","status":"publish","type":"page","link":"https:\/\/tijanailic.com\/ru\/masterclass-thomas-girard\/","title":{"rendered":"\u041c\u0430\u0441\u0442\u0435\u0440-\u043a\u043b\u0430\u0441\u0441 \u0422\u043e\u043c\u0430\u0441\u0430 \u0416\u0438\u0440\u0430\u0440\u0430"},"content":{"rendered":"\t\t<div data-elementor-type=\"wp-page\" data-elementor-id=\"1068\" class=\"elementor elementor-1068\" data-elementor-post-type=\"page\">\n\t\t\t\t\t\t<section class=\"elementor-section elementor-top-section elementor-element elementor-element-55c79c4f elementor-reverse-mobile elementor-section-boxed elementor-section-height-default elementor-section-height-default\" data-id=\"55c79c4f\" data-element_type=\"section\" data-e-type=\"section\">\n\t\t\t\t\t\t<div class=\"elementor-container elementor-column-gap-default\">\n\t\t\t\t\t<div class=\"elementor-column elementor-col-50 elementor-top-column elementor-element elementor-element-5d80d553\" data-id=\"5d80d553\" data-element_type=\"column\" data-e-type=\"column\">\n\t\t\t<div class=\"elementor-widget-wrap elementor-element-populated\">\n\t\t\t\t\t\t<div class=\"elementor-element elementor-element-697deba elementor-hidden-mobile elementor-widget elementor-widget-image\" data-id=\"697deba\" data-element_type=\"widget\" data-e-type=\"widget\" data-widget_type=\"image.default\">\n\t\t\t\t<div class=\"elementor-widget-container\">\n\t\t\t\t\t\t\t\t\t\t\t\t\t\t\t<img fetchpriority=\"high\" decoding=\"async\" width=\"682\" height=\"1024\" src=\"https:\/\/tijanailic.com\/wp-content\/uploads\/2022\/12\/1672077620342259-682x1024.webp\" class=\"attachment-large size-large wp-image-1085\" alt=\"\" srcset=\"https:\/\/tijanailic.com\/wp-content\/uploads\/2022\/12\/1672077620342259-682x1024.webp 682w, https:\/\/tijanailic.com\/wp-content\/uploads\/2022\/12\/1672077620342259-600x901.webp 600w, https:\/\/tijanailic.com\/wp-content\/uploads\/2022\/12\/1672077620342259-200x300.webp 200w, https:\/\/tijanailic.com\/wp-content\/uploads\/2022\/12\/1672077620342259-768x1153.webp 768w, https:\/\/tijanailic.com\/wp-content\/uploads\/2022\/12\/1672077620342259-1023x1536.webp 1023w, https:\/\/tijanailic.com\/wp-content\/uploads\/2022\/12\/1672077620342259-8x12.webp 8w, https:\/\/tijanailic.com\/wp-content\/uploads\/2022\/12\/1672077620342259.webp 1066w\" sizes=\"(max-width: 682px) 100vw, 682px\" \/>\t\t\t\t\t\t\t\t\t\t\t\t\t\t\t<\/div>\n\t\t\t\t<\/div>\n\t\t\t\t<div class=\"elementor-element elementor-element-74186dc1 elementor-arrows-position-inside elementor-widget elementor-widget-image-carousel\" data-id=\"74186dc1\" data-element_type=\"widget\" data-e-type=\"widget\" data-settings=\"{&quot;slides_to_show_mobile&quot;:&quot;3&quot;,&quot;navigation&quot;:&quot;arrows&quot;,&quot;image_spacing_custom&quot;:{&quot;unit&quot;:&quot;px&quot;,&quot;size&quot;:10,&quot;sizes&quot;:[]},&quot;autoplay&quot;:&quot;yes&quot;,&quot;pause_on_hover&quot;:&quot;yes&quot;,&quot;pause_on_interaction&quot;:&quot;yes&quot;,&quot;autoplay_speed&quot;:5000,&quot;infinite&quot;:&quot;yes&quot;,&quot;speed&quot;:500,&quot;image_spacing_custom_tablet&quot;:{&quot;unit&quot;:&quot;px&quot;,&quot;size&quot;:&quot;&quot;,&quot;sizes&quot;:[]},&quot;image_spacing_custom_mobile&quot;:{&quot;unit&quot;:&quot;px&quot;,&quot;size&quot;:&quot;&quot;,&quot;sizes&quot;:[]}}\" data-widget_type=\"image-carousel.default\">\n\t\t\t\t<div class=\"elementor-widget-container\">\n\t\t\t\t\t\t\t<div class=\"elementor-image-carousel-wrapper swiper\" role=\"region\" aria-roledescription=\"carousel\" aria-label=\"Karusel\u044c\" dir=\"ltr\">\n\t\t\t<div class=\"elementor-image-carousel swiper-wrapper\" aria-live=\"off\">\n\t\t\t\t\t\t\t\t<div class=\"swiper-slide\" role=\"group\" aria-roledescription=\"slide\" aria-label=\"1 iz 5\"><a data-elementor-open-lightbox=\"yes\" data-elementor-lightbox-slideshow=\"74186dc1\" data-elementor-lightbox-title=\"1672077584240316\" data-e-action-hash=\"#elementor-action%3Aaction%3Dlightbox%26settings%3DeyJpZCI6MTA4NiwidXJsIjoiaHR0cHM6XC9cL3RpamFuYWlsaWMuY29tXC93cC1jb250ZW50XC91cGxvYWRzXC8yMDIyXC8xMlwvMTY3MjA3NzU4NDI0MDMxNi1zY2FsZWQud2VicCIsInNsaWRlc2hvdyI6Ijc0MTg2ZGMxIn0%3D\" href=\"https:\/\/tijanailic.com\/wp-content\/uploads\/2022\/12\/1672077584240316-scaled.webp\"><figure class=\"swiper-slide-inner\"><img decoding=\"async\" class=\"swiper-slide-image\" src=\"https:\/\/tijanailic.com\/wp-content\/uploads\/2022\/12\/1672077584240316-scaled.webp\" alt=\"1672077584240316\" \/><\/figure><\/a><\/div><div class=\"swiper-slide\" role=\"group\" aria-roledescription=\"slide\" aria-label=\"2 iz 5\"><a data-elementor-open-lightbox=\"yes\" data-elementor-lightbox-slideshow=\"74186dc1\" data-elementor-lightbox-title=\"1672077571305855\" data-e-action-hash=\"#elementor-action%3Aaction%3Dlightbox%26settings%3DeyJpZCI6MTA4NywidXJsIjoiaHR0cHM6XC9cL3RpamFuYWlsaWMuY29tXC93cC1jb250ZW50XC91cGxvYWRzXC8yMDIyXC8xMlwvMTY3MjA3NzU3MTMwNTg1NS53ZWJwIiwic2xpZGVzaG93IjoiNzQxODZkYzEifQ%3D%3D\" href=\"https:\/\/tijanailic.com\/wp-content\/uploads\/2022\/12\/1672077571305855.webp\"><figure class=\"swiper-slide-inner\"><img decoding=\"async\" class=\"swiper-slide-image\" src=\"https:\/\/tijanailic.com\/wp-content\/uploads\/2022\/12\/1672077571305855.webp\" alt=\"1672077571305855\" \/><\/figure><\/a><\/div><div class=\"swiper-slide\" role=\"group\" aria-roledescription=\"slide\" aria-label=\"3 iz 5\"><a data-elementor-open-lightbox=\"yes\" data-elementor-lightbox-slideshow=\"74186dc1\" data-elementor-lightbox-title=\"1672077520934854\" data-e-action-hash=\"#elementor-action%3Aaction%3Dlightbox%26settings%3DeyJpZCI6MTA4OCwidXJsIjoiaHR0cHM6XC9cL3RpamFuYWlsaWMuY29tXC93cC1jb250ZW50XC91cGxvYWRzXC8yMDIyXC8xMlwvMTY3MjA3NzUyMDkzNDg1NC53ZWJwIiwic2xpZGVzaG93IjoiNzQxODZkYzEifQ%3D%3D\" href=\"https:\/\/tijanailic.com\/wp-content\/uploads\/2022\/12\/1672077520934854.webp\"><figure class=\"swiper-slide-inner\"><img decoding=\"async\" class=\"swiper-slide-image\" src=\"https:\/\/tijanailic.com\/wp-content\/uploads\/2022\/12\/1672077520934854.webp\" alt=\"1672077520934854\" \/><\/figure><\/a><\/div><div class=\"swiper-slide\" role=\"group\" aria-roledescription=\"slide\" aria-label=\"4 iz 5\"><a data-elementor-open-lightbox=\"yes\" data-elementor-lightbox-slideshow=\"74186dc1\" data-elementor-lightbox-title=\"167207751044260\" data-e-action-hash=\"#elementor-action%3Aaction%3Dlightbox%26settings%3DeyJpZCI6MTA4OSwidXJsIjoiaHR0cHM6XC9cL3RpamFuYWlsaWMuY29tXC93cC1jb250ZW50XC91cGxvYWRzXC8yMDIyXC8xMlwvMTY3MjA3NzUxMDQ0MjYwLndlYnAiLCJzbGlkZXNob3ciOiI3NDE4NmRjMSJ9\" href=\"https:\/\/tijanailic.com\/wp-content\/uploads\/2022\/12\/167207751044260.webp\"><figure class=\"swiper-slide-inner\"><img decoding=\"async\" class=\"swiper-slide-image\" src=\"https:\/\/tijanailic.com\/wp-content\/uploads\/2022\/12\/167207751044260.webp\" alt=\"167207751044260\" \/><\/figure><\/a><\/div><div class=\"swiper-slide\" role=\"group\" aria-roledescription=\"slide\" aria-label=\"5 iz 5\"><a data-elementor-open-lightbox=\"yes\" data-elementor-lightbox-slideshow=\"74186dc1\" data-elementor-lightbox-title=\"1672077351670930\" data-e-action-hash=\"#elementor-action%3Aaction%3Dlightbox%26settings%3DeyJpZCI6MTA5MCwidXJsIjoiaHR0cHM6XC9cL3RpamFuYWlsaWMuY29tXC93cC1jb250ZW50XC91cGxvYWRzXC8yMDIyXC8xMlwvMTY3MjA3NzM1MTY3MDkzMC53ZWJwIiwic2xpZGVzaG93IjoiNzQxODZkYzEifQ%3D%3D\" href=\"https:\/\/tijanailic.com\/wp-content\/uploads\/2022\/12\/1672077351670930.webp\"><figure class=\"swiper-slide-inner\"><img decoding=\"async\" class=\"swiper-slide-image\" src=\"https:\/\/tijanailic.com\/wp-content\/uploads\/2022\/12\/1672077351670930.webp\" alt=\"1672077351670930\" \/><\/figure><\/a><\/div>\t\t\t<\/div>\n\t\t\t\t\t\t\t\t\t\t\t\t<div class=\"elementor-swiper-button elementor-swiper-button-prev\" role=\"button\" tabindex=\"0\">\n\t\t\t\t\t\t<i aria-hidden=\"true\" class=\"eicon-chevron-left\"><\/i>\t\t\t\t\t<\/div>\n\t\t\t\t\t<div class=\"elementor-swiper-button elementor-swiper-button-next\" role=\"button\" tabindex=\"0\">\n\t\t\t\t\t\t<i aria-hidden=\"true\" class=\"eicon-chevron-right\"><\/i>\t\t\t\t\t<\/div>\n\t\t\t\t\n\t\t\t\t\t\t\t\t\t<\/div>\n\t\t\t\t\t\t<\/div>\n\t\t\t\t<\/div>\n\t\t\t\t\t<\/div>\n\t\t<\/div>\n\t\t\t\t<div class=\"elementor-column elementor-col-50 elementor-top-column elementor-element elementor-element-466bbe24\" data-id=\"466bbe24\" data-element_type=\"column\" data-e-type=\"column\">\n\t\t\t<div class=\"elementor-widget-wrap elementor-element-populated\">\n\t\t\t\t\t\t<div class=\"elementor-element elementor-element-5d73315 elementor-widget elementor-widget-heading\" data-id=\"5d73315\" data-element_type=\"widget\" data-e-type=\"widget\" data-widget_type=\"heading.default\">\n\t\t\t\t<div class=\"elementor-widget-container\">\n\t\t\t\t\t<h2 class=\"elementor-heading-title elementor-size-default\">Masterclass srpskih i francuskih majstora \u0161i\u0161anja - Tijana Ili\u0107 i Thomas Girard<\/h2>\t\t\t\t<\/div>\n\t\t\t\t<\/div>\n\t\t\t\t<div class=\"elementor-element elementor-element-10f2b245 elementor-hidden-desktop elementor-hidden-tablet elementor-widget elementor-widget-image\" data-id=\"10f2b245\" data-element_type=\"widget\" data-e-type=\"widget\" data-widget_type=\"image.default\">\n\t\t\t\t<div class=\"elementor-widget-container\">\n\t\t\t\t\t\t\t\t\t\t\t\t\t\t\t<img fetchpriority=\"high\" decoding=\"async\" width=\"682\" height=\"1024\" src=\"https:\/\/tijanailic.com\/wp-content\/uploads\/2022\/12\/1672077620342259-682x1024.webp\" class=\"attachment-large size-large wp-image-1085\" alt=\"\" srcset=\"https:\/\/tijanailic.com\/wp-content\/uploads\/2022\/12\/1672077620342259-682x1024.webp 682w, https:\/\/tijanailic.com\/wp-content\/uploads\/2022\/12\/1672077620342259-600x901.webp 600w, https:\/\/tijanailic.com\/wp-content\/uploads\/2022\/12\/1672077620342259-200x300.webp 200w, https:\/\/tijanailic.com\/wp-content\/uploads\/2022\/12\/1672077620342259-768x1153.webp 768w, https:\/\/tijanailic.com\/wp-content\/uploads\/2022\/12\/1672077620342259-1023x1536.webp 1023w, https:\/\/tijanailic.com\/wp-content\/uploads\/2022\/12\/1672077620342259-8x12.webp 8w, https:\/\/tijanailic.com\/wp-content\/uploads\/2022\/12\/1672077620342259.webp 1066w\" sizes=\"(max-width: 682px) 100vw, 682px\" \/>\t\t\t\t\t\t\t\t\t\t\t\t\t\t\t<\/div>\n\t\t\t\t<\/div>\n\t\t\t\t<div class=\"elementor-element elementor-element-5191aa06 elementor-widget elementor-widget-heading\" data-id=\"5191aa06\" data-element_type=\"widget\" data-e-type=\"widget\" data-widget_type=\"heading.default\">\n\t\t\t\t<div class=\"elementor-widget-container\">\n\t\t\t\t\t<div class=\"elementor-heading-title elementor-size-default\">06 Feb 2023<\/div>\t\t\t\t<\/div>\n\t\t\t\t<\/div>\n\t\t\t\t<div class=\"elementor-element elementor-element-62726624 elementor-widget elementor-widget-text-editor\" data-id=\"62726624\" data-element_type=\"widget\" data-e-type=\"widget\" data-widget_type=\"text-editor.default\">\n\t\t\t\t<div class=\"elementor-widget-container\">\n\t\t\t\t\t\t\t\t\t<p>6. februara 2023. po prvi put u Beograd sti\u017ee francuski majstor \u0161i\u0161anja Thomas Girard.<\/p><p>Thomas je trenutno jedan od najistaknutijih frizera na pariskoj sceni, a godinama radi u presti\u017enom salonu u Galeriji Lafaiette. Njegova tehnika \u0161i\u0161anja je jedinstvena i specifi\u010dna po tome \u0161to \u0161i\u0161a isklju\u010divo na suvoj kosi. Njegov moto je da nema pravila i ograni\u010denja u kreiranju frizura, ve\u0107 da je najva\u017enije po\u0161tovati autenti\u010dnost osobe i ulep\u0161ati je da ne mora svakodnevno da radi na svojoj kosi.<\/p><p>Thomas je tvorac koncepta online \u0161i\u0161anja. Naime, tokom Covid pandemije je pomagao ljudima da sami \u0161i\u0161aju kosu preko Zoom-a. Po zavr\u0161etku pandemije nastavio je da deli savete preko svog YouTube kanala.<\/p><p>Thomasov u\u010ditelj je njegov otac Philippe Girard, koji je bio jedan od najbli\u017eih saradnika legendarnog Jean Marc Maniatisa, a po ugledu na njih je nastavio da radi i obuke mladih frizera.<\/p><p>Thomas i Tijana \u0107e ukrstiti makaze i pokazati tehnike \u0161i\u0161anja koje do sada niste videli!<\/p><p>Thomas donosi inovativne ideje i francuske trendove \u0161i\u0161anja za sezonu prole\u0107e-leto 2023, a Tijana \u0107e pokazati tehnike \u0161i\u0161anja kratkih frizura po kojima je prepoznata od strane mnogih frizera i mu\u0161terija. Kako biste svojim klijentima ponudili ono \u0161to drugi nemaju, prijavite se za ovaj jedinstveni seminar!<\/p>\t\t\t\t\t\t\t\t<\/div>\n\t\t\t\t<\/div>\n\t\t\t\t<div class=\"elementor-element elementor-element-692df898 elementor-widget elementor-widget-toggle\" data-id=\"692df898\" data-element_type=\"widget\" data-e-type=\"widget\" data-widget_type=\"toggle.default\">\n\t\t\t\t<div class=\"elementor-widget-container\">\n\t\t\t\t\t\t\t<div class=\"elementor-toggle\">\n\t\t\t\t\t\t\t<div class=\"elementor-toggle-item\">\n\t\t\t\t\t<div id=\"elementor-tab-title-1761\" class=\"elementor-tab-title\" data-tab=\"1\" role=\"button\" aria-controls=\"elementor-tab-content-1761\" aria-expanded=\"false\">\n\t\t\t\t\t\t\t\t\t\t\t\t<span class=\"elementor-toggle-icon elementor-toggle-icon-left\" aria-hidden=\"true\">\n\t\t\t\t\t\t\t\t\t\t\t\t\t\t\t<span class=\"elementor-toggle-icon-closed\"><i class=\"fas fa-caret-right\"><\/i><\/span>\n\t\t\t\t\t\t\t\t<span class=\"elementor-toggle-icon-opened\"><i class=\"elementor-toggle-icon-opened fas fa-caret-up\"><\/i><\/span>\n\t\t\t\t\t\t\t\t\t\t\t\t\t<\/span>\n\t\t\t\t\t\t\t\t\t\t\t\t<a class=\"elementor-toggle-title\" tabindex=\"0\">Lokacija<\/a>\n\t\t\t\t\t<\/div>\n\n\t\t\t\t\t<div id=\"elementor-tab-content-1761\" class=\"elementor-tab-content elementor-clearfix\" data-tab=\"1\" role=\"region\" aria-labelledby=\"elementor-tab-title-1761\"><p>Klub umetnika frizera, Beograd , Palmoti\u0107eva 18a<\/p><\/div>\n\t\t\t\t<\/div>\n\t\t\t\t\t\t\t<div class=\"elementor-toggle-item\">\n\t\t\t\t\t<div id=\"elementor-tab-title-1762\" class=\"elementor-tab-title\" data-tab=\"2\" role=\"button\" aria-controls=\"elementor-tab-content-1762\" aria-expanded=\"false\">\n\t\t\t\t\t\t\t\t\t\t\t\t<span class=\"elementor-toggle-icon elementor-toggle-icon-left\" aria-hidden=\"true\">\n\t\t\t\t\t\t\t\t\t\t\t\t\t\t\t<span class=\"elementor-toggle-icon-closed\"><i class=\"fas fa-caret-right\"><\/i><\/span>\n\t\t\t\t\t\t\t\t<span class=\"elementor-toggle-icon-opened\"><i class=\"elementor-toggle-icon-opened fas fa-caret-up\"><\/i><\/span>\n\t\t\t\t\t\t\t\t\t\t\t\t\t<\/span>\n\t\t\t\t\t\t\t\t\t\t\t\t<a class=\"elementor-toggle-title\" tabindex=\"0\">Datum i vreme<\/a>\n\t\t\t\t\t<\/div>\n\n\t\t\t\t\t<div id=\"elementor-tab-content-1762\" class=\"elementor-tab-content elementor-clearfix\" data-tab=\"2\" role=\"region\" aria-labelledby=\"elementor-tab-title-1762\"><p><strong>06. februar 2023.<\/strong><br \/>13:45h \u2013 registracija polaznika<br \/>14:00-16:00h \u2013 masterclass I deo<br \/>16:00-16:30h \u2013 pauza za osve\u017eenje<br \/>16:30-18:30h \u2013 masterclass II deo<\/p><\/div>\n\t\t\t\t<\/div>\n\t\t\t\t\t\t\t<div class=\"elementor-toggle-item\">\n\t\t\t\t\t<div id=\"elementor-tab-title-1763\" class=\"elementor-tab-title\" data-tab=\"3\" role=\"button\" aria-controls=\"elementor-tab-content-1763\" aria-expanded=\"false\">\n\t\t\t\t\t\t\t\t\t\t\t\t<span class=\"elementor-toggle-icon elementor-toggle-icon-left\" aria-hidden=\"true\">\n\t\t\t\t\t\t\t\t\t\t\t\t\t\t\t<span class=\"elementor-toggle-icon-closed\"><i class=\"fas fa-caret-right\"><\/i><\/span>\n\t\t\t\t\t\t\t\t<span class=\"elementor-toggle-icon-opened\"><i class=\"elementor-toggle-icon-opened fas fa-caret-up\"><\/i><\/span>\n\t\t\t\t\t\t\t\t\t\t\t\t\t<\/span>\n\t\t\t\t\t\t\t\t\t\t\t\t<a class=\"elementor-toggle-title\" tabindex=\"0\">Cena masterclass-a uklju\u010duje<\/a>\n\t\t\t\t\t<\/div>\n\n\t\t\t\t\t<div id=\"elementor-tab-content-1763\" class=\"elementor-tab-content elementor-clearfix\" data-tab=\"3\" role=\"region\" aria-labelledby=\"elementor-tab-title-1763\"><p>200\u20ac ili u dinarskoj protivvrednosti uplatom na ra\u010dun Kluba umetnika frizera 205-421992-59, Komercijalna banka<\/p><p>Prilikom prijave upla\u0107uje se ceo iznos ili 50% od cene seminara, a preostalih 50% najkasnije do 31. januara 2023. godine<\/p><p>\u010clanovi Kluba umetnika frizera ostvaruju popust 10%.<\/p><\/div>\n\t\t\t\t<\/div>\n\t\t\t\t\t\t\t\t<\/div>\n\t\t\t\t\t\t<\/div>\n\t\t\t\t<\/div>\n\t\t\t\t<div class=\"elementor-element elementor-element-8222fdb elementor-widget elementor-widget-heading\" data-id=\"8222fdb\" data-element_type=\"widget\" data-e-type=\"widget\" data-widget_type=\"heading.default\">\n\t\t\t\t<div class=\"elementor-widget-container\">\n\t\t\t\t\t<h2 class=\"elementor-heading-title elementor-size-default\">\u017delite da prisustvujete?<\/h2>\t\t\t\t<\/div>\n\t\t\t\t<\/div>\n\t\t\t\t<div class=\"elementor-element elementor-element-727e0b78 elementor-widget elementor-widget-text-editor\" data-id=\"727e0b78\" data-element_type=\"widget\" data-e-type=\"widget\" data-widget_type=\"text-editor.default\">\n\t\t\t\t<div class=\"elementor-widget-container\">\n\t\t\t\t\t\t\t\t\t<p>Popunite slede\u0107i upitnik i svi detalji o doga\u0111aju kao i detalji za uplatu na \u017eiro ra\u010dun \u0107e vam biti dostavljeni.<\/p>\t\t\t\t\t\t\t\t<\/div>\n\t\t\t\t<\/div>\n\t\t\t\t<div class=\"elementor-element elementor-element-6cc6621 elementor-button-align-stretch elementor-widget elementor-widget-form\" data-id=\"6cc6621\" data-element_type=\"widget\" data-e-type=\"widget\" data-settings=\"{&quot;step_next_label&quot;:&quot;\\u0421\\u043b\\u0435\\u0434\\u0435\\u045b\\u0438&quot;,&quot;step_previous_label&quot;:&quot;\\u041f\\u0440\\u0435\\u0442\\u0445\\u043e\\u0434\\u043d\\u0430&quot;,&quot;button_width&quot;:&quot;100&quot;,&quot;step_type&quot;:&quot;number_text&quot;,&quot;step_icon_shape&quot;:&quot;circle&quot;}\" data-widget_type=\"form.default\">\n\t\t\t\t<div class=\"elementor-widget-container\">\n\t\t\t\t\t\t\t<form class=\"elementor-form\" method=\"post\" name=\"Thomas Girard\" aria-label=\"Thomas Girard\">\n\t\t\t<input type=\"hidden\" name=\"post_id\" value=\"1068\"\/>\n\t\t\t<input type=\"hidden\" name=\"form_id\" value=\"6cc6621\"\/>\n\t\t\t<input type=\"hidden\" name=\"referer_title\" value=\"\" \/>\n\n\t\t\t\n\t\t\t<div class=\"elementor-form-fields-wrapper elementor-labels-\">\n\t\t\t\t\t\t\t\t<div class=\"elementor-field-type-text elementor-field-group elementor-column elementor-field-group-name elementor-col-50 elementor-field-required\">\n\t\t\t\t\t\t\t\t\t\t\t\t<label for=\"form-field-name\" class=\"elementor-field-label elementor-screen-only\">\n\t\t\t\t\t\t\t\tIme\t\t\t\t\t\t\t<\/label>\n\t\t\t\t\t\t\t\t\t\t\t\t\t\t<input size=\"1\" type=\"text\" name=\"form_fields[name]\" id=\"form-field-name\" class=\"elementor-field elementor-size-md  elementor-field-textual\" placeholder=\"Ime\" required=\"required\">\n\t\t\t\t\t\t\t\t\t\t\t<\/div>\n\t\t\t\t\t\t\t\t<div class=\"elementor-field-type-text elementor-field-group elementor-column elementor-field-group-field_580398d elementor-col-50 elementor-field-required\">\n\t\t\t\t\t\t\t\t\t\t\t\t<label for=\"form-field-field_580398d\" class=\"elementor-field-label elementor-screen-only\">\n\t\t\t\t\t\t\t\tPrezime\t\t\t\t\t\t\t<\/label>\n\t\t\t\t\t\t\t\t\t\t\t\t\t\t<input size=\"1\" type=\"text\" name=\"form_fields[field_580398d]\" id=\"form-field-field_580398d\" class=\"elementor-field elementor-size-md  elementor-field-textual\" placeholder=\"Prezime\" required=\"required\">\n\t\t\t\t\t\t\t\t\t\t\t<\/div>\n\t\t\t\t\t\t\t\t<div class=\"elementor-field-type-text elementor-field-group elementor-column elementor-field-group-field_f007458 elementor-col-50 elementor-field-required\">\n\t\t\t\t\t\t\t\t\t\t\t\t<label for=\"form-field-field_f007458\" class=\"elementor-field-label elementor-screen-only\">\n\t\t\t\t\t\t\t\tBroj telefona\t\t\t\t\t\t\t<\/label>\n\t\t\t\t\t\t\t\t\t\t\t\t\t\t<input size=\"1\" type=\"text\" name=\"form_fields[field_f007458]\" id=\"form-field-field_f007458\" class=\"elementor-field elementor-size-md  elementor-field-textual\" placeholder=\"Broj telefona\" required=\"required\">\n\t\t\t\t\t\t\t\t\t\t\t<\/div>\n\t\t\t\t\t\t\t\t<div class=\"elementor-field-type-email elementor-field-group elementor-column elementor-field-group-email elementor-col-50 elementor-field-required\">\n\t\t\t\t\t\t\t\t\t\t\t\t<label for=\"form-field-email\" class=\"elementor-field-label elementor-screen-only\">\n\t\t\t\t\t\t\t\tEmail\t\t\t\t\t\t\t<\/label>\n\t\t\t\t\t\t\t\t\t\t\t\t\t\t<input size=\"1\" type=\"email\" name=\"form_fields[email]\" id=\"form-field-email\" class=\"elementor-field elementor-size-md  elementor-field-textual\" placeholder=\"Email\" required=\"required\">\n\t\t\t\t\t\t\t\t\t\t\t<\/div>\n\t\t\t\t\t\t\t\t<div class=\"elementor-field-type-checkbox elementor-field-group elementor-column elementor-field-group-field_6ecb77b elementor-col-50\">\n\t\t\t\t\t\t\t\t\t\t\t\t<label for=\"form-field-field_6ecb77b\" class=\"elementor-field-label elementor-screen-only\">\n\t\t\t\t\t\t\t\tBroj telefona\t\t\t\t\t\t\t<\/label>\n\t\t\t\t\t\t<div class=\"elementor-field-subgroup  \"><span class=\"elementor-field-option\"><input type=\"checkbox\" value=\"Thomas Girard masterclass\" id=\"form-field-field_6ecb77b-0\" name=\"form_fields[field_6ecb77b]\"> <label for=\"form-field-field_6ecb77b-0\">Thomas Girard masterclass<\/label><\/span><\/div>\t\t\t\t<\/div>\n\t\t\t\t\t\t\t\t<div class=\"elementor-field-group elementor-column elementor-field-type-submit elementor-col-100 e-form__buttons\">\n\t\t\t\t\t<button class=\"elementor-button elementor-size-md\" type=\"submit\">\n\t\t\t\t\t\t<span class=\"elementor-button-content-wrapper\">\n\t\t\t\t\t\t\t\t\t\t\t\t\t\t\t\t\t\t\t\t\t\t<span class=\"elementor-button-text\">PO\u0160ALJI<\/span>\n\t\t\t\t\t\t\t\t\t\t\t\t\t<\/span>\n\t\t\t\t\t<\/button>\n\t\t\t\t<\/div>\n\t\t\t<\/div>\n\t\t<\/form>\n\t\t\t\t\t\t<\/div>\n\t\t\t\t<\/div>\n\t\t\t\t\t<\/div>\n\t\t<\/div>\n\t\t\t\t\t<\/div>\n\t\t<\/section>\n\t\t\t\t<\/div>\n\t\t","protected":false},"excerpt":{"rendered":"<p>\u041f\u0440\u0435\u0442\u0445\u043e\u0434\u043d\u0430 \u0421\u043b\u0435\u0434\u0435\u045b\u0438 Masterclass srpskih i francuskih majstora \u0161i\u0161anja &#8211; Tijana Ili\u0107 i Thomas Girard 06 Feb 2023 6. februara 2023. po prvi put u Beograd sti\u017ee francuski majstor \u0161i\u0161anja Thomas Girard. Thomas je trenutno jedan od najistaknutijih frizera na pariskoj sceni, a godinama radi u presti\u017enom salonu u Galeriji Lafaiette. Njegova tehnika \u0161i\u0161anja je jedinstvena [&hellip;]<\/p>\n","protected":false},"author":3,"featured_media":0,"parent":0,"menu_order":0,"comment_status":"closed","ping_status":"closed","template":"","meta":{"footnotes":""},"class_list":["post-1068","page","type-page","status-publish","hentry"],"_links":{"self":[{"href":"https:\/\/tijanailic.com\/ru\/wp-json\/wp\/v2\/pages\/1068","targetHints":{"allow":["GET"]}}],"collection":[{"href":"https:\/\/tijanailic.com\/ru\/wp-json\/wp\/v2\/pages"}],"about":[{"href":"https:\/\/tijanailic.com\/ru\/wp-json\/wp\/v2\/types\/page"}],"author":[{"embeddable":true,"href":"https:\/\/tijanailic.com\/ru\/wp-json\/wp\/v2\/users\/3"}],"replies":[{"embeddable":true,"href":"https:\/\/tijanailic.com\/ru\/wp-json\/wp\/v2\/comments?post=1068"}],"version-history":[{"count":0,"href":"https:\/\/tijanailic.com\/ru\/wp-json\/wp\/v2\/pages\/1068\/revisions"}],"wp:attachment":[{"href":"https:\/\/tijanailic.com\/ru\/wp-json\/wp\/v2\/media?parent=1068"}],"curies":[{"name":"WP","href":"https:\/\/api.w.org\/{rel}","templated":true}]}}