{"id":1400,"date":"2023-02-25T10:37:46","date_gmt":"2023-02-25T09:37:46","guid":{"rendered":"https:\/\/tijanailic.com\/?page_id=1400"},"modified":"2025-11-29T17:04:36","modified_gmt":"2025-11-29T16:04:36","slug":"%d1%84%d0%b5%d0%b4%d0%b5%d1%80%d0%b0%d1%86%d0%b8%d1%8f-%d0%b1%d0%b0%d1%81%d0%ba%d0%b5%d1%82%d0%b1%d0%be%d0%bb%d0%b0-%d0%b8%d0%bc%d0%b5%d0%bd%d0%b8-%d1%82%d0%b8%d1%8f%d0%bd%d1%8b-%d0%b8%d0%bb%d0%b8","status":"publish","type":"page","link":"https:\/\/tijanailic.com\/ru\/tijana-ilic-kosarkaski-savez-srbije\/","title":{"rendered":"\u0422\u0438\u044f\u043d\u0430 \u0418\u043b\u0438\u0447 \u0438 \u0424\u0435\u0434\u0435\u0440\u0430\u0446\u0438\u044f \u0431\u0430\u0441\u043a\u0435\u0442\u0431\u043e\u043b\u0430 \u0421\u0435\u0440\u0431\u0438\u0438"},"content":{"rendered":"<div data-elementor-type=\"wp-page\" data-elementor-id=\"1400\" class=\"elementor elementor-1400\" data-elementor-post-type=\"page\">\n\t\t\t\t<div class=\"elementor-element elementor-element-b486687 e-con-full e-flex e-con e-parent\" data-id=\"b486687\" data-element_type=\"container\" data-e-type=\"container\" data-settings=\"{&quot;background_background&quot;:&quot;classic&quot;}\">\n\t\t<div class=\"elementor-element elementor-element-3e7ef83 e-con-full e-flex e-con e-child\" data-id=\"3e7ef83\" data-element_type=\"container\" data-e-type=\"container\">\n\t\t\t\t<div class=\"elementor-element elementor-element-c0e02a9 elementor-widget elementor-widget-heading\" data-id=\"c0e02a9\" data-element_type=\"widget\" data-e-type=\"widget\" data-widget_type=\"heading.default\">\n\t\t\t\t<div class=\"elementor-widget-container\">\n\t\t\t\t\t<h1 class=\"elementor-heading-title elementor-size-default\">\u0422\u0438\u044f\u043d\u0430 \u0418\u043b\u0438\u0447 &amp; \u0411\u0430\u0441\u043a\u0435\u0442\u0431\u043e\u043b\u044c\u043d\u044b\u0439 \u0421\u043e\u044e\u0437 \u0421\u0435\u0440\u0431\u0438\u0438<\/h1>\t\t\t\t<\/div>\n\t\t\t\t<\/div>\n\t\t\t\t<div class=\"elementor-element elementor-element-66e269f elementor-widget elementor-widget-text-editor\" data-id=\"66e269f\" data-element_type=\"widget\" data-e-type=\"widget\" data-widget_type=\"text-editor.default\">\n\t\t\t\t<div class=\"elementor-widget-container\">\n\t\t\t\t\t\t\t\t\t<p>\u0422\u0438\u044f\u043d\u0430 \u0418\u043b\u0438\u0447 \u0441 \u0443\u0434\u043e\u0432\u043e\u043b\u044c\u0441\u0442\u0432\u0438\u0435\u043c \u0443\u0447\u0430\u0441\u0442\u0432\u0443\u0435\u0442 \u0432 \u0441\u043e\u0446\u0438\u0430\u043b\u044c\u043d\u044b\u0445 \u0438 \u043e\u0431\u0449\u0435\u0441\u0442\u0432\u0435\u043d\u043d\u043e \u0437\u043d\u0430\u0447\u0438\u043c\u044b\u0445 \u0438\u043d\u0438\u0446\u0438\u0430\u0442\u0438\u0432\u0430\u0445, \u0438 \u0441 \u0433\u043e\u0440\u0434\u043e\u0441\u0442\u044c\u044e \u043f\u043e\u0434\u0434\u0435\u0440\u0436\u0430\u043b\u0430 \u0436\u0435\u043d\u0441\u043a\u0443\u044e \u0431\u0430\u0441\u043a\u0435\u0442\u0431\u043e\u043b\u044c\u043d\u0443\u044e \u0441\u0431\u043e\u0440\u043d\u0443\u044e \u0421\u0435\u0440\u0431\u0438\u0438.\n\u00ab\u041e\u043d\u0438 - \u0433\u043e\u0440\u0434\u043e\u0441\u0442\u044c \u0421\u0435\u0440\u0431\u0438\u0438, \u0438 \u044f \u0433\u043e\u0440\u0436\u0443\u0441\u044c \u0442\u0435\u043c, \u0447\u0442\u043e \u0445\u043e\u0442\u044f \u0431\u044b \u043d\u0430 \u043e\u0434\u0438\u043d \u0434\u0435\u043d\u044c \u0431\u044b\u043b\u0430 \u0447\u0430\u0441\u0442\u044c\u044e \u0438\u0445 \u043a\u043e\u043c\u0430\u043d\u0434\u044b\u00bb, \u0437\u0430\u044f\u0432\u0438\u043b\u0430 \u0422\u0438\u044f\u043d\u0430 \u0436\u0443\u0440\u043d\u0430\u043b\u0438\u0441\u0442\u0430\u043c, \u043f\u0440\u0438\u0441\u0443\u0442\u0441\u0442\u0432\u043e\u0432\u0430\u0432\u0448\u0438\u043c \u043d\u0430 \u043c\u0435\u0440\u043e\u043f\u0440\u0438\u044f\u0442\u0438\u0438.<\/p>\t\t\t\t\t\t\t\t<\/div>\n\t\t\t\t<\/div>\n\t\t\t\t<\/div>\n\t\t<a class=\"elementor-element elementor-element-4f26627 e-con-full e-flex e-con e-child\" data-id=\"4f26627\" data-element_type=\"container\" data-e-type=\"container\" href=\"https:\/\/tijanailic.com\/wp-content\/uploads\/2023\/02\/Reel-Tijana-i-KKS.mp4\">\n\t\t\t\t<\/a>\n\t\t\t\t<\/div>\n\t\t<div class=\"elementor-element elementor-element-d28f604 e-flex e-con-boxed e-con e-parent\" data-id=\"d28f604\" data-element_type=\"container\" data-e-type=\"container\" data-settings=\"{&quot;background_background&quot;:&quot;classic&quot;}\">\n\t\t\t\t\t<div class=\"e-con-inner\">\n\t\t<div class=\"elementor-element elementor-element-4aeddc4 e-con-full e-flex e-con e-child\" data-id=\"4aeddc4\" data-element_type=\"container\" data-e-type=\"container\">\n\t\t\t\t<div class=\"elementor-element elementor-element-3d09b14 elementor-widget elementor-widget-text-editor\" data-id=\"3d09b14\" data-element_type=\"widget\" data-e-type=\"widget\" data-widget_type=\"text-editor.default\">\n\t\t\t\t<div class=\"elementor-widget-container\">\n\t\t\t\t\t\t\t\t\t<p style=\"font-weight: 400;\">\u0412 \u0441\u043f\u043e\u0440\u0442\u0438\u0432\u043d\u043e\u043c \u0437\u0430\u043b\u0435 \"\u0420\u0430\u043d\u043a\u043e \u0416\u0435\u0440\u0430\u0432\u0438\u0446\u0430\", \u0440\u044f\u0434\u043e\u043c \u0441 \u0438\u0433\u0440\u043e\u0432\u044b\u043c \u043f\u043e\u043b\u0435\u043c, \u0432\u043e \u0432\u0440\u0435\u043c\u044f \u0438 \u043f\u043e\u0441\u043b\u0435 \u0442\u0440\u0435\u043d\u0438\u0440\u043e\u0432\u043a\u0438 \u043e\u043d\u0438 \u043f\u0440\u043e\u0432\u0435\u043b\u0438 \u043f\u0435\u0440\u0444\u043e\u0440\u043c\u0430\u043d\u0441 \u043f\u043e \u0441\u0442\u0438\u043b\u0438\u0437\u0430\u0446\u0438\u0438 \u0431\u0430\u0441\u043a\u0435\u0442\u0431\u043e\u043b\u044c\u043d\u044b\u0445 \u0438\u0433\u0440\u043e\u043a\u043e\u0432. \u0426\u0435\u043b\u044c \u044d\u0442\u043e\u0433\u043e \u043f\u0435\u0440\u0444\u043e\u0440\u043c\u0430\u043d\u0441\u0430 \u0431\u044b\u043b\u0430 \u0443\u043a\u0430\u0437\u0430\u0442\u044c \u043d\u0430 \u0442\u043e, \u0447\u0442\u043e \u0436\u0435\u043d\u0449\u0438\u043d\u044b \u0432 \u0441\u043f\u043e\u0440\u0442\u0435 \u0435\u0436\u0435\u0434\u043d\u0435\u0432\u043d\u043e \u0441\u0442\u0430\u043b\u043a\u0438\u0432\u0430\u044e\u0442\u0441\u044f \u0441 \u043c\u043d\u043e\u0433\u043e\u0447\u0438\u0441\u043b\u0435\u043d\u043d\u044b\u043c\u0438 \u0441\u0442\u0435\u0440\u0435\u043e\u0442\u0438\u043f\u0430\u043c\u0438 \u0438 \u0447\u0442\u043e \u0443 \u043d\u0438\u0445, \u043a\u0430\u043a \u0438 \u0443 \u0434\u0440\u0443\u0433\u0438\u0445 \u0436\u0435\u043d\u0449\u0438\u043d, \u0435\u0441\u0442\u044c \u0441\u0432\u043e\u0438 \u043f\u0440\u0438\u0432\u044b\u0447\u043a\u0438, \u043f\u0440\u0435\u0434\u043f\u043e\u0447\u0442\u0438\u0442\u0435\u043b\u044c\u043d\u043e\u0435 \u043e\u0431\u0440\u0430\u0449\u0435\u043d\u0438\u0435 \u0438 \u0440\u0438\u0442\u0443\u0430\u043b\u044b \u043a\u0440\u0430\u0441\u043e\u0442\u044b.<\/p><p style=\"font-weight: 400;\">\u0421\u043f\u043e\u0440\u0442\u0438\u0432\u043d\u044b\u0435 \u043f\u043e\u043b\u044f \u0437\u0430\u0440\u0435\u0437\u0435\u0440\u0432\u0438\u0440\u043e\u0432\u0430\u043d\u043e \u0434\u043b\u044f \"\u043a\u0440\u043e\u0432\u0438, \u043f\u043e\u0442\u0430 \u0438 \u0441\u043b\u0435\u0437\", \u043d\u043e \u0432\u043d\u0435 \u0435\u0433\u043e \u043d\u0430\u0448\u0438 \u0441\u043f\u043e\u0440\u0442\u0441\u043c\u0435\u043d\u043a\u0438 \u044f\u0432\u043b\u044f\u044e\u0442\u0441\u044f \u0432\u043e\u043f\u043b\u043e\u0449\u0435\u043d\u0438\u0435\u043c \u044d\u043b\u0435\u0433\u0430\u043d\u0442\u043d\u043e\u0441\u0442\u0438, \u043e\u0431\u0430\u044f\u043d\u0438\u044f \u0438 \u0436\u0435\u043d\u0441\u0442\u0432\u0435\u043d\u043d\u043e\u0441\u0442\u0438.<\/p>\t\t\t\t\t\t\t\t<\/div>\n\t\t\t\t<\/div>\n\t\t\t\t<\/div>\n\t\t<div class=\"elementor-element elementor-element-6b6ef83 e-con-full e-flex e-con e-child\" data-id=\"6b6ef83\" data-element_type=\"container\" data-e-type=\"container\">\n\t\t\t\t<\/div>\n\t\t\t\t\t<\/div>\n\t\t\t\t<\/div>\n\t\t\t\t<section class=\"elementor-section elementor-top-section elementor-element elementor-element-1f147ece elementor-section-full_width elementor-section-height-default elementor-section-height-default\" data-id=\"1f147ece\" data-element_type=\"section\" data-e-type=\"section\">\n\t\t\t\t\t\t<div class=\"elementor-container elementor-column-gap-default\">\n\t\t\t\t\t<div class=\"elementor-column elementor-col-100 elementor-top-column elementor-element elementor-element-11219e74\" data-id=\"11219e74\" data-element_type=\"column\" data-e-type=\"column\">\n\t\t\t<div class=\"elementor-widget-wrap elementor-element-populated\">\n\t\t\t\t\t\t<div class=\"elementor-element elementor-element-3569ebfc elementor-widget elementor-widget-gallery\" data-id=\"3569ebfc\" data-element_type=\"widget\" data-e-type=\"widget\" data-settings=\"{&quot;gallery_layout&quot;:&quot;justified&quot;,&quot;ideal_row_height&quot;:{&quot;unit&quot;:&quot;px&quot;,&quot;size&quot;:450,&quot;sizes&quot;:[]},&quot;ideal_row_height_mobile&quot;:{&quot;unit&quot;:&quot;px&quot;,&quot;size&quot;:260,&quot;sizes&quot;:[]},&quot;lazyload&quot;:&quot;yes&quot;,&quot;ideal_row_height_tablet&quot;:{&quot;unit&quot;:&quot;px&quot;,&quot;size&quot;:150,&quot;sizes&quot;:[]},&quot;gap&quot;:{&quot;unit&quot;:&quot;px&quot;,&quot;size&quot;:10,&quot;sizes&quot;:[]},&quot;gap_tablet&quot;:{&quot;unit&quot;:&quot;px&quot;,&quot;size&quot;:10,&quot;sizes&quot;:[]},&quot;gap_mobile&quot;:{&quot;unit&quot;:&quot;px&quot;,&quot;size&quot;:10,&quot;sizes&quot;:[]},&quot;link_to&quot;:&quot;file&quot;,&quot;overlay_background&quot;:&quot;yes&quot;,&quot;content_hover_animation&quot;:&quot;fade-in&quot;}\" data-widget_type=\"gallery.default\">\n\t\t\t\t<div class=\"elementor-widget-container\">\n\t\t\t\t\t\t\t<div class=\"elementor-gallery__container\">\n\t\t\t\t\t\t\t<a class=\"e-gallery-item elementor-gallery-item elementor-animated-content\" href=\"https:\/\/tijanailic.com\/wp-content\/uploads\/2023\/02\/IMG_6535-scaled.webp\" data-elementor-open-lightbox=\"yes\" data-elementor-lightbox-slideshow=\"3569ebfc\" data-elementor-lightbox-title=\"IMG_6535\" data-e-action-hash=\"#elementor-action%3Aaction%3Dlightbox%26settings%3DeyJpZCI6MTQwMiwidXJsIjoiaHR0cHM6XC9cL3RpamFuYWlsaWMuY29tXC93cC1jb250ZW50XC91cGxvYWRzXC8yMDIzXC8wMlwvSU1HXzY1MzUtc2NhbGVkLndlYnAiLCJzbGlkZXNob3ciOiIzNTY5ZWJmYyJ9\">\n\t\t\t\t\t<div class=\"e-gallery-image elementor-gallery-item__image\" data-thumbnail=\"https:\/\/tijanailic.com\/wp-content\/uploads\/2023\/02\/IMG_6535-768x1024.webp\" data-width=\"768\" data-height=\"1024\" aria-label=\"\" role=\"img\" ><\/div>\n\t\t\t\t\t\t\t\t\t\t\t<div class=\"elementor-gallery-item__overlay\"><\/div>\n\t\t\t\t\t\t\t\t\t\t\t\t\t\t<\/a>\n\t\t\t\t\t\t\t<a class=\"e-gallery-item elementor-gallery-item elementor-animated-content\" href=\"https:\/\/tijanailic.com\/wp-content\/uploads\/2023\/02\/IMG_6537-scaled.webp\" data-elementor-open-lightbox=\"yes\" data-elementor-lightbox-slideshow=\"3569ebfc\" data-elementor-lightbox-title=\"IMG_6537\" data-e-action-hash=\"#elementor-action%3Aaction%3Dlightbox%26settings%3DeyJpZCI6MTQwMywidXJsIjoiaHR0cHM6XC9cL3RpamFuYWlsaWMuY29tXC93cC1jb250ZW50XC91cGxvYWRzXC8yMDIzXC8wMlwvSU1HXzY1Mzctc2NhbGVkLndlYnAiLCJzbGlkZXNob3ciOiIzNTY5ZWJmYyJ9\">\n\t\t\t\t\t<div class=\"e-gallery-image elementor-gallery-item__image\" data-thumbnail=\"https:\/\/tijanailic.com\/wp-content\/uploads\/2023\/02\/IMG_6537-768x576.webp\" data-width=\"768\" data-height=\"576\" aria-label=\"\" role=\"img\" ><\/div>\n\t\t\t\t\t\t\t\t\t\t\t<div class=\"elementor-gallery-item__overlay\"><\/div>\n\t\t\t\t\t\t\t\t\t\t\t\t\t\t<\/a>\n\t\t\t\t\t\t\t<a class=\"e-gallery-item elementor-gallery-item elementor-animated-content\" href=\"https:\/\/tijanailic.com\/wp-content\/uploads\/2023\/02\/IMG_6542-scaled.webp\" data-elementor-open-lightbox=\"yes\" data-elementor-lightbox-slideshow=\"3569ebfc\" data-elementor-lightbox-title=\"IMG_6542\" data-e-action-hash=\"#elementor-action%3Aaction%3Dlightbox%26settings%3DeyJpZCI6MTQwNCwidXJsIjoiaHR0cHM6XC9cL3RpamFuYWlsaWMuY29tXC93cC1jb250ZW50XC91cGxvYWRzXC8yMDIzXC8wMlwvSU1HXzY1NDItc2NhbGVkLndlYnAiLCJzbGlkZXNob3ciOiIzNTY5ZWJmYyJ9\">\n\t\t\t\t\t<div class=\"e-gallery-image elementor-gallery-item__image\" data-thumbnail=\"https:\/\/tijanailic.com\/wp-content\/uploads\/2023\/02\/IMG_6542-768x1024.webp\" data-width=\"768\" data-height=\"1024\" aria-label=\"\" role=\"img\" ><\/div>\n\t\t\t\t\t\t\t\t\t\t\t<div class=\"elementor-gallery-item__overlay\"><\/div>\n\t\t\t\t\t\t\t\t\t\t\t\t\t\t<\/a>\n\t\t\t\t\t\t\t<a class=\"e-gallery-item elementor-gallery-item elementor-animated-content\" href=\"https:\/\/tijanailic.com\/wp-content\/uploads\/2023\/02\/IMG_6546-scaled.webp\" data-elementor-open-lightbox=\"yes\" data-elementor-lightbox-slideshow=\"3569ebfc\" data-elementor-lightbox-title=\"IMG_6546\" data-e-action-hash=\"#elementor-action%3Aaction%3Dlightbox%26settings%3DeyJpZCI6MTQwNSwidXJsIjoiaHR0cHM6XC9cL3RpamFuYWlsaWMuY29tXC93cC1jb250ZW50XC91cGxvYWRzXC8yMDIzXC8wMlwvSU1HXzY1NDYtc2NhbGVkLndlYnAiLCJzbGlkZXNob3ciOiIzNTY5ZWJmYyJ9\">\n\t\t\t\t\t<div class=\"e-gallery-image elementor-gallery-item__image\" data-thumbnail=\"https:\/\/tijanailic.com\/wp-content\/uploads\/2023\/02\/IMG_6546-768x1024.webp\" data-width=\"768\" data-height=\"1024\" aria-label=\"\" role=\"img\" ><\/div>\n\t\t\t\t\t\t\t\t\t\t\t<div class=\"elementor-gallery-item__overlay\"><\/div>\n\t\t\t\t\t\t\t\t\t\t\t\t\t\t<\/a>\n\t\t\t\t\t\t\t<a class=\"e-gallery-item elementor-gallery-item elementor-animated-content\" href=\"https:\/\/tijanailic.com\/wp-content\/uploads\/2023\/02\/IMG_6556-scaled.webp\" data-elementor-open-lightbox=\"yes\" data-elementor-lightbox-slideshow=\"3569ebfc\" data-elementor-lightbox-title=\"IMG_6556\" data-e-action-hash=\"#elementor-action%3Aaction%3Dlightbox%26settings%3DeyJpZCI6MTQwNiwidXJsIjoiaHR0cHM6XC9cL3RpamFuYWlsaWMuY29tXC93cC1jb250ZW50XC91cGxvYWRzXC8yMDIzXC8wMlwvSU1HXzY1NTYtc2NhbGVkLndlYnAiLCJzbGlkZXNob3ciOiIzNTY5ZWJmYyJ9\">\n\t\t\t\t\t<div class=\"e-gallery-image elementor-gallery-item__image\" data-thumbnail=\"https:\/\/tijanailic.com\/wp-content\/uploads\/2023\/02\/IMG_6556-768x1024.webp\" data-width=\"768\" data-height=\"1024\" aria-label=\"\" role=\"img\" ><\/div>\n\t\t\t\t\t\t\t\t\t\t\t<div class=\"elementor-gallery-item__overlay\"><\/div>\n\t\t\t\t\t\t\t\t\t\t\t\t\t\t<\/a>\n\t\t\t\t\t\t\t<a class=\"e-gallery-item elementor-gallery-item elementor-animated-content\" href=\"https:\/\/tijanailic.com\/wp-content\/uploads\/2023\/02\/IMG_6560-scaled.webp\" data-elementor-open-lightbox=\"yes\" data-elementor-lightbox-slideshow=\"3569ebfc\" data-elementor-lightbox-title=\"IMG_6560\" data-e-action-hash=\"#elementor-action%3Aaction%3Dlightbox%26settings%3DeyJpZCI6MTQwNywidXJsIjoiaHR0cHM6XC9cL3RpamFuYWlsaWMuY29tXC93cC1jb250ZW50XC91cGxvYWRzXC8yMDIzXC8wMlwvSU1HXzY1NjAtc2NhbGVkLndlYnAiLCJzbGlkZXNob3ciOiIzNTY5ZWJmYyJ9\">\n\t\t\t\t\t<div class=\"e-gallery-image elementor-gallery-item__image\" data-thumbnail=\"https:\/\/tijanailic.com\/wp-content\/uploads\/2023\/02\/IMG_6560-768x1024.webp\" data-width=\"768\" data-height=\"1024\" aria-label=\"\" role=\"img\" ><\/div>\n\t\t\t\t\t\t\t\t\t\t\t<div class=\"elementor-gallery-item__overlay\"><\/div>\n\t\t\t\t\t\t\t\t\t\t\t\t\t\t<\/a>\n\t\t\t\t\t\t\t<a class=\"e-gallery-item elementor-gallery-item elementor-animated-content\" href=\"https:\/\/tijanailic.com\/wp-content\/uploads\/2023\/02\/IMG_6569-scaled.webp\" data-elementor-open-lightbox=\"yes\" data-elementor-lightbox-slideshow=\"3569ebfc\" data-elementor-lightbox-title=\"IMG_6569\" data-e-action-hash=\"#elementor-action%3Aaction%3Dlightbox%26settings%3DeyJpZCI6MTQwOCwidXJsIjoiaHR0cHM6XC9cL3RpamFuYWlsaWMuY29tXC93cC1jb250ZW50XC91cGxvYWRzXC8yMDIzXC8wMlwvSU1HXzY1Njktc2NhbGVkLndlYnAiLCJzbGlkZXNob3ciOiIzNTY5ZWJmYyJ9\">\n\t\t\t\t\t<div class=\"e-gallery-image elementor-gallery-item__image\" data-thumbnail=\"https:\/\/tijanailic.com\/wp-content\/uploads\/2023\/02\/IMG_6569-768x1024.webp\" data-width=\"768\" data-height=\"1024\" aria-label=\"\" role=\"img\" ><\/div>\n\t\t\t\t\t\t\t\t\t\t\t<div class=\"elementor-gallery-item__overlay\"><\/div>\n\t\t\t\t\t\t\t\t\t\t\t\t\t\t<\/a>\n\t\t\t\t\t\t\t<a class=\"e-gallery-item elementor-gallery-item elementor-animated-content\" href=\"https:\/\/tijanailic.com\/wp-content\/uploads\/2023\/02\/IMG_6580-scaled.webp\" data-elementor-open-lightbox=\"yes\" data-elementor-lightbox-slideshow=\"3569ebfc\" data-elementor-lightbox-title=\"IMG_6580\" data-e-action-hash=\"#elementor-action%3Aaction%3Dlightbox%26settings%3DeyJpZCI6MTQwOSwidXJsIjoiaHR0cHM6XC9cL3RpamFuYWlsaWMuY29tXC93cC1jb250ZW50XC91cGxvYWRzXC8yMDIzXC8wMlwvSU1HXzY1ODAtc2NhbGVkLndlYnAiLCJzbGlkZXNob3ciOiIzNTY5ZWJmYyJ9\">\n\t\t\t\t\t<div class=\"e-gallery-image elementor-gallery-item__image\" data-thumbnail=\"https:\/\/tijanailic.com\/wp-content\/uploads\/2023\/02\/IMG_6580-768x1024.webp\" data-width=\"768\" data-height=\"1024\" aria-label=\"\" role=\"img\" ><\/div>\n\t\t\t\t\t\t\t\t\t\t\t<div class=\"elementor-gallery-item__overlay\"><\/div>\n\t\t\t\t\t\t\t\t\t\t\t\t\t\t<\/a>\n\t\t\t\t\t\t\t<a class=\"e-gallery-item elementor-gallery-item elementor-animated-content\" href=\"https:\/\/tijanailic.com\/wp-content\/uploads\/2023\/02\/IMG_6587-scaled.webp\" data-elementor-open-lightbox=\"yes\" data-elementor-lightbox-slideshow=\"3569ebfc\" data-elementor-lightbox-title=\"IMG_6587\" data-e-action-hash=\"#elementor-action%3Aaction%3Dlightbox%26settings%3DeyJpZCI6MTQxMCwidXJsIjoiaHR0cHM6XC9cL3RpamFuYWlsaWMuY29tXC93cC1jb250ZW50XC91cGxvYWRzXC8yMDIzXC8wMlwvSU1HXzY1ODctc2NhbGVkLndlYnAiLCJzbGlkZXNob3ciOiIzNTY5ZWJmYyJ9\">\n\t\t\t\t\t<div class=\"e-gallery-image elementor-gallery-item__image\" data-thumbnail=\"https:\/\/tijanailic.com\/wp-content\/uploads\/2023\/02\/IMG_6587-768x1024.webp\" data-width=\"768\" data-height=\"1024\" aria-label=\"\" role=\"img\" ><\/div>\n\t\t\t\t\t\t\t\t\t\t\t<div class=\"elementor-gallery-item__overlay\"><\/div>\n\t\t\t\t\t\t\t\t\t\t\t\t\t\t<\/a>\n\t\t\t\t\t\t\t<a class=\"e-gallery-item elementor-gallery-item elementor-animated-content\" href=\"https:\/\/tijanailic.com\/wp-content\/uploads\/2023\/02\/IMG_6592-scaled.webp\" data-elementor-open-lightbox=\"yes\" data-elementor-lightbox-slideshow=\"3569ebfc\" data-elementor-lightbox-title=\"IMG_6592\" data-e-action-hash=\"#elementor-action%3Aaction%3Dlightbox%26settings%3DeyJpZCI6MTQxMSwidXJsIjoiaHR0cHM6XC9cL3RpamFuYWlsaWMuY29tXC93cC1jb250ZW50XC91cGxvYWRzXC8yMDIzXC8wMlwvSU1HXzY1OTItc2NhbGVkLndlYnAiLCJzbGlkZXNob3ciOiIzNTY5ZWJmYyJ9\">\n\t\t\t\t\t<div class=\"e-gallery-image elementor-gallery-item__image\" data-thumbnail=\"https:\/\/tijanailic.com\/wp-content\/uploads\/2023\/02\/IMG_6592-768x1024.webp\" data-width=\"768\" data-height=\"1024\" aria-label=\"\" role=\"img\" ><\/div>\n\t\t\t\t\t\t\t\t\t\t\t<div class=\"elementor-gallery-item__overlay\"><\/div>\n\t\t\t\t\t\t\t\t\t\t\t\t\t\t<\/a>\n\t\t\t\t\t\t\t<a class=\"e-gallery-item elementor-gallery-item elementor-animated-content\" href=\"https:\/\/tijanailic.com\/wp-content\/uploads\/2023\/02\/IMG_6599-scaled.webp\" data-elementor-open-lightbox=\"yes\" data-elementor-lightbox-slideshow=\"3569ebfc\" data-elementor-lightbox-title=\"IMG_6599\" data-e-action-hash=\"#elementor-action%3Aaction%3Dlightbox%26settings%3DeyJpZCI6MTQxMiwidXJsIjoiaHR0cHM6XC9cL3RpamFuYWlsaWMuY29tXC93cC1jb250ZW50XC91cGxvYWRzXC8yMDIzXC8wMlwvSU1HXzY1OTktc2NhbGVkLndlYnAiLCJzbGlkZXNob3ciOiIzNTY5ZWJmYyJ9\">\n\t\t\t\t\t<div class=\"e-gallery-image elementor-gallery-item__image\" data-thumbnail=\"https:\/\/tijanailic.com\/wp-content\/uploads\/2023\/02\/IMG_6599-768x1024.webp\" data-width=\"768\" data-height=\"1024\" aria-label=\"\" role=\"img\" ><\/div>\n\t\t\t\t\t\t\t\t\t\t\t<div class=\"elementor-gallery-item__overlay\"><\/div>\n\t\t\t\t\t\t\t\t\t\t\t\t\t\t<\/a>\n\t\t\t\t\t<\/div>\n\t\t\t\t\t<\/div>\n\t\t\t\t<\/div>\n\t\t\t\t\t<\/div>\n\t\t<\/div>\n\t\t\t\t\t<\/div>\n\t\t<\/section>\n\t\t\t\t<\/div>","protected":false},"excerpt":{"rendered":"<p>Tijana Ili\u0107 &amp; Ko\u0161arka\u0161ki Savez Srbije Tijana Ili\u0107 uvek rado u\u010destvuje i u dru\u0161tveno-odgovornim kampanjama, te je pru\u017eila podr\u0161ku \u017eenskoj ko\u0161arka\u0161koj reprezentaciji Srbije.\u00a0\u201cOne su ponos Srbije, a ja sam ponosna \u0161to sam bila deo njihovog tima makar na jedan dan.\u201d\u00a0izjavila je Tijana za brojne medijske ekipe koje su prisustvovale doga\u0111aju. U sportskoj hali \u201cRanko \u017deravica\u201d [&hellip;]<\/p>\n","protected":false},"author":3,"featured_media":0,"parent":0,"menu_order":0,"comment_status":"closed","ping_status":"closed","template":"","meta":{"footnotes":""},"class_list":["post-1400","page","type-page","status-publish","hentry"],"_links":{"self":[{"href":"https:\/\/tijanailic.com\/ru\/wp-json\/wp\/v2\/pages\/1400","targetHints":{"allow":["GET"]}}],"collection":[{"href":"https:\/\/tijanailic.com\/ru\/wp-json\/wp\/v2\/pages"}],"about":[{"href":"https:\/\/tijanailic.com\/ru\/wp-json\/wp\/v2\/types\/page"}],"author":[{"embeddable":true,"href":"https:\/\/tijanailic.com\/ru\/wp-json\/wp\/v2\/users\/3"}],"replies":[{"embeddable":true,"href":"https:\/\/tijanailic.com\/ru\/wp-json\/wp\/v2\/comments?post=1400"}],"version-history":[{"count":0,"href":"https:\/\/tijanailic.com\/ru\/wp-json\/wp\/v2\/pages\/1400\/revisions"}],"wp:attachment":[{"href":"https:\/\/tijanailic.com\/ru\/wp-json\/wp\/v2\/media?parent=1400"}],"curies":[{"name":"WP","href":"https:\/\/api.w.org\/{rel}","templated":true}]}}