{"id":1548,"date":"2023-03-23T10:28:52","date_gmt":"2023-03-23T09:28:52","guid":{"rendered":"https:\/\/tijanailic.com\/?page_id=1548"},"modified":"2023-03-23T10:46:19","modified_gmt":"2023-03-23T09:46:19","slug":"%d1%81%d0%bf%d0%b0%d1%81%d0%b8%d0%b1%d0%be-%d0%b7%d0%b0-%d1%88%d1%8d%d1%80%d0%be%d0%bd-%d0%b1%d0%bb%d0%b5%d0%b9%d0%bd","status":"publish","type":"page","link":"https:\/\/tijanailic.com\/ru\/hvala-za-sharon-blain\/","title":{"rendered":"Hvala za Sharon Blain"},"content":{"rendered":"<div data-elementor-type=\"wp-page\" data-elementor-id=\"1548\" class=\"elementor elementor-1548\" data-elementor-post-type=\"page\">\n\t\t\t\t\t\t<section class=\"elementor-section elementor-top-section elementor-element elementor-element-6838ac5 elementor-section-boxed elementor-section-height-default elementor-section-height-default\" data-id=\"6838ac5\" data-element_type=\"section\" data-e-type=\"section\">\n\t\t\t\t\t\t<div class=\"elementor-container elementor-column-gap-default\">\n\t\t\t\t\t<div class=\"elementor-column elementor-col-100 elementor-top-column elementor-element elementor-element-fbeaba6\" data-id=\"fbeaba6\" data-element_type=\"column\" data-e-type=\"column\">\n\t\t\t<div class=\"elementor-widget-wrap elementor-element-populated\">\n\t\t\t\t\t\t<div class=\"elementor-element elementor-element-6734d57 elementor-widget elementor-widget-heading\" data-id=\"6734d57\" data-element_type=\"widget\" data-e-type=\"widget\" data-widget_type=\"heading.default\">\n\t\t\t\t<div class=\"elementor-widget-container\">\n\t\t\t\t\t<h1 class=\"elementor-heading-title elementor-size-default\">\u0421\u043f\u0430\u0441\u0438\u0431\u043e!<\/h1>\t\t\t\t<\/div>\n\t\t\t\t<\/div>\n\t\t\t\t<div class=\"elementor-element elementor-element-862fdc1 elementor-widget elementor-widget-text-editor\" data-id=\"862fdc1\" data-element_type=\"widget\" data-e-type=\"widget\" data-widget_type=\"text-editor.default\">\n\t\t\t\t<div class=\"elementor-widget-container\">\n\t\t\t\t\t\t\t\t\t<p><strong>\u0423\u0441\u043f\u0435\u0448\u043d\u043e<\/strong> \u0412\u044b \u043e\u0442\u043f\u0440\u0430\u0432\u0438\u043b\u0438 \u0437\u0430\u043f\u0440\u043e\u0441 \u043d\u0430 \u043c\u0435\u0440\u043e\u043f\u0440\u0438\u044f\u0442\u0438\u0435 \u00ab\u041c\u0430\u0441\u0442\u0435\u0440-\u043a\u043b\u0430\u0441\u0441 \u0428\u0430\u0440\u043e\u043d \u0411\u043b\u0435\u0439\u043d\u00bb. \u041e\u0436\u0438\u0434\u0430\u0439\u0442\u0435 \u043d\u0430\u0448\u0435\u0433\u043e \u043e\u0442\u0432\u0435\u0442\u0430 \u0432 \u0442\u0435\u0447\u0435\u043d\u0438\u0435 48 \u0447\u0430\u0441\u043e\u0432 \u0441\u043e \u0432\u0441\u0435\u043c\u0438 \u043f\u043e\u0434\u0440\u043e\u0431\u043d\u043e\u0441\u0442\u044f\u043c\u0438 \u043d\u0430 \u0432\u0430\u0448\u0443 \u044d\u043b\u0435\u043a\u0442\u0440\u043e\u043d\u043d\u0443\u044e \u043f\u043e\u0447\u0442\u0443.<\/p>\t\t\t\t\t\t\t\t<\/div>\n\t\t\t\t<\/div>\n\t\t\t\t<div class=\"elementor-element elementor-element-2258ddc elementor-align-center elementor-widget elementor-widget-button\" data-id=\"2258ddc\" data-element_type=\"widget\" data-e-type=\"widget\" data-widget_type=\"button.default\">\n\t\t\t\t<div class=\"elementor-widget-container\">\n\t\t\t\t\t\t\t\t\t<div class=\"elementor-button-wrapper\">\n\t\t\t\t\t<a class=\"elementor-button elementor-button-link elementor-size-md elementor-animation-wobble-horizontal\" href=\"https:\/\/tijanailic.com\/ru\/\">\n\t\t\t\t\t\t<span class=\"elementor-button-content-wrapper\">\n\t\t\t\t\t\t<span class=\"elementor-button-icon\">\n\t\t\t\t<i aria-hidden=\"true\" class=\"fas fa-angle-left\"><\/i>\t\t\t<\/span>\n\t\t\t\t\t\t\t\t\t<span class=\"elementor-button-text\">\u0412\u0435\u0440\u043d\u0443\u0442\u044c\u0441\u044f \u043d\u0430 \u0433\u043b\u0430\u0432\u043d\u0443\u044e \u0441\u0442\u0440\u0430\u043d\u0438\u0446\u0443<\/span>\n\t\t\t\t\t<\/span>\n\t\t\t\t\t<\/a>\n\t\t\t\t<\/div>\n\t\t\t\t\t\t\t\t<\/div>\n\t\t\t\t<\/div>\n\t\t\t\t\t<\/div>\n\t\t<\/div>\n\t\t\t\t\t<\/div>\n\t\t<\/section>\n\t\t\t\t<\/div>","protected":false},"excerpt":{"rendered":"<p>Hvala! Uspe\u0161no je poslat upit za doga\u0111aj &#8220;Masterclass Sharon Blain&#8221; i o\u010dekujte na\u0161 odgovor u roku od 48h sa svim detaljima na va\u0161 email. Vrati se na po\u010detnu<\/p>","protected":false},"author":3,"featured_media":0,"parent":0,"menu_order":0,"comment_status":"closed","ping_status":"closed","template":"","meta":{"footnotes":""},"class_list":["post-1548","page","type-page","status-publish","hentry"],"_links":{"self":[{"href":"https:\/\/tijanailic.com\/ru\/wp-json\/wp\/v2\/pages\/1548","targetHints":{"allow":["GET"]}}],"collection":[{"href":"https:\/\/tijanailic.com\/ru\/wp-json\/wp\/v2\/pages"}],"about":[{"href":"https:\/\/tijanailic.com\/ru\/wp-json\/wp\/v2\/types\/page"}],"author":[{"embeddable":true,"href":"https:\/\/tijanailic.com\/ru\/wp-json\/wp\/v2\/users\/3"}],"replies":[{"embeddable":true,"href":"https:\/\/tijanailic.com\/ru\/wp-json\/wp\/v2\/comments?post=1548"}],"version-history":[{"count":0,"href":"https:\/\/tijanailic.com\/ru\/wp-json\/wp\/v2\/pages\/1548\/revisions"}],"wp:attachment":[{"href":"https:\/\/tijanailic.com\/ru\/wp-json\/wp\/v2\/media?parent=1548"}],"curies":[{"name":"WP","href":"https:\/\/api.w.org\/{rel}","templated":true}]}}