{"id":2186,"date":"2023-12-20T16:42:21","date_gmt":"2023-12-20T15:42:21","guid":{"rendered":"https:\/\/tijanailic.com\/login\/"},"modified":"2026-02-16T12:54:07","modified_gmt":"2026-02-16T11:54:07","slug":"%d0%b0%d0%b2%d1%82%d0%be%d1%80%d0%b8%d0%b7%d0%be%d0%b2%d0%b0%d1%82%d1%8c%d1%81%d1%8f","status":"publish","type":"page","link":"https:\/\/tijanailic.com\/ru\/login\/","title":{"rendered":"\u0410\u0432\u0442\u043e\u0440\u0438\u0437\u043e\u0432\u0430\u0442\u044c\u0441\u044f"},"content":{"rendered":"<div data-elementor-type=\"wp-page\" data-elementor-id=\"2186\" class=\"elementor elementor-2186\" data-elementor-post-type=\"page\">\n\t\t\t\t<div class=\"elementor-element elementor-element-f9063c5 e-flex e-con-boxed e-con e-parent\" data-id=\"f9063c5\" data-element_type=\"container\" data-e-type=\"container\" data-settings=\"{&quot;background_background&quot;:&quot;classic&quot;}\">\n\t\t\t\t\t<div class=\"e-con-inner\">\n\t\t<div class=\"elementor-element elementor-element-6cc941d e-con-full e-flex e-con e-child\" data-id=\"6cc941d\" data-element_type=\"container\" data-e-type=\"container\">\n\t\t\t\t<div class=\"elementor-element elementor-element-5176d78 elementor-widget elementor-widget-text-editor\" data-id=\"5176d78\" data-element_type=\"widget\" data-e-type=\"widget\" data-widget_type=\"text-editor.default\">\n\t\t\t\t<div class=\"elementor-widget-container\">\n\t\t\t\t\t\t\t\t\t<p>\u0415\u0421\u041b\u0418 \u0412\u042b \u0425\u041e\u0422\u0418\u0422\u0415 \u0417\u0410\u041f\u0418\u0421\u0410\u0422\u042c\u0421\u042f \u0412\u041f\u0415\u0420\u0412\u042b\u0415 \u041d\u0410 \u0423\u0421\u041b\u0423\u0413\u0423 \u041e\u041a\u0420\u0410\u0428\u0418\u0412\u0410\u041d\u0418\u042f, \u041d\u0415\u041e\u0411\u0425\u041e\u0414\u0418\u041c\u041e \u0421\u041d\u0410\u0427\u0410\u041b\u0410 \u041f\u041e\u0421\u0415\u0422\u0418\u0422\u042c \u0411\u0415\u0421\u041f\u041b\u0410\u0422\u041d\u0423\u042e \u041a\u041e\u041d\u0421\u0423\u041b\u042c\u0422\u0410\u0426\u0418\u042e.<\/p><p>\u041f\u041e\u0421\u041b\u0415 \u041f\u0420\u041e\u0425\u041e\u0416\u0414\u0415\u041d\u0418\u042f \u041a\u041e\u041d\u0421\u0423\u041b\u042c\u0422\u0410\u0426\u0418\u0418 \u0412\u042b \u041f\u041e\u041b\u0423\u0427\u0418\u0422\u0415 \u0414\u0410\u041d\u041d\u042b\u0415 \u0414\u041b\u042f \u0412\u0425\u041e\u0414\u0410, \u041a\u041e\u0422\u041e\u0420\u042b\u0415 \u041f\u041e\u0417\u0412\u041e\u041b\u042f\u0422 \u0412\u0410\u041c \u041f\u041e\u041b\u0423\u0427\u0418\u0422\u042c \u0414\u041e\u0421\u0422\u0423\u041f \u0418 \u0417\u0410\u041f\u0418\u0421\u0410\u0422\u042c\u0421\u042f \u041d\u0410 \u0414\u0410\u041d\u041d\u042b\u0419 \u0412\u0418\u0414 \u0423\u0421\u041b\u0423\u0413\u0418.<\/p><p>\u0417\u0410\u041f\u0418\u0421\u0410\u0422\u042c\u0421\u042f \u041d\u0410 \u041a\u041e\u041d\u0421\u0423\u041b\u042c\u0422\u0410\u0426\u0418\u042e \u041c\u041e\u0416\u041d\u041e <strong><a href=\"https:\/\/tijanailic.com\/ru\/%d0%be%d0%ba%d1%80%d0%b0%d1%88%d0%b8%d0%b2%d0%b0%d0%bd%d0%b8%d0%b5-%d0%b2%d0%be%d0%bb%d0%be%d1%81\/#zakazi\">\u0417\u0414\u0415\u0421\u042c<\/a><\/strong><\/p>\t\t\t\t\t\t\t\t<\/div>\n\t\t\t\t<\/div>\n\t\t\t\t<div class=\"elementor-element elementor-element-4a81cee elementor-widget elementor-widget-heading\" data-id=\"4a81cee\" data-element_type=\"widget\" data-e-type=\"widget\" data-widget_type=\"heading.default\">\n\t\t\t\t<div class=\"elementor-widget-container\">\n\t\t\t\t\t<h1 class=\"elementor-heading-title elementor-size-default\">\u0412\u0425\u041e\u0414<\/h1>\t\t\t\t<\/div>\n\t\t\t\t<\/div>\n\t\t\t\t<div class=\"elementor-element elementor-element-33ac285 elementor-widget elementor-widget-shortcode\" data-id=\"33ac285\" data-element_type=\"widget\" data-e-type=\"widget\" data-widget_type=\"shortcode.default\">\n\t\t\t\t<div class=\"elementor-widget-container\">\n\t\t\t\t\t\t\t<div class=\"elementor-shortcode\">\n<div class=\"um um-login um-2182\">\n\t<div class=\"um-form\">\n\t\t<form method=\"post\" action=\"\" autocomplete=\"off\" data-trp-original-action=\"\">\n\t\t\t<div class=\"um-row _um_row_1\" style=\"margin: 0 0 30px 0;\"><div class=\"um-col-1\"><div  id=\"um_field_2182_username\" class=\"um-field um-field-text  um-field-username um-field-text um-field-type_text\" data-key=\"username\"><div class=\"um-field-label\"><label for=\"username-2182\">Va\u0161 Email<\/label><div class=\"um-clear\"><\/div><\/div><div class=\"um-field-area\"><input  autocomplete=\"off\" class=\"um-form-field valid\" type=\"text\" name=\"username-2182\" id=\"username-2182\" value=\"\" placeholder=\"\" data-validate=\"\" data-key=\"username\"  aria-invalid=\"false\" \/>\n\n\t\t\t\t\t\t<\/div><\/div><div  id=\"um_field_2182_user_password\" class=\"um-field um-field-password  um-field-user_password um-field-password um-field-type_password\" data-key=\"user_password\"><div class=\"um-field-label\"><label for=\"user_password-2182\">Lozinka<\/label><div class=\"um-clear\"><\/div><\/div><div class=\"um-field-area\"><div class=\"um-field-area-password\">\n\t\t\t\t\t\t\t\t\t<input class=\"um-form-field valid\" type=\"password\" name=\"user_password-2182\" id=\"user_password-2182\" value=\"\" placeholder=\"\" data-validate=\"\" data-key=\"user_password\"  aria-invalid=\"false\" \/>\n\t\t\t\t\t\t\t\t\t<span class=\"um-toggle-password\"><i class=\"um-icon-eye\"><\/i><\/span>\n\t\t\t\t\t\t\t\t<\/div>\n\t\t\t\t\t\t\t<\/div><\/div><\/div><\/div>\t<input type=\"hidden\" name=\"form_id\" id=\"form_id_2182\" value=\"2182\" \/>\n\t\t<p class=\"um_request_name\">\n\t\t<label for=\"um_request_2182\">Only fill in if you are not human<\/label>\n\t\t<input type=\"hidden\" name=\"um_request\" id=\"um_request_2182\" class=\"input\" value=\"\" size=\"25\" autocomplete=\"off\" \/>\n\t<\/p>\n\t<input type=\"hidden\" name=\"redirect_to\" id=\"redirect_to\" value=\"https:\/\/tijanailic.com\/login\/\" \/><input type=\"hidden\" id=\"_wpnonce\" name=\"_wpnonce\" value=\"f87b3a17f5\" \/><input type=\"hidden\" name=\"_wp_http_referer\" value=\"\/ru\/wp-json\/wp\/v2\/pages\/2186\" \/>\n\t<div class=\"um-col-alt\">\n\n\t\t\n\n\t\t\t<div class=\"um-field um-field-c\">\n\t\t\t\t<div class=\"um-field-area\">\n\t\t\t\t\t<label class=\"um-field-checkbox\">\n\t\t\t\t\t\t<input type=\"checkbox\" name=\"rememberme\" value=\"1\"  \/>\n\t\t\t\t\t\t<span class=\"um-field-checkbox-state\"><i class=\"um-icon-android-checkbox-outline-blank\"><\/i><\/span>\n\t\t\t\t\t\t<span class=\"um-field-checkbox-option\"> Zapomnit\u044c men\u044f<\/span>\n\t\t\t\t\t<\/label>\n\t\t\t\t<\/div>\n\t\t\t<\/div>\n\n\t\t\t\t\t\t<div class=\"um-clear\"><\/div>\n\t\t\n\t\t\t<div class=\"um-center\">\n\t\t\t\t<input type=\"submit\" value=\"\u0412\u0425\u041e\u0414\" class=\"um-button\" id=\"um-submit-btn\" \/>\n\t\t\t<\/div>\n\n\t\t\n\t\t<div class=\"um-clear\"><\/div>\n\n\t<\/div>\n\n\t\n\t<div class=\"um-col-alt-b\">\n\t\t<a href=\"https:\/\/tijanailic.com\/ru\/password-reset\/\" class=\"um-link-alt\">\n\t\t\tZab\u044bli parol\u044c?\t\t<\/a>\n\t<\/div>\n\n\t\t\t<input type=\"hidden\" name=\"trp-form-language\" value=\"ru\"\/><\/form>\n\t<\/div>\n<\/div>\n<style>\n\t\t\t.um-2182.um {\n\t\t\tmax-width: 450px;\n\t\t}\n\t\t<\/style>\n<\/div>\n\t\t\t\t\t\t<\/div>\n\t\t\t\t<\/div>\n\t\t\t\t<\/div>\n\t\t\t\t\t<\/div>\n\t\t\t\t<\/div>\n\t\t\t\t<\/div>","protected":false},"excerpt":{"rendered":"<p>AKO \u017dELITE PRVI PUT DA ZAKA\u017dETE USLUGU FARBANJA, POTREBNO JE DA PRETHODNO DO\u0110ETE NA BESPLATNU KONSULTACIJU. NAKON OBAVLJENE KONSULTACIJE, DOBI\u0106ETE PODATKE ZA PRIJAVU KOJI \u0106E VAM OMOGU\u0106ITI PRISTUP I ZAKAZIVANJE OVE VRSTE USLUGE. KONSULTACIJU MO\u017dETE ZAKAZATI OVDE Prijavi se AKO \u017dELITE PRVI PUT DA ZAKA\u017dETE USLUGU FARBANJA, POTREBNO JE DA PRETHODNO DO\u0110ETE NA BESPLATNU KONSULTACIJU. [&hellip;]<\/p>\n","protected":false},"author":4,"featured_media":0,"parent":0,"menu_order":0,"comment_status":"closed","ping_status":"closed","template":"elementor_header_footer","meta":{"footnotes":""},"class_list":["post-2186","page","type-page","status-publish","hentry"],"_links":{"self":[{"href":"https:\/\/tijanailic.com\/ru\/wp-json\/wp\/v2\/pages\/2186","targetHints":{"allow":["GET"]}}],"collection":[{"href":"https:\/\/tijanailic.com\/ru\/wp-json\/wp\/v2\/pages"}],"about":[{"href":"https:\/\/tijanailic.com\/ru\/wp-json\/wp\/v2\/types\/page"}],"author":[{"embeddable":true,"href":"https:\/\/tijanailic.com\/ru\/wp-json\/wp\/v2\/users\/4"}],"replies":[{"embeddable":true,"href":"https:\/\/tijanailic.com\/ru\/wp-json\/wp\/v2\/comments?post=2186"}],"version-history":[{"count":0,"href":"https:\/\/tijanailic.com\/ru\/wp-json\/wp\/v2\/pages\/2186\/revisions"}],"wp:attachment":[{"href":"https:\/\/tijanailic.com\/ru\/wp-json\/wp\/v2\/media?parent=2186"}],"curies":[{"name":"WP","href":"https:\/\/api.w.org\/{rel}","templated":true}]}}