{"id":22,"date":"2022-06-11T07:45:49","date_gmt":"2022-06-11T05:45:49","guid":{"rendered":"https:\/\/tijanailic.com\/?page_id=22"},"modified":"2025-07-30T06:23:22","modified_gmt":"2025-07-30T04:23:22","slug":"%d0%ba%d0%be%d0%bd%d1%82%d0%b0%d0%ba%d1%82","status":"publish","type":"page","link":"https:\/\/tijanailic.com\/ru\/kontakt\/","title":{"rendered":"\u041a\u041e\u041d\u0422\u0410\u041a\u0422\u042b"},"content":{"rendered":"\t\t<div data-elementor-type=\"wp-page\" data-elementor-id=\"22\" class=\"elementor elementor-22\" data-elementor-post-type=\"page\">\n\t\t\t\t<div class=\"elementor-element elementor-element-7059e88 e-con-full e-flex e-con e-parent\" data-id=\"7059e88\" data-element_type=\"container\" data-e-type=\"container\">\n\t\t<div class=\"elementor-element elementor-element-773e901 e-con-full e-flex e-con e-child\" data-id=\"773e901\" data-element_type=\"container\" data-e-type=\"container\">\n\t\t\t\t<div class=\"elementor-element elementor-element-711046e elementor-widget elementor-widget-image\" data-id=\"711046e\" data-element_type=\"widget\" data-e-type=\"widget\" data-widget_type=\"image.default\">\n\t\t\t\t<div class=\"elementor-widget-container\">\n\t\t\t\t\t\t\t\t\t\t\t\t\t\t\t<img fetchpriority=\"high\" decoding=\"async\" width=\"1300\" height=\"1024\" src=\"https:\/\/tijanailic.com\/wp-content\/uploads\/2022\/06\/09-avangarda.webp\" class=\"attachment-full size-full wp-image-49\" alt=\"\" srcset=\"https:\/\/tijanailic.com\/wp-content\/uploads\/2022\/06\/09-avangarda.webp 1300w, https:\/\/tijanailic.com\/wp-content\/uploads\/2022\/06\/09-avangarda-600x473.webp 600w, https:\/\/tijanailic.com\/wp-content\/uploads\/2022\/06\/09-avangarda-300x236.webp 300w, https:\/\/tijanailic.com\/wp-content\/uploads\/2022\/06\/09-avangarda-1024x807.webp 1024w, https:\/\/tijanailic.com\/wp-content\/uploads\/2022\/06\/09-avangarda-768x605.webp 768w\" sizes=\"(max-width: 1300px) 100vw, 1300px\" \/>\t\t\t\t\t\t\t\t\t\t\t\t\t\t\t<\/div>\n\t\t\t\t<\/div>\n\t\t\t\t<\/div>\n\t\t<div class=\"elementor-element elementor-element-b2e5b96 e-con-full e-flex e-con e-child\" data-id=\"b2e5b96\" data-element_type=\"container\" data-e-type=\"container\">\n\t\t\t\t<div class=\"elementor-element elementor-element-bd2becf elementor-widget elementor-widget-heading\" data-id=\"bd2becf\" data-element_type=\"widget\" data-e-type=\"widget\" data-widget_type=\"heading.default\">\n\t\t\t\t<div class=\"elementor-widget-container\">\n\t\t\t\t\t<h1 class=\"elementor-heading-title elementor-size-default\">Kontakt forma<\/h1>\t\t\t\t<\/div>\n\t\t\t\t<\/div>\n\t\t\t\t<div class=\"elementor-element elementor-element-7e7be6e elementor-widget elementor-widget-text-editor\" data-id=\"7e7be6e\" data-element_type=\"widget\" data-e-type=\"widget\" data-widget_type=\"text-editor.default\">\n\t\t\t\t<div class=\"elementor-widget-container\">\n\t\t\t\t\t\t\t\t\t<p>Ukoliko imate bilo kakvih pitanja, mo\u017eete nas kontaktirati i dobi\u0107ete odgovor u najkra\u0107em mogu\u0107em roku.<\/p>\t\t\t\t\t\t\t\t<\/div>\n\t\t\t\t<\/div>\n\t\t\t\t<div class=\"elementor-element elementor-element-5e84fb3 elementor-button-align-stretch elementor-widget elementor-widget-form\" data-id=\"5e84fb3\" data-element_type=\"widget\" data-e-type=\"widget\" data-settings=\"{&quot;step_next_label&quot;:&quot;\\u0421\\u043b\\u0435\\u0434\\u0435\\u045b\\u0438&quot;,&quot;step_previous_label&quot;:&quot;\\u041f\\u0440\\u0435\\u0442\\u0445\\u043e\\u0434\\u043d\\u0430&quot;,&quot;button_width&quot;:&quot;100&quot;,&quot;step_type&quot;:&quot;number_text&quot;,&quot;step_icon_shape&quot;:&quot;circle&quot;}\" data-widget_type=\"form.default\">\n\t\t\t\t<div class=\"elementor-widget-container\">\n\t\t\t\t\t\t\t<form class=\"elementor-form\" method=\"post\" name=\"Kontakt forma\" aria-label=\"Kontakt forma\">\n\t\t\t<input type=\"hidden\" name=\"post_id\" value=\"22\"\/>\n\t\t\t<input type=\"hidden\" name=\"form_id\" value=\"5e84fb3\"\/>\n\t\t\t<input type=\"hidden\" name=\"referer_title\" value=\"\" \/>\n\n\t\t\t\n\t\t\t<div class=\"elementor-form-fields-wrapper elementor-labels-above\">\n\t\t\t\t\t\t\t\t<div class=\"elementor-field-type-text elementor-field-group elementor-column elementor-field-group-name elementor-col-100\">\n\t\t\t\t\t\t\t\t\t\t\t\t\t<input size=\"1\" type=\"text\" name=\"form_fields[name]\" id=\"form-field-name\" class=\"elementor-field elementor-size-sm  elementor-field-textual\" placeholder=\"Ime\">\n\t\t\t\t\t\t\t\t\t\t\t<\/div>\n\t\t\t\t\t\t\t\t<div class=\"elementor-field-type-email elementor-field-group elementor-column elementor-field-group-email elementor-col-50 elementor-field-required\">\n\t\t\t\t\t\t\t\t\t\t\t\t\t<input size=\"1\" type=\"email\" name=\"form_fields[email]\" id=\"form-field-email\" class=\"elementor-field elementor-size-sm  elementor-field-textual\" placeholder=\"Email\" required=\"required\">\n\t\t\t\t\t\t\t\t\t\t\t<\/div>\n\t\t\t\t\t\t\t\t<div class=\"elementor-field-type-tel elementor-field-group elementor-column elementor-field-group-field_edbac7d elementor-col-50 elementor-field-required\">\n\t\t\t\t\t\t\t<input size=\"1\" type=\"tel\" name=\"form_fields[field_edbac7d]\" id=\"form-field-field_edbac7d\" class=\"elementor-field elementor-size-sm  elementor-field-textual\" placeholder=\"Broj telefona\" required=\"required\" pattern=\"[0-9()#&amp;+*-=.]+\" title=\"Prinima\u044ets\u044f tol\u044cko cifr\u044b i telefonn\u044be simvol\u044b (#, -, * i t. d.).\">\n\n\t\t\t\t\t\t<\/div>\n\t\t\t\t\t\t\t\t<div class=\"elementor-field-type-checkbox elementor-field-group elementor-column elementor-field-group-field_a530bf2 elementor-col-100\">\n\t\t\t\t\t\t\t\t\t\t\t\t<label for=\"form-field-field_a530bf2\" class=\"elementor-field-label\">\n\t\t\t\t\t\t\t\t\u0160ta vas zanima?\t\t\t\t\t\t\t<\/label>\n\t\t\t\t\t\t<div class=\"elementor-field-subgroup  elementor-subgroup-inline\"><span class=\"elementor-field-option\"><input type=\"checkbox\" value=\"Edukacije\" id=\"form-field-field_a530bf2-0\" name=\"form_fields[field_a530bf2][]\"> <label for=\"form-field-field_a530bf2-0\">Edukacije<\/label><\/span><span class=\"elementor-field-option\"><input type=\"checkbox\" value=\"Stru\u010dna praksa\" id=\"form-field-field_a530bf2-1\" name=\"form_fields[field_a530bf2][]\"> <label for=\"form-field-field_a530bf2-1\">Stru\u010dna praksa<\/label><\/span><span class=\"elementor-field-option\"><input type=\"checkbox\" value=\"Termin za frizuru\" id=\"form-field-field_a530bf2-2\" name=\"form_fields[field_a530bf2][]\"> <label for=\"form-field-field_a530bf2-2\">Termin za frizuru<\/label><\/span><\/div>\t\t\t\t<\/div>\n\t\t\t\t\t\t\t\t<div class=\"elementor-field-type-textarea elementor-field-group elementor-column elementor-field-group-message elementor-col-100 elementor-field-required\">\n\t\t\t\t\t<textarea class=\"elementor-field-textual elementor-field  elementor-size-sm\" name=\"form_fields[message]\" id=\"form-field-message\" rows=\"4\" placeholder=\"Poruka\" required=\"required\"><\/textarea>\t\t\t\t<\/div>\n\t\t\t\t\t\t\t\t<div class=\"elementor-field-type-recaptcha_v3 elementor-field-group elementor-column elementor-field-group-field_109824e elementor-col-100 recaptcha_v3-bottomright\">\n\t\t\t\t\t<div class=\"elementor-field\" id=\"form-field-field_109824e\"><div class=\"elementor-g-recaptcha\" data-sitekey=\"6LesGlwiAAAAAEh5aenxedxY6TEGmdwBDUXuEu0h\" data-type=\"v3\" data-action=\"Form\" data-badge=\"bottomright\" data-size=\"invisible\"><\/div><\/div>\t\t\t\t<\/div>\n\t\t\t\t\t\t\t\t<div class=\"elementor-field-group elementor-column elementor-field-type-submit elementor-col-100 e-form__buttons\">\n\t\t\t\t\t<button class=\"elementor-button elementor-size-sm\" type=\"submit\">\n\t\t\t\t\t\t<span class=\"elementor-button-content-wrapper\">\n\t\t\t\t\t\t\t\t\t\t\t\t\t\t\t\t\t\t\t\t\t\t<span class=\"elementor-button-text\">PO\u0160ALJI<\/span>\n\t\t\t\t\t\t\t\t\t\t\t\t\t<\/span>\n\t\t\t\t\t<\/button>\n\t\t\t\t<\/div>\n\t\t\t<\/div>\n\t\t<\/form>\n\t\t\t\t\t\t<\/div>\n\t\t\t\t<\/div>\n\t\t\t\t<\/div>\n\t\t\t\t<\/div>\n\t\t\t\t<\/div>\n\t\t","protected":false},"excerpt":{"rendered":"<p>Kontakt forma Ukoliko imate bilo kakvih pitanja, mo\u017eete nas kontaktirati i dobi\u0107ete odgovor u najkra\u0107em mogu\u0107em roku.<\/p>","protected":false},"author":3,"featured_media":0,"parent":0,"menu_order":0,"comment_status":"closed","ping_status":"closed","template":"","meta":{"footnotes":""},"class_list":["post-22","page","type-page","status-publish","hentry"],"_links":{"self":[{"href":"https:\/\/tijanailic.com\/ru\/wp-json\/wp\/v2\/pages\/22","targetHints":{"allow":["GET"]}}],"collection":[{"href":"https:\/\/tijanailic.com\/ru\/wp-json\/wp\/v2\/pages"}],"about":[{"href":"https:\/\/tijanailic.com\/ru\/wp-json\/wp\/v2\/types\/page"}],"author":[{"embeddable":true,"href":"https:\/\/tijanailic.com\/ru\/wp-json\/wp\/v2\/users\/3"}],"replies":[{"embeddable":true,"href":"https:\/\/tijanailic.com\/ru\/wp-json\/wp\/v2\/comments?post=22"}],"version-history":[{"count":0,"href":"https:\/\/tijanailic.com\/ru\/wp-json\/wp\/v2\/pages\/22\/revisions"}],"wp:attachment":[{"href":"https:\/\/tijanailic.com\/ru\/wp-json\/wp\/v2\/media?parent=22"}],"curies":[{"name":"WP","href":"https:\/\/api.w.org\/{rel}","templated":true}]}}