{"id":3066,"date":"2024-03-27T07:33:26","date_gmt":"2024-03-27T06:33:26","guid":{"rendered":"https:\/\/tijanailic.com\/?page_id=3066"},"modified":"2024-11-29T18:23:22","modified_gmt":"2024-11-29T17:23:22","slug":"%d0%bf%d1%80%d0%b8%d0%bb%d0%be%d0%b6%d0%b5%d0%bd%d0%b8%d0%b5-%d0%b4%d0%bb%d1%8f-%d0%bc%d0%b5%d0%bd%d0%b5%d0%b4%d0%b6%d0%b5%d1%80%d0%b0-%d1%81%d1%82%d0%be%d0%bb%d0%b0","status":"publish","type":"page","link":"https:\/\/tijanailic.com\/ru\/prijava-za-desk-manager-a\/","title":{"rendered":"\u041f\u0440\u0438\u043b\u043e\u0436\u0435\u043d\u0438\u0435 \u0434\u043b\u044f \u0443\u043f\u0440\u0430\u0432\u043b\u0435\u043d\u0438\u044f \u0441\u0442\u043e\u043b\u043e\u043c"},"content":{"rendered":"\t\t<div data-elementor-type=\"wp-page\" data-elementor-id=\"3066\" class=\"elementor elementor-3066\" data-elementor-post-type=\"page\">\n\t\t\t\t\t\t<section class=\"elementor-section elementor-top-section elementor-element elementor-element-030ecae elementor-section-full_width elementor-section-height-default elementor-section-height-default\" data-id=\"030ecae\" data-element_type=\"section\" data-e-type=\"section\">\n\t\t\t\t\t\t<div class=\"elementor-container elementor-column-gap-default\">\n\t\t\t\t\t<div class=\"elementor-column elementor-col-50 elementor-top-column elementor-element elementor-element-b031e9d\" data-id=\"b031e9d\" data-element_type=\"column\" data-e-type=\"column\">\n\t\t\t<div class=\"elementor-widget-wrap elementor-element-populated\">\n\t\t\t\t\t\t<div class=\"elementor-element elementor-element-0667d96 elementor-widget elementor-widget-heading\" data-id=\"0667d96\" data-element_type=\"widget\" data-e-type=\"widget\" data-widget_type=\"heading.default\">\n\t\t\t\t<div class=\"elementor-widget-container\">\n\t\t\t\t\t<h1 class=\"elementor-heading-title elementor-size-default\">Prijava za poziciju \u201eDesk Manager\u201c u frizerskom studiju Tijane Ili\u0107 <\/h1>\t\t\t\t<\/div>\n\t\t\t\t<\/div>\n\t\t\t\t<div class=\"elementor-element elementor-element-58f91fd elementor-widget elementor-widget-text-editor\" data-id=\"58f91fd\" data-element_type=\"widget\" data-e-type=\"widget\" data-widget_type=\"text-editor.default\">\n\t\t\t\t<div class=\"elementor-widget-container\">\n\t\t\t\t\t\t\t\t\t<p>Ukoliko si komunikativna, energi\u010dna, ambiciozna osoba, dobro govori\u0161 engleski jezik, ima\u0161 dobre organizacione ve\u0161tine i snalazi\u0161 se u timskom radu, ovo bi mogao da bude idealan posao za tebe.<\/p><p>Da li \u017eeli\u0161 da bude\u0161 deo tima Tijane Ili\u0107, koja va\u017ei za jednog od najboljih frizera u Beogradu?<\/p><p>Sada imamo potrebu da pro\u0161irimo na\u0161 tim i tra\u017eimo novog \u010dlana koji \u0107e nam pomo\u0107i u administrativnim i organizacionim poslovima u na\u0161em frizerskom studiju u Beogradu.<\/p><p>Tra\u017eimo strastvenu i posve\u0107enu osobu koja \u0107e se pridru\u017eiti na\u0161em timu kao DESK MENAD\u017dER.<\/p><p>Odabrani kandidat \u0107e biti odgovoran za koordinaciju i organizaciju rada sa klijentima tokom njihovog boravka u salonu.<\/p>\t\t\t\t\t\t\t\t<\/div>\n\t\t\t\t<\/div>\n\t\t\t\t\t<\/div>\n\t\t<\/div>\n\t\t\t\t<div class=\"elementor-column elementor-col-50 elementor-top-column elementor-element elementor-element-5465261\" data-id=\"5465261\" data-element_type=\"column\" data-e-type=\"column\" data-settings=\"{&quot;background_background&quot;:&quot;classic&quot;}\">\n\t\t\t<div class=\"elementor-widget-wrap elementor-element-populated\">\n\t\t\t\t\t\t<div class=\"elementor-element elementor-element-7c16a37 elementor-widget elementor-widget-image\" data-id=\"7c16a37\" data-element_type=\"widget\" data-e-type=\"widget\" data-widget_type=\"image.default\">\n\t\t\t\t<div class=\"elementor-widget-container\">\n\t\t\t\t\t\t\t\t\t\t\t\t\t\t\t<img fetchpriority=\"high\" decoding=\"async\" width=\"853\" height=\"1024\" src=\"https:\/\/tijanailic.com\/wp-content\/uploads\/2024\/03\/Untitled-design-2024-03-27T073401.039-853x1024.webp\" class=\"attachment-large size-large wp-image-3069\" alt=\"\" srcset=\"https:\/\/tijanailic.com\/wp-content\/uploads\/2024\/03\/Untitled-design-2024-03-27T073401.039-853x1024.webp 853w, https:\/\/tijanailic.com\/wp-content\/uploads\/2024\/03\/Untitled-design-2024-03-27T073401.039-600x720.webp 600w, https:\/\/tijanailic.com\/wp-content\/uploads\/2024\/03\/Untitled-design-2024-03-27T073401.039-250x300.webp 250w, https:\/\/tijanailic.com\/wp-content\/uploads\/2024\/03\/Untitled-design-2024-03-27T073401.039-768x922.webp 768w, https:\/\/tijanailic.com\/wp-content\/uploads\/2024\/03\/Untitled-design-2024-03-27T073401.039-10x12.webp 10w, https:\/\/tijanailic.com\/wp-content\/uploads\/2024\/03\/Untitled-design-2024-03-27T073401.039.webp 1000w\" sizes=\"(max-width: 853px) 100vw, 853px\" \/>\t\t\t\t\t\t\t\t\t\t\t\t\t\t\t<\/div>\n\t\t\t\t<\/div>\n\t\t\t\t\t<\/div>\n\t\t<\/div>\n\t\t\t\t\t<\/div>\n\t\t<\/section>\n\t\t\t\t<section class=\"elementor-section elementor-top-section elementor-element elementor-element-022ab33 elementor-section-boxed elementor-section-height-default elementor-section-height-default\" data-id=\"022ab33\" data-element_type=\"section\" data-e-type=\"section\" data-settings=\"{&quot;background_background&quot;:&quot;classic&quot;}\">\n\t\t\t\t\t\t\t<div class=\"elementor-background-overlay\"><\/div>\n\t\t\t\t\t\t\t<div class=\"elementor-container elementor-column-gap-default\">\n\t\t\t\t\t<div class=\"elementor-column elementor-col-50 elementor-top-column elementor-element elementor-element-a75d122\" data-id=\"a75d122\" data-element_type=\"column\" data-e-type=\"column\">\n\t\t\t<div class=\"elementor-widget-wrap elementor-element-populated\">\n\t\t\t\t\t\t<div class=\"elementor-element elementor-element-c80458d elementor-widget elementor-widget-heading\" data-id=\"c80458d\" data-element_type=\"widget\" data-e-type=\"widget\" data-widget_type=\"heading.default\">\n\t\t\t\t<div class=\"elementor-widget-container\">\n\t\t\t\t\t<h2 class=\"elementor-heading-title elementor-size-default\">Klju\u010dne odgovornosti uklju\u010duju:<\/h2>\t\t\t\t<\/div>\n\t\t\t\t<\/div>\n\t\t\t\t<div class=\"elementor-element elementor-element-98ca03e elementor-widget elementor-widget-text-editor\" data-id=\"98ca03e\" data-element_type=\"widget\" data-e-type=\"widget\" data-widget_type=\"text-editor.default\">\n\t\t\t\t<div class=\"elementor-widget-container\">\n\t\t\t\t\t\t\t\t\t<ul><li style=\"font-weight: 400;\" aria-level=\"1\"><span style=\"font-weight: 400;\">Prijem i briga o klijentu.<\/span><\/li><li>Komunikacija sa klijentima &#8211; telefon, e-mail, dru\u0161tvene mre\u017ee.<\/li><li>Koordinacija sa Tijanom i pomo\u0107nicima kako bi osigurali efikasan rad.<\/li><li><p>Pru\u017eanje informacija o uslugama i proizvodima.<span style=\"font-weight: 400;\"><br \/><\/span><\/p><\/li><\/ul><p>Ovaj posao zahteva puno radno vreme radnim danima i subotom: 8 sati rada u salonu.<\/p>\t\t\t\t\t\t\t\t<\/div>\n\t\t\t\t<\/div>\n\t\t\t\t\t<\/div>\n\t\t<\/div>\n\t\t\t\t<div class=\"elementor-column elementor-col-50 elementor-top-column elementor-element elementor-element-a338fbe\" data-id=\"a338fbe\" data-element_type=\"column\" data-e-type=\"column\">\n\t\t\t<div class=\"elementor-widget-wrap elementor-element-populated\">\n\t\t\t\t\t\t<div class=\"elementor-element elementor-element-ae114a8 elementor-widget elementor-widget-text-editor\" data-id=\"ae114a8\" data-element_type=\"widget\" data-e-type=\"widget\" data-widget_type=\"text-editor.default\">\n\t\t\t\t<div class=\"elementor-widget-container\">\n\t\t\t\t\t\t\t\t\t<p>Ovo nije dodatni posao ili posao sa strane. \u017delimo da ima\u0161 100% fokus samo na zadatke koje postavimo pred tebe.<\/p><p>Bi\u0107e ti pru\u017eene precizne smernice za tvoje zadatke. Ukoliko posveti\u0161 pa\u017enju poslu, poka\u017ee\u0161 entuzijazam i doprinese\u0161 unapre\u0111enju poslovanja, otvori\u0107e se mogu\u0107nosti za napredovanje i pove\u0107anje prihoda.<\/p>\t\t\t\t\t\t\t\t<\/div>\n\t\t\t\t<\/div>\n\t\t\t\t\t<\/div>\n\t\t<\/div>\n\t\t\t\t\t<\/div>\n\t\t<\/section>\n\t\t\t\t<section class=\"elementor-section elementor-top-section elementor-element elementor-element-488ad32 elementor-section-boxed elementor-section-height-default elementor-section-height-default\" data-id=\"488ad32\" data-element_type=\"section\" data-e-type=\"section\" data-settings=\"{&quot;background_background&quot;:&quot;classic&quot;}\">\n\t\t\t\t\t\t\t<div class=\"elementor-background-overlay\"><\/div>\n\t\t\t\t\t\t\t<div class=\"elementor-container elementor-column-gap-default\">\n\t\t\t\t\t<div class=\"elementor-column elementor-col-50 elementor-top-column elementor-element elementor-element-b77a15d\" data-id=\"b77a15d\" data-element_type=\"column\" data-e-type=\"column\">\n\t\t\t<div class=\"elementor-widget-wrap elementor-element-populated\">\n\t\t\t\t\t\t<div class=\"elementor-element elementor-element-32cecd9 elementor-widget elementor-widget-heading\" data-id=\"32cecd9\" data-element_type=\"widget\" data-e-type=\"widget\" data-widget_type=\"heading.default\">\n\t\t\t\t<div class=\"elementor-widget-container\">\n\t\t\t\t\t<h2 class=\"elementor-heading-title elementor-size-default\">ZA KOGA JE OVA POZICIJA?<\/h2>\t\t\t\t<\/div>\n\t\t\t\t<\/div>\n\t\t\t\t<div class=\"elementor-element elementor-element-20f53f4 elementor-widget elementor-widget-text-editor\" data-id=\"20f53f4\" data-element_type=\"widget\" data-e-type=\"widget\" data-widget_type=\"text-editor.default\">\n\t\t\t\t<div class=\"elementor-widget-container\">\n\t\t\t\t\t\t\t\t\t<ul><li style=\"font-weight: 400;\" aria-level=\"1\"><span style=\"font-weight: 400;\">Za one koji \u017eele da rade u dinami\u010dnom okru\u017eenju<\/span><\/li><li>Za one koji su odgovorni i predani svom poslu.<\/li><li>Za one koji da sti\u010du nova znanja i ve\u0161tine I imaju inicijativu.<\/li><li>Za one koji \u017eele da budu deo tima minimalno slede\u0107ih godinu dana.<\/li><\/ul>\t\t\t\t\t\t\t\t<\/div>\n\t\t\t\t<\/div>\n\t\t\t\t\t<\/div>\n\t\t<\/div>\n\t\t\t\t<div class=\"elementor-column elementor-col-50 elementor-top-column elementor-element elementor-element-135bbc0\" data-id=\"135bbc0\" data-element_type=\"column\" data-e-type=\"column\">\n\t\t\t<div class=\"elementor-widget-wrap elementor-element-populated\">\n\t\t\t\t\t\t<div class=\"elementor-element elementor-element-8ae09a5 elementor-widget elementor-widget-heading\" data-id=\"8ae09a5\" data-element_type=\"widget\" data-e-type=\"widget\" data-widget_type=\"heading.default\">\n\t\t\t\t<div class=\"elementor-widget-container\">\n\t\t\t\t\t<h2 class=\"elementor-heading-title elementor-size-default\">ZA KOGA NIJE OVA POZICIJA?<\/h2>\t\t\t\t<\/div>\n\t\t\t\t<\/div>\n\t\t\t\t<div class=\"elementor-element elementor-element-dc65b12 elementor-widget elementor-widget-text-editor\" data-id=\"dc65b12\" data-element_type=\"widget\" data-e-type=\"widget\" data-widget_type=\"text-editor.default\">\n\t\t\t\t<div class=\"elementor-widget-container\">\n\t\t\t\t\t\t\t\t\t<ul><li style=\"font-weight: 400;\" aria-level=\"1\"><span style=\"font-weight: 400;\">Za osobe koje nemaju strpljenja<\/span><\/li><li style=\"font-weight: 400;\" aria-level=\"1\"><span style=\"font-weight: 400;\">Za osobe koje ne znaju engleski<\/span><\/li><li>Za osobe koje su u potrazi za poslom isklju\u010divo zbog novca.<\/li><li>Za osobe koje nisu spremne da daju 100% sebe.<\/li><li>Za osobe koje nemaju radne navike i vole da odla\u017eu svoje zadatke.<\/li><li>Za osobe koje imaju problem sa autoritetom.<\/li><\/ul>\t\t\t\t\t\t\t\t<\/div>\n\t\t\t\t<\/div>\n\t\t\t\t\t<\/div>\n\t\t<\/div>\n\t\t\t\t\t<\/div>\n\t\t<\/section>\n\t\t\t\t<section class=\"elementor-section elementor-top-section elementor-element elementor-element-daa0dcd elementor-section-boxed elementor-section-height-default elementor-section-height-default\" data-id=\"daa0dcd\" data-element_type=\"section\" data-e-type=\"section\">\n\t\t\t\t\t\t<div class=\"elementor-container elementor-column-gap-default\">\n\t\t\t\t\t<div class=\"elementor-column elementor-col-100 elementor-top-column elementor-element elementor-element-ab6fced\" data-id=\"ab6fced\" data-element_type=\"column\" data-e-type=\"column\">\n\t\t\t<div class=\"elementor-widget-wrap elementor-element-populated\">\n\t\t\t\t\t\t<div class=\"elementor-element elementor-element-16ff5cc elementor-widget elementor-widget-heading\" data-id=\"16ff5cc\" data-element_type=\"widget\" data-e-type=\"widget\" data-widget_type=\"heading.default\">\n\t\t\t\t<div class=\"elementor-widget-container\">\n\t\t\t\t\t<h2 class=\"elementor-heading-title elementor-size-default\">PRIJAVI SE ZA POZICIJU DESK MANAGER-a<\/h2>\t\t\t\t<\/div>\n\t\t\t\t<\/div>\n\t\t\t\t<div class=\"elementor-element elementor-element-50c5fbd elementor-widget elementor-widget-text-editor\" data-id=\"50c5fbd\" data-element_type=\"widget\" data-e-type=\"widget\" data-widget_type=\"text-editor.default\">\n\t\t\t\t<div class=\"elementor-widget-container\">\n\t\t\t\t\t\t\t\t\t<p>Ukoliko misli\u0161 da si prava osoba za ovaj posao, popuni na\u0161 upitnik ispod.<\/p><p><strong>Napomena:<\/strong> Pre nego \u0161to potpi\u0161e\u0161 ugovor o zaposlenju, bi\u0107e potrebno da obavi\u0161 jednu nedelju probnog rada. Ovo je bitno kako bismo zajedno bili uvereni da je ova radna pozicija odgovaraju\u0107a za tebe.<\/p>\t\t\t\t\t\t\t\t<\/div>\n\t\t\t\t<\/div>\n\t\t\t\t<div class=\"elementor-element elementor-element-c5027d0 elementor-button-align-stretch elementor-widget elementor-widget-form\" data-id=\"c5027d0\" data-element_type=\"widget\" data-e-type=\"widget\" data-settings=\"{&quot;step_next_label&quot;:&quot;\\u0421\\u043b\\u0435\\u0434\\u0435\\u045b\\u0438&quot;,&quot;step_previous_label&quot;:&quot;\\u041f\\u0440\\u0435\\u0442\\u0445\\u043e\\u0434\\u043d\\u0430&quot;,&quot;button_width&quot;:&quot;100&quot;,&quot;step_type&quot;:&quot;number_text&quot;,&quot;step_icon_shape&quot;:&quot;circle&quot;}\" data-widget_type=\"form.default\">\n\t\t\t\t<div class=\"elementor-widget-container\">\n\t\t\t\t\t\t\t<form class=\"elementor-form\" method=\"post\" name=\"Prijava za desk manager-a\" aria-label=\"Prijava za desk manager-a\">\n\t\t\t<input type=\"hidden\" name=\"post_id\" value=\"3066\"\/>\n\t\t\t<input type=\"hidden\" name=\"form_id\" value=\"c5027d0\"\/>\n\t\t\t<input type=\"hidden\" name=\"referer_title\" value=\"\" \/>\n\n\t\t\t\n\t\t\t<div class=\"elementor-form-fields-wrapper elementor-labels-above\">\n\t\t\t\t\t\t\t\t<div class=\"elementor-field-type-text elementor-field-group elementor-column elementor-field-group-name elementor-col-100 elementor-field-required\">\n\t\t\t\t\t\t\t\t\t\t\t\t<label for=\"form-field-name\" class=\"elementor-field-label\">\n\t\t\t\t\t\t\t\tIme i prezime\t\t\t\t\t\t\t<\/label>\n\t\t\t\t\t\t\t\t\t\t\t\t\t\t<input size=\"1\" type=\"text\" name=\"form_fields[name]\" id=\"form-field-name\" class=\"elementor-field elementor-size-md  elementor-field-textual\" required=\"required\">\n\t\t\t\t\t\t\t\t\t\t\t<\/div>\n\t\t\t\t\t\t\t\t<div class=\"elementor-field-type-text elementor-field-group elementor-column elementor-field-group-field_92ded2f elementor-col-100 elementor-field-required\">\n\t\t\t\t\t\t\t\t\t\t\t\t<label for=\"form-field-field_92ded2f\" class=\"elementor-field-label\">\n\t\t\t\t\t\t\t\tKoliko ima\u0161 godina?\t\t\t\t\t\t\t<\/label>\n\t\t\t\t\t\t\t\t\t\t\t\t\t\t<input size=\"1\" type=\"text\" name=\"form_fields[field_92ded2f]\" id=\"form-field-field_92ded2f\" class=\"elementor-field elementor-size-md  elementor-field-textual\" required=\"required\">\n\t\t\t\t\t\t\t\t\t\t\t<\/div>\n\t\t\t\t\t\t\t\t<div class=\"elementor-field-type-email elementor-field-group elementor-column elementor-field-group-email elementor-col-100 elementor-field-required\">\n\t\t\t\t\t\t\t\t\t\t\t\t<label for=\"form-field-email\" class=\"elementor-field-label\">\n\t\t\t\t\t\t\t\tEmail adresa\t\t\t\t\t\t\t<\/label>\n\t\t\t\t\t\t\t\t\t\t\t\t\t\t<input size=\"1\" type=\"email\" name=\"form_fields[email]\" id=\"form-field-email\" class=\"elementor-field elementor-size-md  elementor-field-textual\" required=\"required\">\n\t\t\t\t\t\t\t\t\t\t\t<\/div>\n\t\t\t\t\t\t\t\t<div class=\"elementor-field-type-text elementor-field-group elementor-column elementor-field-group-field_5564209 elementor-col-100 elementor-field-required\">\n\t\t\t\t\t\t\t\t\t\t\t\t<label for=\"form-field-field_5564209\" class=\"elementor-field-label\">\n\t\t\t\t\t\t\t\tKontakt telefon\t\t\t\t\t\t\t<\/label>\n\t\t\t\t\t\t\t\t\t\t\t\t\t\t<input size=\"1\" type=\"text\" name=\"form_fields[field_5564209]\" id=\"form-field-field_5564209\" class=\"elementor-field elementor-size-md  elementor-field-textual\" required=\"required\">\n\t\t\t\t\t\t\t\t\t\t\t<\/div>\n\t\t\t\t\t\t\t\t<div class=\"elementor-field-type-text elementor-field-group elementor-column elementor-field-group-field_c10aa0c elementor-col-100 elementor-field-required\">\n\t\t\t\t\t\t\t\t\t\t\t\t<label for=\"form-field-field_c10aa0c\" class=\"elementor-field-label\">\n\t\t\t\t\t\t\t\tGde \u017eivi\u0161?\t\t\t\t\t\t\t<\/label>\n\t\t\t\t\t\t\t\t\t\t\t\t\t\t<input size=\"1\" type=\"text\" name=\"form_fields[field_c10aa0c]\" id=\"form-field-field_c10aa0c\" class=\"elementor-field elementor-size-md  elementor-field-textual\" required=\"required\">\n\t\t\t\t\t\t\t\t\t\t\t<\/div>\n\t\t\t\t\t\t\t\t<div class=\"elementor-field-type-text elementor-field-group elementor-column elementor-field-group-field_f52c014 elementor-col-100 elementor-field-required\">\n\t\t\t\t\t\t\t\t\t\t\t\t<label for=\"form-field-field_f52c014\" class=\"elementor-field-label\">\n\t\t\t\t\t\t\t\tMo\u017ee\u0161 li da radi\u0161 ovaj posao minimum godinu dana?\t\t\t\t\t\t\t<\/label>\n\t\t\t\t\t\t\t\t\t\t\t\t\t\t<input size=\"1\" type=\"text\" name=\"form_fields[field_f52c014]\" id=\"form-field-field_f52c014\" class=\"elementor-field elementor-size-md  elementor-field-textual\" required=\"required\">\n\t\t\t\t\t\t\t\t\t\t\t<\/div>\n\t\t\t\t\t\t\t\t<div class=\"elementor-field-type-textarea elementor-field-group elementor-column elementor-field-group-field_858f0f6 elementor-col-100 elementor-field-required\">\n\t\t\t\t\t\t\t\t\t\t\t\t<label for=\"form-field-field_858f0f6\" class=\"elementor-field-label\">\n\t\t\t\t\t\t\t\tKa\u017ei nam ne\u0161to vi\u0161e o sebi, svojim osobinama i ciljevina u 5 do 10 re\u010denica.\t\t\t\t\t\t\t<\/label>\n\t\t\t\t\t\t<textarea class=\"elementor-field-textual elementor-field  elementor-size-md\" name=\"form_fields[field_858f0f6]\" id=\"form-field-field_858f0f6\" rows=\"4\" required=\"required\"><\/textarea>\t\t\t\t<\/div>\n\t\t\t\t\t\t\t\t<div class=\"elementor-field-type-text elementor-field-group elementor-column elementor-field-group-field_531d6e4 elementor-col-100 elementor-field-required\">\n\t\t\t\t\t\t\t\t\t\t\t\t<label for=\"form-field-field_531d6e4\" class=\"elementor-field-label\">\n\t\t\t\t\t\t\t\tNa kom nivou je tvoje poznavanje engleskog jezika?\t\t\t\t\t\t\t<\/label>\n\t\t\t\t\t\t\t\t\t\t\t\t\t\t<input size=\"1\" type=\"text\" name=\"form_fields[field_531d6e4]\" id=\"form-field-field_531d6e4\" class=\"elementor-field elementor-size-md  elementor-field-textual\" required=\"required\">\n\t\t\t\t\t\t\t\t\t\t\t<\/div>\n\t\t\t\t\t\t\t\t<div class=\"elementor-field-type-text elementor-field-group elementor-column elementor-field-group-field_d8b3657 elementor-col-100 elementor-field-required\">\n\t\t\t\t\t\t\t\t\t\t\t\t<label for=\"form-field-field_d8b3657\" class=\"elementor-field-label\">\n\t\t\t\t\t\t\t\tDa li govori\u0161 jo\u0161 neki jezik? Ako da, koji?\t\t\t\t\t\t\t<\/label>\n\t\t\t\t\t\t\t\t\t\t\t\t\t\t<input size=\"1\" type=\"text\" name=\"form_fields[field_d8b3657]\" id=\"form-field-field_d8b3657\" class=\"elementor-field elementor-size-md  elementor-field-textual\" required=\"required\">\n\t\t\t\t\t\t\t\t\t\t\t<\/div>\n\t\t\t\t\t\t\t\t<div class=\"elementor-field-type-text elementor-field-group elementor-column elementor-field-group-field_5857151 elementor-col-100 elementor-field-required\">\n\t\t\t\t\t\t\t\t\t\t\t\t<label for=\"form-field-field_5857151\" class=\"elementor-field-label\">\n\t\t\t\t\t\t\t\tUkoliko te izaberemo, kada mo\u017ee\u0161 da po\u010dne\u0161 sa probnim radom?\t\t\t\t\t\t\t<\/label>\n\t\t\t\t\t\t\t\t\t\t\t\t\t\t<input size=\"1\" type=\"text\" name=\"form_fields[field_5857151]\" id=\"form-field-field_5857151\" class=\"elementor-field elementor-size-md  elementor-field-textual\" required=\"required\">\n\t\t\t\t\t\t\t\t\t\t\t<\/div>\n\t\t\t\t\t\t\t\t<div class=\"elementor-field-type-text elementor-field-group elementor-column elementor-field-group-field_ab5b214 elementor-col-100 elementor-field-required\">\n\t\t\t\t\t\t\t\t\t\t\t\t<label for=\"form-field-field_ab5b214\" class=\"elementor-field-label\">\n\t\t\t\t\t\t\t\tDa li ste nekada bili zaposleni i na kojoj poziciji?\t\t\t\t\t\t\t<\/label>\n\t\t\t\t\t\t\t\t\t\t\t\t\t\t<input size=\"1\" type=\"text\" name=\"form_fields[field_ab5b214]\" id=\"form-field-field_ab5b214\" class=\"elementor-field elementor-size-md  elementor-field-textual\" required=\"required\">\n\t\t\t\t\t\t\t\t\t\t\t<\/div>\n\t\t\t\t\t\t\t\t<div class=\"elementor-field-type-text elementor-field-group elementor-column elementor-field-group-field_5278954 elementor-col-100 elementor-field-required\">\n\t\t\t\t\t\t\t\t\t\t\t\t<label for=\"form-field-field_5278954\" class=\"elementor-field-label\">\n\t\t\t\t\t\t\t\tDa li imate iskustvo u radu u frizerskom ili nekom drugom beauty salonu?\t\t\t\t\t\t\t<\/label>\n\t\t\t\t\t\t\t\t\t\t\t\t\t\t<input size=\"1\" type=\"text\" name=\"form_fields[field_5278954]\" id=\"form-field-field_5278954\" class=\"elementor-field elementor-size-md  elementor-field-textual\" required=\"required\">\n\t\t\t\t\t\t\t\t\t\t\t<\/div>\n\t\t\t\t\t\t\t\t<div class=\"elementor-field-type-recaptcha_v3 elementor-field-group elementor-column elementor-field-group-field_afed88e elementor-col-100 recaptcha_v3-bottomright\">\n\t\t\t\t\t<div class=\"elementor-field\" id=\"form-field-field_afed88e\"><div class=\"elementor-g-recaptcha\" data-sitekey=\"6LesGlwiAAAAAEh5aenxedxY6TEGmdwBDUXuEu0h\" data-type=\"v3\" data-action=\"Form\" data-badge=\"bottomright\" data-size=\"invisible\"><\/div><\/div>\t\t\t\t<\/div>\n\t\t\t\t\t\t\t\t<div class=\"elementor-field-group elementor-column elementor-field-type-submit elementor-col-100 e-form__buttons\">\n\t\t\t\t\t<button class=\"elementor-button elementor-size-md\" type=\"submit\">\n\t\t\t\t\t\t<span class=\"elementor-button-content-wrapper\">\n\t\t\t\t\t\t\t\t\t\t\t\t\t\t\t\t\t\t\t\t\t\t<span class=\"elementor-button-text\">PRIJAVA<\/span>\n\t\t\t\t\t\t\t\t\t\t\t\t\t<\/span>\n\t\t\t\t\t<\/button>\n\t\t\t\t<\/div>\n\t\t\t<\/div>\n\t\t<\/form>\n\t\t\t\t\t\t<\/div>\n\t\t\t\t<\/div>\n\t\t\t\t\t<\/div>\n\t\t<\/div>\n\t\t\t\t\t<\/div>\n\t\t<\/section>\n\t\t\t\t<\/div>\n\t\t","protected":false},"excerpt":{"rendered":"<p>Prijava za poziciju \u201eDesk Manager\u201c u frizerskom studiju Tijane Ili\u0107 Ukoliko si komunikativna, energi\u010dna, ambiciozna osoba, dobro govori\u0161 engleski jezik, ima\u0161 dobre organizacione ve\u0161tine i snalazi\u0161 se u timskom radu, ovo bi mogao da bude idealan posao za tebe. Da li \u017eeli\u0161 da bude\u0161 deo tima Tijane Ili\u0107, koja va\u017ei za jednog od najboljih frizera [&hellip;]<\/p>\n","protected":false},"author":3,"featured_media":0,"parent":0,"menu_order":0,"comment_status":"closed","ping_status":"closed","template":"","meta":{"footnotes":""},"class_list":["post-3066","page","type-page","status-publish","hentry"],"_links":{"self":[{"href":"https:\/\/tijanailic.com\/ru\/wp-json\/wp\/v2\/pages\/3066","targetHints":{"allow":["GET"]}}],"collection":[{"href":"https:\/\/tijanailic.com\/ru\/wp-json\/wp\/v2\/pages"}],"about":[{"href":"https:\/\/tijanailic.com\/ru\/wp-json\/wp\/v2\/types\/page"}],"author":[{"embeddable":true,"href":"https:\/\/tijanailic.com\/ru\/wp-json\/wp\/v2\/users\/3"}],"replies":[{"embeddable":true,"href":"https:\/\/tijanailic.com\/ru\/wp-json\/wp\/v2\/comments?post=3066"}],"version-history":[{"count":0,"href":"https:\/\/tijanailic.com\/ru\/wp-json\/wp\/v2\/pages\/3066\/revisions"}],"wp:attachment":[{"href":"https:\/\/tijanailic.com\/ru\/wp-json\/wp\/v2\/media?parent=3066"}],"curies":[{"name":"WP","href":"https:\/\/api.w.org\/{rel}","templated":true}]}}