{"id":4875,"date":"2025-08-29T16:46:12","date_gmt":"2025-08-29T14:46:12","guid":{"rendered":"https:\/\/tijanailic.com\/?page_id=4875"},"modified":"2025-09-01T11:03:12","modified_gmt":"2025-09-01T09:03:12","slug":"%d1%83%d1%81%d0%bb%d0%be%d0%b2%d0%b8%d1%8f-%d1%8d%d0%ba%d1%81%d0%bf%d0%bb%d1%83%d0%b0%d1%82%d0%b0%d1%86%d0%b8%d0%b8","status":"publish","type":"page","link":"https:\/\/tijanailic.com\/ru\/uslovi-koriscenja\/","title":{"rendered":"\u0423\u0441\u043b\u043e\u0432\u0438\u044f \u044d\u043a\u0441\u043f\u043b\u0443\u0430\u0442\u0430\u0446\u0438\u0438"},"content":{"rendered":"<div data-elementor-type=\"wp-page\" data-elementor-id=\"4875\" class=\"elementor elementor-4875\" data-elementor-post-type=\"page\">\n\t\t\t\t<div class=\"elementor-element elementor-element-4fe8414 e-flex e-con-boxed e-con e-parent\" data-id=\"4fe8414\" data-element_type=\"container\" data-e-type=\"container\">\n\t\t\t\t\t<div class=\"e-con-inner\">\n\t\t\t\t<div class=\"elementor-element elementor-element-ed1ff2e elementor-widget elementor-widget-heading\" data-id=\"ed1ff2e\" data-element_type=\"widget\" data-e-type=\"widget\" data-widget_type=\"heading.default\">\n\t\t\t\t<div class=\"elementor-widget-container\">\n\t\t\t\t\t<h1 class=\"elementor-heading-title elementor-size-default\">\u0423\u0441\u043b\u043e\u0432\u0438\u044f \u044d\u043a\u0441\u043f\u043b\u0443\u0430\u0442\u0430\u0446\u0438\u0438<\/h1>\t\t\t\t<\/div>\n\t\t\t\t<\/div>\n\t\t\t\t<div class=\"elementor-element elementor-element-5741cde elementor-widget elementor-widget-text-editor\" data-id=\"5741cde\" data-element_type=\"widget\" data-e-type=\"widget\" data-widget_type=\"text-editor.default\">\n\t\t\t\t<div class=\"elementor-widget-container\">\n\t\t\t\t\t\t\t\t\t<p data-start=\"1844\" data-end=\"1947\">\u041d\u0430\u0441\u0442\u043e\u044f\u0449\u0438\u0435 \u0443\u0441\u043b\u043e\u0432\u0438\u044f \u043e\u043f\u0440\u0435\u0434\u0435\u043b\u044f\u044e\u0442 \u043f\u0440\u0430\u0432\u0438\u043b\u0430 \u0438\u0441\u043f\u043e\u043b\u044c\u0437\u043e\u0432\u0430\u043d\u0438\u044f \u0441\u0430\u0439\u0442\u0430. <strong data-start=\"1889\" data-end=\"1907\">tijanailic.com<\/strong> \u0438 \u0440\u0430\u0441\u043f\u0440\u043e\u0441\u0442\u0440\u0430\u043d\u044f\u044e\u0442\u0441\u044f \u043d\u0430 \u0432\u0441\u0435\u0445 \u043f\u043e\u043b\u044c\u0437\u043e\u0432\u0430\u0442\u0435\u043b\u0435\u0439 \u0438 \u043a\u043b\u0438\u0435\u043d\u0442\u043e\u0432.<\/p><h2 data-start=\"1949\" data-end=\"1966\">\u041e\u0431\u0449\u0430\u044f \u0438\u043d\u0444\u043e\u0440\u043c\u0430\u0446\u0438\u044f<\/h2><ul data-start=\"1967\" data-end=\"2147\"><li data-start=\"1967\" data-end=\"2003\"><p data-start=\"1969\" data-end=\"2003\">\u0418\u043c\u044f: \u0410\u0441\u0441\u043e\u0446\u0438\u0430\u0446\u0438\u044f KUF TIJANA ILIC<\/p><\/li><li data-start=\"2004\" data-end=\"2054\"><p data-start=\"2006\" data-end=\"2054\">\u0410\u0434\u0440\u0435\u0441: \u041f\u0430\u043b\u043c\u043e\u0442\u0438\u0447\u0435\u0432\u0430 18\u0430, 11000 \u0411\u0435\u043b\u0433\u0440\u0430\u0434, \u0421\u0435\u0440\u0431\u0438\u044f<\/p><\/li><li data-start=\"2055\" data-end=\"2087\"><p data-start=\"2057\" data-end=\"2087\">\u041c\u0411: 28297718, \u041f\u0418\u0411: 111866669<\/p><\/li><li data-start=\"2088\" data-end=\"2121\"><p data-start=\"2090\" data-end=\"2121\">\u041a\u043e\u043d\u0442\u0430\u043a\u0442\u043d\u044b\u0439 \u0442\u0435\u043b\u0435\u0444\u043e\u043d: 011\/6309-634<\/p><\/li><li data-start=\"2122\" data-end=\"2147\"><p data-start=\"2124\" data-end=\"2147\">\u0414\u043e\u043c\u0435\u043d: tijanailic.com<\/p><\/li><\/ul><h2 data-start=\"2149\" data-end=\"2172\">\u0422\u043e\u0432\u0430\u0440\u044b \u0438 \u0443\u0441\u043b\u0443\u0433\u0438<\/h2><p data-start=\"2173\" data-end=\"2363\">\u041d\u0430 \u0441\u0430\u0439\u0442\u0435 \u043f\u0440\u0435\u0434\u0441\u0442\u0430\u0432\u043b\u0435\u043d\u044b \u0446\u0438\u0444\u0440\u043e\u0432\u044b\u0435 \u043f\u0440\u043e\u0434\u0443\u043a\u0442\u044b \u0438 \u0438\u043d\u0444\u043e\u0440\u043c\u0430\u0446\u0438\u044f \u043e\u0431 \u0443\u0441\u043b\u0443\u0433\u0430\u0445, \u043e\u043f\u043b\u0430\u0447\u0438\u0432\u0430\u0435\u043c\u044b\u0445 \u043a\u0430\u0440\u0442\u0430\u043c\u0438 (Visa, MasterCard, Dina, Maestro). \u041e\u043f\u043b\u0430\u0442\u0430 \u043d\u0435\u043a\u043e\u0442\u043e\u0440\u044b\u0445 \u0443\u0441\u043b\u0443\u0433 \u0432\u043e\u0437\u043c\u043e\u0436\u043d\u0430 \u0442\u0430\u043a\u0436\u0435 \u043d\u0430 \u043c\u0435\u0441\u0442\u0435 \u0432 \u0441\u0430\u043b\u043e\u043d\u0435.<\/p><h2 data-start=\"2365\" data-end=\"2398\">\u041e\u043f\u043b\u0430\u0442\u0430 \u0438 \u043a\u043e\u043d\u0432\u0435\u0440\u0442\u0430\u0446\u0438\u044f \u0432\u0430\u043b\u044e\u0442\u044b<\/h2><p data-start=\"2399\" data-end=\"2622\">\u0412\u0441\u0435 \u043f\u043b\u0430\u0442\u0435\u0436\u0438 \u043f\u0440\u043e\u0438\u0437\u0432\u043e\u0434\u044f\u0442\u0441\u044f \u0432 \u0434\u0438\u043d\u0430\u0440\u0430\u0445 (RSD). \u0415\u0441\u043b\u0438 \u0446\u0435\u043d\u044b \u0432\u044b\u0440\u0430\u0436\u0435\u043d\u044b \u0432 \u0435\u0432\u0440\u043e \u0438\u043b\u0438 \u0434\u0440\u0443\u0433\u043e\u0439 \u0432\u0430\u043b\u044e\u0442\u0435, \u0440\u0430\u0441\u0447\u0451\u0442 \u043f\u0440\u043e\u0438\u0437\u0432\u043e\u0434\u0438\u0442\u0441\u044f \u043f\u043e \u0441\u0440\u0435\u0434\u043d\u0435\u043c\u0443 \u043e\u0431\u043c\u0435\u043d\u043d\u043e\u043c\u0443 \u043a\u0443\u0440\u0441\u0443 \u041d\u0430\u0446\u0438\u043e\u043d\u0430\u043b\u044c\u043d\u043e\u0433\u043e \u0431\u0430\u043d\u043a\u0430 \u0421\u0435\u0440\u0431\u0438\u0438. \u0421\u0443\u043c\u043c\u0430, \u0443\u043a\u0430\u0437\u0430\u043d\u043d\u0430\u044f \u043d\u0430 \u0441\u0447\u0451\u0442\u0435 \u043f\u043e \u0432\u0430\u0448\u0435\u0439 \u043a\u0430\u0440\u0442\u0435, \u043c\u043e\u0436\u0435\u0442 \u043d\u0435\u0437\u043d\u0430\u0447\u0438\u0442\u0435\u043b\u044c\u043d\u043e \u043e\u0442\u043b\u0438\u0447\u0430\u0442\u044c\u0441\u044f \u0438\u0437-\u0437\u0430 \u0440\u0430\u0437\u043d\u0438\u0446\u044b \u043e\u0431\u043c\u0435\u043d\u043d\u044b\u0445 \u043a\u0443\u0440\u0441\u043e\u0432.<\/p><h2 data-start=\"2624\" data-end=\"2647\">\u0426\u0438\u0444\u0440\u043e\u0432\u0430\u044f \u0434\u043e\u0441\u0442\u0430\u0432\u043a\u0430<\/h2><p data-start=\"2648\" data-end=\"2759\">\u041f\u043e\u0441\u043b\u0435 \u043f\u043e\u0434\u0442\u0432\u0435\u0440\u0436\u0434\u0435\u043d\u0438\u044f \u043e\u043f\u043b\u0430\u0442\u044b \u0446\u0438\u0444\u0440\u043e\u0432\u044b\u0435 \u043f\u0440\u043e\u0434\u0443\u043a\u0442\u044b \u0434\u043e\u0441\u0442\u0430\u0432\u043b\u044f\u044e\u0442\u0441\u044f \u0432 \u044d\u043b\u0435\u043a\u0442\u0440\u043e\u043d\u043d\u043e\u043c \u0432\u0438\u0434\u0435 (\u043f\u043e \u044d\u043b\u0435\u043a\u0442\u0440\u043e\u043d\u043d\u043e\u0439 \u043f\u043e\u0447\u0442\u0435 \u0438\u043b\u0438 \u0432 \u0432\u0438\u0434\u0435 \u0437\u0430\u043a\u0430\u0437\u0430 \u0434\u043b\u044f \u0441\u043a\u0430\u0447\u0438\u0432\u0430\u043d\u0438\u044f).<\/p><h2 data-start=\"2761\" data-end=\"2784\">\u0412\u043e\u0437\u0432\u0440\u0430\u0449\u0430\u0442\u044c \u0434\u0435\u043d\u044c\u0433\u0438<\/h2><p data-start=\"2785\" data-end=\"2958\">\u0412 \u0441\u043b\u0443\u0447\u0430\u0435 \u0430\u043d\u043d\u0443\u043b\u0438\u0440\u043e\u0432\u0430\u043d\u0438\u044f \u0437\u0430\u043a\u0430\u0437\u0430 \u0438\u043b\u0438 \u043f\u0440\u0435\u0434\u044a\u044f\u0432\u043b\u0435\u043d\u0438\u044f \u043f\u0440\u0435\u0442\u0435\u043d\u0437\u0438\u0438 \u0432\u043e\u0437\u0432\u0440\u0430\u0442 \u0434\u0435\u043d\u0435\u0436\u043d\u044b\u0445 \u0441\u0440\u0435\u0434\u0441\u0442\u0432 \u043e\u0441\u0443\u0449\u0435\u0441\u0442\u0432\u043b\u044f\u0435\u0442\u0441\u044f \u0438\u0441\u043a\u043b\u044e\u0447\u0438\u0442\u0435\u043b\u044c\u043d\u043e \u0447\u0435\u0440\u0435\u0437 \u0441\u0438\u0441\u0442\u0435\u043c\u044b VISA, MasterCard, Maestro \u0438 Dina - \u043d\u0430 \u0441\u0447\u0435\u0442 \u043a\u0430\u0440\u0442\u044b, \u0441 \u043a\u043e\u0442\u043e\u0440\u043e\u0439 \u0431\u044b\u043b\u0430 \u043f\u0440\u043e\u0438\u0437\u0432\u0435\u0434\u0435\u043d\u0430 \u043e\u043f\u043b\u0430\u0442\u0430.<\/p><h2 data-start=\"2960\" data-end=\"2976\">\u0416\u0430\u043b\u043e\u0431\u044b<\/h2><p data-start=\"2977\" data-end=\"3122\">\u041f\u043e\u043b\u044c\u0437\u043e\u0432\u0430\u0442\u0435\u043b\u0438 \u0438\u043c\u0435\u044e\u0442 \u043f\u0440\u0430\u0432\u043e \u043f\u043e\u0434\u0430\u0442\u044c \u0436\u0430\u043b\u043e\u0431\u0443 \u0432 \u0441\u043e\u043e\u0442\u0432\u0435\u0442\u0441\u0442\u0432\u0438\u0438 \u0441 \u0417\u0430\u043a\u043e\u043d\u043e\u043c \u043e \u0437\u0430\u0449\u0438\u0442\u0435 \u043f\u0440\u0430\u0432 \u043f\u043e\u0442\u0440\u0435\u0431\u0438\u0442\u0435\u043b\u0435\u0439. \u041f\u043e \u0432\u0441\u0435\u043c \u0432\u043e\u043f\u0440\u043e\u0441\u0430\u043c \u043e\u0431\u0440\u0430\u0449\u0430\u0439\u0442\u0435\u0441\u044c \u043f\u043e \u043a\u043e\u043d\u0442\u0430\u043a\u0442\u043d\u043e\u043c\u0443 \u043d\u043e\u043c\u0435\u0440\u0443 \u0442\u0435\u043b\u0435\u0444\u043e\u043d\u0430 \u0438\u043b\u0438 \u044d\u043b\u0435\u043a\u0442\u0440\u043e\u043d\u043d\u043e\u0439 \u043f\u043e\u0447\u0442\u0435.<\/p><h2 data-start=\"3124\" data-end=\"3148\">\u0411\u0435\u0437\u043e\u043f\u0430\u0441\u043d\u043e\u0441\u0442\u044c \u043f\u043b\u0430\u0442\u0435\u0436\u0435\u0439<\/h2><p data-start=\"3149\" data-end=\"3341\">\u041f\u0440\u0438 \u0432\u0432\u043e\u0434\u0435 \u0434\u0430\u043d\u043d\u044b\u0445 \u043f\u043b\u0430\u0442\u0451\u0436\u043d\u043e\u0439 \u043a\u0430\u0440\u0442\u044b \u043c\u044b \u0438\u0441\u043f\u043e\u043b\u044c\u0437\u0443\u0435\u043c SSL-\u0448\u0438\u0444\u0440\u043e\u0432\u0430\u043d\u0438\u0435 \u0438 \u0441\u0442\u0430\u043d\u0434\u0430\u0440\u0442\u044b 3D Secure. \u0414\u0430\u043d\u043d\u044b\u0435 \u043f\u0435\u0440\u0435\u0434\u0430\u044e\u0442\u0441\u044f \u043d\u0430\u043f\u0440\u044f\u043c\u0443\u044e \u0432 \u0431\u0430\u043d\u043a \u0438 \u043d\u0435\u0434\u043e\u0441\u0442\u0443\u043f\u043d\u044b \u043d\u0430\u0448\u0435\u0439 \u0441\u0438\u0441\u0442\u0435\u043c\u0435.<\/p><h2 data-start=\"3149\" data-end=\"3341\">\u0417\u0430\u0449\u0438\u0442\u0430 \u043a\u043e\u043d\u0444\u0438\u0434\u0435\u043d\u0446\u0438\u0430\u043b\u044c\u043d\u043e\u0441\u0442\u0438 \u043f\u043e\u043b\u044c\u0437\u043e\u0432\u0430\u0442\u0435\u043b\u0435\u0439<\/h2><p data-start=\"3149\" data-end=\"3341\">\u041e\u0442 \u0438\u043c\u0435\u043d\u0438 \u0410\u0441\u0441\u043e\u0446\u0438\u0430\u0446\u0438\u0438 \u00abKUF Tijana Ili\u0107\u00bb \u043c\u044b \u043e\u0431\u044f\u0437\u0443\u0435\u043c\u0441\u044f \u0437\u0430\u0449\u0438\u0449\u0430\u0442\u044c \u043a\u043e\u043d\u0444\u0438\u0434\u0435\u043d\u0446\u0438\u0430\u043b\u044c\u043d\u043e\u0441\u0442\u044c \u0432\u0441\u0435\u0445 \u043d\u0430\u0448\u0438\u0445 \u043a\u043b\u0438\u0435\u043d\u0442\u043e\u0432. \u041c\u044b \u0441\u043e\u0431\u0438\u0440\u0430\u0435\u043c \u0442\u043e\u043b\u044c\u043a\u043e \u043d\u0435\u043e\u0431\u0445\u043e\u0434\u0438\u043c\u044b\u0435, \u0431\u0430\u0437\u043e\u0432\u044b\u0435 \u0434\u0430\u043d\u043d\u044b\u0435 \u043e \u043a\u043b\u0438\u0435\u043d\u0442\u0430\u0445\/\u043f\u043e\u043b\u044c\u0437\u043e\u0432\u0430\u0442\u0435\u043b\u044f\u0445, \u0430 \u0442\u0430\u043a\u0436\u0435 \u0434\u0430\u043d\u043d\u044b\u0435, \u043d\u0435\u043e\u0431\u0445\u043e\u0434\u0438\u043c\u044b\u0435 \u0434\u043b\u044f \u0432\u0435\u0434\u0435\u043d\u0438\u044f \u0431\u0438\u0437\u043d\u0435\u0441\u0430 \u0438 \u0438\u043d\u0444\u043e\u0440\u043c\u0438\u0440\u043e\u0432\u0430\u043d\u0438\u044f \u043f\u043e\u043b\u044c\u0437\u043e\u0432\u0430\u0442\u0435\u043b\u0435\u0439 \u0432 \u0441\u043e\u043e\u0442\u0432\u0435\u0442\u0441\u0442\u0432\u0438\u0438 \u0441 \u0434\u043e\u0431\u0440\u043e\u0441\u043e\u0432\u0435\u0441\u0442\u043d\u043e\u0439 \u0434\u0435\u043b\u043e\u0432\u043e\u0439 \u043f\u0440\u0430\u043a\u0442\u0438\u043a\u043e\u0439 \u0438 \u0441 \u0446\u0435\u043b\u044c\u044e \u043f\u0440\u0435\u0434\u043e\u0441\u0442\u0430\u0432\u043b\u0435\u043d\u0438\u044f \u043a\u0430\u0447\u0435\u0441\u0442\u0432\u0435\u043d\u043d\u044b\u0445 \u0443\u0441\u043b\u0443\u0433. \u041c\u044b \u043f\u0440\u0435\u0434\u043e\u0441\u0442\u0430\u0432\u043b\u044f\u0435\u043c \u043a\u043b\u0438\u0435\u043d\u0442\u0430\u043c \u043f\u0440\u0430\u0432\u043e \u0432\u044b\u0431\u043e\u0440\u0430, \u0432\u043a\u043b\u044e\u0447\u0430\u044f \u0432\u043e\u0437\u043c\u043e\u0436\u043d\u043e\u0441\u0442\u044c \u0443\u0434\u0430\u043b\u0438\u0442\u044c \u0438\u0445 \u0438\u0437 \u0441\u043f\u0438\u0441\u043a\u043e\u0432 \u0440\u0430\u0441\u0441\u044b\u043b\u043a\u0438, \u0438\u0441\u043f\u043e\u043b\u044c\u0437\u0443\u0435\u043c\u044b\u0445 \u0434\u043b\u044f \u043c\u0430\u0440\u043a\u0435\u0442\u0438\u043d\u0433\u043e\u0432\u044b\u0445 \u043a\u0430\u043c\u043f\u0430\u043d\u0438\u0439. \u0412\u0441\u0435 \u0434\u0430\u043d\u043d\u044b\u0435 \u043f\u043e\u043b\u044c\u0437\u043e\u0432\u0430\u0442\u0435\u043b\u0435\u0439\/\u043a\u043b\u0438\u0435\u043d\u0442\u043e\u0432 \u0441\u0442\u0440\u043e\u0433\u043e \u0445\u0440\u0430\u043d\u044f\u0442\u0441\u044f \u0438 \u0434\u043e\u0441\u0442\u0443\u043f\u043d\u044b \u0442\u043e\u043b\u044c\u043a\u043e \u0441\u043e\u0442\u0440\u0443\u0434\u043d\u0438\u043a\u0430\u043c, \u043a\u043e\u0442\u043e\u0440\u044b\u043c \u043e\u043d\u0438 \u043d\u0435\u043e\u0431\u0445\u043e\u0434\u0438\u043c\u044b \u0434\u043b\u044f \u0432\u044b\u043f\u043e\u043b\u043d\u0435\u043d\u0438\u044f \u0441\u0432\u043e\u0435\u0439 \u0440\u0430\u0431\u043e\u0442\u044b. \u0412\u0441\u0435 \u0441\u043e\u0442\u0440\u0443\u0434\u043d\u0438\u043a\u0438 \u0410\u0441\u0441\u043e\u0446\u0438\u0430\u0446\u0438\u0438 \u00abKUF Tijana Ili\u0107\u00bb (\u0438 \u0434\u0435\u043b\u043e\u0432\u044b\u0435 \u043f\u0430\u0440\u0442\u043d\u0435\u0440\u044b) \u043d\u0435\u0441\u0443\u0442 \u043e\u0442\u0432\u0435\u0442\u0441\u0442\u0432\u0435\u043d\u043d\u043e\u0441\u0442\u044c \u0437\u0430 \u0441\u043e\u0431\u043b\u044e\u0434\u0435\u043d\u0438\u0435 \u043f\u0440\u0438\u043d\u0446\u0438\u043f\u043e\u0432 \u0437\u0430\u0449\u0438\u0442\u044b \u043a\u043e\u043d\u0444\u0438\u0434\u0435\u043d\u0446\u0438\u0430\u043b\u044c\u043d\u043e\u0441\u0442\u0438.<\/p><h2 data-start=\"3343\" data-end=\"3351\">\u041d\u0414\u0421<\/h2><p data-start=\"3352\" data-end=\"3404\">\u0410\u0441\u0441\u043e\u0446\u0438\u0430\u0446\u0438\u044f KUF TIJANA ILI\u0106 <strong data-start=\"3378\" data-end=\"3401\">\u043d\u0435 \u044f\u0432\u043b\u044f\u0435\u0442\u0441\u044f \u043f\u043b\u0430\u0442\u0435\u043b\u044c\u0449\u0438\u043a\u043e\u043c \u041d\u0414\u0421<\/strong>.<\/p><h2 data-start=\"3406\" data-end=\"3426\">\u0417\u0430\u043a\u043b\u044e\u0447\u0438\u0442\u0435\u043b\u044c\u043d\u044b\u0435 \u043f\u043e\u043b\u043e\u0436\u0435\u043d\u0438\u044f<\/h2><p data-start=\"3427\" data-end=\"3590\">\u0418\u0441\u043f\u043e\u043b\u044c\u0437\u0443\u044f \u044d\u0442\u043e\u0442 \u0441\u0430\u0439\u0442, \u0432\u044b \u043f\u0440\u0438\u043d\u0438\u043c\u0430\u0435\u0442\u0435 \u0443\u043a\u0430\u0437\u0430\u043d\u043d\u044b\u0435 \u0443\u0441\u043b\u043e\u0432\u0438\u044f. \u0410\u0441\u0441\u043e\u0446\u0438\u0430\u0446\u0438\u044f \u043e\u0441\u0442\u0430\u0432\u043b\u044f\u0435\u0442 \u0437\u0430 \u0441\u043e\u0431\u043e\u0439 \u043f\u0440\u0430\u0432\u043e \u0438\u0437\u043c\u0435\u043d\u044f\u0442\u044c \u0443\u0441\u043b\u043e\u0432\u0438\u044f \u0431\u0435\u0437 \u043f\u0440\u0435\u0434\u0432\u0430\u0440\u0438\u0442\u0435\u043b\u044c\u043d\u043e\u0433\u043e \u0443\u0432\u0435\u0434\u043e\u043c\u043b\u0435\u043d\u0438\u044f. \u0412\u0441\u0435 \u0438\u0437\u043c\u0435\u043d\u0435\u043d\u0438\u044f \u0431\u0443\u0434\u0443\u0442 \u0441\u0432\u043e\u0435\u0432\u0440\u0435\u043c\u0435\u043d\u043d\u043e \u043e\u043f\u0443\u0431\u043b\u0438\u043a\u043e\u0432\u0430\u043d\u044b \u043d\u0430 \u0441\u0430\u0439\u0442\u0435.<\/p>\t\t\t\t\t\t\t\t<\/div>\n\t\t\t\t<\/div>\n\t\t\t\t\t<\/div>\n\t\t\t\t<\/div>\n\t\t\t\t<\/div>","protected":false},"excerpt":{"rendered":"<p>Uslovi kori\u0161\u0107enja Ovi uslovi defini\u0161u pravila kori\u0161\u0107enja sajta tijanailic.com i odnose se na sve korisnike i kupce. Op\u0161ti podaci Naziv: Udru\u017eenje KUF TIJANA ILI\u0106 Adresa: Palmoti\u0107eva 18a, 11000 Beograd, Srbija MB: 28297718, PIB: 111866669 Kontakt telefon: 011\/6309-634 Domen: tijanailic.com Proizvodi i usluge Na sajtu su dostupni digitalni proizvodi i informacije o uslugama koje se pla\u0107aju [&hellip;]<\/p>\n","protected":false},"author":3,"featured_media":0,"parent":0,"menu_order":0,"comment_status":"closed","ping_status":"closed","template":"","meta":{"footnotes":""},"class_list":["post-4875","page","type-page","status-publish","hentry"],"_links":{"self":[{"href":"https:\/\/tijanailic.com\/ru\/wp-json\/wp\/v2\/pages\/4875","targetHints":{"allow":["GET"]}}],"collection":[{"href":"https:\/\/tijanailic.com\/ru\/wp-json\/wp\/v2\/pages"}],"about":[{"href":"https:\/\/tijanailic.com\/ru\/wp-json\/wp\/v2\/types\/page"}],"author":[{"embeddable":true,"href":"https:\/\/tijanailic.com\/ru\/wp-json\/wp\/v2\/users\/3"}],"replies":[{"embeddable":true,"href":"https:\/\/tijanailic.com\/ru\/wp-json\/wp\/v2\/comments?post=4875"}],"version-history":[{"count":0,"href":"https:\/\/tijanailic.com\/ru\/wp-json\/wp\/v2\/pages\/4875\/revisions"}],"wp:attachment":[{"href":"https:\/\/tijanailic.com\/ru\/wp-json\/wp\/v2\/media?parent=4875"}],"curies":[{"name":"WP","href":"https:\/\/api.w.org\/{rel}","templated":true}]}}