{"id":5468,"date":"2025-12-23T22:21:24","date_gmt":"2025-12-23T21:21:24","guid":{"rendered":"https:\/\/tijanailic.com\/?page_id=5468"},"modified":"2026-01-19T19:03:10","modified_gmt":"2026-01-19T18:03:10","slug":"jelena-masterclass-rez","status":"publish","type":"page","link":"https:\/\/tijanailic.com\/ru\/jelena-masterclass-rez\/","title":{"rendered":"Jelena Masterclass REZ"},"content":{"rendered":"<div data-elementor-type=\"wp-page\" data-elementor-id=\"5468\" class=\"elementor elementor-5468\" data-elementor-post-type=\"page\">\n\t\t\t\t<div class=\"elementor-element elementor-element-42e5748 e-flex e-con-boxed e-con e-parent\" data-id=\"42e5748\" data-element_type=\"container\" data-e-type=\"container\">\n\t\t\t\t\t<div class=\"e-con-inner\">\n\t\t<div class=\"elementor-element elementor-element-db0eae8 e-con-full e-flex e-con e-child\" data-id=\"db0eae8\" data-element_type=\"container\" data-e-type=\"container\">\n\t\t\t\t<div class=\"elementor-element elementor-element-34b8db5 elementor-widget elementor-widget-image\" data-id=\"34b8db5\" data-element_type=\"widget\" data-e-type=\"widget\" data-widget_type=\"image.default\">\n\t\t\t\t<div class=\"elementor-widget-container\">\n\t\t\t\t\t\t\t\t\t\t\t\t\t\t\t<img fetchpriority=\"high\" decoding=\"async\" width=\"683\" height=\"1024\" src=\"https:\/\/tijanailic.com\/wp-content\/uploads\/2025\/12\/7-683x1024.webp\" class=\"attachment-large size-large wp-image-5478\" alt=\"\" srcset=\"https:\/\/tijanailic.com\/wp-content\/uploads\/2025\/12\/7-683x1024.webp 683w, https:\/\/tijanailic.com\/wp-content\/uploads\/2025\/12\/7-200x300.webp 200w, https:\/\/tijanailic.com\/wp-content\/uploads\/2025\/12\/7-768x1152.webp 768w, https:\/\/tijanailic.com\/wp-content\/uploads\/2025\/12\/7-1024x1536.webp 1024w, https:\/\/tijanailic.com\/wp-content\/uploads\/2025\/12\/7-1366x2048.webp 1366w, https:\/\/tijanailic.com\/wp-content\/uploads\/2025\/12\/7-8x12.webp 8w, https:\/\/tijanailic.com\/wp-content\/uploads\/2025\/12\/7-600x900.webp 600w, https:\/\/tijanailic.com\/wp-content\/uploads\/2025\/12\/7.webp 1707w\" sizes=\"(max-width: 683px) 100vw, 683px\" \/>\t\t\t\t\t\t\t\t\t\t\t\t\t\t\t<\/div>\n\t\t\t\t<\/div>\n\t\t\t\t<div class=\"elementor-element elementor-element-fe43162 elementor-pagination-position-outside elementor-widget elementor-widget-image-carousel\" data-id=\"fe43162\" data-element_type=\"widget\" data-e-type=\"widget\" data-settings=\"{&quot;slides_to_show_mobile&quot;:&quot;3&quot;,&quot;navigation&quot;:&quot;dots&quot;,&quot;image_spacing_custom&quot;:{&quot;unit&quot;:&quot;px&quot;,&quot;size&quot;:9,&quot;sizes&quot;:[]},&quot;autoplay&quot;:&quot;yes&quot;,&quot;pause_on_hover&quot;:&quot;yes&quot;,&quot;pause_on_interaction&quot;:&quot;yes&quot;,&quot;autoplay_speed&quot;:5000,&quot;infinite&quot;:&quot;yes&quot;,&quot;speed&quot;:500,&quot;image_spacing_custom_tablet&quot;:{&quot;unit&quot;:&quot;px&quot;,&quot;size&quot;:&quot;&quot;,&quot;sizes&quot;:[]},&quot;image_spacing_custom_mobile&quot;:{&quot;unit&quot;:&quot;px&quot;,&quot;size&quot;:&quot;&quot;,&quot;sizes&quot;:[]}}\" data-widget_type=\"image-carousel.default\">\n\t\t\t\t<div class=\"elementor-widget-container\">\n\t\t\t\t\t\t\t<div class=\"elementor-image-carousel-wrapper swiper\" role=\"region\" aria-roledescription=\"carousel\" aria-label=\"\u041a\u0430\u0440\u0443\u0441\u0435\u043b\u044c\u043d\u0430\u044f \u0436\u0438\u0432\u043e\u043f\u0438\u0441\u044c\" dir=\"ltr\">\n\t\t\t<div class=\"elementor-image-carousel swiper-wrapper\" aria-live=\"off\">\n\t\t\t\t\t\t\t\t<div class=\"swiper-slide\" role=\"group\" aria-roledescription=\"slide\" aria-label=\"1 iz 7\"><a data-elementor-open-lightbox=\"yes\" data-elementor-lightbox-slideshow=\"fe43162\" data-elementor-lightbox-title=\"2\" data-e-action-hash=\"#elementor-action%3Aaction%3Dlightbox%26settings%3DeyJpZCI6NTQ3MywidXJsIjoiaHR0cHM6XC9cL3RpamFuYWlsaWMuY29tXC93cC1jb250ZW50XC91cGxvYWRzXC8yMDI1XC8xMlwvMi53ZWJwIiwic2xpZGVzaG93IjoiZmU0MzE2MiJ9\" href=\"https:\/\/tijanailic.com\/wp-content\/uploads\/2025\/12\/2.webp\"><figure class=\"swiper-slide-inner\"><img decoding=\"async\" class=\"swiper-slide-image\" src=\"https:\/\/tijanailic.com\/wp-content\/uploads\/2025\/12\/2.webp\" alt=\"2\" \/><\/figure><\/a><\/div><div class=\"swiper-slide\" role=\"group\" aria-roledescription=\"slide\" aria-label=\"2 iz 7\"><a data-elementor-open-lightbox=\"yes\" data-elementor-lightbox-slideshow=\"fe43162\" data-elementor-lightbox-title=\"3\" data-e-action-hash=\"#elementor-action%3Aaction%3Dlightbox%26settings%3DeyJpZCI6NTQ3NCwidXJsIjoiaHR0cHM6XC9cL3RpamFuYWlsaWMuY29tXC93cC1jb250ZW50XC91cGxvYWRzXC8yMDI1XC8xMlwvMy53ZWJwIiwic2xpZGVzaG93IjoiZmU0MzE2MiJ9\" href=\"https:\/\/tijanailic.com\/wp-content\/uploads\/2025\/12\/3.webp\"><figure class=\"swiper-slide-inner\"><img decoding=\"async\" class=\"swiper-slide-image\" src=\"https:\/\/tijanailic.com\/wp-content\/uploads\/2025\/12\/3.webp\" alt=\"3\" \/><\/figure><\/a><\/div><div class=\"swiper-slide\" role=\"group\" aria-roledescription=\"slide\" aria-label=\"3 iz 7\"><a data-elementor-open-lightbox=\"yes\" data-elementor-lightbox-slideshow=\"fe43162\" data-elementor-lightbox-title=\"4\" data-e-action-hash=\"#elementor-action%3Aaction%3Dlightbox%26settings%3DeyJpZCI6NTQ3NSwidXJsIjoiaHR0cHM6XC9cL3RpamFuYWlsaWMuY29tXC93cC1jb250ZW50XC91cGxvYWRzXC8yMDI1XC8xMlwvNC53ZWJwIiwic2xpZGVzaG93IjoiZmU0MzE2MiJ9\" href=\"https:\/\/tijanailic.com\/wp-content\/uploads\/2025\/12\/4.webp\"><figure class=\"swiper-slide-inner\"><img decoding=\"async\" class=\"swiper-slide-image\" src=\"https:\/\/tijanailic.com\/wp-content\/uploads\/2025\/12\/4.webp\" alt=\"4\" \/><\/figure><\/a><\/div><div class=\"swiper-slide\" role=\"group\" aria-roledescription=\"slide\" aria-label=\"4 iz 7\"><a data-elementor-open-lightbox=\"yes\" data-elementor-lightbox-slideshow=\"fe43162\" data-elementor-lightbox-title=\"5\" data-e-action-hash=\"#elementor-action%3Aaction%3Dlightbox%26settings%3DeyJpZCI6NTQ3NiwidXJsIjoiaHR0cHM6XC9cL3RpamFuYWlsaWMuY29tXC93cC1jb250ZW50XC91cGxvYWRzXC8yMDI1XC8xMlwvNS53ZWJwIiwic2xpZGVzaG93IjoiZmU0MzE2MiJ9\" href=\"https:\/\/tijanailic.com\/wp-content\/uploads\/2025\/12\/5.webp\"><figure class=\"swiper-slide-inner\"><img decoding=\"async\" class=\"swiper-slide-image\" src=\"https:\/\/tijanailic.com\/wp-content\/uploads\/2025\/12\/5.webp\" alt=\"5\" \/><\/figure><\/a><\/div><div class=\"swiper-slide\" role=\"group\" aria-roledescription=\"slide\" aria-label=\"5 iz 7\"><a data-elementor-open-lightbox=\"yes\" data-elementor-lightbox-slideshow=\"fe43162\" data-elementor-lightbox-title=\"6\" data-e-action-hash=\"#elementor-action%3Aaction%3Dlightbox%26settings%3DeyJpZCI6NTQ3NywidXJsIjoiaHR0cHM6XC9cL3RpamFuYWlsaWMuY29tXC93cC1jb250ZW50XC91cGxvYWRzXC8yMDI1XC8xMlwvNi53ZWJwIiwic2xpZGVzaG93IjoiZmU0MzE2MiJ9\" href=\"https:\/\/tijanailic.com\/wp-content\/uploads\/2025\/12\/6.webp\"><figure class=\"swiper-slide-inner\"><img decoding=\"async\" class=\"swiper-slide-image\" src=\"https:\/\/tijanailic.com\/wp-content\/uploads\/2025\/12\/6.webp\" alt=\"6\" \/><\/figure><\/a><\/div><div class=\"swiper-slide\" role=\"group\" aria-roledescription=\"slide\" aria-label=\"6 iz 7\"><a data-elementor-open-lightbox=\"yes\" data-elementor-lightbox-slideshow=\"fe43162\" data-elementor-lightbox-title=\"9\" data-e-action-hash=\"#elementor-action%3Aaction%3Dlightbox%26settings%3DeyJpZCI6NTQ4MCwidXJsIjoiaHR0cHM6XC9cL3RpamFuYWlsaWMuY29tXC93cC1jb250ZW50XC91cGxvYWRzXC8yMDI1XC8xMlwvOS53ZWJwIiwic2xpZGVzaG93IjoiZmU0MzE2MiJ9\" href=\"https:\/\/tijanailic.com\/wp-content\/uploads\/2025\/12\/9.webp\"><figure class=\"swiper-slide-inner\"><img decoding=\"async\" class=\"swiper-slide-image\" src=\"https:\/\/tijanailic.com\/wp-content\/uploads\/2025\/12\/9.webp\" alt=\"9\" \/><\/figure><\/a><\/div><div class=\"swiper-slide\" role=\"group\" aria-roledescription=\"slide\" aria-label=\"7 iz 7\"><a data-elementor-open-lightbox=\"yes\" data-elementor-lightbox-slideshow=\"fe43162\" data-elementor-lightbox-title=\"8\" data-e-action-hash=\"#elementor-action%3Aaction%3Dlightbox%26settings%3DeyJpZCI6NTQ3OSwidXJsIjoiaHR0cHM6XC9cL3RpamFuYWlsaWMuY29tXC93cC1jb250ZW50XC91cGxvYWRzXC8yMDI1XC8xMlwvOC53ZWJwIiwic2xpZGVzaG93IjoiZmU0MzE2MiJ9\" href=\"https:\/\/tijanailic.com\/wp-content\/uploads\/2025\/12\/8.webp\"><figure class=\"swiper-slide-inner\"><img decoding=\"async\" class=\"swiper-slide-image\" src=\"https:\/\/tijanailic.com\/wp-content\/uploads\/2025\/12\/8.webp\" alt=\"8\" \/><\/figure><\/a><\/div>\t\t\t<\/div>\n\t\t\t\t\t\t\t\n\t\t\t\t\t\t\t\t\t<div class=\"swiper-pagination\"><\/div>\n\t\t\t\t\t\t\t\t\t<\/div>\n\t\t\t\t\t\t<\/div>\n\t\t\t\t<\/div>\n\t\t\t\t<\/div>\n\t\t<div class=\"elementor-element elementor-element-0bb55d8 e-con-full e-flex e-con e-child\" data-id=\"0bb55d8\" data-element_type=\"container\" data-e-type=\"container\">\n\t\t\t\t<div class=\"elementor-element elementor-element-5da1ed5 elementor-widget elementor-widget-heading\" data-id=\"5da1ed5\" data-element_type=\"widget\" data-e-type=\"widget\" data-widget_type=\"heading.default\">\n\t\t\t\t<div class=\"elementor-widget-container\">\n\t\t\t\t\t<h1 class=\"elementor-heading-title elementor-size-default\">\u041a\u0423\u0414\u0420\u042f\u0412\u042b\u0415 \u041a\u041e\u0420\u041e\u0422\u041a\u0418\u0415 \u0412\u041e\u041b\u041e\u0421\u042b \u2013 \u041e\u0422\u0420\u0410\u0429\u0418\u0412\u0410\u041d\u0418\u0415 \u0414\u041b\u0418\u041d\u042b<\/h1>\t\t\t\t<\/div>\n\t\t\t\t<\/div>\n\t\t\t\t<div class=\"elementor-element elementor-element-5eb07c1 elementor-widget elementor-widget-rating\" data-id=\"5eb07c1\" data-element_type=\"widget\" data-e-type=\"widget\" data-widget_type=\"rating.default\">\n\t\t\t\t<div class=\"elementor-widget-container\">\n\t\t\t\t\t\t\t<div class=\"e-rating\" itemtype=\"https:\/\/schema.org\/Rating\" itemscope=\"\" itemprop=\"reviewRating\">\n\t\t\t<meta itemprop=\"worstRating\" content=\"0\">\n\t\t\t<meta itemprop=\"bestRating\" content=\"5\">\n\t\t\t<div class=\"e-rating-wrapper\" itemprop=\"ratingValue\" content=\"5\" role=\"img\" aria-label=\"Ocenka 5 iz 5\">\n\t\t\t\t\t\t\t<div class=\"e-icon\">\n\t\t\t\t<div class=\"e-icon-wrapper e-icon-marked\">\n\t\t\t\t\t<i aria-hidden=\"true\" class=\"eicon-star\"><\/i>\t\t\t\t<\/div>\n\t\t\t\t<div class=\"e-icon-wrapper e-icon-unmarked\">\n\t\t\t\t\t<i aria-hidden=\"true\" class=\"eicon-star\"><\/i>\t\t\t\t<\/div>\n\t\t\t<\/div>\n\t\t\t\t\t\t<div class=\"e-icon\">\n\t\t\t\t<div class=\"e-icon-wrapper e-icon-marked\">\n\t\t\t\t\t<i aria-hidden=\"true\" class=\"eicon-star\"><\/i>\t\t\t\t<\/div>\n\t\t\t\t<div class=\"e-icon-wrapper e-icon-unmarked\">\n\t\t\t\t\t<i aria-hidden=\"true\" class=\"eicon-star\"><\/i>\t\t\t\t<\/div>\n\t\t\t<\/div>\n\t\t\t\t\t\t<div class=\"e-icon\">\n\t\t\t\t<div class=\"e-icon-wrapper e-icon-marked\">\n\t\t\t\t\t<i aria-hidden=\"true\" class=\"eicon-star\"><\/i>\t\t\t\t<\/div>\n\t\t\t\t<div class=\"e-icon-wrapper e-icon-unmarked\">\n\t\t\t\t\t<i aria-hidden=\"true\" class=\"eicon-star\"><\/i>\t\t\t\t<\/div>\n\t\t\t<\/div>\n\t\t\t\t\t\t<div class=\"e-icon\">\n\t\t\t\t<div class=\"e-icon-wrapper e-icon-marked\">\n\t\t\t\t\t<i aria-hidden=\"true\" class=\"eicon-star\"><\/i>\t\t\t\t<\/div>\n\t\t\t\t<div class=\"e-icon-wrapper e-icon-unmarked\">\n\t\t\t\t\t<i aria-hidden=\"true\" class=\"eicon-star\"><\/i>\t\t\t\t<\/div>\n\t\t\t<\/div>\n\t\t\t\t\t\t<div class=\"e-icon\">\n\t\t\t\t<div class=\"e-icon-wrapper e-icon-marked\">\n\t\t\t\t\t<i aria-hidden=\"true\" class=\"eicon-star\"><\/i>\t\t\t\t<\/div>\n\t\t\t\t<div class=\"e-icon-wrapper e-icon-unmarked\">\n\t\t\t\t\t<i aria-hidden=\"true\" class=\"eicon-star\"><\/i>\t\t\t\t<\/div>\n\t\t\t<\/div>\n\t\t\t\t\t\t<\/div>\n\t\t<\/div>\n\t\t\t\t\t\t<\/div>\n\t\t\t\t<\/div>\n\t\t\t\t<div class=\"elementor-element elementor-element-963d132 elementor-widget elementor-widget-heading\" data-id=\"963d132\" data-element_type=\"widget\" data-e-type=\"widget\" data-widget_type=\"heading.default\">\n\t\t\t\t<div class=\"elementor-widget-container\">\n\t\t\t\t\t<h2 class=\"elementor-heading-title elementor-size-default\">219\u20ac<\/h2>\t\t\t\t<\/div>\n\t\t\t\t<\/div>\n\t\t\t\t<div class=\"elementor-element elementor-element-40231b1 elementor-mobile-align-justify elementor-align-justify elementor-widget elementor-widget-button\" data-id=\"40231b1\" data-element_type=\"widget\" data-e-type=\"widget\" data-widget_type=\"button.default\">\n\t\t\t\t<div class=\"elementor-widget-container\">\n\t\t\t\t\t\t\t\t\t<div class=\"elementor-button-wrapper\">\n\t\t\t\t\t<a class=\"elementor-button elementor-button-link elementor-size-md elementor-animation-grow\" href=\"https:\/\/tijanailic.thinkific.com\/enroll\/3629592?price_id=4569148\" target=\"_blank\" rel=\"noopener\">\n\t\t\t\t\t\t<span class=\"elementor-button-content-wrapper\">\n\t\t\t\t\t\t\t\t\t<span class=\"elementor-button-text\">\u041a\u0443\u043f\u0438\u0442\u044c \u043e\u0431\u0443\u0447\u0435\u043d\u0438\u0435<\/span>\n\t\t\t\t\t<\/span>\n\t\t\t\t\t<\/a>\n\t\t\t\t<\/div>\n\t\t\t\t\t\t\t\t<\/div>\n\t\t\t\t<\/div>\n\t\t\t\t<div class=\"elementor-element elementor-element-cdb4c84 elementor-widget elementor-widget-text-editor\" data-id=\"cdb4c84\" data-element_type=\"widget\" data-e-type=\"widget\" data-widget_type=\"text-editor.default\">\n\t\t\t\t<div class=\"elementor-widget-container\">\n\t\t\t\t\t\t\t\t\t<p><span style=\"font-weight: 400;\">\u042d\u0442\u043e\u0442 \u0441\u0435\u0433\u043c\u0435\u043d\u0442 \u043c\u0430\u0441\u0442\u0435\u0440-\u043a\u043b\u0430\u0441\u0441\u0430 \u043f\u043e\u0441\u0432\u044f\u0449\u0451\u043d \u043e\u0434\u043d\u043e\u043c\u0443 \u0438\u0437 \u0441\u0430\u043c\u044b\u0445 \u0441\u043b\u043e\u0436\u043d\u044b\u0445 \u043f\u0440\u043e\u0446\u0435\u0441\u0441\u043e\u0432 \u0440\u0430\u0431\u043e\u0442\u044b \u0441 \u043a\u043b\u0438\u0435\u043d\u0442\u0430\u043c\u0438, \u0430 \u0438\u043c\u0435\u043d\u043d\u043e \u043e\u0442\u0440\u0430\u0441\u0442\u0430\u043d\u0438\u044e \u043a\u043e\u0440\u043e\u0442\u043a\u0438\u0445 \u043a\u0443\u0434\u0440\u044f\u0432\u044b\u0445 \u0432\u043e\u043b\u043e\u0441. \u0412\u0441\u0451 \u0432\u043d\u0438\u043c\u0430\u043d\u0438\u0435 \u043e\u0431\u0443\u0447\u0435\u043d\u0438\u044f \u0441\u043e\u0441\u0440\u0435\u0434\u043e\u0442\u043e\u0447\u0435\u043d\u043e \u043d\u0430 \u0442\u043e\u043c, \u043a\u0430\u043a \u0432 \u043f\u0435\u0440\u0435\u0445\u043e\u0434\u043d\u044b\u0435 \u044d\u0442\u0430\u043f\u044b \u0440\u043e\u0441\u0442\u0430 \u043e\u0431\u0435\u0441\u043f\u0435\u0447\u0438\u0442\u044c \u043f\u0440\u0438\u0447\u0451\u0441\u043a\u0443, \u043a\u043e\u0442\u043e\u0440\u0430\u044f \u0432\u044b\u0433\u043b\u044f\u0434\u0438\u0442 \u0441\u0442\u0438\u043b\u044c\u043d\u043e, \u0441\u043e\u0445\u0440\u0430\u043d\u044f\u0435\u0442 \u0444\u043e\u0440\u043c\u0443 \u0438 \u043e\u0441\u0442\u0430\u0451\u0442\u0441\u044f \u043f\u0440\u043e\u0441\u0442\u043e\u0439 \u0432 \u0443\u0445\u043e\u0434\u0435 \u0434\u043e\u043c\u0430.<\/span><\/p><p><span style=\"font-weight: 400;\">\u0424\u043e\u043a\u0443\u0441 \u043e\u0431\u0443\u0447\u0435\u043d\u0438\u044f \u043d\u0430\u043f\u0440\u0430\u0432\u043b\u0435\u043d \u043d\u0430 \u043f\u0440\u0430\u043a\u0442\u0438\u0447\u0435\u0441\u043a\u0438\u0435 \u0442\u0435\u0445\u043d\u0438\u043a\u0438 \u0441\u0442\u0440\u0438\u0436\u043a\u0438, \u043a\u043e\u0442\u043e\u0440\u044b\u0435 \u043f\u043e\u0437\u0432\u043e\u043b\u044f\u044e\u0442 \u043a\u043b\u0438\u0435\u043d\u0442\u0430\u043c \u0440\u0435\u0433\u0443\u043b\u044f\u0440\u043d\u043e \u043f\u043e\u0441\u0435\u0449\u0430\u0442\u044c \u0441\u0430\u043b\u043e\u043d \u0432 \u043f\u0440\u043e\u0446\u0435\u0441\u0441\u0435 \u043e\u0442\u0440\u0430\u0441\u0442\u0430\u043d\u0438\u044f \u0432\u043e\u043b\u043e\u0441 \u0431\u0435\u0437 \u043e\u0449\u0443\u0449\u0435\u043d\u0438\u044f \u00ab\u043d\u0435\u043e\u043f\u0440\u044f\u0442\u043d\u043e\u0441\u0442\u0438\u00bb \u0438\u043b\u0438 \u0437\u0430\u043f\u0443\u0449\u0435\u043d\u043d\u043e\u0441\u0442\u0438. \u041f\u043e\u0441\u0440\u0435\u0434\u0441\u0442\u0432\u043e\u043c \u043f\u0440\u043e\u0434\u0443\u043c\u0430\u043d\u043d\u043e\u0433\u043e \u0443\u0434\u0430\u043b\u0435\u043d\u0438\u044f \u043b\u0438\u0448\u043d\u0435\u0433\u043e \u043e\u0431\u044a\u0451\u043c\u0430 \u0438 \u043a\u043e\u043d\u0442\u0440\u043e\u043b\u044f \u043a\u043b\u044e\u0447\u0435\u0432\u044b\u0445 \u0437\u043e\u043d \u043f\u0440\u0438\u0447\u0451\u0441\u043a\u0438 \u0422\u0438\u044f\u043d\u0430 \u0434\u0435\u043c\u043e\u043d\u0441\u0442\u0440\u0438\u0440\u0443\u0435\u0442, \u043a\u0430\u043a \u0444\u043e\u0440\u043c\u0438\u0440\u0443\u0435\u0442\u0441\u044f \u0444\u043e\u0440\u043c\u0430, \u043a\u043e\u0442\u043e\u0440\u0430\u044f \u0435\u0441\u0442\u0435\u0441\u0442\u0432\u0435\u043d\u043d\u043e \u0441\u043b\u0435\u0434\u0443\u0435\u0442 \u0437\u0430 \u0440\u043e\u0441\u0442\u043e\u043c \u0432\u043e\u043b\u043e\u0441.<\/span><\/p><p><span style=\"font-weight: 400;\">\u0412 \u0440\u0430\u043c\u043a\u0430\u0445 \u043e\u0431\u0443\u0447\u0435\u043d\u0438\u044f \u0440\u0430\u0441\u0441\u043c\u0430\u0442\u0440\u0438\u0432\u0430\u044e\u0442\u0441\u044f \u043a\u043b\u044e\u0447\u0435\u0432\u044b\u0435 \u044d\u0442\u0430\u043f\u044b \u0441\u0442\u0440\u0438\u0436\u043a\u0438 \u0432\u043e\u043b\u043e\u0441 \u0432 \u043f\u0440\u043e\u0446\u0435\u0441\u0441\u0435 \u043e\u0442\u0440\u0430\u0441\u0442\u0430\u043d\u0438\u044f \u0434\u043b\u0438\u043d\u044b:<\/span><\/p><ul><li style=\"font-weight: 400;\" aria-level=\"1\"><span style=\"font-weight: 400;\">\u0410\u0434\u0430\u043f\u0442\u0430\u0446\u0438\u044f \u0444\u043e\u0440\u043c\u044b \u043d\u0430 \u0440\u0430\u0437\u043d\u044b\u0445 \u0441\u0442\u0430\u0434\u0438\u044f\u0445 \u0440\u043e\u0441\u0442\u0430 \u043a\u043e\u0440\u043e\u0442\u043a\u0438\u0445 \u043a\u0443\u0434\u0440\u044f\u0432\u044b\u0445 \u0432\u043e\u043b\u043e\u0441.<\/span><span style=\"font-weight: 400;\"><br \/><\/span><\/li><li style=\"font-weight: 400;\" aria-level=\"1\"><span style=\"font-weight: 400;\">\u041e\u0441\u0432\u043e\u0431\u043e\u0436\u0434\u0435\u043d\u0438\u0435 \u043f\u0440\u043e\u0431\u043b\u0435\u043c\u043d\u044b\u0445 \u0437\u043e\u043d \u043f\u0440\u0438 \u0441\u043e\u0445\u0440\u0430\u043d\u0435\u043d\u0438\u0438 \u0434\u043b\u0438\u043d\u044b.<\/span><p>\u00a0<\/p><\/li><\/ul><p><strong>\u0427\u0435\u043c\u0443 \u0432\u044b \u043d\u0430\u0443\u0447\u0438\u0442\u0435\u0441\u044c \u0438\u0437 \u044d\u0442\u043e\u0433\u043e \u0432\u0438\u0434\u0435\u043e\u043c\u0430\u0442\u0435\u0440\u0438\u0430\u043b\u0430:<\/strong><\/p><ul><li style=\"font-weight: 400;\" aria-level=\"1\"><span style=\"font-weight: 400;\">\u041a\u0430\u043a \u0443\u043a\u043b\u0430\u0434\u044b\u0432\u0430\u0442\u044c \u0441\u0435\u0434\u044b\u0435 \u043a\u043e\u0440\u043e\u0442\u043a\u0438\u0435 \u043a\u0443\u0434\u0440\u044f\u0432\u044b\u0435 \u0432\u043e\u043b\u043e\u0441\u044b, \u043a\u043e\u0442\u043e\u0440\u044b\u0435 \u043a\u043b\u0438\u0435\u043d\u0442 \u043f\u043b\u0430\u043d\u0438\u0440\u0443\u0435\u0442 \u043e\u0442\u0440\u0430\u0449\u0438\u0432\u0430\u0442\u044c.<\/span><span style=\"font-weight: 400;\"><br \/><\/span><\/li><li style=\"font-weight: 400;\" aria-level=\"1\"><span style=\"font-weight: 400;\">\u041a\u0430\u043a \u0441\u043c\u044f\u0433\u0447\u0438\u0442\u044c \u043a\u043b\u044e\u0447\u0435\u0432\u044b\u0435 \u0443\u0447\u0430\u0441\u0442\u043a\u0438 \u043f\u0440\u0438\u0447\u0451\u0441\u043a\u0438 \u0438 \u0443\u0431\u0440\u0430\u0442\u044c \u043e\u0431\u044a\u0451\u043c, \u043a\u043e\u0442\u043e\u0440\u044b\u0439 \u0432\u0438\u0437\u0443\u0430\u043b\u044c\u043d\u043e \u0432\u044b\u0433\u043b\u044f\u0434\u0438\u0442 \u043d\u0435\u0430\u043a\u043a\u0443\u0440\u0430\u0442\u043d\u043e.<\/span><span style=\"font-weight: 400;\"><br \/><\/span><\/li><li style=\"font-weight: 400;\" aria-level=\"1\"><span style=\"font-weight: 400;\">\u041a\u0430\u043a \u043e\u0441\u0432\u043e\u0431\u043e\u0434\u0438\u0442\u044c \u0437\u043e\u043d\u0443 \u0432\u043e\u043a\u0440\u0443\u0433 \u0443\u0445\u0430, \u043e\u0434\u043d\u043e\u0432\u0440\u0435\u043c\u0435\u043d\u043d\u043e \u043e\u0431\u0435\u0441\u043f\u0435\u0447\u0438\u0432\u0430\u044f \u0440\u043e\u0441\u0442 \u0434\u043b\u0438\u043d\u044b.<\/span><span style=\"font-weight: 400;\"><br \/><\/span><\/li><li style=\"font-weight: 400;\" aria-level=\"1\"><span style=\"font-weight: 400;\">\u041a\u0430\u043a \u043f\u0440\u0430\u0432\u0438\u043b\u044c\u043d\u043e \u0441\u0443\u0448\u0438\u0442\u044c \u043a\u043e\u0440\u043e\u0442\u043a\u0438\u0435 \u043a\u0443\u0434\u0440\u044f\u0432\u044b\u0435 \u0432\u043e\u043b\u043e\u0441\u044b \u0441 \u043f\u043e\u043c\u043e\u0449\u044c\u044e \u0434\u0438\u0444\u0444\u0443\u0437\u043e\u0440\u0430.<\/span><span style=\"font-weight: 400;\"><br \/><\/span><\/li><li style=\"font-weight: 400;\" aria-level=\"1\"><span style=\"font-weight: 400;\">\u041a\u0430\u043a \u043f\u043e\u0434\u043e\u0431\u0440\u0430\u0442\u044c \u0441\u0440\u0435\u0434\u0441\u0442\u0432\u0430 \u0434\u043b\u044f \u0443\u0445\u043e\u0434\u0430 \u0438 \u0443\u043a\u043b\u0430\u0434\u043a\u0438 \u0432 \u043f\u0435\u0440\u0438\u043e\u0434 \u043e\u0442\u0440\u0430\u0441\u0442\u0430\u043d\u0438\u044f \u0432\u043e\u043b\u043e\u0441.<\/span><p>\u00a0<\/p><\/li><\/ul><p><b>Format:<\/b><span style=\"font-weight: 400;\"> \u043c\u0430\u0441\u0442\u0435\u0440-\u043a\u043b\u0430\u0441\u0441, \u0437\u0430\u043f\u0438\u0441\u0430\u043d\u043d\u044b\u0439 \u0432\u0436\u0438\u0432\u0443\u044e<\/span><span style=\"font-weight: 400;\"><br \/><\/span> <b>Trajanje:<\/b><span style=\"font-weight: 400;\"> 41 min<\/span><\/p><p><b>BONUS:<\/b><span style=\"font-weight: 400;\"> \u0440\u0435\u043a\u043e\u043c\u0435\u043d\u0434\u0430\u0446\u0438\u0438 \u043f\u043e \u0441\u0440\u0435\u0434\u0441\u0442\u0432\u0430\u043c, \u0438\u0441\u043f\u043e\u043b\u044c\u0437\u043e\u0432\u0430\u043d\u043d\u044b\u043c \u0434\u043b\u044f \u0443\u043a\u043b\u0430\u0434\u043a\u0438 \u0438 \u0443\u0445\u043e\u0434\u0430 \u0437\u0430 \u0432\u043e\u043b\u043e\u0441\u0430\u043c\u0438 \u0432 \u043f\u0440\u043e\u0446\u0435\u0441\u0441\u0435 \u043e\u0442\u0440\u0430\u0441\u0442\u0430\u043d\u0438\u044f.<\/span><\/p><p><span style=\"font-weight: 400;\">\u042d\u0442\u043e \u043e\u0431\u0443\u0447\u0435\u043d\u0438\u0435 \u043f\u0440\u0435\u0434\u043d\u0430\u0437\u043d\u0430\u0447\u0435\u043d\u043e \u0434\u043b\u044f \u043f\u0430\u0440\u0438\u043a\u043c\u0430\u0445\u0435\u0440\u043e\u0432, \u043a\u043e\u0442\u043e\u0440\u044b\u0435 \u0445\u043e\u0442\u044f\u0442 \u043f\u0440\u0435\u0434\u043b\u043e\u0436\u0438\u0442\u044c \u043a\u043b\u0438\u0435\u043d\u0442\u0430\u043c \u0447\u0451\u0442\u043a\u043e\u0435 \u0440\u0435\u0448\u0435\u043d\u0438\u0435 \u0434\u043b\u044f \u043e\u0442\u0440\u0430\u0441\u0442\u0430\u043d\u0438\u044f \u043a\u043e\u0440\u043e\u0442\u043a\u0438\u0445 \u043a\u0443\u0434\u0440\u044f\u0432\u044b\u0445 \u0432\u043e\u043b\u043e\u0441, \u043f\u043e\u0434\u0434\u0435\u0440\u0436\u0438\u0432\u0430\u0442\u044c \u0440\u0435\u0433\u0443\u043b\u044f\u0440\u043d\u044b\u0435 \u0432\u0438\u0437\u0438\u0442\u044b \u0432 \u0441\u0430\u043b\u043e\u043d \u0438 \u043e\u0431\u0435\u0441\u043f\u0435\u0447\u0438\u0442\u044c \u043f\u0440\u0438\u0447\u0451\u0441\u043a\u0443, \u043a\u043e\u0442\u043e\u0440\u0430\u044f \u043d\u0430 \u043a\u0430\u0436\u0434\u043e\u043c \u044d\u0442\u0430\u043f\u0435 \u0432\u044b\u0433\u043b\u044f\u0434\u0438\u0442 \u0441\u0442\u0438\u043b\u044c\u043d\u043e \u0438 \u0443\u0445\u043e\u0436\u0435\u043d\u043d\u043e.<\/span><\/p>\t\t\t\t\t\t\t\t<\/div>\n\t\t\t\t<\/div>\n\t\t\t\t<div class=\"elementor-element elementor-element-e9acbb4 elementor-mobile-align-justify elementor-align-justify elementor-widget elementor-widget-button\" data-id=\"e9acbb4\" data-element_type=\"widget\" data-e-type=\"widget\" data-widget_type=\"button.default\">\n\t\t\t\t<div class=\"elementor-widget-container\">\n\t\t\t\t\t\t\t\t\t<div class=\"elementor-button-wrapper\">\n\t\t\t\t\t<a class=\"elementor-button elementor-button-link elementor-size-md elementor-animation-grow\" href=\"https:\/\/tijanailic.thinkific.com\/enroll\/3629592?price_id=4569148\" target=\"_blank\" rel=\"noopener\">\n\t\t\t\t\t\t<span class=\"elementor-button-content-wrapper\">\n\t\t\t\t\t\t\t\t\t<span class=\"elementor-button-text\">\u041a\u0443\u043f\u0438\u0442\u044c \u043e\u0431\u0443\u0447\u0435\u043d\u0438\u0435<\/span>\n\t\t\t\t\t<\/span>\n\t\t\t\t\t<\/a>\n\t\t\t\t<\/div>\n\t\t\t\t\t\t\t\t<\/div>\n\t\t\t\t<\/div>\n\t\t\t\t<\/div>\n\t\t\t\t\t<\/div>\n\t\t\t\t<\/div>\n\t\t\t\t<\/div>","protected":false},"excerpt":{"rendered":"<p>KOVRD\u017dAVA KRATKA KOSA &#8211; PU\u0160TANJE DU\u017dINE 219\u20ac KUPITE EDUKACIJU Ovaj segment masterclassa bavi se jednim od najizazovnijih procesa u radu sa klijentima, a to je pu\u0161tanje kovrd\u017eave kratke kose. Sva pa\u017enja edukacije na tome kako tokom prelaznih faza rasta obezbediti frizuru koja izgleda stilizovano, zadr\u017eava formu i ostaje laka za odr\u017eavanje kod ku\u0107e. Fokus edukacije [&hellip;]<\/p>\n","protected":false},"author":3,"featured_media":0,"parent":0,"menu_order":0,"comment_status":"closed","ping_status":"closed","template":"","meta":{"footnotes":""},"class_list":["post-5468","page","type-page","status-publish","hentry"],"_links":{"self":[{"href":"https:\/\/tijanailic.com\/ru\/wp-json\/wp\/v2\/pages\/5468","targetHints":{"allow":["GET"]}}],"collection":[{"href":"https:\/\/tijanailic.com\/ru\/wp-json\/wp\/v2\/pages"}],"about":[{"href":"https:\/\/tijanailic.com\/ru\/wp-json\/wp\/v2\/types\/page"}],"author":[{"embeddable":true,"href":"https:\/\/tijanailic.com\/ru\/wp-json\/wp\/v2\/users\/3"}],"replies":[{"embeddable":true,"href":"https:\/\/tijanailic.com\/ru\/wp-json\/wp\/v2\/comments?post=5468"}],"version-history":[{"count":0,"href":"https:\/\/tijanailic.com\/ru\/wp-json\/wp\/v2\/pages\/5468\/revisions"}],"wp:attachment":[{"href":"https:\/\/tijanailic.com\/ru\/wp-json\/wp\/v2\/media?parent=5468"}],"curies":[{"name":"WP","href":"https:\/\/api.w.org\/{rel}","templated":true}]}}