{"id":5535,"date":"2025-12-24T14:49:25","date_gmt":"2025-12-24T13:49:25","guid":{"rendered":"https:\/\/tijanailic.com\/?page_id=5535"},"modified":"2026-01-19T19:03:55","modified_gmt":"2026-01-19T18:03:55","slug":"nevena-masterclass-rez","status":"publish","type":"page","link":"https:\/\/tijanailic.com\/ru\/nevena-masterclass-rez\/","title":{"rendered":"Nevena Masterclass REZ"},"content":{"rendered":"<div data-elementor-type=\"wp-page\" data-elementor-id=\"5535\" class=\"elementor elementor-5535\" data-elementor-post-type=\"page\">\n\t\t\t\t<div class=\"elementor-element elementor-element-864d73c e-flex e-con-boxed e-con e-parent\" data-id=\"864d73c\" data-element_type=\"container\" data-e-type=\"container\">\n\t\t\t\t\t<div class=\"e-con-inner\">\n\t\t<div class=\"elementor-element elementor-element-3d819ba e-con-full e-flex e-con e-child\" data-id=\"3d819ba\" data-element_type=\"container\" data-e-type=\"container\">\n\t\t\t\t<div class=\"elementor-element elementor-element-d27e12d elementor-widget elementor-widget-image\" data-id=\"d27e12d\" data-element_type=\"widget\" data-e-type=\"widget\" data-widget_type=\"image.default\">\n\t\t\t\t<div class=\"elementor-widget-container\">\n\t\t\t\t\t\t\t\t\t\t\t\t\t\t\t<img fetchpriority=\"high\" decoding=\"async\" width=\"683\" height=\"1024\" src=\"https:\/\/tijanailic.com\/wp-content\/uploads\/2025\/12\/3-3-683x1024.webp\" class=\"attachment-large size-large wp-image-5541\" alt=\"\" srcset=\"https:\/\/tijanailic.com\/wp-content\/uploads\/2025\/12\/3-3-683x1024.webp 683w, https:\/\/tijanailic.com\/wp-content\/uploads\/2025\/12\/3-3-200x300.webp 200w, https:\/\/tijanailic.com\/wp-content\/uploads\/2025\/12\/3-3-768x1152.webp 768w, https:\/\/tijanailic.com\/wp-content\/uploads\/2025\/12\/3-3-1024x1536.webp 1024w, https:\/\/tijanailic.com\/wp-content\/uploads\/2025\/12\/3-3-1366x2048.webp 1366w, https:\/\/tijanailic.com\/wp-content\/uploads\/2025\/12\/3-3-8x12.webp 8w, https:\/\/tijanailic.com\/wp-content\/uploads\/2025\/12\/3-3-600x900.webp 600w, https:\/\/tijanailic.com\/wp-content\/uploads\/2025\/12\/3-3.webp 1707w\" sizes=\"(max-width: 683px) 100vw, 683px\" \/>\t\t\t\t\t\t\t\t\t\t\t\t\t\t\t<\/div>\n\t\t\t\t<\/div>\n\t\t\t\t<div class=\"elementor-element elementor-element-70396f3 elementor-pagination-position-outside elementor-widget elementor-widget-image-carousel\" data-id=\"70396f3\" data-element_type=\"widget\" data-e-type=\"widget\" data-settings=\"{&quot;slides_to_show_mobile&quot;:&quot;3&quot;,&quot;navigation&quot;:&quot;dots&quot;,&quot;image_spacing_custom&quot;:{&quot;unit&quot;:&quot;px&quot;,&quot;size&quot;:9,&quot;sizes&quot;:[]},&quot;autoplay&quot;:&quot;yes&quot;,&quot;pause_on_hover&quot;:&quot;yes&quot;,&quot;pause_on_interaction&quot;:&quot;yes&quot;,&quot;autoplay_speed&quot;:5000,&quot;infinite&quot;:&quot;yes&quot;,&quot;speed&quot;:500,&quot;image_spacing_custom_tablet&quot;:{&quot;unit&quot;:&quot;px&quot;,&quot;size&quot;:&quot;&quot;,&quot;sizes&quot;:[]},&quot;image_spacing_custom_mobile&quot;:{&quot;unit&quot;:&quot;px&quot;,&quot;size&quot;:&quot;&quot;,&quot;sizes&quot;:[]}}\" data-widget_type=\"image-carousel.default\">\n\t\t\t\t<div class=\"elementor-widget-container\">\n\t\t\t\t\t\t\t<div class=\"elementor-image-carousel-wrapper swiper\" role=\"region\" aria-roledescription=\"carousel\" aria-label=\"\u041a\u0430\u0440\u0443\u0441\u0435\u043b\u044c\u043d\u0430\u044f \u0436\u0438\u0432\u043e\u043f\u0438\u0441\u044c\" dir=\"ltr\">\n\t\t\t<div class=\"elementor-image-carousel swiper-wrapper\" aria-live=\"off\">\n\t\t\t\t\t\t\t\t<div class=\"swiper-slide\" role=\"group\" aria-roledescription=\"slide\" aria-label=\"1 iz 4\"><a data-elementor-open-lightbox=\"yes\" data-elementor-lightbox-slideshow=\"70396f3\" data-elementor-lightbox-title=\"1\" data-e-action-hash=\"#elementor-action%3Aaction%3Dlightbox%26settings%3DeyJpZCI6NTUzOSwidXJsIjoiaHR0cHM6XC9cL3RpamFuYWlsaWMuY29tXC93cC1jb250ZW50XC91cGxvYWRzXC8yMDI1XC8xMlwvMS0zLndlYnAiLCJzbGlkZXNob3ciOiI3MDM5NmYzIn0%3D\" href=\"https:\/\/tijanailic.com\/wp-content\/uploads\/2025\/12\/1-3.webp\"><figure class=\"swiper-slide-inner\"><img decoding=\"async\" class=\"swiper-slide-image\" src=\"https:\/\/tijanailic.com\/wp-content\/uploads\/2025\/12\/1-3.webp\" alt=\"1\" \/><\/figure><\/a><\/div><div class=\"swiper-slide\" role=\"group\" aria-roledescription=\"slide\" aria-label=\"2 iz 4\"><a data-elementor-open-lightbox=\"yes\" data-elementor-lightbox-slideshow=\"70396f3\" data-elementor-lightbox-title=\"2\" data-e-action-hash=\"#elementor-action%3Aaction%3Dlightbox%26settings%3DeyJpZCI6NTU0MCwidXJsIjoiaHR0cHM6XC9cL3RpamFuYWlsaWMuY29tXC93cC1jb250ZW50XC91cGxvYWRzXC8yMDI1XC8xMlwvMi0zLndlYnAiLCJzbGlkZXNob3ciOiI3MDM5NmYzIn0%3D\" href=\"https:\/\/tijanailic.com\/wp-content\/uploads\/2025\/12\/2-3.webp\"><figure class=\"swiper-slide-inner\"><img decoding=\"async\" class=\"swiper-slide-image\" src=\"https:\/\/tijanailic.com\/wp-content\/uploads\/2025\/12\/2-3.webp\" alt=\"2\" \/><\/figure><\/a><\/div><div class=\"swiper-slide\" role=\"group\" aria-roledescription=\"slide\" aria-label=\"3 iz 4\"><a data-elementor-open-lightbox=\"yes\" data-elementor-lightbox-slideshow=\"70396f3\" data-elementor-lightbox-title=\"4\" data-e-action-hash=\"#elementor-action%3Aaction%3Dlightbox%26settings%3DeyJpZCI6NTU0MiwidXJsIjoiaHR0cHM6XC9cL3RpamFuYWlsaWMuY29tXC93cC1jb250ZW50XC91cGxvYWRzXC8yMDI1XC8xMlwvNC0zLndlYnAiLCJzbGlkZXNob3ciOiI3MDM5NmYzIn0%3D\" href=\"https:\/\/tijanailic.com\/wp-content\/uploads\/2025\/12\/4-3.webp\"><figure class=\"swiper-slide-inner\"><img decoding=\"async\" class=\"swiper-slide-image\" src=\"https:\/\/tijanailic.com\/wp-content\/uploads\/2025\/12\/4-3.webp\" alt=\"4\" \/><\/figure><\/a><\/div><div class=\"swiper-slide\" role=\"group\" aria-roledescription=\"slide\" aria-label=\"4 iz 4\"><a data-elementor-open-lightbox=\"yes\" data-elementor-lightbox-slideshow=\"70396f3\" data-elementor-lightbox-title=\"5\" data-e-action-hash=\"#elementor-action%3Aaction%3Dlightbox%26settings%3DeyJpZCI6NTU0MywidXJsIjoiaHR0cHM6XC9cL3RpamFuYWlsaWMuY29tXC93cC1jb250ZW50XC91cGxvYWRzXC8yMDI1XC8xMlwvNS0zLndlYnAiLCJzbGlkZXNob3ciOiI3MDM5NmYzIn0%3D\" href=\"https:\/\/tijanailic.com\/wp-content\/uploads\/2025\/12\/5-3.webp\"><figure class=\"swiper-slide-inner\"><img decoding=\"async\" class=\"swiper-slide-image\" src=\"https:\/\/tijanailic.com\/wp-content\/uploads\/2025\/12\/5-3.webp\" alt=\"5\" \/><\/figure><\/a><\/div>\t\t\t<\/div>\n\t\t\t\t\t\t\t\n\t\t\t\t\t\t\t\t\t<div class=\"swiper-pagination\"><\/div>\n\t\t\t\t\t\t\t\t\t<\/div>\n\t\t\t\t\t\t<\/div>\n\t\t\t\t<\/div>\n\t\t\t\t<\/div>\n\t\t<div class=\"elementor-element elementor-element-3b0d433 e-con-full e-flex e-con e-child\" data-id=\"3b0d433\" data-element_type=\"container\" data-e-type=\"container\">\n\t\t\t\t<div class=\"elementor-element elementor-element-bf2b39e elementor-widget elementor-widget-heading\" data-id=\"bf2b39e\" data-element_type=\"widget\" data-e-type=\"widget\" data-widget_type=\"heading.default\">\n\t\t\t\t<div class=\"elementor-widget-container\">\n\t\t\t\t\t<h1 class=\"elementor-heading-title elementor-size-default\">\u041a\u041e\u0420\u041e\u0422\u041a\u0418\u0415 \u0412\u041e\u041b\u041e\u0421\u042b \u2013 \u0421\u0422\u0420\u0418\u0416\u041a\u0410 PIXIE<\/h1>\t\t\t\t<\/div>\n\t\t\t\t<\/div>\n\t\t\t\t<div class=\"elementor-element elementor-element-6e19f9d elementor-widget elementor-widget-rating\" data-id=\"6e19f9d\" data-element_type=\"widget\" data-e-type=\"widget\" data-widget_type=\"rating.default\">\n\t\t\t\t<div class=\"elementor-widget-container\">\n\t\t\t\t\t\t\t<div class=\"e-rating\" itemtype=\"https:\/\/schema.org\/Rating\" itemscope=\"\" itemprop=\"reviewRating\">\n\t\t\t<meta itemprop=\"worstRating\" content=\"0\">\n\t\t\t<meta itemprop=\"bestRating\" content=\"5\">\n\t\t\t<div class=\"e-rating-wrapper\" itemprop=\"ratingValue\" content=\"5\" role=\"img\" aria-label=\"Ocenka 5 iz 5\">\n\t\t\t\t\t\t\t<div class=\"e-icon\">\n\t\t\t\t<div class=\"e-icon-wrapper e-icon-marked\">\n\t\t\t\t\t<i aria-hidden=\"true\" class=\"eicon-star\"><\/i>\t\t\t\t<\/div>\n\t\t\t\t<div class=\"e-icon-wrapper e-icon-unmarked\">\n\t\t\t\t\t<i aria-hidden=\"true\" class=\"eicon-star\"><\/i>\t\t\t\t<\/div>\n\t\t\t<\/div>\n\t\t\t\t\t\t<div class=\"e-icon\">\n\t\t\t\t<div class=\"e-icon-wrapper e-icon-marked\">\n\t\t\t\t\t<i aria-hidden=\"true\" class=\"eicon-star\"><\/i>\t\t\t\t<\/div>\n\t\t\t\t<div class=\"e-icon-wrapper e-icon-unmarked\">\n\t\t\t\t\t<i aria-hidden=\"true\" class=\"eicon-star\"><\/i>\t\t\t\t<\/div>\n\t\t\t<\/div>\n\t\t\t\t\t\t<div class=\"e-icon\">\n\t\t\t\t<div class=\"e-icon-wrapper e-icon-marked\">\n\t\t\t\t\t<i aria-hidden=\"true\" class=\"eicon-star\"><\/i>\t\t\t\t<\/div>\n\t\t\t\t<div class=\"e-icon-wrapper e-icon-unmarked\">\n\t\t\t\t\t<i aria-hidden=\"true\" class=\"eicon-star\"><\/i>\t\t\t\t<\/div>\n\t\t\t<\/div>\n\t\t\t\t\t\t<div class=\"e-icon\">\n\t\t\t\t<div class=\"e-icon-wrapper e-icon-marked\">\n\t\t\t\t\t<i aria-hidden=\"true\" class=\"eicon-star\"><\/i>\t\t\t\t<\/div>\n\t\t\t\t<div class=\"e-icon-wrapper e-icon-unmarked\">\n\t\t\t\t\t<i aria-hidden=\"true\" class=\"eicon-star\"><\/i>\t\t\t\t<\/div>\n\t\t\t<\/div>\n\t\t\t\t\t\t<div class=\"e-icon\">\n\t\t\t\t<div class=\"e-icon-wrapper e-icon-marked\">\n\t\t\t\t\t<i aria-hidden=\"true\" class=\"eicon-star\"><\/i>\t\t\t\t<\/div>\n\t\t\t\t<div class=\"e-icon-wrapper e-icon-unmarked\">\n\t\t\t\t\t<i aria-hidden=\"true\" class=\"eicon-star\"><\/i>\t\t\t\t<\/div>\n\t\t\t<\/div>\n\t\t\t\t\t\t<\/div>\n\t\t<\/div>\n\t\t\t\t\t\t<\/div>\n\t\t\t\t<\/div>\n\t\t\t\t<div class=\"elementor-element elementor-element-60b5096 elementor-widget elementor-widget-heading\" data-id=\"60b5096\" data-element_type=\"widget\" data-e-type=\"widget\" data-widget_type=\"heading.default\">\n\t\t\t\t<div class=\"elementor-widget-container\">\n\t\t\t\t\t<h2 class=\"elementor-heading-title elementor-size-default\">219\u20ac<\/h2>\t\t\t\t<\/div>\n\t\t\t\t<\/div>\n\t\t\t\t<div class=\"elementor-element elementor-element-370f487 elementor-mobile-align-justify elementor-align-justify elementor-widget elementor-widget-button\" data-id=\"370f487\" data-element_type=\"widget\" data-e-type=\"widget\" data-widget_type=\"button.default\">\n\t\t\t\t<div class=\"elementor-widget-container\">\n\t\t\t\t\t\t\t\t\t<div class=\"elementor-button-wrapper\">\n\t\t\t\t\t<a class=\"elementor-button elementor-button-link elementor-size-md elementor-animation-grow\" href=\"https:\/\/tijanailic.thinkific.com\/enroll\/3630361?price_id=4570039\" target=\"_blank\" rel=\"noopener\">\n\t\t\t\t\t\t<span class=\"elementor-button-content-wrapper\">\n\t\t\t\t\t\t\t\t\t<span class=\"elementor-button-text\">\u041a\u0443\u043f\u0438\u0442\u044c \u043e\u0431\u0443\u0447\u0435\u043d\u0438\u0435<\/span>\n\t\t\t\t\t<\/span>\n\t\t\t\t\t<\/a>\n\t\t\t\t<\/div>\n\t\t\t\t\t\t\t\t<\/div>\n\t\t\t\t<\/div>\n\t\t\t\t<div class=\"elementor-element elementor-element-d808cac elementor-widget elementor-widget-text-editor\" data-id=\"d808cac\" data-element_type=\"widget\" data-e-type=\"widget\" data-widget_type=\"text-editor.default\">\n\t\t\t\t<div class=\"elementor-widget-container\">\n\t\t\t\t\t\t\t\t\t<p><span style=\"font-weight: 400;\">\u042d\u0442\u043e\u0442 \u0440\u0430\u0437\u0434\u0435\u043b \u043c\u0430\u0441\u0442\u0435\u0440-\u043a\u043b\u0430\u0441\u0441\u0430 \u0434\u0435\u043c\u043e\u043d\u0441\u0442\u0440\u0438\u0440\u0443\u0435\u0442 \u0442\u0435\u0445\u043d\u0438\u043a\u0443 \u0441\u0442\u0440\u0438\u0436\u043a\u0438 pixie \u043d\u0430 \u0433\u0443\u0441\u0442\u044b\u0445 \u0438 \u043f\u043b\u043e\u0442\u043d\u044b\u0445 \u0432\u043e\u043b\u043e\u0441\u0430\u0445 \u0441 \u0430\u043a\u0446\u0435\u043d\u0442\u043e\u043c \u043d\u0430 \u0441\u043e\u0437\u0434\u0430\u043d\u0438\u0435 \u0447\u0438\u0441\u0442\u043e\u0439 \u0444\u043e\u0440\u043c\u044b, \u043a\u043e\u0442\u043e\u0440\u0430\u044f \u043b\u0435\u0433\u043a\u043e \u0443\u043a\u043b\u0430\u0434\u044b\u0432\u0430\u0435\u0442\u0441\u044f \u0438 \u0441\u043e\u0445\u0440\u0430\u043d\u044f\u0435\u0442 \u0432\u0438\u0434 \u043f\u0440\u0438 \u043c\u0438\u043d\u0438\u043c\u0430\u043b\u044c\u043d\u044b\u0445 \u0443\u0441\u0438\u043b\u0438\u044f\u0445. \u041e\u0431\u0443\u0447\u0435\u043d\u0438\u0435 \u043d\u0430\u043f\u0440\u0430\u0432\u043b\u0435\u043d\u043e \u043d\u0430 \u0443\u043f\u0440\u043e\u0449\u0451\u043d\u043d\u0443\u044e \u0442\u0435\u0445\u043d\u0438\u043a\u0443, \u043f\u043e\u0437\u0432\u043e\u043b\u044f\u044e\u0449\u0443\u044e \u0441\u043e\u043a\u0440\u0430\u0442\u0438\u0442\u044c \u0432\u0440\u0435\u043c\u044f \u0440\u0430\u0431\u043e\u0442\u044b \u0438 \u0431\u044b\u0441\u0442\u0440\u043e \u0434\u043e\u0431\u0438\u0442\u044c\u0441\u044f \u0442\u043e\u0447\u043d\u043e\u0433\u043e \u0440\u0435\u0437\u0443\u043b\u044c\u0442\u0430\u0442\u0430.<\/span><\/p><p><span style=\"font-weight: 400;\">\u041e\u0441\u043d\u043e\u0432\u043d\u043e\u0439 \u0444\u043e\u043a\u0443\u0441 \u043e\u0431\u0443\u0447\u0435\u043d\u0438\u044f \u0441\u0434\u0435\u043b\u0430\u043d \u043d\u0430 \u043f\u043e\u043d\u0438\u043c\u0430\u043d\u0438\u0438 \u043f\u0440\u043e\u043f\u043e\u0440\u0446\u0438\u0439 \u0433\u043e\u043b\u043e\u0432\u044b \u0438 \u043f\u043e\u0434\u0447\u0451\u0440\u043a\u0438\u0432\u0430\u043d\u0438\u0438 \u043f\u0440\u043e\u0444\u0438\u043b\u044f, \u0447\u0442\u043e \u044f\u0432\u043b\u044f\u0435\u0442\u0441\u044f \u043e\u0434\u043d\u0438\u043c \u0438\u0437 \u043a\u043b\u044e\u0447\u0435\u0432\u044b\u0445 \u0437\u0430\u043f\u0440\u043e\u0441\u043e\u0432 \u043a\u043b\u0438\u0435\u043d\u0442\u043e\u0432, \u0432\u044b\u0431\u0438\u0440\u0430\u044e\u0449\u0438\u0445 \u043a\u043e\u0440\u043e\u0442\u043a\u0438\u0435 \u0441\u0442\u0440\u0438\u0436\u043a\u0438. \u0427\u0435\u0440\u0435\u0437 \u0447\u0451\u0442\u043a\u043e \u0432\u044b\u0441\u0442\u0440\u043e\u0435\u043d\u043d\u044b\u0435 \u044d\u0442\u0430\u043f\u044b \u0422\u0438\u044f\u043d\u0430 \u043f\u043e\u043a\u0430\u0437\u044b\u0432\u0430\u0435\u0442, \u043a\u0430\u043a \u043a\u043e\u043d\u0442\u0440\u043e\u043b\u0438\u0440\u043e\u0432\u0430\u0442\u044c \u043c\u0430\u0441\u0441\u0443 \u0432 \u043d\u0438\u0436\u043d\u0435\u0439 \u0447\u0430\u0441\u0442\u0438 \u043f\u0440\u0438\u0447\u0451\u0441\u043a\u0438 \u0438 \u043a\u0430\u043a \u0441\u043c\u044f\u0433\u0447\u0438\u0442\u044c \u0433\u0443\u0441\u0442\u044b\u0435 \u0432\u043e\u043b\u043e\u0441\u044b, \u0441\u0434\u0435\u043b\u0430\u0432 \u0438\u0445 \u0431\u043e\u043b\u0435\u0435 \u043f\u043e\u0434\u0432\u0438\u0436\u043d\u044b\u043c\u0438 \u0438 \u0443\u0434\u043e\u0431\u043d\u044b\u043c\u0438 \u0434\u043b\u044f \u0435\u0436\u0435\u0434\u043d\u0435\u0432\u043d\u043e\u0439 \u0443\u043a\u043b\u0430\u0434\u043a\u0438.<\/span><\/p><p><span style=\"font-weight: 400;\">\u0412 \u0440\u0430\u043c\u043a\u0430\u0445 \u043e\u0431\u0443\u0447\u0435\u043d\u0438\u044f \u0440\u0430\u0441\u0441\u043c\u0430\u0442\u0440\u0438\u0432\u0430\u044e\u0442\u0441\u044f \u043a\u043b\u044e\u0447\u0435\u0432\u044b\u0435 \u044d\u0442\u0430\u043f\u044b \u043f\u0440\u043e\u0446\u0435\u0441\u0441\u0430 \u0441\u0442\u0440\u0438\u0436\u043a\u0438.<\/span><\/p><ul><li style=\"font-weight: 400;\" aria-level=\"1\"><span style=\"font-weight: 400;\">\u0420\u0430\u0431\u043e\u0442\u0430 \u043f\u043e\u0434 \u043f\u0440\u0430\u0432\u0438\u043b\u044c\u043d\u044b\u043c \u0443\u0433\u043b\u043e\u043c \u0434\u043b\u044f \u043a\u043e\u0440\u0440\u0435\u043a\u0442\u043d\u043e\u0433\u043e \u0441\u043d\u044f\u0442\u0438\u044f \u043c\u0430\u0441\u0441\u044b \u0432 \u043d\u0438\u0436\u043d\u0435\u0439 \u0447\u0430\u0441\u0442\u0438 \u043f\u0440\u0438\u0447\u0451\u0441\u043a\u0438.<\/span><span style=\"font-weight: 400;\"><br \/><\/span><\/li><li style=\"font-weight: 400;\" aria-level=\"1\"><span style=\"font-weight: 400;\">\u0422\u0435\u0445\u043d\u0438\u043a\u0430 \u0441\u043c\u044f\u0433\u0447\u0435\u043d\u0438\u044f \u0433\u0443\u0441\u0442\u044b\u0445 \u0432\u043e\u043b\u043e\u0441 \u0434\u043b\u044f \u0441\u043e\u0437\u0434\u0430\u043d\u0438\u044f \u0434\u0432\u0438\u0436\u0435\u043d\u0438\u044f \u0438 \u0433\u0438\u0431\u043a\u043e\u0439 \u0442\u0435\u043a\u0441\u0442\u0443\u0440\u044b.<\/span><p>\u00a0<\/p><\/li><\/ul><p><strong>\u0427\u0435\u043c\u0443 \u0432\u044b \u043d\u0430\u0443\u0447\u0438\u0442\u0435\u0441\u044c \u0438\u0437 \u044d\u0442\u043e\u0433\u043e \u0432\u0438\u0434\u0435\u043e\u043c\u0430\u0442\u0435\u0440\u0438\u0430\u043b\u0430:<\/strong><\/p><ul><li style=\"font-weight: 400;\" aria-level=\"1\"><span style=\"font-weight: 400;\">\u0422\u0435\u0445\u043d\u0438\u043a\u0435 \u0441\u0442\u0440\u0438\u0436\u043a\u0438, \u043a\u043e\u0442\u043e\u0440\u0430\u044f \u0437\u0430 \u043e\u0434\u043d\u043e \u0434\u0432\u0438\u0436\u0435\u043d\u0438\u0435 \u043e\u0434\u043d\u043e\u0432\u0440\u0435\u043c\u0435\u043d\u043d\u043e \u0441\u0440\u0435\u0437\u0430\u0435\u0442 \u0432\u043e\u043b\u043e\u0441\u044b \u0438 \u0441\u043e\u0437\u0434\u0430\u0451\u0442 \u0442\u0435\u043a\u0441\u0442\u0443\u0440\u0443.<\/span><span style=\"font-weight: 400;\"><br \/><\/span><\/li><li style=\"font-weight: 400;\" aria-level=\"1\"><span style=\"font-weight: 400;\">\u041a\u0430\u043a \u043e\u043f\u0440\u0435\u0434\u0435\u043b\u0438\u0442\u044c \u043f\u0440\u0430\u0432\u0438\u043b\u044c\u043d\u044b\u0439 \u0443\u0433\u043e\u043b, \u043f\u043e\u0437\u0432\u043e\u043b\u044f\u044e\u0449\u0438\u0439 \u0434\u043e\u0431\u0438\u0442\u044c\u0441\u044f \u043a\u043e\u043d\u0442\u0440\u043e\u043b\u0438\u0440\u0443\u0435\u043c\u043e\u0433\u043e \u043e\u0431\u044a\u0451\u043c\u0430 \u0432 \u043d\u0438\u0436\u043d\u0435\u0439 \u0447\u0430\u0441\u0442\u0438 \u043f\u0440\u0438\u0447\u0451\u0441\u043a\u0438.<\/span><span style=\"font-weight: 400;\"><br \/><\/span><\/li><li style=\"font-weight: 400;\" aria-level=\"1\"><span style=\"font-weight: 400;\">\u041a\u0430\u043a \u043f\u0435\u0440\u0435\u043e\u0444\u043e\u0440\u043c\u0438\u0442\u044c \u043a\u043e\u0440\u043e\u0442\u043a\u0438\u0435 \u0432\u043e\u043b\u043e\u0441\u044b \u0441 \u043c\u0438\u043d\u0438\u043c\u0430\u043b\u044c\u043d\u044b\u043c \u0443\u043a\u043e\u0440\u0430\u0447\u0438\u0432\u0430\u043d\u0438\u0435\u043c, \u043f\u043e\u043b\u0443\u0447\u0438\u0432 \u043d\u043e\u0432\u0443\u044e, \u043d\u043e\u0441\u0438\u0431\u0435\u043b\u044c\u043d\u0443\u044e \u0444\u043e\u0440\u043c\u0443.<\/span><span style=\"font-weight: 400;\"><br \/><\/span><\/li><li style=\"font-weight: 400;\" aria-level=\"1\"><span style=\"font-weight: 400;\">\u041a\u0430\u043a \u043f\u0440\u0430\u0432\u0438\u043b\u044c\u043d\u043e \u043f\u0440\u0438\u043c\u0435\u043d\u044f\u0442\u044c \u0442\u0435\u0445\u043d\u0438\u043a\u0443, \u0447\u0442\u043e\u0431\u044b \u0434\u043e\u043f\u043e\u043b\u043d\u0438\u0442\u0435\u043b\u044c\u043d\u043e \u043f\u043e\u0434\u0447\u0435\u0440\u043a\u043d\u0443\u0442\u044c \u0442\u0435\u043a\u0441\u0442\u0443\u0440\u0443.<\/span><span style=\"font-weight: 400;\"><br \/><\/span><\/li><li style=\"font-weight: 400;\" aria-level=\"1\"><span style=\"font-weight: 400;\">\u041a\u0430\u043a \u0441\u0443\u0448\u0438\u0442\u044c \u0432\u043e\u043b\u043e\u0441\u044b \u0444\u0435\u043d\u043e\u043c \u0441 \u043f\u043e\u043c\u043e\u0449\u044c\u044e \u0440\u0443\u043a \u0438 \u0433\u0440\u0430\u043c\u043e\u0442\u043d\u043e \u043f\u043e\u0434\u0431\u0438\u0440\u0430\u0442\u044c \u0441\u0440\u0435\u0434\u0441\u0442\u0432\u0430 \u0434\u043b\u044f \u0443\u043a\u043b\u0430\u0434\u043a\u0438 \u0433\u0443\u0441\u0442\u044b\u0445, \u043d\u0430\u0442\u0443\u0440\u0430\u043b\u044c\u043d\u044b\u0445 \u0432\u043e\u043b\u043e\u0441.<\/span><p>\u00a0<\/p><\/li><\/ul><p><b>Format:<\/b><span style=\"font-weight: 400;\"> \u043c\u0430\u0441\u0442\u0435\u0440-\u043a\u043b\u0430\u0441\u0441, \u0437\u0430\u043f\u0438\u0441\u0430\u043d\u043d\u044b\u0439 \u0432\u0436\u0438\u0432\u0443\u044e<\/span><span style=\"font-weight: 400;\"><br \/><\/span> <b>Trajanje:<\/b><span style=\"font-weight: 400;\"> 34 min<\/span><\/p><p><b>BONUS:<\/b><span style=\"font-weight: 400;\"> \u0440\u0435\u043a\u043e\u043c\u0435\u043d\u0434\u0430\u0446\u0438\u0438 \u043f\u043e \u0441\u0440\u0435\u0434\u0441\u0442\u0432\u0430\u043c \u0434\u043b\u044f \u0441\u0442\u0430\u0439\u043b\u0438\u043d\u0433\u0430, \u0438\u0441\u043f\u043e\u043b\u044c\u0437\u043e\u0432\u0430\u043d\u043d\u044b\u043c \u0432\u043e \u0432\u0440\u0435\u043c\u044f \u0440\u0430\u0431\u043e\u0442\u044b \u0441 \u043c\u043e\u0434\u0435\u043b\u044c\u044e.<\/span><\/p><p><span style=\"font-weight: 400;\">\u042d\u0442\u043e \u043e\u0431\u0443\u0447\u0435\u043d\u0438\u0435 \u043f\u0440\u0435\u0434\u043d\u0430\u0437\u043d\u0430\u0447\u0435\u043d\u043e \u0434\u043b\u044f \u043f\u0430\u0440\u0438\u043a\u043c\u0430\u0445\u0435\u0440\u043e\u0432, \u043a\u043e\u0442\u043e\u0440\u044b\u0435 \u0445\u043e\u0442\u044f\u0442 \u0443\u043b\u0443\u0447\u0448\u0438\u0442\u044c \u0440\u0430\u0431\u043e\u0442\u0443 \u0441 \u043a\u043e\u0440\u043e\u0442\u043a\u0438\u043c\u0438 \u0432\u043e\u043b\u043e\u0441\u0430\u043c\u0438, \u0443\u0441\u043a\u043e\u0440\u0438\u0442\u044c \u043f\u0440\u043e\u0446\u0435\u0441\u0441 \u0441\u0442\u0440\u0438\u0436\u043a\u0438 \u0438 \u043f\u0440\u0435\u0434\u043b\u043e\u0436\u0438\u0442\u044c \u043a\u043b\u0438\u0435\u043d\u0442\u0430\u043c \u0441\u0442\u0440\u0438\u0436\u043a\u0443 pixie, \u043f\u043e\u0434\u0447\u0451\u0440\u043a\u0438\u0432\u0430\u044e\u0449\u0443\u044e \u043f\u0440\u043e\u0444\u0438\u043b\u044c, \u0432\u044b\u0433\u043b\u044f\u0434\u044f\u0449\u0443\u044e \u0441\u043e\u0432\u0440\u0435\u043c\u0435\u043d\u043d\u043e \u0438 \u043b\u0435\u0433\u043a\u043e \u0443\u043a\u043b\u0430\u0434\u044b\u0432\u0430\u044e\u0449\u0443\u044e\u0441\u044f \u0432 \u0434\u043e\u043c\u0430\u0448\u043d\u0438\u0445, \u043f\u043e\u0432\u0441\u0435\u0434\u043d\u0435\u0432\u043d\u044b\u0445 \u0443\u0441\u043b\u043e\u0432\u0438\u044f\u0445.<\/span><\/p>\t\t\t\t\t\t\t\t<\/div>\n\t\t\t\t<\/div>\n\t\t\t\t<div class=\"elementor-element elementor-element-110eae9 elementor-mobile-align-justify elementor-align-justify elementor-widget elementor-widget-button\" data-id=\"110eae9\" data-element_type=\"widget\" data-e-type=\"widget\" data-widget_type=\"button.default\">\n\t\t\t\t<div class=\"elementor-widget-container\">\n\t\t\t\t\t\t\t\t\t<div class=\"elementor-button-wrapper\">\n\t\t\t\t\t<a class=\"elementor-button elementor-button-link elementor-size-md elementor-animation-grow\" href=\"https:\/\/tijanailic.thinkific.com\/enroll\/3630361?price_id=4570039\" target=\"_blank\" rel=\"noopener\">\n\t\t\t\t\t\t<span class=\"elementor-button-content-wrapper\">\n\t\t\t\t\t\t\t\t\t<span class=\"elementor-button-text\">\u041a\u0443\u043f\u0438\u0442\u044c \u043e\u0431\u0443\u0447\u0435\u043d\u0438\u0435<\/span>\n\t\t\t\t\t<\/span>\n\t\t\t\t\t<\/a>\n\t\t\t\t<\/div>\n\t\t\t\t\t\t\t\t<\/div>\n\t\t\t\t<\/div>\n\t\t\t\t<\/div>\n\t\t\t\t\t<\/div>\n\t\t\t\t<\/div>\n\t\t\t\t<\/div>","protected":false},"excerpt":{"rendered":"<p>KRATKA KOSA &#8211; PIXIE FRIZURA 219\u20ac KUPITE EDUKACIJU Ovaj deo masterclassa prikazuje tehniku \u0161i\u0161anja pixie frizure na gustoj, sna\u017enoj kosi, sa fokusom na postizanje \u010distog oblika koji se lako stilizuje i zadr\u017eava formu uz minimalan napor. Edukacija je usmerena na pojednostavljenu tehniku koja skra\u0107uje vreme rada i omogu\u0107ava brzo postizanje preciznog rezultata. Fokus edukacije je [&hellip;]<\/p>\n","protected":false},"author":3,"featured_media":0,"parent":0,"menu_order":0,"comment_status":"closed","ping_status":"closed","template":"","meta":{"footnotes":""},"class_list":["post-5535","page","type-page","status-publish","hentry"],"_links":{"self":[{"href":"https:\/\/tijanailic.com\/ru\/wp-json\/wp\/v2\/pages\/5535","targetHints":{"allow":["GET"]}}],"collection":[{"href":"https:\/\/tijanailic.com\/ru\/wp-json\/wp\/v2\/pages"}],"about":[{"href":"https:\/\/tijanailic.com\/ru\/wp-json\/wp\/v2\/types\/page"}],"author":[{"embeddable":true,"href":"https:\/\/tijanailic.com\/ru\/wp-json\/wp\/v2\/users\/3"}],"replies":[{"embeddable":true,"href":"https:\/\/tijanailic.com\/ru\/wp-json\/wp\/v2\/comments?post=5535"}],"version-history":[{"count":0,"href":"https:\/\/tijanailic.com\/ru\/wp-json\/wp\/v2\/pages\/5535\/revisions"}],"wp:attachment":[{"href":"https:\/\/tijanailic.com\/ru\/wp-json\/wp\/v2\/media?parent=5535"}],"curies":[{"name":"WP","href":"https:\/\/api.w.org\/{rel}","templated":true}]}}