{"id":5966,"date":"2026-02-16T12:37:01","date_gmt":"2026-02-16T11:37:01","guid":{"rendered":"https:\/\/tijanailic.com\/?page_id=5966"},"modified":"2026-02-16T12:39:10","modified_gmt":"2026-02-16T11:39:10","slug":"hvala-farbanje","status":"publish","type":"page","link":"https:\/\/tijanailic.com\/ru\/hvala-farbanje\/","title":{"rendered":"Hvala farbanje"},"content":{"rendered":"<div data-elementor-type=\"wp-page\" data-elementor-id=\"5966\" class=\"elementor elementor-5966\" data-elementor-post-type=\"page\">\n\t\t\t\t<div class=\"elementor-element elementor-element-e28621c e-flex e-con-boxed e-con e-parent\" data-id=\"e28621c\" data-element_type=\"container\" data-e-type=\"container\">\n\t\t\t\t\t<div class=\"e-con-inner\">\n\t\t\t\t<div class=\"elementor-element elementor-element-d61cc23 elementor-widget elementor-widget-heading\" data-id=\"d61cc23\" data-element_type=\"widget\" data-e-type=\"widget\" data-widget_type=\"heading.default\">\n\t\t\t\t<div class=\"elementor-widget-container\">\n\t\t\t\t\t<h2 class=\"elementor-heading-title elementor-size-default\">\u0421\u041f\u0410\u0421\u0418\u0411\u041e \u0417\u0410 \u0417\u0410\u041f\u041e\u041b\u041d\u0415\u041d\u0418\u0415 \u0424\u041e\u0420\u041c\u042b<\/h2>\t\t\t\t<\/div>\n\t\t\t\t<\/div>\n\t\t\t\t<div class=\"elementor-element elementor-element-d48e2ad elementor-widget elementor-widget-text-editor\" data-id=\"d48e2ad\" data-element_type=\"widget\" data-e-type=\"widget\" data-widget_type=\"text-editor.default\">\n\t\t\t\t<div class=\"elementor-widget-container\">\n\t\t\t\t\t\t\t\t\t<p>\u041c\u042b \u0421\u0412\u042f\u0416\u0415\u041c\u0421\u042f \u0421 \u0412\u0410\u041c\u0418 \u0412 \u041a\u0420\u0410\u0422\u0427\u0410\u0419\u0428\u0418\u0415 \u0421\u0420\u041e\u041a\u0418 \u0418 \u041f\u0420\u0415\u0414\u041b\u041e\u0416\u0418\u041c \u0412\u0420\u0415\u041c\u042f \u0414\u041b\u042f \u041a\u041e\u041d\u0421\u0423\u041b\u042c\u0422\u0410\u0426\u0418\u0418.<\/p><p>\u0412\u042b \u041f\u041e\u041b\u0423\u0427\u0418\u0422\u0415 \u0421\u041e\u041e\u0411\u0429\u0415\u041d\u0418\u0415 \u041d\u0410 \u0423\u041a\u0410\u0417\u0410\u041d\u041d\u042b\u0419 \u0412\u0410\u041c\u0418 \u0410\u0414\u0420\u0415\u0421 \u042d\u041b\u0415\u041a\u0422\u0420\u041e\u041d\u041d\u041e\u0419 \u041f\u041e\u0427\u0422\u042b.<\/p>\t\t\t\t\t\t\t\t<\/div>\n\t\t\t\t<\/div>\n\t\t\t\t\t<\/div>\n\t\t\t\t<\/div>\n\t\t\t\t<\/div>","protected":false},"excerpt":{"rendered":"<p>HVALA \u0160TO STE POPUNILI UPIT U NAJKRA\u0106EM ROKU \u0106EMO VAS KONTAKTIRATI SA PREDLOGOM TERMINA ZA KONSULTACIJU. DOBI\u0106ETE PORUKU NA EMAIL ADRESU KOJU STE NAVELI.<\/p>","protected":false},"author":3,"featured_media":0,"parent":0,"menu_order":0,"comment_status":"closed","ping_status":"closed","template":"","meta":{"footnotes":""},"class_list":["post-5966","page","type-page","status-publish","hentry"],"_links":{"self":[{"href":"https:\/\/tijanailic.com\/ru\/wp-json\/wp\/v2\/pages\/5966","targetHints":{"allow":["GET"]}}],"collection":[{"href":"https:\/\/tijanailic.com\/ru\/wp-json\/wp\/v2\/pages"}],"about":[{"href":"https:\/\/tijanailic.com\/ru\/wp-json\/wp\/v2\/types\/page"}],"author":[{"embeddable":true,"href":"https:\/\/tijanailic.com\/ru\/wp-json\/wp\/v2\/users\/3"}],"replies":[{"embeddable":true,"href":"https:\/\/tijanailic.com\/ru\/wp-json\/wp\/v2\/comments?post=5966"}],"version-history":[{"count":0,"href":"https:\/\/tijanailic.com\/ru\/wp-json\/wp\/v2\/pages\/5966\/revisions"}],"wp:attachment":[{"href":"https:\/\/tijanailic.com\/ru\/wp-json\/wp\/v2\/media?parent=5966"}],"curies":[{"name":"WP","href":"https:\/\/api.w.org\/{rel}","templated":true}]}}